{"id":45347,"date":"2025-12-13T10:55:02","date_gmt":"2025-12-13T10:55:02","guid":{"rendered":"https:\/\/mps.digital-monkey.in\/product\/anodo-de-zinc-volvo-penta-855105\/"},"modified":"2025-12-18T10:27:17","modified_gmt":"2025-12-18T10:27:17","slug":"anodo-de-zinc-volvo-penta-855105","status":"publish","type":"product","link":"https:\/\/mps.digital-monkey.in\/es\/producto\/anodo-de-zinc-volvo-penta-855105\/","title":{"rendered":"\u00c1nodo de zinc Volvo Penta | 855105"},"content":{"rendered":"<p data-start=\"503\" data-end=\"829\">El <strong data-start=\"507\" data-end=\"542\">\u00e1nodo de zinc Volvo Penta (855105)<\/strong> est\u00e1 dise\u00f1ado para proporcionar una protecci\u00f3n eficaz contra <strong data-start=\"595\" data-end=\"643\">la corrosi\u00f3n galv\u00e1nica en entornos de agua salada<\/strong>. Fabricado con zinc marino de alta calidad, este \u00e1nodo act\u00faa como componente de sacrificio, corroy\u00e9ndose antes que las piezas met\u00e1licas subacu\u00e1ticas cr\u00edticas y prolongando as\u00ed su vida \u00fatil.<\/p>\n<p data-start=\"831\" data-end=\"1092\">Este \u00e1nodo se fabrica con unas dimensiones precisas para garantizar un ajuste adecuado y un contacto el\u00e9ctrico fiable. La inspecci\u00f3n peri\u00f3dica y la sustituci\u00f3n a tiempo de los \u00e1nodos de zinc son esenciales para mantener la protecci\u00f3n contra la corrosi\u00f3n y evitar costosos da\u00f1os a los componentes marinos. <\/p>\n<h3 data-start=\"1094\" data-end=\"1110\"><strong data-start=\"1098\" data-end=\"1110\">Material<\/strong><\/h3>\n<ul data-start=\"1111\" data-end=\"1149\">\n<li data-start=\"1111\" data-end=\"1149\">\n<p data-start=\"1113\" data-end=\"1149\">Zinc (recomendado para uso en agua salada)<\/p>\n<\/li>\n<\/ul>\n<h3 data-start=\"1151\" data-end=\"1170\"><strong data-start=\"1155\" data-end=\"1170\">N\u00famero de pieza<\/strong><\/h3>\n<ul data-start=\"1171\" data-end=\"1179\">\n<li data-start=\"1171\" data-end=\"1179\">\n<p data-start=\"1173\" data-end=\"1179\">855105<\/p>\n<\/li>\n<\/ul>\n<h3 data-start=\"1181\" data-end=\"1199\"><strong data-start=\"1185\" data-end=\"1199\">Dimensiones<\/strong><\/h3>\n<ul data-start=\"1200\" data-end=\"1347\">\n<li data-start=\"1200\" data-end=\"1221\">\n<p data-start=\"1202\" data-end=\"1221\">Longitud (I): 58 mm<\/p>\n<\/li>\n<li data-start=\"1222\" data-end=\"1242\">\n<p data-start=\"1224\" data-end=\"1242\">Anchura (A): 33 mm<\/p>\n<\/li>\n<li data-start=\"1243\" data-end=\"1263\">\n<p data-start=\"1245\" data-end=\"1263\">Anchura (B): 53 mm<\/p>\n<\/li>\n<li data-start=\"1264\" data-end=\"1285\">\n<p data-start=\"1266\" data-end=\"1285\">Altura (H): 32 mm<\/p>\n<\/li>\n<li data-start=\"1286\" data-end=\"1315\">\n<p data-start=\"1288\" data-end=\"1315\">Di\u00e1metro exterior (\u00d8) 13 mm<\/p>\n<\/li>\n<li data-start=\"1316\" data-end=\"1347\">\n<p data-start=\"1318\" data-end=\"1347\">Di\u00e1metro interior (\u00d81): 6,5 mm<\/p>\n<\/li>\n<\/ul>\n<h3 data-start=\"1349\" data-end=\"1369\"><strong data-start=\"1353\" data-end=\"1369\">Caracter\u00edsticas principales<\/strong><\/h3>\n<ul data-start=\"1370\" data-end=\"1610\">\n<li data-start=\"1370\" data-end=\"1413\">\n<p data-start=\"1372\" data-end=\"1413\">\u00c1nodo de zinc para aplicaciones Volvo Penta<\/p>\n<\/li>\n<li data-start=\"1414\" data-end=\"1466\">\n<p data-start=\"1416\" data-end=\"1466\">Protege contra la corrosi\u00f3n galv\u00e1nica en agua salada<\/p>\n<\/li>\n<li data-start=\"1467\" data-end=\"1521\">\n<p data-start=\"1469\" data-end=\"1521\">Fabricado con dimensiones precisas para un ajuste correcto<\/p>\n<\/li>\n<li data-start=\"1522\" data-end=\"1564\">\n<p data-start=\"1524\" data-end=\"1564\">Construcci\u00f3n duradera de zinc de calidad marina<\/p>\n<\/li>\n<li data-start=\"1565\" data-end=\"1610\">\n<p data-start=\"1567\" data-end=\"1610\">Sustituci\u00f3n directa de la pieza 855105<\/p>\n<\/li>\n<\/ul>\n<p data-start=\"1612\" data-end=\"1759\">Sustituir los \u00e1nodos como parte del mantenimiento rutinario ayuda a mantener una protecci\u00f3n \u00f3ptima contra la corrosi\u00f3n y garantiza la fiabilidad a largo plazo de los componentes marinos.<\/p>\n","protected":false},"excerpt":{"rendered":"<p>El \u00e1nodo de zinc Volvo Penta (855105) est\u00e1 dise\u00f1ado para proporcionar una protecci\u00f3n eficaz contra la corrosi\u00f3n galv\u00e1nica en entornos de agua salada. Fabricado con zinc marino de alta calidad, este \u00e1nodo act\u00faa como componente de sacrificio, corroy\u00e9ndose antes que las piezas met\u00e1licas subacu\u00e1ticas cr\u00edticas y prolongando as\u00ed su vida \u00fatil. Este \u00e1nodo se fabrica [&hellip;]<\/p>\n","protected":false},"featured_media":45348,"comment_status":"open","ping_status":"closed","template":"","meta":[],"product_brand":[4229],"product_cat":[4486,3182,4522,2497,4302],"product_tag":[],"class_list":{"0":"post-45347","1":"product","2":"type-product","3":"status-publish","4":"has-post-thumbnail","6":"product_brand-volvo-penta","7":"product_cat-necesitas-piezas-volvo-penta","8":"product_cat-anodos","9":"product_cat-anodos-volvo-penta","10":"product_cat-piezas-de-mantenimiento-del-motor","11":"product_cat-volvo-penta","12":"pa_condition-nuevo","13":"pa_oem-or-aftermarket-posventa","15":"first","16":"onbackorder","17":"sale","18":"taxable","19":"shipping-taxable","20":"purchasable","21":"product-type-simple"},"supplier_id":45614,"supplier_sku":"00711","barcode":null,"atum_controlled":true,"out_stock_date":"2025-12-13 10:55:11","out_stock_threshold":null,"inheritable":false,"inbound_stock":0,"stock_on_hold":0,"sold_today":0,"sales_last_days":0,"reserved_stock":0,"customer_returns":0,"warehouse_damage":0,"lost_in_post":0,"other_logs":0,"out_stock_days":46,"lost_sales":0,"has_location":false,"update_date":"2026-01-29T09:10:11","atum_locations":[],"atum_stock_status":"onbackorder","restock_status":false,"low_stock_amount":1,"sales_update_date":"2026-01-29T09:10:11","calc_backorders":null,"_links":{"self":[{"href":"https:\/\/mps.digital-monkey.in\/es\/wp-json\/wp\/v2\/product\/45347","targetHints":{"allow":["GET"]}}],"collection":[{"href":"https:\/\/mps.digital-monkey.in\/es\/wp-json\/wp\/v2\/product"}],"about":[{"href":"https:\/\/mps.digital-monkey.in\/es\/wp-json\/wp\/v2\/types\/product"}],"replies":[{"embeddable":true,"href":"https:\/\/mps.digital-monkey.in\/es\/wp-json\/wp\/v2\/comments?post=45347"}],"wp:featuredmedia":[{"embeddable":true,"href":"https:\/\/mps.digital-monkey.in\/es\/wp-json\/wp\/v2\/media\/45348"}],"wp:attachment":[{"href":"https:\/\/mps.digital-monkey.in\/es\/wp-json\/wp\/v2\/media?parent=45347"}],"wp:term":[{"taxonomy":"product_brand","embeddable":true,"href":"https:\/\/mps.digital-monkey.in\/es\/wp-json\/wp\/v2\/product_brand?post=45347"},{"taxonomy":"product_cat","embeddable":true,"href":"https:\/\/mps.digital-monkey.in\/es\/wp-json\/wp\/v2\/product_cat?post=45347"},{"taxonomy":"product_tag","embeddable":true,"href":"https:\/\/mps.digital-monkey.in\/es\/wp-json\/wp\/v2\/product_tag?post=45347"}],"curies":[{"name":"wp","href":"https:\/\/api.w.org\/{rel}","templated":true}]}}