{"id":45388,"date":"2025-12-16T10:07:48","date_gmt":"2025-12-16T10:07:48","guid":{"rendered":"https:\/\/mps.digital-monkey.in\/product\/anodo-de-magnesio-volvo-penta-832989\/"},"modified":"2025-12-18T10:27:34","modified_gmt":"2025-12-18T10:27:34","slug":"anodo-de-magnesio-volvo-penta-832989","status":"publish","type":"product","link":"https:\/\/mps.digital-monkey.in\/es\/producto\/anodo-de-magnesio-volvo-penta-832989\/","title":{"rendered":"\u00c1nodo de magnesio Volvo Penta 832989"},"content":{"rendered":"<p data-start=\"513\" data-end=\"868\">El <strong data-start=\"517\" data-end=\"564\">\u00e1nodo l\u00e1piz de magnesio Volvo Penta 832989<\/strong> est\u00e1 dise\u00f1ado para proporcionar <strong data-start=\"588\" data-end=\"664\">la m\u00e1xima protecci\u00f3n contra la corrosi\u00f3n galv\u00e1nica en entornos de agua dulce<\/strong>. Fabricado con magnesio de alta calidad, este \u00e1nodo l\u00e1piz ofrece una actividad electroqu\u00edmica superior a la del zinc, lo que lo convierte en la opci\u00f3n preferida para su uso en aguas de baja conductividad, como lagos y r\u00edos. <\/p>\n<h3 data-start=\"1191\" data-end=\"1207\"><strong data-start=\"1195\" data-end=\"1207\">Material<\/strong><\/h3>\n<ul data-start=\"1208\" data-end=\"1252\">\n<li data-start=\"1208\" data-end=\"1252\">\n<p data-start=\"1210\" data-end=\"1252\">Magnesio (recomendado para agua dulce)<\/p>\n<\/li>\n<\/ul>\n<h3 data-start=\"1254\" data-end=\"1273\"><strong data-start=\"1258\" data-end=\"1273\">N\u00famero de pieza<\/strong><\/h3>\n<ul data-start=\"1274\" data-end=\"1282\">\n<li data-start=\"1274\" data-end=\"1282\">\n<p data-start=\"1276\" data-end=\"1282\">832989<\/p>\n<\/li>\n<\/ul>\n<h3 data-start=\"1284\" data-end=\"1302\"><strong data-start=\"1288\" data-end=\"1302\">Dimensiones<\/strong><\/h3>\n<ul data-start=\"1303\" data-end=\"1408\">\n<li data-start=\"1303\" data-end=\"1328\">\n<p data-start=\"1305\" data-end=\"1328\">Di\u00e1metro (\u00d8) 15,5 mm<\/p>\n<\/li>\n<li data-start=\"1329\" data-end=\"1352\">\n<p data-start=\"1331\" data-end=\"1352\">Longitud (L): 40,0 mm<\/p>\n<\/li>\n<li data-start=\"1353\" data-end=\"1386\">\n<p data-start=\"1355\" data-end=\"1386\">Longitud roscada (L1): 10,0 mm<\/p>\n<\/li>\n<li data-start=\"1387\" data-end=\"1408\">\n<p data-start=\"1389\" data-end=\"1408\">Rosca: 7\/16\u2033 UNC<\/p>\n<\/li>\n<\/ul>\n<h3 data-start=\"1410\" data-end=\"1430\"><strong data-start=\"1414\" data-end=\"1430\">Caracter\u00edsticas principales<\/strong><\/h3>\n<ul data-start=\"1431\" data-end=\"1705\">\n<li data-start=\"1431\" data-end=\"1493\">\n<p data-start=\"1433\" data-end=\"1493\">\u00c1nodo l\u00e1piz de magnesio para la protecci\u00f3n contra la corrosi\u00f3n en agua dulce<\/p>\n<\/li>\n<li data-start=\"1494\" data-end=\"1553\">\n<p data-start=\"1496\" data-end=\"1553\">Alta actividad electroqu\u00edmica para una eficacia m\u00e1xima<\/p>\n<\/li>\n<li data-start=\"1554\" data-end=\"1611\">\n<p data-start=\"1556\" data-end=\"1611\">Mecanizado de precisi\u00f3n para un ajuste correcto y un contacto seguro<\/p>\n<\/li>\n<li data-start=\"1612\" data-end=\"1659\">\n<p data-start=\"1614\" data-end=\"1659\">Construcci\u00f3n duradera de magnesio de calidad marina<\/p>\n<\/li>\n<li data-start=\"1660\" data-end=\"1705\">\n<p data-start=\"1662\" data-end=\"1705\">Sustituci\u00f3n directa de la pieza 832989<\/p>\n<\/li>\n<\/ul>\n<p data-start=\"1707\" data-end=\"1879\">La inspecci\u00f3n peri\u00f3dica y la sustituci\u00f3n oportuna de los \u00e1nodos de magnesio en forma de l\u00e1piz ayudan a mantener una protecci\u00f3n eficaz contra la corrosi\u00f3n y evitan da\u00f1os a los componentes cr\u00edticos del sistema marino.<\/p>\n","protected":false},"excerpt":{"rendered":"<p>El \u00e1nodo l\u00e1piz de magnesio Volvo Penta 832989 est\u00e1 dise\u00f1ado para proporcionar la m\u00e1xima protecci\u00f3n contra la corrosi\u00f3n galv\u00e1nica en entornos de agua dulce. Fabricado con magnesio de alta calidad, este \u00e1nodo l\u00e1piz ofrece una actividad electroqu\u00edmica superior a la del zinc, lo que lo convierte en la opci\u00f3n preferida para su uso en aguas [&hellip;]<\/p>\n","protected":false},"featured_media":45389,"comment_status":"open","ping_status":"closed","template":"","meta":[],"product_brand":[4229],"product_cat":[4486,3182,4522,2497,4302],"product_tag":[],"class_list":{"0":"post-45388","1":"product","2":"type-product","3":"status-publish","4":"has-post-thumbnail","6":"product_brand-volvo-penta","7":"product_cat-necesitas-piezas-volvo-penta","8":"product_cat-anodos","9":"product_cat-anodos-volvo-penta","10":"product_cat-piezas-de-mantenimiento-del-motor","11":"product_cat-volvo-penta","12":"pa_condition-nuevo","13":"pa_oem-or-aftermarket-posventa","15":"first","16":"onbackorder","17":"taxable","18":"shipping-taxable","19":"purchasable","20":"product-type-simple"},"supplier_id":45614,"supplier_sku":"00713MG","barcode":null,"atum_controlled":true,"out_stock_date":"2025-12-16 10:07:51","out_stock_threshold":null,"inheritable":false,"inbound_stock":0,"stock_on_hold":0,"sold_today":0,"sales_last_days":0,"reserved_stock":0,"customer_returns":0,"warehouse_damage":0,"lost_in_post":0,"other_logs":0,"out_stock_days":43,"lost_sales":0,"has_location":false,"update_date":"2026-01-29T09:10:18","atum_locations":[],"atum_stock_status":"onbackorder","restock_status":false,"low_stock_amount":1,"sales_update_date":"2026-01-29T09:10:18","calc_backorders":null,"_links":{"self":[{"href":"https:\/\/mps.digital-monkey.in\/es\/wp-json\/wp\/v2\/product\/45388","targetHints":{"allow":["GET"]}}],"collection":[{"href":"https:\/\/mps.digital-monkey.in\/es\/wp-json\/wp\/v2\/product"}],"about":[{"href":"https:\/\/mps.digital-monkey.in\/es\/wp-json\/wp\/v2\/types\/product"}],"replies":[{"embeddable":true,"href":"https:\/\/mps.digital-monkey.in\/es\/wp-json\/wp\/v2\/comments?post=45388"}],"wp:featuredmedia":[{"embeddable":true,"href":"https:\/\/mps.digital-monkey.in\/es\/wp-json\/wp\/v2\/media\/45389"}],"wp:attachment":[{"href":"https:\/\/mps.digital-monkey.in\/es\/wp-json\/wp\/v2\/media?parent=45388"}],"wp:term":[{"taxonomy":"product_brand","embeddable":true,"href":"https:\/\/mps.digital-monkey.in\/es\/wp-json\/wp\/v2\/product_brand?post=45388"},{"taxonomy":"product_cat","embeddable":true,"href":"https:\/\/mps.digital-monkey.in\/es\/wp-json\/wp\/v2\/product_cat?post=45388"},{"taxonomy":"product_tag","embeddable":true,"href":"https:\/\/mps.digital-monkey.in\/es\/wp-json\/wp\/v2\/product_tag?post=45388"}],"curies":[{"name":"wp","href":"https:\/\/api.w.org\/{rel}","templated":true}]}}