{"id":45415,"date":"2025-12-16T11:57:50","date_gmt":"2025-12-16T11:57:50","guid":{"rendered":"https:\/\/mps.digital-monkey.in\/product\/anodo-de-magnesio-con-tapon-volvo-penta-832989\/"},"modified":"2025-12-18T10:27:50","modified_gmt":"2025-12-18T10:27:50","slug":"anodo-de-magnesio-con-tapon-volvo-penta-832989","status":"publish","type":"product","link":"https:\/\/mps.digital-monkey.in\/es\/producto\/anodo-de-magnesio-con-tapon-volvo-penta-832989\/","title":{"rendered":"\u00c1nodo de magnesio con tap\u00f3n Volvo Penta 832989"},"content":{"rendered":"<p data-start=\"571\" data-end=\"927\">El \u00e1nodo l\u00e1piz <strong>de magnesio con tap\u00f3n Volvo Penta 832989 <\/strong>se suministra como una <strong data-start=\"674\" data-end=\"691\">unidad completa<\/strong>, formada por un \u00e1nodo l\u00e1piz de magnesio y un tap\u00f3n roscado de lat\u00f3n. Este conjunto est\u00e1 dise\u00f1ado para proporcionar <strong data-start=\"796\" data-end=\"872\">la m\u00e1xima protecci\u00f3n contra la corrosi\u00f3n galv\u00e1nica en entornos de agua dulce<\/strong>, donde el magnesio es el material an\u00f3dico m\u00e1s eficaz. <\/p>\n<p data-start=\"929\" data-end=\"1261\">Los \u00e1nodos de magnesio ofrecen una actividad electroqu\u00edmica superior a la del zinc, lo que los convierte en la opci\u00f3n preferida para su uso en lagos, r\u00edos y otras aguas de baja conductividad. El <strong data-start=\"1106\" data-end=\"1142\">tap\u00f3n de lat\u00f3n<\/strong> integrado <strong data-start=\"1106\" data-end=\"1142\">de 1\/2\u2033 BSPT (gasconico<\/strong> ) garantiza una instalaci\u00f3n segura y un contacto el\u00e9ctrico fiable en sistemas de refrigeraci\u00f3n y otras aplicaciones marinas internas. <\/p>\n<h3 data-start=\"1263\" data-end=\"1279\"><strong data-start=\"1267\" data-end=\"1279\">Material<\/strong><\/h3>\n<ul data-start=\"1280\" data-end=\"1316\">\n<li data-start=\"1280\" data-end=\"1300\">\n<p data-start=\"1282\" data-end=\"1300\">\u00c1nodo: Magnesio<\/p>\n<\/li>\n<li data-start=\"1301\" data-end=\"1316\">\n<p data-start=\"1303\" data-end=\"1316\">Enchufe: Lat\u00f3n<\/p>\n<\/li>\n<\/ul>\n<h3 data-start=\"1318\" data-end=\"1337\"><strong data-start=\"1322\" data-end=\"1337\">N\u00famero de pieza<\/strong><\/h3>\n<ul data-start=\"1338\" data-end=\"1346\">\n<li data-start=\"1338\" data-end=\"1346\">\n<p data-start=\"1340\" data-end=\"1346\">832989<\/p>\n<\/li>\n<\/ul>\n<h3 data-start=\"1348\" data-end=\"1362\"><strong data-start=\"1352\" data-end=\"1362\">Hilo<\/strong><\/h3>\n<ul data-start=\"1363\" data-end=\"1386\">\n<li data-start=\"1363\" data-end=\"1386\">\n<p data-start=\"1365\" data-end=\"1386\">1\/2\u2033 BSPT (Gasconico)<\/p>\n<\/li>\n<\/ul>\n<h3 data-start=\"1388\" data-end=\"1406\"><strong data-start=\"1392\" data-end=\"1406\">Dimensiones<\/strong><\/h3>\n<ul data-start=\"1407\" data-end=\"1483\">\n<li data-start=\"1407\" data-end=\"1432\">\n<p data-start=\"1409\" data-end=\"1432\">Di\u00e1metro (\u00d8) 15,5 mm<\/p>\n<\/li>\n<li data-start=\"1433\" data-end=\"1456\">\n<p data-start=\"1435\" data-end=\"1456\">Longitud (L): 40,0 mm<\/p>\n<\/li>\n<li data-start=\"1457\" data-end=\"1483\">\n<p data-start=\"1459\" data-end=\"1483\">Dimensi\u00f3n (C): 13,0 mm<\/p>\n<\/li>\n<\/ul>\n<h3 data-start=\"1485\" data-end=\"1505\"><strong data-start=\"1489\" data-end=\"1505\">Caracter\u00edsticas principales<\/strong><\/h3>\n<ul data-start=\"1506\" data-end=\"1749\">\n<li data-start=\"1506\" data-end=\"1566\">\n<p data-start=\"1508\" data-end=\"1566\">\u00c1nodo l\u00e1piz de magnesio completo suministrado con tap\u00f3n de lat\u00f3n<\/p>\n<\/li>\n<li data-start=\"1567\" data-end=\"1613\">\n<p data-start=\"1569\" data-end=\"1613\">M\u00e1xima protecci\u00f3n contra la corrosi\u00f3n en agua dulce<\/p>\n<\/li>\n<li data-start=\"1614\" data-end=\"1656\">\n<p data-start=\"1616\" data-end=\"1656\">Instalaci\u00f3n segura con rosca 1\/2\u2033 BSPT<\/p>\n<\/li>\n<li data-start=\"1657\" data-end=\"1703\">\n<p data-start=\"1659\" data-end=\"1703\">Fabricado con precisi\u00f3n para un ajuste correcto<\/p>\n<\/li>\n<li data-start=\"1704\" data-end=\"1749\">\n<p data-start=\"1706\" data-end=\"1749\">Sustituci\u00f3n directa de la pieza 832989<\/p>\n<\/li>\n<\/ul>\n<p data-start=\"1751\" data-end=\"1923\">La inspecci\u00f3n peri\u00f3dica y la sustituci\u00f3n oportuna de los \u00e1nodos de magnesio en forma de l\u00e1piz ayudan a mantener una protecci\u00f3n eficaz contra la corrosi\u00f3n y evitan da\u00f1os en los componentes internos del sistema marino.<\/p>\n","protected":false},"excerpt":{"rendered":"<p>El \u00e1nodo l\u00e1piz de magnesio con tap\u00f3n Volvo Penta 832989 se suministra como una unidad completa, formada por un \u00e1nodo l\u00e1piz de magnesio y un tap\u00f3n roscado de lat\u00f3n. Este conjunto est\u00e1 dise\u00f1ado para proporcionar la m\u00e1xima protecci\u00f3n contra la corrosi\u00f3n galv\u00e1nica en entornos de agua dulce, donde el magnesio es el material an\u00f3dico m\u00e1s [&hellip;]<\/p>\n","protected":false},"featured_media":45416,"comment_status":"open","ping_status":"closed","template":"","meta":[],"product_brand":[4229],"product_cat":[4486,3182,4522,2497,4302],"product_tag":[],"class_list":{"0":"post-45415","1":"product","2":"type-product","3":"status-publish","4":"has-post-thumbnail","6":"product_brand-volvo-penta","7":"product_cat-necesitas-piezas-volvo-penta","8":"product_cat-anodos","9":"product_cat-anodos-volvo-penta","10":"product_cat-piezas-de-mantenimiento-del-motor","11":"product_cat-volvo-penta","12":"pa_condition-nuevo","13":"pa_oem-or-aftermarket-posventa","15":"first","16":"onbackorder","17":"taxable","18":"shipping-taxable","19":"purchasable","20":"product-type-simple"},"supplier_id":45614,"supplier_sku":"00713TMG","barcode":null,"atum_controlled":true,"out_stock_date":"2025-12-16 11:57:53","out_stock_threshold":null,"inheritable":false,"inbound_stock":0,"stock_on_hold":0,"sold_today":0,"sales_last_days":0,"reserved_stock":0,"customer_returns":0,"warehouse_damage":0,"lost_in_post":0,"other_logs":0,"out_stock_days":43,"lost_sales":0,"has_location":false,"update_date":"2026-01-29T09:10:44","atum_locations":[],"atum_stock_status":"onbackorder","restock_status":false,"low_stock_amount":1,"sales_update_date":"2026-01-29T09:10:44","calc_backorders":null,"_links":{"self":[{"href":"https:\/\/mps.digital-monkey.in\/es\/wp-json\/wp\/v2\/product\/45415","targetHints":{"allow":["GET"]}}],"collection":[{"href":"https:\/\/mps.digital-monkey.in\/es\/wp-json\/wp\/v2\/product"}],"about":[{"href":"https:\/\/mps.digital-monkey.in\/es\/wp-json\/wp\/v2\/types\/product"}],"replies":[{"embeddable":true,"href":"https:\/\/mps.digital-monkey.in\/es\/wp-json\/wp\/v2\/comments?post=45415"}],"wp:featuredmedia":[{"embeddable":true,"href":"https:\/\/mps.digital-monkey.in\/es\/wp-json\/wp\/v2\/media\/45416"}],"wp:attachment":[{"href":"https:\/\/mps.digital-monkey.in\/es\/wp-json\/wp\/v2\/media?parent=45415"}],"wp:term":[{"taxonomy":"product_brand","embeddable":true,"href":"https:\/\/mps.digital-monkey.in\/es\/wp-json\/wp\/v2\/product_brand?post=45415"},{"taxonomy":"product_cat","embeddable":true,"href":"https:\/\/mps.digital-monkey.in\/es\/wp-json\/wp\/v2\/product_cat?post=45415"},{"taxonomy":"product_tag","embeddable":true,"href":"https:\/\/mps.digital-monkey.in\/es\/wp-json\/wp\/v2\/product_tag?post=45415"}],"curies":[{"name":"wp","href":"https:\/\/api.w.org\/{rel}","templated":true}]}}