{"id":45428,"date":"2025-12-16T12:10:56","date_gmt":"2025-12-16T12:10:56","guid":{"rendered":"https:\/\/mps.digital-monkey.in\/product\/tapon-de-laton-volvo-penta-bspt-1-2%e2%80%b3-832989\/"},"modified":"2025-12-18T10:27:56","modified_gmt":"2025-12-18T10:27:56","slug":"tapon-de-laton-volvo-penta-bspt-1-2%e2%80%b3-832989","status":"publish","type":"product","link":"https:\/\/mps.digital-monkey.in\/es\/product\/tapon-de-laton-volvo-penta-bspt-1-2%e2%80%b3-832989\/","title":{"rendered":"Tap\u00f3n de lat\u00f3n Volvo Penta BSPT 1\/2\u2033 832989"},"content":{"rendered":"<p data-start=\"515\" data-end=\"864\">El tap\u00f3n <strong data-start=\"519\" data-end=\"564\">de lat\u00f3n Volvo Penta BSPT 1\/2\u2033 (832989)<\/strong> es un racor marino mecanizado de precisi\u00f3n dise\u00f1ado para una instalaci\u00f3n fiable en sistemas marinos que requieran un <strong data-start=\"669\" data-end=\"709\">tap\u00f3n roscado BSPT (gas conico) de 1\/2\u2033<\/strong>. Fabricado en lat\u00f3n de alta calidad, este tap\u00f3n proporciona una excelente durabilidad, resistencia a la corrosi\u00f3n y un sellado seguro en entornos marinos exigentes. <\/p>\n<p data-start=\"866\" data-end=\"1129\">Este tap\u00f3n de lat\u00f3n se suele utilizar en combinaci\u00f3n con \u00e1nodos l\u00e1piz o como tap\u00f3n de repuesto independiente. Presenta una <strong data-start=\"984\" data-end=\"1013\">rosca exterior BSPT de 1\/2\u2033<\/strong> y una <strong data-start=\"1020\" data-end=\"1049\">rosca interior UNC de 7\/16\u2033<\/strong>, lo que garantiza su compatibilidad con una amplia gama de componentes y accesorios marinos. <\/p>\n<h3 data-start=\"1131\" data-end=\"1147\"><strong data-start=\"1135\" data-end=\"1147\">Material<\/strong><\/h3>\n<ul data-start=\"1148\" data-end=\"1155\">\n<li data-start=\"1148\" data-end=\"1155\">\n<p data-start=\"1150\" data-end=\"1155\">Lat\u00f3n<\/p>\n<\/li>\n<\/ul>\n<h3 data-start=\"1157\" data-end=\"1176\"><strong data-start=\"1161\" data-end=\"1176\">N\u00famero de pieza<\/strong><\/h3>\n<ul data-start=\"1177\" data-end=\"1185\">\n<li data-start=\"1177\" data-end=\"1185\">\n<p data-start=\"1179\" data-end=\"1185\">832989<\/p>\n<\/li>\n<\/ul>\n<h3 data-start=\"1187\" data-end=\"1216\"><strong data-start=\"1191\" data-end=\"1216\">Especificaciones de la rosca<\/strong><\/h3>\n<ul data-start=\"1217\" data-end=\"1305\">\n<li data-start=\"1217\" data-end=\"1268\">\n<p data-start=\"1219\" data-end=\"1268\">Rosca exterior (A): <strong data-start=\"1240\" data-end=\"1266\">1\/2\u2033 BSPT (Gas Conico)<\/strong><\/p>\n<\/li>\n<li data-start=\"1269\" data-end=\"1305\">\n<p data-start=\"1271\" data-end=\"1305\">Rosca interior (B): <strong data-start=\"1292\" data-end=\"1305\">7\/16\u2033 UNC<\/strong><\/p>\n<\/li>\n<\/ul>\n<h3 data-start=\"1307\" data-end=\"1325\"><strong data-start=\"1311\" data-end=\"1325\">Dimensiones<\/strong><\/h3>\n<ul data-start=\"1326\" data-end=\"1354\">\n<li data-start=\"1326\" data-end=\"1354\">\n<p data-start=\"1328\" data-end=\"1354\">Dimensi\u00f3n (C): <strong data-start=\"1343\" data-end=\"1354\">13,0 mm<\/strong><\/p>\n<\/li>\n<\/ul>\n<h3 data-start=\"1356\" data-end=\"1376\"><strong data-start=\"1360\" data-end=\"1376\">Caracter\u00edsticas principales<\/strong><\/h3>\n<ul data-start=\"1377\" data-end=\"1633\">\n<li data-start=\"1377\" data-end=\"1415\">\n<p data-start=\"1379\" data-end=\"1415\">Tap\u00f3n de lat\u00f3n para aplicaciones marinas<\/p>\n<\/li>\n<li data-start=\"1416\" data-end=\"1458\">\n<p data-start=\"1418\" data-end=\"1458\">Rosca exterior 1\/2\u2033 BSPT (gas conico)<\/p>\n<\/li>\n<li data-start=\"1459\" data-end=\"1488\">\n<p data-start=\"1461\" data-end=\"1488\">Rosca interior 7\/16\u2033 UNC<\/p>\n<\/li>\n<li data-start=\"1489\" data-end=\"1531\">\n<p data-start=\"1491\" data-end=\"1531\">Construcci\u00f3n de lat\u00f3n resistente a la corrosi\u00f3n<\/p>\n<\/li>\n<li data-start=\"1532\" data-end=\"1582\">\n<p data-start=\"1534\" data-end=\"1582\">Mecanizado de precisi\u00f3n para un ajuste y sellado correctos<\/p>\n<\/li>\n<li data-start=\"1583\" data-end=\"1633\">\n<p data-start=\"1585\" data-end=\"1633\">Sustituci\u00f3n directa de la pieza 832989 de Volvo Penta<\/p>\n<\/li>\n<\/ul>\n<p data-start=\"1635\" data-end=\"1774\">Este tap\u00f3n de lat\u00f3n es adecuado para su uso en sistemas de refrigeraci\u00f3n y otras aplicaciones marinas en las que se requiere una conexi\u00f3n roscada BSPT fiable.<\/p>\n","protected":false},"excerpt":{"rendered":"<p>El tap\u00f3n de lat\u00f3n Volvo Penta BSPT 1\/2\u2033 (832989) es un racor marino mecanizado de precisi\u00f3n dise\u00f1ado para una instalaci\u00f3n fiable en sistemas marinos que requieran un tap\u00f3n roscado BSPT (gas conico) de 1\/2\u2033. Fabricado en lat\u00f3n de alta calidad, este tap\u00f3n proporciona una excelente durabilidad, resistencia a la corrosi\u00f3n y un sellado seguro en [&hellip;]<\/p>\n","protected":false},"featured_media":45430,"comment_status":"open","ping_status":"closed","template":"","meta":[],"product_brand":[4229],"product_cat":[4486,3182,4522,2497,4302],"product_tag":[],"class_list":{"0":"post-45428","1":"product","2":"type-product","3":"status-publish","4":"has-post-thumbnail","6":"product_brand-volvo-penta","7":"product_cat-necesitas-piezas-volvo-penta","8":"product_cat-anodos","9":"product_cat-anodos-volvo-penta","10":"product_cat-piezas-de-mantenimiento-del-motor","11":"product_cat-volvo-penta","12":"pa_condition-nuevo","13":"pa_oem-or-aftermarket-posventa","15":"first","16":"onbackorder","17":"sale","18":"taxable","19":"shipping-taxable","20":"purchasable","21":"product-type-simple"},"supplier_id":45614,"supplier_sku":"00713TP","barcode":null,"atum_controlled":true,"out_stock_date":"2025-12-16 12:11:00","out_stock_threshold":null,"inheritable":false,"inbound_stock":0,"stock_on_hold":0,"sold_today":0,"sales_last_days":0,"reserved_stock":0,"customer_returns":0,"warehouse_damage":0,"lost_in_post":0,"other_logs":0,"out_stock_days":43,"lost_sales":0,"has_location":false,"update_date":"2026-01-29T09:10:32","atum_locations":[],"atum_stock_status":"onbackorder","restock_status":false,"low_stock_amount":1,"sales_update_date":"2026-01-29T09:10:32","calc_backorders":null,"_links":{"self":[{"href":"https:\/\/mps.digital-monkey.in\/es\/wp-json\/wp\/v2\/product\/45428","targetHints":{"allow":["GET"]}}],"collection":[{"href":"https:\/\/mps.digital-monkey.in\/es\/wp-json\/wp\/v2\/product"}],"about":[{"href":"https:\/\/mps.digital-monkey.in\/es\/wp-json\/wp\/v2\/types\/product"}],"replies":[{"embeddable":true,"href":"https:\/\/mps.digital-monkey.in\/es\/wp-json\/wp\/v2\/comments?post=45428"}],"wp:featuredmedia":[{"embeddable":true,"href":"https:\/\/mps.digital-monkey.in\/es\/wp-json\/wp\/v2\/media\/45430"}],"wp:attachment":[{"href":"https:\/\/mps.digital-monkey.in\/es\/wp-json\/wp\/v2\/media?parent=45428"}],"wp:term":[{"taxonomy":"product_brand","embeddable":true,"href":"https:\/\/mps.digital-monkey.in\/es\/wp-json\/wp\/v2\/product_brand?post=45428"},{"taxonomy":"product_cat","embeddable":true,"href":"https:\/\/mps.digital-monkey.in\/es\/wp-json\/wp\/v2\/product_cat?post=45428"},{"taxonomy":"product_tag","embeddable":true,"href":"https:\/\/mps.digital-monkey.in\/es\/wp-json\/wp\/v2\/product_tag?post=45428"}],"curies":[{"name":"wp","href":"https:\/\/api.w.org\/{rel}","templated":true}]}}