{"id":45495,"date":"2025-12-16T13:14:02","date_gmt":"2025-12-16T13:14:02","guid":{"rendered":"https:\/\/mps.digital-monkey.in\/product\/anodo-lapiz-volvo-penta-aluminio-838929\/"},"modified":"2025-12-18T10:28:11","modified_gmt":"2025-12-18T10:28:11","slug":"anodo-lapiz-volvo-penta-aluminio-838929","status":"publish","type":"product","link":"https:\/\/mps.digital-monkey.in\/es\/producto\/anodo-lapiz-volvo-penta-aluminio-838929\/","title":{"rendered":"\u00c1nodo L\u00e1piz Volvo Penta Aluminio 838929"},"content":{"rendered":"<p data-start=\"545\" data-end=\"893\">El <strong>\u00e1nodo de l\u00e1piz de aluminio Volvo Penta 838929<\/strong> est\u00e1 dise\u00f1ado para proporcionar una protecci\u00f3n fiable contra <strong data-start=\"660\" data-end=\"682\">la corrosi\u00f3n galv\u00e1nica<\/strong> en <strong data-start=\"686\" data-end=\"731\">entornos de agua salada y salobre<\/strong>. Fabricado con una aleaci\u00f3n de aluminio de alta calidad, este \u00e1nodo l\u00e1piz ofrece una eficacia mejorada y una vida \u00fatil m\u00e1s larga en comparaci\u00f3n con el zinc en condiciones de aguas mixtas. <\/p>\n<p data-start=\"895\" data-end=\"1136\">Este \u00e1nodo l\u00e1piz de aluminio est\u00e1 fabricado con precisi\u00f3n para garantizar un ajuste correcto y un contacto el\u00e9ctrico fiable. Se suele utilizar en sistemas de refrigeraci\u00f3n y otras aplicaciones marinas internas en las que se requiere una protecci\u00f3n controlada contra la corrosi\u00f3n. <\/p>\n<h3 data-start=\"1138\" data-end=\"1154\"><strong data-start=\"1142\" data-end=\"1154\">Material<\/strong><\/h3>\n<ul data-start=\"1155\" data-end=\"1217\">\n<li data-start=\"1155\" data-end=\"1217\">\n<p data-start=\"1157\" data-end=\"1217\">Aluminio (recomendado para agua salada y salobre)<\/p>\n<\/li>\n<\/ul>\n<h3 data-start=\"1219\" data-end=\"1238\"><strong data-start=\"1223\" data-end=\"1238\">N\u00famero de pieza<\/strong><\/h3>\n<ul data-start=\"1239\" data-end=\"1247\">\n<li data-start=\"1239\" data-end=\"1247\">\n<p data-start=\"1241\" data-end=\"1247\">838929<\/p>\n<\/li>\n<\/ul>\n<h3 data-start=\"1249\" data-end=\"1267\"><strong data-start=\"1253\" data-end=\"1267\">Dimensiones<\/strong><\/h3>\n<ul data-start=\"1268\" data-end=\"1345\">\n<li data-start=\"1268\" data-end=\"1293\">\n<p data-start=\"1270\" data-end=\"1293\">Di\u00e1metro (\u00d8) 15,0 mm<\/p>\n<\/li>\n<li data-start=\"1294\" data-end=\"1317\">\n<p data-start=\"1296\" data-end=\"1317\">Longitud (L): 30,0 mm<\/p>\n<\/li>\n<li data-start=\"1318\" data-end=\"1345\">\n<p data-start=\"1320\" data-end=\"1345\">Rosca de montaje (M): M8<\/p>\n<\/li>\n<\/ul>\n<h3 data-start=\"1347\" data-end=\"1367\"><strong data-start=\"1351\" data-end=\"1367\">Caracter\u00edsticas principales<\/strong><\/h3>\n<ul data-start=\"1368\" data-end=\"1647\">\n<li data-start=\"1368\" data-end=\"1426\">\n<p data-start=\"1370\" data-end=\"1426\">\u00c1nodo l\u00e1piz de aluminio para la protecci\u00f3n contra la corrosi\u00f3n marina<\/p>\n<\/li>\n<li data-start=\"1427\" data-end=\"1485\">\n<p data-start=\"1429\" data-end=\"1485\">Adecuado para entornos de agua salada y salobre<\/p>\n<\/li>\n<li data-start=\"1486\" data-end=\"1541\">\n<p data-start=\"1488\" data-end=\"1541\">Mayor vida \u00fatil en comparaci\u00f3n con el zinc en agua mezclada<\/p>\n<\/li>\n<li data-start=\"1542\" data-end=\"1596\">\n<p data-start=\"1544\" data-end=\"1596\">Fabricados con precisi\u00f3n para un ajuste y contacto correctos<\/p>\n<\/li>\n<li data-start=\"1597\" data-end=\"1647\">\n<p data-start=\"1599\" data-end=\"1647\">Sustituci\u00f3n directa de la pieza 838929 de Volvo Penta<\/p>\n<\/li>\n<\/ul>\n<p data-start=\"1649\" data-end=\"1811\">La inspecci\u00f3n peri\u00f3dica y la sustituci\u00f3n a tiempo de los \u00e1nodos l\u00e1piz ayudan a mantener una protecci\u00f3n eficaz contra la corrosi\u00f3n y evitan da\u00f1os en los componentes internos del sistema marino.<\/p>\n","protected":false},"excerpt":{"rendered":"<p>El \u00e1nodo de l\u00e1piz de aluminio Volvo Penta 838929 est\u00e1 dise\u00f1ado para proporcionar una protecci\u00f3n fiable contra la corrosi\u00f3n galv\u00e1nica en entornos de agua salada y salobre. Fabricado con una aleaci\u00f3n de aluminio de alta calidad, este \u00e1nodo l\u00e1piz ofrece una eficacia mejorada y una vida \u00fatil m\u00e1s larga en comparaci\u00f3n con el zinc en [&hellip;]<\/p>\n","protected":false},"featured_media":45496,"comment_status":"open","ping_status":"closed","template":"","meta":[],"product_brand":[4229],"product_cat":[4486,3182,4522,2497,4302],"product_tag":[],"class_list":{"0":"post-45495","1":"product","2":"type-product","3":"status-publish","4":"has-post-thumbnail","6":"product_brand-volvo-penta","7":"product_cat-necesitas-piezas-volvo-penta","8":"product_cat-anodos","9":"product_cat-anodos-volvo-penta","10":"product_cat-piezas-de-mantenimiento-del-motor","11":"product_cat-volvo-penta","12":"pa_condition-nuevo","13":"pa_oem-or-aftermarket-posventa","15":"first","16":"onbackorder","17":"sale","18":"taxable","19":"shipping-taxable","20":"purchasable","21":"product-type-simple"},"supplier_id":45614,"supplier_sku":"00714-1AL","barcode":null,"atum_controlled":true,"out_stock_date":"2025-12-16 13:14:06","out_stock_threshold":null,"inheritable":false,"inbound_stock":0,"stock_on_hold":0,"sold_today":0,"sales_last_days":0,"reserved_stock":0,"customer_returns":0,"warehouse_damage":0,"lost_in_post":0,"other_logs":0,"out_stock_days":43,"lost_sales":0,"has_location":false,"update_date":"2026-01-29T09:10:18","atum_locations":[],"atum_stock_status":"onbackorder","restock_status":false,"low_stock_amount":1,"sales_update_date":"2026-01-29T09:10:18","calc_backorders":null,"_links":{"self":[{"href":"https:\/\/mps.digital-monkey.in\/es\/wp-json\/wp\/v2\/product\/45495","targetHints":{"allow":["GET"]}}],"collection":[{"href":"https:\/\/mps.digital-monkey.in\/es\/wp-json\/wp\/v2\/product"}],"about":[{"href":"https:\/\/mps.digital-monkey.in\/es\/wp-json\/wp\/v2\/types\/product"}],"replies":[{"embeddable":true,"href":"https:\/\/mps.digital-monkey.in\/es\/wp-json\/wp\/v2\/comments?post=45495"}],"wp:featuredmedia":[{"embeddable":true,"href":"https:\/\/mps.digital-monkey.in\/es\/wp-json\/wp\/v2\/media\/45496"}],"wp:attachment":[{"href":"https:\/\/mps.digital-monkey.in\/es\/wp-json\/wp\/v2\/media?parent=45495"}],"wp:term":[{"taxonomy":"product_brand","embeddable":true,"href":"https:\/\/mps.digital-monkey.in\/es\/wp-json\/wp\/v2\/product_brand?post=45495"},{"taxonomy":"product_cat","embeddable":true,"href":"https:\/\/mps.digital-monkey.in\/es\/wp-json\/wp\/v2\/product_cat?post=45495"},{"taxonomy":"product_tag","embeddable":true,"href":"https:\/\/mps.digital-monkey.in\/es\/wp-json\/wp\/v2\/product_tag?post=45495"}],"curies":[{"name":"wp","href":"https:\/\/api.w.org\/{rel}","templated":true}]}}