{"id":45508,"date":"2025-12-16T14:49:36","date_gmt":"2025-12-16T14:49:36","guid":{"rendered":"https:\/\/mps.digital-monkey.in\/product\/anodo-lapiz-volvo-penta-zinc-838929-o15-mm-con-tapon-de-laton-bspt-1-2%e2%80%b3\/"},"modified":"2025-12-18T10:28:17","modified_gmt":"2025-12-18T10:28:17","slug":"anodo-lapiz-volvo-penta-zinc-838929-o15-mm-con-tapon-de-laton-bspt-1-2%e2%80%b3","status":"publish","type":"product","link":"https:\/\/mps.digital-monkey.in\/es\/producto\/anodo-lapiz-volvo-penta-zinc-838929-o15-mm-con-tapon-de-laton-bspt-1-2%e2%80%b3\/","title":{"rendered":"\u00c1nodo L\u00e1piz Volvo Penta Zinc 838929 \u00d815 mm con tap\u00f3n de lat\u00f3n BSPT 1\/2\u2033"},"content":{"rendered":"<p data-start=\"560\" data-end=\"875\">El \u00e1nodo de l\u00e1piz de <strong data-start=\"564\" data-end=\"630\">zinc Volvo Penta 838929 \u00d815 mm con<\/strong> tap\u00f3n roscado de lat\u00f3n <strong data-start=\"564\" data-end=\"630\">BSPT 1\/2\u2033<\/strong> se suministra como un <strong data-start=\"648\" data-end=\"669\">conjunto completo<\/strong>, formado por un \u00e1nodo de l\u00e1piz de zinc y un tap\u00f3n roscado de lat\u00f3n. Esta unidad est\u00e1 dise\u00f1ada para proporcionar una protecci\u00f3n eficaz contra <strong data-start=\"794\" data-end=\"816\">la corrosi\u00f3n galv\u00e1nica<\/strong> en sistemas de refrigeraci\u00f3n marinos y otras aplicaciones internas. <\/p>\n<p data-start=\"877\" data-end=\"1217\">El \u00e1nodo de zinc funciona como elemento de sacrificio, corroyendo antes los componentes met\u00e1licos cr\u00edticos y ayudando a prolongar su vida \u00fatil. El <strong data-start=\"1028\" data-end=\"1065\">tap\u00f3n de lat\u00f3n<\/strong> integrado <strong data-start=\"1028\" data-end=\"1065\">de 1\/2\u2033 BSPT (gas conico<\/strong> ) garantiza una instalaci\u00f3n segura y un contacto el\u00e9ctrico fiable. Este tipo de \u00e1nodo l\u00e1piz se utiliza habitualmente en intercambiadores de calor y circuitos de refrigeraci\u00f3n de motores.  <\/p>\n<h3 data-start=\"1219\" data-end=\"1235\"><strong data-start=\"1223\" data-end=\"1235\">Material<\/strong><\/h3>\n<ul data-start=\"1236\" data-end=\"1267\">\n<li data-start=\"1236\" data-end=\"1251\">\n<p data-start=\"1238\" data-end=\"1251\">\u00c1nodo: Zinc<\/p>\n<\/li>\n<li data-start=\"1252\" data-end=\"1267\">\n<p data-start=\"1254\" data-end=\"1267\">Enchufe: Lat\u00f3n<\/p>\n<\/li>\n<\/ul>\n<h3 data-start=\"1269\" data-end=\"1283\"><strong data-start=\"1273\" data-end=\"1283\">Hilo<\/strong><\/h3>\n<ul data-start=\"1284\" data-end=\"1308\">\n<li data-start=\"1284\" data-end=\"1308\">\n<p data-start=\"1286\" data-end=\"1308\">1\/2\u2033 BSPT (Gas Conico)<\/p>\n<\/li>\n<\/ul>\n<h3 data-start=\"1310\" data-end=\"1328\"><strong data-start=\"1314\" data-end=\"1328\">Dimensiones<\/strong><\/h3>\n<ul data-start=\"1329\" data-end=\"1405\">\n<li data-start=\"1329\" data-end=\"1354\">\n<p data-start=\"1331\" data-end=\"1354\">Di\u00e1metro (\u00d8) 15,0 mm<\/p>\n<\/li>\n<li data-start=\"1355\" data-end=\"1378\">\n<p data-start=\"1357\" data-end=\"1378\">Longitud (L): 30,0 mm<\/p>\n<\/li>\n<li data-start=\"1379\" data-end=\"1405\">\n<p data-start=\"1381\" data-end=\"1405\">Dimensi\u00f3n (C): 13,0 mm<\/p>\n<\/li>\n<\/ul>\n<h3 data-start=\"1407\" data-end=\"1446\"><strong data-start=\"1411\" data-end=\"1446\">N\u00fameros de referencia \/ sustituci\u00f3n<\/strong><\/h3>\n<ul data-start=\"1447\" data-end=\"1502\">\n<li data-start=\"1447\" data-end=\"1458\">\n<p data-start=\"1449\" data-end=\"1458\">3838499<\/p>\n<\/li>\n<li data-start=\"1459\" data-end=\"1469\">\n<p data-start=\"1461\" data-end=\"1469\">800476<\/p>\n<\/li>\n<li data-start=\"1470\" data-end=\"1480\">\n<p data-start=\"1472\" data-end=\"1480\">804107<\/p>\n<\/li>\n<li data-start=\"1481\" data-end=\"1491\">\n<p data-start=\"1483\" data-end=\"1491\">838929<\/p>\n<\/li>\n<li data-start=\"1492\" data-end=\"1502\">\n<p data-start=\"1494\" data-end=\"1502\">858501<\/p>\n<\/li>\n<\/ul>\n<h3 data-start=\"1504\" data-end=\"1524\"><strong data-start=\"1508\" data-end=\"1524\">Caracter\u00edsticas principales<\/strong><\/h3>\n<ul data-start=\"1525\" data-end=\"1778\">\n<li data-start=\"1525\" data-end=\"1580\">\n<p data-start=\"1527\" data-end=\"1580\">\u00c1nodo l\u00e1piz de zinc completo suministrado con tap\u00f3n de lat\u00f3n<\/p>\n<\/li>\n<li data-start=\"1581\" data-end=\"1636\">\n<p data-start=\"1583\" data-end=\"1636\">\u00c1nodo de sacrificio para la protecci\u00f3n contra la corrosi\u00f3n interna<\/p>\n<\/li>\n<li data-start=\"1637\" data-end=\"1679\">\n<p data-start=\"1639\" data-end=\"1679\">Instalaci\u00f3n segura con rosca 1\/2\u2033 BSPT<\/p>\n<\/li>\n<li data-start=\"1680\" data-end=\"1726\">\n<p data-start=\"1682\" data-end=\"1726\">Fabricado con precisi\u00f3n para un ajuste correcto<\/p>\n<\/li>\n<li data-start=\"1727\" data-end=\"1778\">\n<p data-start=\"1729\" data-end=\"1778\">Adecuado para aplicaciones de sistemas de refrigeraci\u00f3n marinos<\/p>\n<\/li>\n<\/ul>\n<p data-start=\"1780\" data-end=\"1944\">La inspecci\u00f3n peri\u00f3dica y la sustituci\u00f3n a tiempo de los \u00e1nodos l\u00e1piz son esenciales para mantener una protecci\u00f3n eficaz contra la corrosi\u00f3n y evitar da\u00f1os en los componentes internos del motor.<\/p>\n","protected":false},"excerpt":{"rendered":"<p>El \u00e1nodo de l\u00e1piz de zinc Volvo Penta 838929 \u00d815 mm con tap\u00f3n roscado de lat\u00f3n BSPT 1\/2\u2033 se suministra como un conjunto completo, formado por un \u00e1nodo de l\u00e1piz de zinc y un tap\u00f3n roscado de lat\u00f3n. Esta unidad est\u00e1 dise\u00f1ada para proporcionar una protecci\u00f3n eficaz contra la corrosi\u00f3n galv\u00e1nica en sistemas de refrigeraci\u00f3n [&hellip;]<\/p>\n","protected":false},"featured_media":45510,"comment_status":"open","ping_status":"closed","template":"","meta":[],"product_brand":[4229],"product_cat":[4486,3182,4522,2497,4302],"product_tag":[],"class_list":{"0":"post-45508","1":"product","2":"type-product","3":"status-publish","4":"has-post-thumbnail","6":"product_brand-volvo-penta","7":"product_cat-necesitas-piezas-volvo-penta","8":"product_cat-anodos","9":"product_cat-anodos-volvo-penta","10":"product_cat-piezas-de-mantenimiento-del-motor","11":"product_cat-volvo-penta","12":"pa_condition-nuevo","13":"pa_oem-or-aftermarket-posventa","15":"first","16":"onbackorder","17":"sale","18":"taxable","19":"shipping-taxable","20":"purchasable","21":"product-type-simple"},"supplier_id":45614,"supplier_sku":"00714T","barcode":null,"atum_controlled":true,"out_stock_date":"2025-12-16 14:49:39","out_stock_threshold":null,"inheritable":false,"inbound_stock":0,"stock_on_hold":0,"sold_today":0,"sales_last_days":0,"reserved_stock":0,"customer_returns":0,"warehouse_damage":0,"lost_in_post":0,"other_logs":0,"out_stock_days":43,"lost_sales":0,"has_location":false,"update_date":"2026-01-29T09:10:44","atum_locations":[],"atum_stock_status":"onbackorder","restock_status":false,"low_stock_amount":1,"sales_update_date":"2026-01-29T09:10:44","calc_backorders":null,"_links":{"self":[{"href":"https:\/\/mps.digital-monkey.in\/es\/wp-json\/wp\/v2\/product\/45508","targetHints":{"allow":["GET"]}}],"collection":[{"href":"https:\/\/mps.digital-monkey.in\/es\/wp-json\/wp\/v2\/product"}],"about":[{"href":"https:\/\/mps.digital-monkey.in\/es\/wp-json\/wp\/v2\/types\/product"}],"replies":[{"embeddable":true,"href":"https:\/\/mps.digital-monkey.in\/es\/wp-json\/wp\/v2\/comments?post=45508"}],"wp:featuredmedia":[{"embeddable":true,"href":"https:\/\/mps.digital-monkey.in\/es\/wp-json\/wp\/v2\/media\/45510"}],"wp:attachment":[{"href":"https:\/\/mps.digital-monkey.in\/es\/wp-json\/wp\/v2\/media?parent=45508"}],"wp:term":[{"taxonomy":"product_brand","embeddable":true,"href":"https:\/\/mps.digital-monkey.in\/es\/wp-json\/wp\/v2\/product_brand?post=45508"},{"taxonomy":"product_cat","embeddable":true,"href":"https:\/\/mps.digital-monkey.in\/es\/wp-json\/wp\/v2\/product_cat?post=45508"},{"taxonomy":"product_tag","embeddable":true,"href":"https:\/\/mps.digital-monkey.in\/es\/wp-json\/wp\/v2\/product_tag?post=45508"}],"curies":[{"name":"wp","href":"https:\/\/api.w.org\/{rel}","templated":true}]}}