{"id":45568,"date":"2025-12-18T09:25:14","date_gmt":"2025-12-18T09:25:14","guid":{"rendered":"https:\/\/mps.digital-monkey.in\/product\/volvo-penta-tuberia-de-agua-de-refrigeracion-md11-md17-829933\/"},"modified":"2025-12-18T09:25:14","modified_gmt":"2025-12-18T09:25:14","slug":"volvo-penta-tuberia-de-agua-de-refrigeracion-md11-md17-829933","status":"publish","type":"product","link":"https:\/\/mps.digital-monkey.in\/es\/product\/volvo-penta-tuberia-de-agua-de-refrigeracion-md11-md17-829933\/","title":{"rendered":"Volvo Penta Tuber\u00eda de agua de refrigeraci\u00f3n MD11 \/ MD17 829933"},"content":{"rendered":"<p data-start=\"502\" data-end=\"808\"><strong data-start=\"506\" data-end=\"549\">Tuber\u00eda de agua de refrigeraci\u00f3n Volvo Penta 829933<\/strong><\/p>\n<h3 data-start=\"1104\" data-end=\"1127\"><strong data-start=\"1108\" data-end=\"1127\">Compatible con<\/strong><\/h3>\n<ul data-start=\"1128\" data-end=\"1175\">\n<li data-start=\"1128\" data-end=\"1152\">\n<p data-start=\"1130\" data-end=\"1152\">Volvo Penta <strong data-start=\"1142\" data-end=\"1150\">MD11<\/strong><\/p>\n<\/li>\n<li data-start=\"1153\" data-end=\"1175\">\n<p data-start=\"1155\" data-end=\"1175\">Volvo Penta <strong data-start=\"1167\" data-end=\"1175\">MD17<\/strong><\/p>\n<\/li>\n<\/ul>\n<h3 data-start=\"1177\" data-end=\"1196\"><strong data-start=\"1181\" data-end=\"1196\">N\u00famero de pieza<\/strong><\/h3>\n<ul data-start=\"1197\" data-end=\"1205\">\n<li data-start=\"1197\" data-end=\"1205\">\n<p data-start=\"1199\" data-end=\"1205\">829933<\/p>\n<\/li>\n<\/ul>\n<p data-start=\"1515\" data-end=\"1675\">Se recomienda la inspecci\u00f3n peri\u00f3dica de los componentes del sistema de refrigeraci\u00f3n, incluidos tubos y mangueras, para mantener una refrigeraci\u00f3n fiable del motor y su rendimiento a largo plazo.<\/p>\n","protected":false},"excerpt":{"rendered":"<p>Tuber\u00eda de agua de refrigeraci\u00f3n Volvo Penta 829933 Compatible con Volvo Penta MD11 Volvo Penta MD17 N\u00famero de pieza 829933 Se recomienda la inspecci\u00f3n peri\u00f3dica de los componentes del sistema de refrigeraci\u00f3n, incluidos tubos y mangueras, para mantener una refrigeraci\u00f3n fiable del motor y su rendimiento a largo plazo.<\/p>\n","protected":false},"featured_media":45569,"comment_status":"open","ping_status":"closed","template":"","meta":[],"product_brand":[4229],"product_cat":[4495,2518,3244,3246,4302,4365,4368,4304],"product_tag":[],"class_list":{"0":"post-45568","1":"product","2":"type-product","3":"status-publish","4":"has-post-thumbnail","6":"product_brand-volvo-penta","7":"product_cat-comprar-recambios-usados-volvo-penta","8":"product_cat-piezas-de-motor","9":"product_cat-sistemas-de-refrigeracion","10":"product_cat-tuberias-y-mangueras-de-agua","11":"product_cat-volvo-penta","12":"product_cat-volvo-penta-md11","13":"product_cat-volvo-penta-md17","14":"product_cat-volvo-penta-serie-md","15":"pa_condition-usado","16":"pa_model-md11","17":"pa_model-md11c","18":"pa_model-md11d","19":"pa_model-md17","20":"pa_model-md17c","21":"pa_model-md17d","22":"pa_oem-or-aftermarket-oem","24":"first","25":"instock","26":"taxable","27":"shipping-taxable","28":"purchasable","29":"product-type-simple"},"supplier_id":null,"supplier_sku":"","barcode":null,"atum_controlled":true,"out_stock_date":null,"out_stock_threshold":null,"inheritable":false,"inbound_stock":0,"stock_on_hold":0,"sold_today":0,"sales_last_days":0,"reserved_stock":0,"customer_returns":0,"warehouse_damage":0,"lost_in_post":0,"other_logs":0,"out_stock_days":0,"lost_sales":0,"has_location":false,"update_date":"2025-12-18T10:24:43","atum_locations":[],"atum_stock_status":"instock","restock_status":false,"low_stock_amount":1,"sales_update_date":"2025-12-18T10:24:43","calc_backorders":null,"_links":{"self":[{"href":"https:\/\/mps.digital-monkey.in\/es\/wp-json\/wp\/v2\/product\/45568","targetHints":{"allow":["GET"]}}],"collection":[{"href":"https:\/\/mps.digital-monkey.in\/es\/wp-json\/wp\/v2\/product"}],"about":[{"href":"https:\/\/mps.digital-monkey.in\/es\/wp-json\/wp\/v2\/types\/product"}],"replies":[{"embeddable":true,"href":"https:\/\/mps.digital-monkey.in\/es\/wp-json\/wp\/v2\/comments?post=45568"}],"wp:featuredmedia":[{"embeddable":true,"href":"https:\/\/mps.digital-monkey.in\/es\/wp-json\/wp\/v2\/media\/45569"}],"wp:attachment":[{"href":"https:\/\/mps.digital-monkey.in\/es\/wp-json\/wp\/v2\/media?parent=45568"}],"wp:term":[{"taxonomy":"product_brand","embeddable":true,"href":"https:\/\/mps.digital-monkey.in\/es\/wp-json\/wp\/v2\/product_brand?post=45568"},{"taxonomy":"product_cat","embeddable":true,"href":"https:\/\/mps.digital-monkey.in\/es\/wp-json\/wp\/v2\/product_cat?post=45568"},{"taxonomy":"product_tag","embeddable":true,"href":"https:\/\/mps.digital-monkey.in\/es\/wp-json\/wp\/v2\/product_tag?post=45568"}],"curies":[{"name":"wp","href":"https:\/\/api.w.org\/{rel}","templated":true}]}}