{"id":45581,"date":"2025-12-18T10:01:52","date_gmt":"2025-12-18T10:01:52","guid":{"rendered":"https:\/\/mps.digital-monkey.in\/product\/anodo-lapiz-volvo-penta-aluminio-o15-mm-con-tapon-de-laton-bspt-1-2%e2%80%b3\/"},"modified":"2025-12-18T10:28:21","modified_gmt":"2025-12-18T10:28:21","slug":"anodo-lapiz-volvo-penta-aluminio-o15-mm-con-tapon-de-laton-bspt-1-2%e2%80%b3","status":"publish","type":"product","link":"https:\/\/mps.digital-monkey.in\/es\/producto\/anodo-lapiz-volvo-penta-aluminio-o15-mm-con-tapon-de-laton-bspt-1-2%e2%80%b3\/","title":{"rendered":"\u00c1nodo L\u00e1piz Volvo Penta Aluminio \u00d815 mm con tap\u00f3n de lat\u00f3n BSPT 1\/2\u2033"},"content":{"rendered":"<p data-start=\"557\" data-end=\"962\">El \u00e1nodo l\u00e1piz <strong data-start=\"561\" data-end=\"632\">Volvo Penta de aluminio \u00d815 mm con<\/strong> tap\u00f3n roscado de lat\u00f3n <strong data-start=\"561\" data-end=\"632\">BSPT 1\/2\u2033<\/strong> se suministra como un <strong data-start=\"650\" data-end=\"671\">conjunto completo<\/strong>, formado por un \u00e1nodo l\u00e1piz de aluminio y un tap\u00f3n roscado de lat\u00f3n. Esta unidad est\u00e1 dise\u00f1ada para proporcionar una protecci\u00f3n eficaz contra <strong data-start=\"802\" data-end=\"869\">la corrosi\u00f3n galv\u00e1nica en entornos de agua salada y salobre<\/strong>, donde los \u00e1nodos de aluminio ofrecen un mejor rendimiento y una mayor vida \u00fatil en comparaci\u00f3n con el zinc. <\/p>\n<p data-start=\"964\" data-end=\"1320\">El \u00e1nodo de aluminio funciona como elemento de sacrificio, corroyendo antes los componentes met\u00e1licos cr\u00edticos y ayudando a prolongar su vida \u00fatil. El <strong data-start=\"1120\" data-end=\"1157\">tap\u00f3n de lat\u00f3n<\/strong> integrado <strong data-start=\"1120\" data-end=\"1157\">de 1\/2\u2033 BSPT (gas conico<\/strong> ) garantiza una instalaci\u00f3n segura y un contacto el\u00e9ctrico fiable. Este tipo de \u00e1nodo l\u00e1piz se utiliza habitualmente en sistemas de refrigeraci\u00f3n marinos y otras aplicaciones internas.  <\/p>\n<h3 data-start=\"1322\" data-end=\"1338\"><strong data-start=\"1326\" data-end=\"1338\">Material<\/strong><\/h3>\n<ul data-start=\"1339\" data-end=\"1375\">\n<li data-start=\"1339\" data-end=\"1359\">\n<p data-start=\"1341\" data-end=\"1359\">\u00c1nodo: Aluminio<\/p>\n<\/li>\n<li data-start=\"1360\" data-end=\"1375\">\n<p data-start=\"1362\" data-end=\"1375\">Enchufe: Lat\u00f3n<\/p>\n<\/li>\n<\/ul>\n<h3 data-start=\"1377\" data-end=\"1391\"><strong data-start=\"1381\" data-end=\"1391\">Hilo<\/strong><\/h3>\n<ul data-start=\"1392\" data-end=\"1416\">\n<li data-start=\"1392\" data-end=\"1416\">\n<p data-start=\"1394\" data-end=\"1416\">1\/2\u2033 BSPT (Gas Conico)<\/p>\n<\/li>\n<\/ul>\n<h3 data-start=\"1418\" data-end=\"1436\"><strong data-start=\"1422\" data-end=\"1436\">Dimensiones<\/strong><\/h3>\n<ul data-start=\"1437\" data-end=\"1513\">\n<li data-start=\"1437\" data-end=\"1462\">\n<p data-start=\"1439\" data-end=\"1462\">Di\u00e1metro (\u00d8) 15,0 mm<\/p>\n<\/li>\n<li data-start=\"1463\" data-end=\"1486\">\n<p data-start=\"1465\" data-end=\"1486\">Longitud (L): 30,0 mm<\/p>\n<\/li>\n<li data-start=\"1487\" data-end=\"1513\">\n<p data-start=\"1489\" data-end=\"1513\">Dimensi\u00f3n (C): 13,0 mm<\/p>\n<\/li>\n<\/ul>\n<h3 data-start=\"1515\" data-end=\"1554\"><strong data-start=\"1519\" data-end=\"1554\">N\u00fameros de referencia \/ sustituci\u00f3n<\/strong><\/h3>\n<ul data-start=\"1555\" data-end=\"1610\">\n<li data-start=\"1555\" data-end=\"1566\">\n<p data-start=\"1557\" data-end=\"1566\">3838499<\/p>\n<\/li>\n<li data-start=\"1567\" data-end=\"1577\">\n<p data-start=\"1569\" data-end=\"1577\">800476<\/p>\n<\/li>\n<li data-start=\"1578\" data-end=\"1588\">\n<p data-start=\"1580\" data-end=\"1588\">804107<\/p>\n<\/li>\n<li data-start=\"1589\" data-end=\"1599\">\n<p data-start=\"1591\" data-end=\"1599\">838929<\/p>\n<\/li>\n<li data-start=\"1600\" data-end=\"1610\">\n<p data-start=\"1602\" data-end=\"1610\">858501<\/p>\n<\/li>\n<\/ul>\n<h3 data-start=\"1612\" data-end=\"1632\"><strong data-start=\"1616\" data-end=\"1632\">Caracter\u00edsticas principales<\/strong><\/h3>\n<ul data-start=\"1633\" data-end=\"1898\">\n<li data-start=\"1633\" data-end=\"1693\">\n<p data-start=\"1635\" data-end=\"1693\">\u00c1nodo l\u00e1piz de aluminio completo suministrado con tap\u00f3n de lat\u00f3n<\/p>\n<\/li>\n<li data-start=\"1694\" data-end=\"1752\">\n<p data-start=\"1696\" data-end=\"1752\">Adecuado para entornos de agua salada y salobre<\/p>\n<\/li>\n<li data-start=\"1753\" data-end=\"1808\">\n<p data-start=\"1755\" data-end=\"1808\">\u00c1nodo de sacrificio para la protecci\u00f3n contra la corrosi\u00f3n interna<\/p>\n<\/li>\n<li data-start=\"1809\" data-end=\"1851\">\n<p data-start=\"1811\" data-end=\"1851\">Instalaci\u00f3n segura con rosca 1\/2\u2033 BSPT<\/p>\n<\/li>\n<li data-start=\"1852\" data-end=\"1898\">\n<p data-start=\"1854\" data-end=\"1898\">Fabricado con precisi\u00f3n para un ajuste correcto<\/p>\n<\/li>\n<\/ul>\n<p data-start=\"1900\" data-end=\"2061\">La inspecci\u00f3n peri\u00f3dica y la sustituci\u00f3n a tiempo de los \u00e1nodos l\u00e1piz ayudan a mantener una protecci\u00f3n eficaz contra la corrosi\u00f3n y a evitar da\u00f1os en los componentes internos del motor marino.<\/p>\n","protected":false},"excerpt":{"rendered":"<p>El \u00e1nodo l\u00e1piz Volvo Penta de aluminio \u00d815 mm con tap\u00f3n roscado de lat\u00f3n BSPT 1\/2\u2033 se suministra como un conjunto completo, formado por un \u00e1nodo l\u00e1piz de aluminio y un tap\u00f3n roscado de lat\u00f3n. Esta unidad est\u00e1 dise\u00f1ada para proporcionar una protecci\u00f3n eficaz contra la corrosi\u00f3n galv\u00e1nica en entornos de agua salada y salobre, [&hellip;]<\/p>\n","protected":false},"featured_media":45584,"comment_status":"open","ping_status":"closed","template":"","meta":[],"product_brand":[4229],"product_cat":[4486,3182,4522,2497,4302],"product_tag":[],"class_list":{"0":"post-45581","1":"product","2":"type-product","3":"status-publish","4":"has-post-thumbnail","6":"product_brand-volvo-penta","7":"product_cat-necesitas-piezas-volvo-penta","8":"product_cat-anodos","9":"product_cat-anodos-volvo-penta","10":"product_cat-piezas-de-mantenimiento-del-motor","11":"product_cat-volvo-penta","12":"pa_condition-nuevo","13":"pa_oem-or-aftermarket-posventa","15":"first","16":"onbackorder","17":"sale","18":"taxable","19":"shipping-taxable","20":"purchasable","21":"product-type-simple"},"supplier_id":45614,"supplier_sku":"00714TAL","barcode":null,"atum_controlled":true,"out_stock_date":"2025-12-18 10:01:56","out_stock_threshold":null,"inheritable":false,"inbound_stock":0,"stock_on_hold":0,"sold_today":0,"sales_last_days":0,"reserved_stock":0,"customer_returns":0,"warehouse_damage":0,"lost_in_post":0,"other_logs":0,"out_stock_days":41,"lost_sales":0,"has_location":false,"update_date":"2026-01-29T09:10:44","atum_locations":[],"atum_stock_status":"onbackorder","restock_status":false,"low_stock_amount":1,"sales_update_date":"2026-01-29T09:10:44","calc_backorders":null,"_links":{"self":[{"href":"https:\/\/mps.digital-monkey.in\/es\/wp-json\/wp\/v2\/product\/45581","targetHints":{"allow":["GET"]}}],"collection":[{"href":"https:\/\/mps.digital-monkey.in\/es\/wp-json\/wp\/v2\/product"}],"about":[{"href":"https:\/\/mps.digital-monkey.in\/es\/wp-json\/wp\/v2\/types\/product"}],"replies":[{"embeddable":true,"href":"https:\/\/mps.digital-monkey.in\/es\/wp-json\/wp\/v2\/comments?post=45581"}],"wp:featuredmedia":[{"embeddable":true,"href":"https:\/\/mps.digital-monkey.in\/es\/wp-json\/wp\/v2\/media\/45584"}],"wp:attachment":[{"href":"https:\/\/mps.digital-monkey.in\/es\/wp-json\/wp\/v2\/media?parent=45581"}],"wp:term":[{"taxonomy":"product_brand","embeddable":true,"href":"https:\/\/mps.digital-monkey.in\/es\/wp-json\/wp\/v2\/product_brand?post=45581"},{"taxonomy":"product_cat","embeddable":true,"href":"https:\/\/mps.digital-monkey.in\/es\/wp-json\/wp\/v2\/product_cat?post=45581"},{"taxonomy":"product_tag","embeddable":true,"href":"https:\/\/mps.digital-monkey.in\/es\/wp-json\/wp\/v2\/product_tag?post=45581"}],"curies":[{"name":"wp","href":"https:\/\/api.w.org\/{rel}","templated":true}]}}