{"id":45597,"date":"2025-12-18T10:08:39","date_gmt":"2025-12-18T10:08:39","guid":{"rendered":"https:\/\/mps.digital-monkey.in\/product\/anodo-lapiz-de-magnesio-volvo-penta-o15-mm-con-tapon-de-laton-bspt-1-2%e2%80%b3\/"},"modified":"2025-12-18T10:28:25","modified_gmt":"2025-12-18T10:28:25","slug":"anodo-lapiz-de-magnesio-volvo-penta-o15-mm-con-tapon-de-laton-bspt-1-2%e2%80%b3","status":"publish","type":"product","link":"https:\/\/mps.digital-monkey.in\/es\/producto\/anodo-lapiz-de-magnesio-volvo-penta-o15-mm-con-tapon-de-laton-bspt-1-2%e2%80%b3\/","title":{"rendered":"\u00c1nodo L\u00e1piz de Magnesio Volvo Penta \u00d815 mm con Tap\u00f3n de Lat\u00f3n BSPT 1\/2\u2033"},"content":{"rendered":"<p data-start=\"558\" data-end=\"904\">El \u00e1nodo l\u00e1piz <strong data-start=\"562\" data-end=\"633\">de magnesio Volvo Penta de \u00d815 mm con<\/strong> tap\u00f3n roscado de lat\u00f3n <strong data-start=\"562\" data-end=\"633\">BSPT 1\/2\u2033<\/strong> se suministra como un <strong data-start=\"651\" data-end=\"672\">conjunto completo<\/strong>, formado por un \u00e1nodo l\u00e1piz de magnesio y un tap\u00f3n roscado de lat\u00f3n. Esta unidad est\u00e1 dise\u00f1ada para proporcionar <strong data-start=\"773\" data-end=\"849\">la m\u00e1xima protecci\u00f3n contra la corrosi\u00f3n galv\u00e1nica en entornos de agua dulce<\/strong>, donde el magnesio es el material an\u00f3dico m\u00e1s eficaz. <\/p>\n<p data-start=\"906\" data-end=\"1312\">Los \u00e1nodos de magnesio ofrecen la mayor actividad electroqu\u00edmica, lo que los hace ideales para su uso en lagos, r\u00edos y otras aguas de baja conductividad. El <strong data-start=\"1071\" data-end=\"1108\">tap\u00f3n de lat\u00f3n<\/strong> integrado <strong data-start=\"1071\" data-end=\"1108\">de 1\/2\u2033 BSPT (gas conico<\/strong> ) garantiza una instalaci\u00f3n segura y un contacto el\u00e9ctrico fiable. Este tipo de \u00e1nodo l\u00e1piz se utiliza habitualmente en sistemas de refrigeraci\u00f3n marinos y otras aplicaciones internas que requieren una protecci\u00f3n eficaz contra la corrosi\u00f3n.  <\/p>\n<h3 data-start=\"1314\" data-end=\"1330\"><strong data-start=\"1318\" data-end=\"1330\">Material<\/strong><\/h3>\n<ul data-start=\"1331\" data-end=\"1367\">\n<li data-start=\"1331\" data-end=\"1351\">\n<p data-start=\"1333\" data-end=\"1351\">\u00c1nodo: Magnesio<\/p>\n<\/li>\n<li data-start=\"1352\" data-end=\"1367\">\n<p data-start=\"1354\" data-end=\"1367\">Enchufe: Lat\u00f3n<\/p>\n<\/li>\n<\/ul>\n<h3 data-start=\"1369\" data-end=\"1383\"><strong data-start=\"1373\" data-end=\"1383\">Hilo<\/strong><\/h3>\n<ul data-start=\"1384\" data-end=\"1408\">\n<li data-start=\"1384\" data-end=\"1408\">\n<p data-start=\"1386\" data-end=\"1408\">1\/2\u2033 BSPT (Gas Conico)<\/p>\n<\/li>\n<\/ul>\n<h3 data-start=\"1410\" data-end=\"1428\"><strong data-start=\"1414\" data-end=\"1428\">Dimensiones<\/strong><\/h3>\n<ul data-start=\"1429\" data-end=\"1505\">\n<li data-start=\"1429\" data-end=\"1454\">\n<p data-start=\"1431\" data-end=\"1454\">Di\u00e1metro (\u00d8) 15,0 mm<\/p>\n<\/li>\n<li data-start=\"1455\" data-end=\"1478\">\n<p data-start=\"1457\" data-end=\"1478\">Longitud (L): 30,0 mm<\/p>\n<\/li>\n<li data-start=\"1479\" data-end=\"1505\">\n<p data-start=\"1481\" data-end=\"1505\">Dimensi\u00f3n (C): 13,0 mm<\/p>\n<\/li>\n<\/ul>\n<h3 data-start=\"1507\" data-end=\"1546\"><strong data-start=\"1511\" data-end=\"1546\">N\u00fameros de referencia \/ sustituci\u00f3n<\/strong><\/h3>\n<ul data-start=\"1547\" data-end=\"1602\">\n<li data-start=\"1547\" data-end=\"1558\">\n<p data-start=\"1549\" data-end=\"1558\">3838499<\/p>\n<\/li>\n<li data-start=\"1559\" data-end=\"1569\">\n<p data-start=\"1561\" data-end=\"1569\">800476<\/p>\n<\/li>\n<li data-start=\"1570\" data-end=\"1580\">\n<p data-start=\"1572\" data-end=\"1580\">804107<\/p>\n<\/li>\n<li data-start=\"1581\" data-end=\"1591\">\n<p data-start=\"1583\" data-end=\"1591\">838929<\/p>\n<\/li>\n<li data-start=\"1592\" data-end=\"1602\">\n<p data-start=\"1594\" data-end=\"1602\">858501<\/p>\n<\/li>\n<\/ul>\n<h3 data-start=\"1604\" data-end=\"1624\"><strong data-start=\"1608\" data-end=\"1624\">Caracter\u00edsticas principales<\/strong><\/h3>\n<ul data-start=\"1625\" data-end=\"1875\">\n<li data-start=\"1625\" data-end=\"1685\">\n<p data-start=\"1627\" data-end=\"1685\">\u00c1nodo l\u00e1piz de magnesio completo suministrado con tap\u00f3n de lat\u00f3n<\/p>\n<\/li>\n<li data-start=\"1686\" data-end=\"1732\">\n<p data-start=\"1688\" data-end=\"1732\">M\u00e1xima protecci\u00f3n contra la corrosi\u00f3n en agua dulce<\/p>\n<\/li>\n<li data-start=\"1733\" data-end=\"1785\">\n<p data-start=\"1735\" data-end=\"1785\">\u00c1nodo de sacrificio para la protecci\u00f3n interna del motor<\/p>\n<\/li>\n<li data-start=\"1786\" data-end=\"1828\">\n<p data-start=\"1788\" data-end=\"1828\">Instalaci\u00f3n segura con rosca 1\/2\u2033 BSPT<\/p>\n<\/li>\n<li data-start=\"1829\" data-end=\"1875\">\n<p data-start=\"1831\" data-end=\"1875\">Fabricado con precisi\u00f3n para un ajuste correcto<\/p>\n<\/li>\n<\/ul>\n<p data-start=\"1877\" data-end=\"2058\">La inspecci\u00f3n peri\u00f3dica y la sustituci\u00f3n oportuna de los \u00e1nodos l\u00e1piz de magnesio es esencial para mantener una protecci\u00f3n eficaz contra la corrosi\u00f3n y evitar da\u00f1os en los componentes internos del motor marino.<\/p>\n","protected":false},"excerpt":{"rendered":"<p>El \u00e1nodo l\u00e1piz de magnesio Volvo Penta de \u00d815 mm con tap\u00f3n roscado de lat\u00f3n BSPT 1\/2\u2033 se suministra como un conjunto completo, formado por un \u00e1nodo l\u00e1piz de magnesio y un tap\u00f3n roscado de lat\u00f3n. Esta unidad est\u00e1 dise\u00f1ada para proporcionar la m\u00e1xima protecci\u00f3n contra la corrosi\u00f3n galv\u00e1nica en entornos de agua dulce, donde [&hellip;]<\/p>\n","protected":false},"featured_media":45600,"comment_status":"open","ping_status":"closed","template":"","meta":[],"product_brand":[4229],"product_cat":[4486,3182,4522,2497,4302],"product_tag":[],"class_list":{"0":"post-45597","1":"product","2":"type-product","3":"status-publish","4":"has-post-thumbnail","6":"product_brand-volvo-penta","7":"product_cat-necesitas-piezas-volvo-penta","8":"product_cat-anodos","9":"product_cat-anodos-volvo-penta","10":"product_cat-piezas-de-mantenimiento-del-motor","11":"product_cat-volvo-penta","12":"pa_condition-nuevo","13":"pa_oem-or-aftermarket-posventa","15":"first","16":"onbackorder","17":"sale","18":"taxable","19":"shipping-taxable","20":"purchasable","21":"product-type-simple"},"supplier_id":45614,"supplier_sku":"00714TMG","barcode":null,"atum_controlled":true,"out_stock_date":"2025-12-18 10:08:43","out_stock_threshold":null,"inheritable":false,"inbound_stock":0,"stock_on_hold":0,"sold_today":0,"sales_last_days":0,"reserved_stock":0,"customer_returns":0,"warehouse_damage":0,"lost_in_post":0,"other_logs":0,"out_stock_days":41,"lost_sales":0,"has_location":false,"update_date":"2026-01-29T09:10:57","atum_locations":[],"atum_stock_status":"onbackorder","restock_status":false,"low_stock_amount":1,"sales_update_date":"2026-01-29T09:10:57","calc_backorders":null,"_links":{"self":[{"href":"https:\/\/mps.digital-monkey.in\/es\/wp-json\/wp\/v2\/product\/45597","targetHints":{"allow":["GET"]}}],"collection":[{"href":"https:\/\/mps.digital-monkey.in\/es\/wp-json\/wp\/v2\/product"}],"about":[{"href":"https:\/\/mps.digital-monkey.in\/es\/wp-json\/wp\/v2\/types\/product"}],"replies":[{"embeddable":true,"href":"https:\/\/mps.digital-monkey.in\/es\/wp-json\/wp\/v2\/comments?post=45597"}],"wp:featuredmedia":[{"embeddable":true,"href":"https:\/\/mps.digital-monkey.in\/es\/wp-json\/wp\/v2\/media\/45600"}],"wp:attachment":[{"href":"https:\/\/mps.digital-monkey.in\/es\/wp-json\/wp\/v2\/media?parent=45597"}],"wp:term":[{"taxonomy":"product_brand","embeddable":true,"href":"https:\/\/mps.digital-monkey.in\/es\/wp-json\/wp\/v2\/product_brand?post=45597"},{"taxonomy":"product_cat","embeddable":true,"href":"https:\/\/mps.digital-monkey.in\/es\/wp-json\/wp\/v2\/product_cat?post=45597"},{"taxonomy":"product_tag","embeddable":true,"href":"https:\/\/mps.digital-monkey.in\/es\/wp-json\/wp\/v2\/product_tag?post=45597"}],"curies":[{"name":"wp","href":"https:\/\/api.w.org\/{rel}","templated":true}]}}