{"id":45619,"date":"2025-12-18T10:17:55","date_gmt":"2025-12-18T10:17:55","guid":{"rendered":"https:\/\/mps.digital-monkey.in\/product\/tapon-de-laton-volvo-penta-bspt-1-2%e2%80%b3-838929\/"},"modified":"2025-12-18T10:17:55","modified_gmt":"2025-12-18T10:17:55","slug":"tapon-de-laton-volvo-penta-bspt-1-2%e2%80%b3-838929","status":"publish","type":"product","link":"https:\/\/mps.digital-monkey.in\/es\/product\/tapon-de-laton-volvo-penta-bspt-1-2%e2%80%b3-838929\/","title":{"rendered":"Tap\u00f3n de lat\u00f3n Volvo Penta BSPT 1\/2\u2033 | 838929"},"content":{"rendered":"<p data-start=\"508\" data-end=\"867\">El tap\u00f3n <strong data-start=\"512\" data-end=\"557\">de lat\u00f3n Volvo Penta BSPT 1\/2\u2033 (838929)<\/strong> es un racor marino mecanizado de precisi\u00f3n dise\u00f1ado para una instalaci\u00f3n segura en sistemas de refrigeraci\u00f3n marinos y otras aplicaciones que requieran un <strong data-start=\"691\" data-end=\"731\">tap\u00f3n roscado BSPT (gas conico) de 1\/2\u2033<\/strong>. Fabricado en lat\u00f3n de alta calidad, este tap\u00f3n ofrece una excelente resistencia a la corrosi\u00f3n y durabilidad en entornos marinos exigentes. <\/p>\n<p data-start=\"869\" data-end=\"1090\">Este tap\u00f3n de lat\u00f3n se suele utilizar en combinaci\u00f3n con \u00e1nodos l\u00e1piz o como tap\u00f3n de repuesto independiente. Proporciona un sellado fiable y un contacto el\u00e9ctrico adecuado donde se requiere, garantizando un rendimiento fiable a largo plazo. <\/p>\n<h3 data-start=\"1092\" data-end=\"1108\"><strong data-start=\"1096\" data-end=\"1108\">Material<\/strong><\/h3>\n<ul data-start=\"1109\" data-end=\"1116\">\n<li data-start=\"1109\" data-end=\"1116\">\n<p data-start=\"1111\" data-end=\"1116\">Lat\u00f3n<\/p>\n<\/li>\n<\/ul>\n<h3 data-start=\"1118\" data-end=\"1137\"><strong data-start=\"1122\" data-end=\"1137\">N\u00famero de pieza<\/strong><\/h3>\n<ul data-start=\"1138\" data-end=\"1146\">\n<li data-start=\"1138\" data-end=\"1146\">\n<p data-start=\"1140\" data-end=\"1146\">838929<\/p>\n<\/li>\n<\/ul>\n<h3 data-start=\"1148\" data-end=\"1176\"><strong data-start=\"1152\" data-end=\"1176\">Especificaci\u00f3n de la rosca<\/strong><\/h3>\n<ul data-start=\"1177\" data-end=\"1222\">\n<li data-start=\"1177\" data-end=\"1222\">\n<p data-start=\"1179\" data-end=\"1222\">Rosca exterior: <strong data-start=\"1196\" data-end=\"1222\">1\/2\u2033 BSPT (Gas Conico)<\/strong><\/p>\n<\/li>\n<\/ul>\n<h3 data-start=\"1224\" data-end=\"1244\"><strong data-start=\"1228\" data-end=\"1244\">Caracter\u00edsticas principales<\/strong><\/h3>\n<ul data-start=\"1245\" data-end=\"1471\">\n<li data-start=\"1245\" data-end=\"1283\">\n<p data-start=\"1247\" data-end=\"1283\">Tap\u00f3n de lat\u00f3n para aplicaciones marinas<\/p>\n<\/li>\n<li data-start=\"1284\" data-end=\"1326\">\n<p data-start=\"1286\" data-end=\"1326\">Rosca exterior 1\/2\u2033 BSPT (gas conico)<\/p>\n<\/li>\n<li data-start=\"1327\" data-end=\"1369\">\n<p data-start=\"1329\" data-end=\"1369\">Construcci\u00f3n de lat\u00f3n resistente a la corrosi\u00f3n<\/p>\n<\/li>\n<li data-start=\"1370\" data-end=\"1420\">\n<p data-start=\"1372\" data-end=\"1420\">Mecanizado de precisi\u00f3n para un ajuste y sellado correctos<\/p>\n<\/li>\n<li data-start=\"1421\" data-end=\"1471\">\n<p data-start=\"1423\" data-end=\"1471\">Sustituci\u00f3n directa de la pieza 838929 de Volvo Penta<\/p>\n<\/li>\n<\/ul>\n<p data-start=\"1473\" data-end=\"1613\">Este tap\u00f3n de lat\u00f3n es adecuado para su uso en sistemas de refrigeraci\u00f3n y otras instalaciones marinas donde se requiera una conexi\u00f3n roscada BSPT fiable.<\/p>\n","protected":false},"excerpt":{"rendered":"<p>El tap\u00f3n de lat\u00f3n Volvo Penta BSPT 1\/2\u2033 (838929) es un racor marino mecanizado de precisi\u00f3n dise\u00f1ado para una instalaci\u00f3n segura en sistemas de refrigeraci\u00f3n marinos y otras aplicaciones que requieran un tap\u00f3n roscado BSPT (gas conico) de 1\/2\u2033. Fabricado en lat\u00f3n de alta calidad, este tap\u00f3n ofrece una excelente resistencia a la corrosi\u00f3n y [&hellip;]<\/p>\n","protected":false},"featured_media":45621,"comment_status":"open","ping_status":"closed","template":"","meta":[],"product_brand":[4229],"product_cat":[4486,3182,4522,2497,4302],"product_tag":[],"class_list":{"0":"post-45619","1":"product","2":"type-product","3":"status-publish","4":"has-post-thumbnail","6":"product_brand-volvo-penta","7":"product_cat-necesitas-piezas-volvo-penta","8":"product_cat-anodos","9":"product_cat-anodos-volvo-penta","10":"product_cat-piezas-de-mantenimiento-del-motor","11":"product_cat-volvo-penta","12":"pa_condition-nuevo","13":"pa_oem-or-aftermarket-posventa","15":"first","16":"onbackorder","17":"sale","18":"taxable","19":"shipping-taxable","20":"purchasable","21":"product-type-simple"},"supplier_id":45614,"supplier_sku":"00714TPF","barcode":null,"atum_controlled":true,"out_stock_date":"2025-12-18 10:17:58","out_stock_threshold":null,"inheritable":false,"inbound_stock":0,"stock_on_hold":0,"sold_today":0,"sales_last_days":0,"reserved_stock":0,"customer_returns":0,"warehouse_damage":0,"lost_in_post":0,"other_logs":0,"out_stock_days":41,"lost_sales":0,"has_location":false,"update_date":"2026-01-29T09:10:32","atum_locations":[],"atum_stock_status":"onbackorder","restock_status":false,"low_stock_amount":1,"sales_update_date":"2026-01-29T09:10:32","calc_backorders":null,"_links":{"self":[{"href":"https:\/\/mps.digital-monkey.in\/es\/wp-json\/wp\/v2\/product\/45619","targetHints":{"allow":["GET"]}}],"collection":[{"href":"https:\/\/mps.digital-monkey.in\/es\/wp-json\/wp\/v2\/product"}],"about":[{"href":"https:\/\/mps.digital-monkey.in\/es\/wp-json\/wp\/v2\/types\/product"}],"replies":[{"embeddable":true,"href":"https:\/\/mps.digital-monkey.in\/es\/wp-json\/wp\/v2\/comments?post=45619"}],"wp:featuredmedia":[{"embeddable":true,"href":"https:\/\/mps.digital-monkey.in\/es\/wp-json\/wp\/v2\/media\/45621"}],"wp:attachment":[{"href":"https:\/\/mps.digital-monkey.in\/es\/wp-json\/wp\/v2\/media?parent=45619"}],"wp:term":[{"taxonomy":"product_brand","embeddable":true,"href":"https:\/\/mps.digital-monkey.in\/es\/wp-json\/wp\/v2\/product_brand?post=45619"},{"taxonomy":"product_cat","embeddable":true,"href":"https:\/\/mps.digital-monkey.in\/es\/wp-json\/wp\/v2\/product_cat?post=45619"},{"taxonomy":"product_tag","embeddable":true,"href":"https:\/\/mps.digital-monkey.in\/es\/wp-json\/wp\/v2\/product_tag?post=45619"}],"curies":[{"name":"wp","href":"https:\/\/api.w.org\/{rel}","templated":true}]}}