{"id":45642,"date":"2025-12-18T13:53:41","date_gmt":"2025-12-18T13:53:41","guid":{"rendered":"https:\/\/mps.digital-monkey.in\/product\/anodo-lapiz-volvo-penta-zinc-o16-x-13-mm-838929\/"},"modified":"2025-12-18T13:53:41","modified_gmt":"2025-12-18T13:53:41","slug":"anodo-lapiz-volvo-penta-zinc-o16-x-13-mm-838929","status":"publish","type":"product","link":"https:\/\/mps.digital-monkey.in\/es\/producto\/anodo-lapiz-volvo-penta-zinc-o16-x-13-mm-838929\/","title":{"rendered":"\u00c1nodo L\u00e1piz Volvo Penta Zinc \u00d816 x 13 mm | 838929"},"content":{"rendered":"<p data-start=\"539\" data-end=\"882\">El <strong data-start=\"543\" data-end=\"597\">\u00e1nodo l\u00e1piz Volvo Penta de zinc \u00d816 x 13 mm (838929)<\/strong> est\u00e1 dise\u00f1ado para proporcionar una protecci\u00f3n fiable contra <strong data-start=\"649\" data-end=\"671\">la corrosi\u00f3n galv\u00e1nica<\/strong> en sistemas marinos. Fabricado con zinc marino de alta calidad, este \u00e1nodo l\u00e1piz compacto act\u00faa como elemento de sacrificio, corroyendo antes los componentes met\u00e1licos cr\u00edticos y ayudando a prolongar su vida \u00fatil. <\/p>\n<p data-start=\"884\" data-end=\"1193\">Gracias a sus reducidas dimensiones, este \u00e1nodo de zinc en forma de l\u00e1piz es adecuado para aplicaciones con espacio de instalaci\u00f3n limitado, como circuitos internos de refrigeraci\u00f3n y otras zonas protegidas que requieren una protecci\u00f3n controlada contra la corrosi\u00f3n. Est\u00e1 fabricado con precisi\u00f3n para garantizar un ajuste correcto y un contacto el\u00e9ctrico fiable. <\/p>\n<h3 data-start=\"1195\" data-end=\"1211\"><strong data-start=\"1199\" data-end=\"1211\">Material<\/strong><\/h3>\n<ul data-start=\"1212\" data-end=\"1250\">\n<li data-start=\"1212\" data-end=\"1250\">\n<p data-start=\"1214\" data-end=\"1250\">Zinc (recomendado para uso en agua salada)<\/p>\n<\/li>\n<\/ul>\n<h3 data-start=\"1252\" data-end=\"1271\"><strong data-start=\"1256\" data-end=\"1271\">N\u00famero de pieza<\/strong><\/h3>\n<ul data-start=\"1272\" data-end=\"1284\">\n<li data-start=\"1272\" data-end=\"1284\">\n<p data-start=\"1274\" data-end=\"1284\"><strong data-start=\"1274\" data-end=\"1284\">838929<\/strong><\/p>\n<\/li>\n<\/ul>\n<h3 data-start=\"1286\" data-end=\"1304\"><strong data-start=\"1290\" data-end=\"1304\">Dimensiones<\/strong><\/h3>\n<ul data-start=\"1305\" data-end=\"1388\">\n<li data-start=\"1305\" data-end=\"1330\">\n<p data-start=\"1307\" data-end=\"1330\">Di\u00e1metro (\u00d8) 16,0 mm<\/p>\n<\/li>\n<li data-start=\"1331\" data-end=\"1354\">\n<p data-start=\"1333\" data-end=\"1354\">Longitud (L): 13,0 mm<\/p>\n<\/li>\n<li data-start=\"1355\" data-end=\"1388\">\n<p data-start=\"1357\" data-end=\"1388\">Longitud roscada (L1): 10,0 mm<\/p>\n<\/li>\n<\/ul>\n<h3 data-start=\"1390\" data-end=\"1410\"><strong data-start=\"1394\" data-end=\"1410\">Caracter\u00edsticas principales<\/strong><\/h3>\n<ul data-start=\"1411\" data-end=\"1712\">\n<li data-start=\"1411\" data-end=\"1464\">\n<p data-start=\"1413\" data-end=\"1464\">\u00c1nodo l\u00e1piz de zinc para la protecci\u00f3n contra la corrosi\u00f3n marina<\/p>\n<\/li>\n<li data-start=\"1465\" data-end=\"1513\">\n<p data-start=\"1467\" data-end=\"1513\">Tama\u00f1o compacto para zonas de instalaci\u00f3n reducidas<\/p>\n<\/li>\n<li data-start=\"1514\" data-end=\"1563\">\n<p data-start=\"1516\" data-end=\"1563\">\u00c1nodo de sacrificio para proteger los componentes met\u00e1licos<\/p>\n<\/li>\n<li data-start=\"1564\" data-end=\"1618\">\n<p data-start=\"1566\" data-end=\"1618\">Fabricados con precisi\u00f3n para un ajuste y contacto correctos<\/p>\n<\/li>\n<li data-start=\"1619\" data-end=\"1661\">\n<p data-start=\"1621\" data-end=\"1661\">Construcci\u00f3n duradera de zinc de calidad marina<\/p>\n<\/li>\n<li data-start=\"1662\" data-end=\"1712\">\n<p data-start=\"1664\" data-end=\"1712\">Sustituci\u00f3n directa de la pieza 838929 de Volvo Penta<\/p>\n<\/li>\n<\/ul>\n<p data-start=\"1714\" data-end=\"1885\">La inspecci\u00f3n peri\u00f3dica y la sustituci\u00f3n a tiempo de los \u00e1nodos l\u00e1piz son esenciales para mantener una protecci\u00f3n eficaz contra la corrosi\u00f3n y evitar da\u00f1os en los componentes internos del sistema marino.<\/p>\n","protected":false},"excerpt":{"rendered":"<p>El \u00e1nodo l\u00e1piz Volvo Penta de zinc \u00d816 x 13 mm (838929) est\u00e1 dise\u00f1ado para proporcionar una protecci\u00f3n fiable contra la corrosi\u00f3n galv\u00e1nica en sistemas marinos. Fabricado con zinc marino de alta calidad, este \u00e1nodo l\u00e1piz compacto act\u00faa como elemento de sacrificio, corroyendo antes los componentes met\u00e1licos cr\u00edticos y ayudando a prolongar su vida \u00fatil. [&hellip;]<\/p>\n","protected":false},"featured_media":45644,"comment_status":"open","ping_status":"closed","template":"","meta":[],"product_brand":[4229],"product_cat":[4486,3182,4522,2497,4302],"product_tag":[],"class_list":{"0":"post-45642","1":"product","2":"type-product","3":"status-publish","4":"has-post-thumbnail","6":"product_brand-volvo-penta","7":"product_cat-necesitas-piezas-volvo-penta","8":"product_cat-anodos","9":"product_cat-anodos-volvo-penta","10":"product_cat-piezas-de-mantenimiento-del-motor","11":"product_cat-volvo-penta","12":"pa_condition-nuevo","13":"pa_oem-or-aftermarket-posventa","15":"first","16":"onbackorder","17":"sale","18":"taxable","19":"shipping-taxable","20":"purchasable","21":"product-type-simple"},"supplier_id":45614,"supplier_sku":"00715","barcode":null,"atum_controlled":true,"out_stock_date":"2025-12-18 13:53:45","out_stock_threshold":null,"inheritable":false,"inbound_stock":0,"stock_on_hold":0,"sold_today":0,"sales_last_days":0,"reserved_stock":0,"customer_returns":0,"warehouse_damage":0,"lost_in_post":0,"other_logs":0,"out_stock_days":41,"lost_sales":0,"has_location":false,"update_date":"2026-01-29T09:10:11","atum_locations":[],"atum_stock_status":"onbackorder","restock_status":false,"low_stock_amount":1,"sales_update_date":"2026-01-29T09:10:11","calc_backorders":null,"_links":{"self":[{"href":"https:\/\/mps.digital-monkey.in\/es\/wp-json\/wp\/v2\/product\/45642","targetHints":{"allow":["GET"]}}],"collection":[{"href":"https:\/\/mps.digital-monkey.in\/es\/wp-json\/wp\/v2\/product"}],"about":[{"href":"https:\/\/mps.digital-monkey.in\/es\/wp-json\/wp\/v2\/types\/product"}],"replies":[{"embeddable":true,"href":"https:\/\/mps.digital-monkey.in\/es\/wp-json\/wp\/v2\/comments?post=45642"}],"wp:featuredmedia":[{"embeddable":true,"href":"https:\/\/mps.digital-monkey.in\/es\/wp-json\/wp\/v2\/media\/45644"}],"wp:attachment":[{"href":"https:\/\/mps.digital-monkey.in\/es\/wp-json\/wp\/v2\/media?parent=45642"}],"wp:term":[{"taxonomy":"product_brand","embeddable":true,"href":"https:\/\/mps.digital-monkey.in\/es\/wp-json\/wp\/v2\/product_brand?post=45642"},{"taxonomy":"product_cat","embeddable":true,"href":"https:\/\/mps.digital-monkey.in\/es\/wp-json\/wp\/v2\/product_cat?post=45642"},{"taxonomy":"product_tag","embeddable":true,"href":"https:\/\/mps.digital-monkey.in\/es\/wp-json\/wp\/v2\/product_tag?post=45642"}],"curies":[{"name":"wp","href":"https:\/\/api.w.org\/{rel}","templated":true}]}}