{"id":45656,"date":"2025-12-18T14:10:10","date_gmt":"2025-12-18T14:10:10","guid":{"rendered":"https:\/\/mps.digital-monkey.in\/product\/anodo-lapiz-volvo-penta-zinc-o26-x-44-mm-823661\/"},"modified":"2025-12-18T14:10:10","modified_gmt":"2025-12-18T14:10:10","slug":"anodo-lapiz-volvo-penta-zinc-o26-x-44-mm-823661","status":"publish","type":"product","link":"https:\/\/mps.digital-monkey.in\/es\/producto\/anodo-lapiz-volvo-penta-zinc-o26-x-44-mm-823661\/","title":{"rendered":"\u00c1nodo L\u00e1piz Volvo Penta Zinc \u00d826 x 44 mm | 823661"},"content":{"rendered":"<p data-start=\"521\" data-end=\"862\">El <strong data-start=\"525\" data-end=\"579\">\u00e1nodo l\u00e1piz Volvo Penta de zinc \u00d826 x 44 mm (823661)<\/strong> est\u00e1 dise\u00f1ado para proporcionar una protecci\u00f3n eficaz contra <strong data-start=\"632\" data-end=\"654\">la corrosi\u00f3n galv\u00e1nica<\/strong> en entornos marinos. Fabricado con zinc marino de alta calidad, este \u00e1nodo l\u00e1piz act\u00faa como elemento de sacrificio, corroyendo antes los componentes met\u00e1licos cr\u00edticos y ayudando a prolongar su vida \u00fatil. <\/p>\n<p data-start=\"864\" data-end=\"1111\">Con su mayor di\u00e1metro, este \u00e1nodo l\u00e1piz es adecuado para aplicaciones que requieren una mayor masa an\u00f3dica, como los sistemas de refrigeraci\u00f3n y otros componentes marinos internos. Su fabricaci\u00f3n de precisi\u00f3n garantiza un ajuste correcto y un contacto el\u00e9ctrico fiable. <\/p>\n<h3 data-start=\"1113\" data-end=\"1129\"><strong data-start=\"1117\" data-end=\"1129\">Material<\/strong><\/h3>\n<ul data-start=\"1130\" data-end=\"1168\">\n<li data-start=\"1130\" data-end=\"1168\">\n<p data-start=\"1132\" data-end=\"1168\">Zinc (recomendado para uso en agua salada)<\/p>\n<\/li>\n<\/ul>\n<h3 data-start=\"1170\" data-end=\"1189\"><strong data-start=\"1174\" data-end=\"1189\">N\u00famero de pieza<\/strong><\/h3>\n<ul data-start=\"1190\" data-end=\"1202\">\n<li data-start=\"1190\" data-end=\"1202\">\n<p data-start=\"1192\" data-end=\"1202\"><strong data-start=\"1192\" data-end=\"1202\">823661<\/strong><\/p>\n<\/li>\n<\/ul>\n<h3 data-start=\"1204\" data-end=\"1222\"><strong data-start=\"1208\" data-end=\"1222\">Dimensiones<\/strong><\/h3>\n<ul data-start=\"1223\" data-end=\"1328\">\n<li data-start=\"1223\" data-end=\"1248\">\n<p data-start=\"1225\" data-end=\"1248\">Di\u00e1metro (\u00d8) 26,0 mm<\/p>\n<\/li>\n<li data-start=\"1249\" data-end=\"1272\">\n<p data-start=\"1251\" data-end=\"1272\">Longitud (L): 44,0 mm<\/p>\n<\/li>\n<li data-start=\"1273\" data-end=\"1305\">\n<p data-start=\"1275\" data-end=\"1305\">Longitud roscada (L1): 8,0 mm<\/p>\n<\/li>\n<li data-start=\"1306\" data-end=\"1328\">\n<p data-start=\"1308\" data-end=\"1328\">Rosca: <strong data-start=\"1316\" data-end=\"1328\">3\/8\u2033 UNC<\/strong><\/p>\n<\/li>\n<\/ul>\n<h3 data-start=\"1330\" data-end=\"1350\"><strong data-start=\"1334\" data-end=\"1350\">Caracter\u00edsticas principales<\/strong><\/h3>\n<ul data-start=\"1351\" data-end=\"1651\">\n<li data-start=\"1351\" data-end=\"1404\">\n<p data-start=\"1353\" data-end=\"1404\">\u00c1nodo l\u00e1piz de zinc para la protecci\u00f3n contra la corrosi\u00f3n marina<\/p>\n<\/li>\n<li data-start=\"1405\" data-end=\"1452\">\n<p data-start=\"1407\" data-end=\"1452\">\u00c1nodo de mayor tama\u00f1o para prolongar la vida \u00fatil<\/p>\n<\/li>\n<li data-start=\"1453\" data-end=\"1502\">\n<p data-start=\"1455\" data-end=\"1502\">\u00c1nodo de sacrificio para proteger los componentes met\u00e1licos<\/p>\n<\/li>\n<li data-start=\"1503\" data-end=\"1557\">\n<p data-start=\"1505\" data-end=\"1557\">Fabricados con precisi\u00f3n para un ajuste y contacto correctos<\/p>\n<\/li>\n<li data-start=\"1558\" data-end=\"1600\">\n<p data-start=\"1560\" data-end=\"1600\">Construcci\u00f3n duradera de zinc de calidad marina<\/p>\n<\/li>\n<li data-start=\"1601\" data-end=\"1651\">\n<p data-start=\"1603\" data-end=\"1651\">Sustituci\u00f3n directa de la pieza 823661 de Volvo Penta<\/p>\n<\/li>\n<\/ul>\n<p data-start=\"1653\" data-end=\"1824\">La inspecci\u00f3n peri\u00f3dica y la sustituci\u00f3n a tiempo de los \u00e1nodos l\u00e1piz son esenciales para mantener una protecci\u00f3n eficaz contra la corrosi\u00f3n y evitar da\u00f1os en los componentes internos del sistema marino.<\/p>\n","protected":false},"excerpt":{"rendered":"<p>El \u00e1nodo l\u00e1piz Volvo Penta de zinc \u00d826 x 44 mm (823661) est\u00e1 dise\u00f1ado para proporcionar una protecci\u00f3n eficaz contra la corrosi\u00f3n galv\u00e1nica en entornos marinos. Fabricado con zinc marino de alta calidad, este \u00e1nodo l\u00e1piz act\u00faa como elemento de sacrificio, corroyendo antes los componentes met\u00e1licos cr\u00edticos y ayudando a prolongar su vida \u00fatil. Con [&hellip;]<\/p>\n","protected":false},"featured_media":45658,"comment_status":"open","ping_status":"closed","template":"","meta":[],"product_brand":[4229],"product_cat":[4486,3182,4522,2497,4302],"product_tag":[],"class_list":{"0":"post-45656","1":"product","2":"type-product","3":"status-publish","4":"has-post-thumbnail","6":"product_brand-volvo-penta","7":"product_cat-necesitas-piezas-volvo-penta","8":"product_cat-anodos","9":"product_cat-anodos-volvo-penta","10":"product_cat-piezas-de-mantenimiento-del-motor","11":"product_cat-volvo-penta","12":"pa_condition-nuevo","13":"pa_oem-or-aftermarket-posventa","15":"first","16":"onbackorder","17":"sale","18":"taxable","19":"shipping-taxable","20":"purchasable","21":"product-type-simple"},"supplier_id":45614,"supplier_sku":"00716","barcode":null,"atum_controlled":true,"out_stock_date":"2025-12-18 14:10:13","out_stock_threshold":null,"inheritable":false,"inbound_stock":0,"stock_on_hold":0,"sold_today":0,"sales_last_days":0,"reserved_stock":0,"customer_returns":0,"warehouse_damage":0,"lost_in_post":0,"other_logs":0,"out_stock_days":41,"lost_sales":0,"has_location":false,"update_date":"2026-01-29T09:10:25","atum_locations":[],"atum_stock_status":"onbackorder","restock_status":false,"low_stock_amount":1,"sales_update_date":"2026-01-29T09:10:25","calc_backorders":null,"_links":{"self":[{"href":"https:\/\/mps.digital-monkey.in\/es\/wp-json\/wp\/v2\/product\/45656","targetHints":{"allow":["GET"]}}],"collection":[{"href":"https:\/\/mps.digital-monkey.in\/es\/wp-json\/wp\/v2\/product"}],"about":[{"href":"https:\/\/mps.digital-monkey.in\/es\/wp-json\/wp\/v2\/types\/product"}],"replies":[{"embeddable":true,"href":"https:\/\/mps.digital-monkey.in\/es\/wp-json\/wp\/v2\/comments?post=45656"}],"wp:featuredmedia":[{"embeddable":true,"href":"https:\/\/mps.digital-monkey.in\/es\/wp-json\/wp\/v2\/media\/45658"}],"wp:attachment":[{"href":"https:\/\/mps.digital-monkey.in\/es\/wp-json\/wp\/v2\/media?parent=45656"}],"wp:term":[{"taxonomy":"product_brand","embeddable":true,"href":"https:\/\/mps.digital-monkey.in\/es\/wp-json\/wp\/v2\/product_brand?post=45656"},{"taxonomy":"product_cat","embeddable":true,"href":"https:\/\/mps.digital-monkey.in\/es\/wp-json\/wp\/v2\/product_cat?post=45656"},{"taxonomy":"product_tag","embeddable":true,"href":"https:\/\/mps.digital-monkey.in\/es\/wp-json\/wp\/v2\/product_tag?post=45656"}],"curies":[{"name":"wp","href":"https:\/\/api.w.org\/{rel}","templated":true}]}}