{"id":45673,"date":"2025-12-18T14:26:19","date_gmt":"2025-12-18T14:26:19","guid":{"rendered":"https:\/\/mps.digital-monkey.in\/product\/anodo-lapiz-volvo-penta-aluminio-o26-x-44-mm-823661\/"},"modified":"2025-12-18T14:26:19","modified_gmt":"2025-12-18T14:26:19","slug":"anodo-lapiz-volvo-penta-aluminio-o26-x-44-mm-823661","status":"publish","type":"product","link":"https:\/\/mps.digital-monkey.in\/es\/producto\/anodo-lapiz-volvo-penta-aluminio-o26-x-44-mm-823661\/","title":{"rendered":"\u00c1nodo L\u00e1piz Volvo Penta Aluminio \u00d826 x 44 mm | 823661"},"content":{"rendered":"<p data-start=\"536\" data-end=\"885\">El <strong data-start=\"540\" data-end=\"599\">\u00e1nodo l\u00e1piz Volvo Penta de aluminio \u00d826 x 44 mm (823661)<\/strong> est\u00e1 dise\u00f1ado para proporcionar una protecci\u00f3n fiable contra <strong data-start=\"651\" data-end=\"673\">la corrosi\u00f3n galv\u00e1nica<\/strong> en <strong data-start=\"677\" data-end=\"722\">entornos de agua salada y salobre<\/strong>. Fabricado con una aleaci\u00f3n de aluminio de alta calidad, este \u00e1nodo l\u00e1piz ofrece un mejor rendimiento y una mayor vida \u00fatil en comparaci\u00f3n con el zinc en condiciones de aguas mixtas. <\/p>\n<p data-start=\"887\" data-end=\"1164\">Con su mayor di\u00e1metro y mayor masa an\u00f3dica, este \u00e1nodo l\u00e1piz de aluminio es adecuado para sistemas de refrigeraci\u00f3n y otros componentes marinos internos en los que se requiere una protecci\u00f3n anticorrosiva prolongada. Su fabricaci\u00f3n de precisi\u00f3n garantiza un ajuste correcto y un contacto el\u00e9ctrico fiable. <\/p>\n<h3 data-start=\"1166\" data-end=\"1182\"><strong data-start=\"1170\" data-end=\"1182\">Material<\/strong><\/h3>\n<ul data-start=\"1183\" data-end=\"1245\">\n<li data-start=\"1183\" data-end=\"1245\">\n<p data-start=\"1185\" data-end=\"1245\">Aluminio (recomendado para agua salada y salobre)<\/p>\n<\/li>\n<\/ul>\n<h3 data-start=\"1247\" data-end=\"1266\"><strong data-start=\"1251\" data-end=\"1266\">N\u00famero de pieza<\/strong><\/h3>\n<ul data-start=\"1267\" data-end=\"1279\">\n<li data-start=\"1267\" data-end=\"1279\">\n<p data-start=\"1269\" data-end=\"1279\"><strong data-start=\"1269\" data-end=\"1279\">823661<\/strong><\/p>\n<\/li>\n<\/ul>\n<h3 data-start=\"1281\" data-end=\"1299\"><strong data-start=\"1285\" data-end=\"1299\">Dimensiones<\/strong><\/h3>\n<ul data-start=\"1300\" data-end=\"1405\">\n<li data-start=\"1300\" data-end=\"1325\">\n<p data-start=\"1302\" data-end=\"1325\">Di\u00e1metro (\u00d8) 26,0 mm<\/p>\n<\/li>\n<li data-start=\"1326\" data-end=\"1349\">\n<p data-start=\"1328\" data-end=\"1349\">Longitud (L): 44,0 mm<\/p>\n<\/li>\n<li data-start=\"1350\" data-end=\"1382\">\n<p data-start=\"1352\" data-end=\"1382\">Longitud roscada (L1): 8,0 mm<\/p>\n<\/li>\n<li data-start=\"1383\" data-end=\"1405\">\n<p data-start=\"1385\" data-end=\"1405\">Rosca: <strong data-start=\"1393\" data-end=\"1405\">3\/8\u2033 UNC<\/strong><\/p>\n<\/li>\n<\/ul>\n<h3 data-start=\"1407\" data-end=\"1427\"><strong data-start=\"1411\" data-end=\"1427\">Caracter\u00edsticas principales<\/strong><\/h3>\n<ul data-start=\"1428\" data-end=\"1761\">\n<li data-start=\"1428\" data-end=\"1486\">\n<p data-start=\"1430\" data-end=\"1486\">\u00c1nodo l\u00e1piz de aluminio para la protecci\u00f3n contra la corrosi\u00f3n marina<\/p>\n<\/li>\n<li data-start=\"1487\" data-end=\"1545\">\n<p data-start=\"1489\" data-end=\"1545\">Adecuado para entornos de agua salada y salobre<\/p>\n<\/li>\n<li data-start=\"1546\" data-end=\"1605\">\n<p data-start=\"1548\" data-end=\"1605\">Mayor vida \u00fatil que el zinc en condiciones de aguas mixtas<\/p>\n<\/li>\n<li data-start=\"1606\" data-end=\"1655\">\n<p data-start=\"1608\" data-end=\"1655\">\u00c1nodo de sacrificio para proteger los componentes met\u00e1licos<\/p>\n<\/li>\n<li data-start=\"1656\" data-end=\"1710\">\n<p data-start=\"1658\" data-end=\"1710\">Fabricados con precisi\u00f3n para un ajuste y contacto correctos<\/p>\n<\/li>\n<li data-start=\"1711\" data-end=\"1761\">\n<p data-start=\"1713\" data-end=\"1761\">Sustituci\u00f3n directa de la pieza 823661 de Volvo Penta<\/p>\n<\/li>\n<\/ul>\n<p data-start=\"1763\" data-end=\"1925\">La inspecci\u00f3n peri\u00f3dica y la sustituci\u00f3n a tiempo de los \u00e1nodos l\u00e1piz ayudan a mantener una protecci\u00f3n eficaz contra la corrosi\u00f3n y evitan da\u00f1os en los componentes internos del sistema marino.<\/p>\n","protected":false},"excerpt":{"rendered":"<p>El \u00e1nodo l\u00e1piz Volvo Penta de aluminio \u00d826 x 44 mm (823661) est\u00e1 dise\u00f1ado para proporcionar una protecci\u00f3n fiable contra la corrosi\u00f3n galv\u00e1nica en entornos de agua salada y salobre. Fabricado con una aleaci\u00f3n de aluminio de alta calidad, este \u00e1nodo l\u00e1piz ofrece un mejor rendimiento y una mayor vida \u00fatil en comparaci\u00f3n con el [&hellip;]<\/p>\n","protected":false},"featured_media":45674,"comment_status":"open","ping_status":"closed","template":"","meta":[],"product_brand":[4229],"product_cat":[4486,3182,4522,2497,4302],"product_tag":[],"class_list":{"0":"post-45673","1":"product","2":"type-product","3":"status-publish","4":"has-post-thumbnail","6":"product_brand-volvo-penta","7":"product_cat-necesitas-piezas-volvo-penta","8":"product_cat-anodos","9":"product_cat-anodos-volvo-penta","10":"product_cat-piezas-de-mantenimiento-del-motor","11":"product_cat-volvo-penta","12":"pa_condition-nuevo","13":"pa_oem-or-aftermarket-posventa","15":"first","16":"onbackorder","17":"sale","18":"taxable","19":"shipping-taxable","20":"purchasable","21":"product-type-simple"},"supplier_id":45614,"supplier_sku":"00716AL","barcode":null,"atum_controlled":true,"out_stock_date":"2025-12-18 14:26:22","out_stock_threshold":null,"inheritable":false,"inbound_stock":0,"stock_on_hold":0,"sold_today":0,"sales_last_days":0,"reserved_stock":0,"customer_returns":0,"warehouse_damage":0,"lost_in_post":0,"other_logs":0,"out_stock_days":41,"lost_sales":0,"has_location":false,"update_date":"2026-01-29T09:10:18","atum_locations":[],"atum_stock_status":"onbackorder","restock_status":false,"low_stock_amount":1,"sales_update_date":"2026-01-29T09:10:18","calc_backorders":null,"_links":{"self":[{"href":"https:\/\/mps.digital-monkey.in\/es\/wp-json\/wp\/v2\/product\/45673","targetHints":{"allow":["GET"]}}],"collection":[{"href":"https:\/\/mps.digital-monkey.in\/es\/wp-json\/wp\/v2\/product"}],"about":[{"href":"https:\/\/mps.digital-monkey.in\/es\/wp-json\/wp\/v2\/types\/product"}],"replies":[{"embeddable":true,"href":"https:\/\/mps.digital-monkey.in\/es\/wp-json\/wp\/v2\/comments?post=45673"}],"wp:featuredmedia":[{"embeddable":true,"href":"https:\/\/mps.digital-monkey.in\/es\/wp-json\/wp\/v2\/media\/45674"}],"wp:attachment":[{"href":"https:\/\/mps.digital-monkey.in\/es\/wp-json\/wp\/v2\/media?parent=45673"}],"wp:term":[{"taxonomy":"product_brand","embeddable":true,"href":"https:\/\/mps.digital-monkey.in\/es\/wp-json\/wp\/v2\/product_brand?post=45673"},{"taxonomy":"product_cat","embeddable":true,"href":"https:\/\/mps.digital-monkey.in\/es\/wp-json\/wp\/v2\/product_cat?post=45673"},{"taxonomy":"product_tag","embeddable":true,"href":"https:\/\/mps.digital-monkey.in\/es\/wp-json\/wp\/v2\/product_tag?post=45673"}],"curies":[{"name":"wp","href":"https:\/\/api.w.org\/{rel}","templated":true}]}}