{"id":45689,"date":"2025-12-18T14:31:55","date_gmt":"2025-12-18T14:31:55","guid":{"rendered":"https:\/\/mps.digital-monkey.in\/product\/anodo-lapiz-volvo-penta-magnesio-o26-x-44-mm-823661\/"},"modified":"2025-12-18T14:31:55","modified_gmt":"2025-12-18T14:31:55","slug":"anodo-lapiz-volvo-penta-magnesio-o26-x-44-mm-823661","status":"publish","type":"product","link":"https:\/\/mps.digital-monkey.in\/es\/producto\/anodo-lapiz-volvo-penta-magnesio-o26-x-44-mm-823661\/","title":{"rendered":"\u00c1nodo L\u00e1piz Volvo Penta Magnesio \u00d826 x 44 mm | 823661"},"content":{"rendered":"<p data-start=\"543\" data-end=\"914\">El <strong data-start=\"547\" data-end=\"606\">\u00e1nodo l\u00e1piz de magnesio Volvo Penta \u00d826 x 44 mm (823661)<\/strong> est\u00e1 dise\u00f1ado para ofrecer <strong data-start=\"630\" data-end=\"706\">la m\u00e1xima protecci\u00f3n contra la corrosi\u00f3n galv\u00e1nica en entornos de agua dulce<\/strong>. Fabricado con magnesio de alta calidad, este \u00e1nodo l\u00e1piz ofrece la mayor actividad electroqu\u00edmica, por lo que es la opci\u00f3n preferida para su uso en lagos, r\u00edos y otras condiciones de agua de baja conductividad. <\/p>\n<p data-start=\"916\" data-end=\"1205\">Con su mayor di\u00e1metro y mayor masa an\u00f3dica, este \u00e1nodo l\u00e1piz de magnesio es adecuado para sistemas de refrigeraci\u00f3n y otros componentes marinos internos en los que se requiere una protecci\u00f3n anticorrosiva fuerte y eficaz. Su fabricaci\u00f3n de precisi\u00f3n garantiza un ajuste correcto y un contacto el\u00e9ctrico fiable. <\/p>\n<h3 data-start=\"1207\" data-end=\"1223\"><strong data-start=\"1211\" data-end=\"1223\">Material<\/strong><\/h3>\n<ul data-start=\"1224\" data-end=\"1268\">\n<li data-start=\"1224\" data-end=\"1268\">\n<p data-start=\"1226\" data-end=\"1268\">Magnesio (recomendado para agua dulce)<\/p>\n<\/li>\n<\/ul>\n<h3 data-start=\"1270\" data-end=\"1289\"><strong data-start=\"1274\" data-end=\"1289\">N\u00famero de pieza<\/strong><\/h3>\n<ul data-start=\"1290\" data-end=\"1302\">\n<li data-start=\"1290\" data-end=\"1302\">\n<p data-start=\"1292\" data-end=\"1302\"><strong data-start=\"1292\" data-end=\"1302\">823661<\/strong><\/p>\n<\/li>\n<\/ul>\n<h3 data-start=\"1304\" data-end=\"1322\"><strong data-start=\"1308\" data-end=\"1322\">Dimensiones<\/strong><\/h3>\n<ul data-start=\"1323\" data-end=\"1428\">\n<li data-start=\"1323\" data-end=\"1348\">\n<p data-start=\"1325\" data-end=\"1348\">Di\u00e1metro (\u00d8) 26,0 mm<\/p>\n<\/li>\n<li data-start=\"1349\" data-end=\"1372\">\n<p data-start=\"1351\" data-end=\"1372\">Longitud (L): 44,0 mm<\/p>\n<\/li>\n<li data-start=\"1373\" data-end=\"1405\">\n<p data-start=\"1375\" data-end=\"1405\">Longitud roscada (L1): 8,0 mm<\/p>\n<\/li>\n<li data-start=\"1406\" data-end=\"1428\">\n<p data-start=\"1408\" data-end=\"1428\">Rosca: <strong data-start=\"1416\" data-end=\"1428\">3\/8\u2033 UNC<\/strong><\/p>\n<\/li>\n<\/ul>\n<h3 data-start=\"1430\" data-end=\"1450\"><strong data-start=\"1434\" data-end=\"1450\">Caracter\u00edsticas principales<\/strong><\/h3>\n<ul data-start=\"1451\" data-end=\"1732\">\n<li data-start=\"1451\" data-end=\"1513\">\n<p data-start=\"1453\" data-end=\"1513\">\u00c1nodo l\u00e1piz de magnesio para la protecci\u00f3n contra la corrosi\u00f3n en agua dulce<\/p>\n<\/li>\n<li data-start=\"1514\" data-end=\"1576\">\n<p data-start=\"1516\" data-end=\"1576\">M\u00e1xima actividad electroqu\u00edmica para una eficacia m\u00e1xima<\/p>\n<\/li>\n<li data-start=\"1577\" data-end=\"1626\">\n<p data-start=\"1579\" data-end=\"1626\">\u00c1nodo de sacrificio para proteger los componentes met\u00e1licos<\/p>\n<\/li>\n<li data-start=\"1627\" data-end=\"1681\">\n<p data-start=\"1629\" data-end=\"1681\">Fabricados con precisi\u00f3n para un ajuste y contacto correctos<\/p>\n<\/li>\n<li data-start=\"1682\" data-end=\"1732\">\n<p data-start=\"1684\" data-end=\"1732\">Sustituci\u00f3n directa de la pieza 823661 de Volvo Penta<\/p>\n<\/li>\n<\/ul>\n<p data-start=\"1734\" data-end=\"1915\">La inspecci\u00f3n peri\u00f3dica y la sustituci\u00f3n oportuna de los \u00e1nodos de magnesio en forma de l\u00e1piz son esenciales para mantener una protecci\u00f3n eficaz contra la corrosi\u00f3n y evitar da\u00f1os en los componentes internos del sistema marino.<\/p>\n","protected":false},"excerpt":{"rendered":"<p>El \u00e1nodo l\u00e1piz de magnesio Volvo Penta \u00d826 x 44 mm (823661) est\u00e1 dise\u00f1ado para ofrecer la m\u00e1xima protecci\u00f3n contra la corrosi\u00f3n galv\u00e1nica en entornos de agua dulce. Fabricado con magnesio de alta calidad, este \u00e1nodo l\u00e1piz ofrece la mayor actividad electroqu\u00edmica, por lo que es la opci\u00f3n preferida para su uso en lagos, r\u00edos [&hellip;]<\/p>\n","protected":false},"featured_media":45690,"comment_status":"open","ping_status":"closed","template":"","meta":[],"product_brand":[4229],"product_cat":[4486,3182,4522,2497,4302],"product_tag":[],"class_list":{"0":"post-45689","1":"product","2":"type-product","3":"status-publish","4":"has-post-thumbnail","6":"product_brand-volvo-penta","7":"product_cat-necesitas-piezas-volvo-penta","8":"product_cat-anodos","9":"product_cat-anodos-volvo-penta","10":"product_cat-piezas-de-mantenimiento-del-motor","11":"product_cat-volvo-penta","12":"pa_condition-nuevo","13":"pa_oem-or-aftermarket-posventa","15":"first","16":"onbackorder","17":"sale","18":"taxable","19":"shipping-taxable","20":"purchasable","21":"product-type-simple"},"supplier_id":45614,"supplier_sku":"00716MG","barcode":null,"atum_controlled":true,"out_stock_date":"2025-12-18 14:31:58","out_stock_threshold":null,"inheritable":false,"inbound_stock":0,"stock_on_hold":0,"sold_today":0,"sales_last_days":0,"reserved_stock":0,"customer_returns":0,"warehouse_damage":0,"lost_in_post":0,"other_logs":0,"out_stock_days":41,"lost_sales":0,"has_location":false,"update_date":"2026-01-29T09:10:18","atum_locations":[],"atum_stock_status":"onbackorder","restock_status":false,"low_stock_amount":1,"sales_update_date":"2026-01-29T09:10:18","calc_backorders":null,"_links":{"self":[{"href":"https:\/\/mps.digital-monkey.in\/es\/wp-json\/wp\/v2\/product\/45689","targetHints":{"allow":["GET"]}}],"collection":[{"href":"https:\/\/mps.digital-monkey.in\/es\/wp-json\/wp\/v2\/product"}],"about":[{"href":"https:\/\/mps.digital-monkey.in\/es\/wp-json\/wp\/v2\/types\/product"}],"replies":[{"embeddable":true,"href":"https:\/\/mps.digital-monkey.in\/es\/wp-json\/wp\/v2\/comments?post=45689"}],"wp:featuredmedia":[{"embeddable":true,"href":"https:\/\/mps.digital-monkey.in\/es\/wp-json\/wp\/v2\/media\/45690"}],"wp:attachment":[{"href":"https:\/\/mps.digital-monkey.in\/es\/wp-json\/wp\/v2\/media?parent=45689"}],"wp:term":[{"taxonomy":"product_brand","embeddable":true,"href":"https:\/\/mps.digital-monkey.in\/es\/wp-json\/wp\/v2\/product_brand?post=45689"},{"taxonomy":"product_cat","embeddable":true,"href":"https:\/\/mps.digital-monkey.in\/es\/wp-json\/wp\/v2\/product_cat?post=45689"},{"taxonomy":"product_tag","embeddable":true,"href":"https:\/\/mps.digital-monkey.in\/es\/wp-json\/wp\/v2\/product_tag?post=45689"}],"curies":[{"name":"wp","href":"https:\/\/api.w.org\/{rel}","templated":true}]}}