{"id":45705,"date":"2025-12-19T08:54:29","date_gmt":"2025-12-19T08:54:29","guid":{"rendered":"https:\/\/mps.digital-monkey.in\/product\/valvula-de-bola-de-bronce-de-1-2%e2%80%b3-valvula-de-cierre-de-grado-marino\/"},"modified":"2025-12-19T08:54:29","modified_gmt":"2025-12-19T08:54:29","slug":"valvula-de-bola-de-bronce-de-1-2%e2%80%b3-valvula-de-cierre-de-grado-marino","status":"publish","type":"product","link":"https:\/\/mps.digital-monkey.in\/es\/producto\/valvula-de-bola-de-bronce-de-1-2%e2%80%b3-valvula-de-cierre-de-grado-marino\/","title":{"rendered":"V\u00e1lvula de bola de bronce de 1\/2\u2033 | V\u00e1lvula de cierre de grado marino"},"content":{"rendered":"<p data-start=\"489\" data-end=\"836\">La <strong data-start=\"493\" data-end=\"519\">v\u00e1lvula de bola de bronce de 1\/2\u2033<\/strong> es una v\u00e1lvula de cierre duradera y resistente a la corrosi\u00f3n, dise\u00f1ada para entornos exigentes. Fabricada en bronce de alta calidad, esta v\u00e1lvula proporciona una fiabilidad y resistencia superiores al agua de mar, combustibles, aceites y agua dulce, por lo que es ideal para <strong data-start=\"764\" data-end=\"835\">sistemas marinos, instalaciones de fontaner\u00eda y aplicaciones industriales<\/strong>. <\/p>\n<p data-start=\"838\" data-end=\"1111\">El dise\u00f1o de la bola, mecanizado con precisi\u00f3n, garantiza un funcionamiento suave y un sellado seguro, permitiendo un control de apertura\/cierre r\u00e1pido y fiable. Las v\u00e1lvulas de bola de bronce son las preferidas en las aplicaciones marinas por su solidez, resistencia a la desgalvanizaci\u00f3n y larga vida \u00fatil. <\/p>\n<h3 data-start=\"1113\" data-end=\"1133\"><strong data-start=\"1117\" data-end=\"1133\">Caracter\u00edsticas principales<\/strong><\/h3>\n<ul data-start=\"1134\" data-end=\"1371\">\n<li data-start=\"1134\" data-end=\"1160\">\n<p data-start=\"1136\" data-end=\"1160\">V\u00e1lvula de bola de bronce de 1\/2<\/p>\n<\/li>\n<li data-start=\"1161\" data-end=\"1201\">\n<p data-start=\"1163\" data-end=\"1201\">Construcci\u00f3n resistente de calidad marina<\/p>\n<\/li>\n<li data-start=\"1202\" data-end=\"1236\">\n<p data-start=\"1204\" data-end=\"1236\">Excelente resistencia a la corrosi\u00f3n<\/p>\n<\/li>\n<li data-start=\"1237\" data-end=\"1277\">\n<p data-start=\"1239\" data-end=\"1277\">Funcionamiento de cierre suave y seguro<\/p>\n<\/li>\n<li data-start=\"1278\" data-end=\"1336\">\n<p data-start=\"1280\" data-end=\"1336\">Adecuado para sistemas de agua de mar, agua dulce, combustible y aceite<\/p>\n<\/li>\n<li data-start=\"1337\" data-end=\"1371\">\n<p data-start=\"1339\" data-end=\"1371\">Dise\u00f1o robusto y duradero<\/p>\n<\/li>\n<\/ul>\n<h3 data-start=\"1373\" data-end=\"1393\"><strong data-start=\"1377\" data-end=\"1393\">Aplicaciones<\/strong><\/h3>\n<ul data-start=\"1394\" data-end=\"1577\">\n<li data-start=\"1394\" data-end=\"1430\">\n<p data-start=\"1396\" data-end=\"1430\">Sistemas de fontaner\u00eda marinos y de embarcaciones<\/p>\n<\/li>\n<li data-start=\"1431\" data-end=\"1468\">\n<p data-start=\"1433\" data-end=\"1468\">Refrigeraci\u00f3n del motor y conductos de agua de mar<\/p>\n<\/li>\n<li data-start=\"1500\" data-end=\"1537\">\n<p data-start=\"1502\" data-end=\"1537\">Fontaner\u00eda industrial y dom\u00e9stica<\/p>\n<\/li>\n<li data-start=\"1538\" data-end=\"1577\">\n<p data-start=\"1540\" data-end=\"1577\">Aplicaciones generales de v\u00e1lvulas de cierre<\/p>\n<\/li>\n<\/ul>\n<p data-start=\"1579\" data-end=\"1732\">Utilizar una v\u00e1lvula de bola de bronce garantiza fiabilidad, seguridad y durabilidad a largo plazo, especialmente en entornos dif\u00edciles donde la protecci\u00f3n contra la corrosi\u00f3n es fundamental.<\/p>\n","protected":false},"excerpt":{"rendered":"<p>La v\u00e1lvula de bola de bronce de 1\/2\u2033 es una v\u00e1lvula de cierre duradera y resistente a la corrosi\u00f3n, dise\u00f1ada para entornos exigentes. Fabricada en bronce de alta calidad, esta v\u00e1lvula proporciona una fiabilidad y resistencia superiores al agua de mar, combustibles, aceites y agua dulce, por lo que es ideal para sistemas marinos, instalaciones [&hellip;]<\/p>\n","protected":false},"featured_media":45706,"comment_status":"open","ping_status":"closed","template":"","meta":[],"product_brand":[],"product_cat":[4111,3599],"product_tag":[],"class_list":{"0":"post-45705","1":"product","2":"type-product","3":"status-publish","4":"has-post-thumbnail","6":"product_cat-alrededor-del-motor","7":"product_cat-mangueras-y-racores","8":"pa_condition-nuevo","10":"first","11":"instock","12":"sale","13":"taxable","14":"shipping-taxable","15":"purchasable","16":"product-type-simple"},"supplier_id":7294,"supplier_sku":"GS30691","barcode":null,"atum_controlled":true,"out_stock_date":null,"out_stock_threshold":null,"inheritable":false,"inbound_stock":0,"stock_on_hold":0,"sold_today":0,"sales_last_days":0,"reserved_stock":0,"customer_returns":0,"warehouse_damage":0,"lost_in_post":0,"other_logs":0,"out_stock_days":0,"lost_sales":0,"has_location":false,"update_date":"2026-03-05T15:34:52","atum_locations":[],"atum_stock_status":"instock","restock_status":false,"low_stock_amount":0,"sales_update_date":"2026-03-05T15:34:52","calc_backorders":null,"_links":{"self":[{"href":"https:\/\/mps.digital-monkey.in\/es\/wp-json\/wp\/v2\/product\/45705","targetHints":{"allow":["GET"]}}],"collection":[{"href":"https:\/\/mps.digital-monkey.in\/es\/wp-json\/wp\/v2\/product"}],"about":[{"href":"https:\/\/mps.digital-monkey.in\/es\/wp-json\/wp\/v2\/types\/product"}],"replies":[{"embeddable":true,"href":"https:\/\/mps.digital-monkey.in\/es\/wp-json\/wp\/v2\/comments?post=45705"}],"wp:featuredmedia":[{"embeddable":true,"href":"https:\/\/mps.digital-monkey.in\/es\/wp-json\/wp\/v2\/media\/45706"}],"wp:attachment":[{"href":"https:\/\/mps.digital-monkey.in\/es\/wp-json\/wp\/v2\/media?parent=45705"}],"wp:term":[{"taxonomy":"product_brand","embeddable":true,"href":"https:\/\/mps.digital-monkey.in\/es\/wp-json\/wp\/v2\/product_brand?post=45705"},{"taxonomy":"product_cat","embeddable":true,"href":"https:\/\/mps.digital-monkey.in\/es\/wp-json\/wp\/v2\/product_cat?post=45705"},{"taxonomy":"product_tag","embeddable":true,"href":"https:\/\/mps.digital-monkey.in\/es\/wp-json\/wp\/v2\/product_tag?post=45705"}],"curies":[{"name":"wp","href":"https:\/\/api.w.org\/{rel}","templated":true}]}}