{"id":45715,"date":"2025-12-19T09:26:32","date_gmt":"2025-12-19T09:26:32","guid":{"rendered":"https:\/\/mps.digital-monkey.in\/product\/valvula-de-bola-de-3-8%e2%80%b3-cuerpo-de-laton-cromado-con-bola-de-acero-inoxidable\/"},"modified":"2025-12-19T09:26:32","modified_gmt":"2025-12-19T09:26:32","slug":"valvula-de-bola-de-3-8%e2%80%b3-cuerpo-de-laton-cromado-con-bola-de-acero-inoxidable","status":"publish","type":"product","link":"https:\/\/mps.digital-monkey.in\/es\/product\/valvula-de-bola-de-3-8%e2%80%b3-cuerpo-de-laton-cromado-con-bola-de-acero-inoxidable\/","title":{"rendered":"V\u00e1lvula de bola de 3\/8\u2033 | Cuerpo de lat\u00f3n cromado con bola de acero inoxidable"},"content":{"rendered":"<p data-start=\"534\" data-end=\"860\">Esta v\u00e1lvula <strong data-start=\"539\" data-end=\"558\">de bola de 3\/8\u2033<\/strong> es una v\u00e1lvula de cierre compacta y de alta calidad, dise\u00f1ada para ofrecer fiabilidad y durabilidad en aplicaciones exigentes. Incorpora un <strong data-start=\"682\" data-end=\"710\">cuerpo de v\u00e1lvula de lat\u00f3n cromado<\/strong>, una <strong data-start=\"714\" data-end=\"747\">bola interna de acero inoxidable<\/strong> y una <strong data-start=\"755\" data-end=\"778\">robusta maneta met\u00e1lica<\/strong>, que garantizan un funcionamiento suave, una excelente estanqueidad y una larga vida \u00fatil. <\/p>\n<p data-start=\"862\" data-end=\"1188\">La combinaci\u00f3n de lat\u00f3n cromado y acero inoxidable proporciona una resistencia superior a la corrosi\u00f3n, lo que hace que esta v\u00e1lvula sea adecuada para <strong data-start=\"992\" data-end=\"1088\">instalaciones marinas, sistemas de agua, conductos de combustible, circuitos hidr\u00e1ulicos y fontaner\u00eda industrial<\/strong>. La bola de acero inoxidable de precisi\u00f3n garantiza un movimiento de baja fricci\u00f3n y un cierre seguro. <\/p>\n<h3 data-start=\"1190\" data-end=\"1210\"><strong data-start=\"1194\" data-end=\"1210\">Caracter\u00edsticas principales<\/strong><\/h3>\n<ul data-start=\"1211\" data-end=\"1460\">\n<li data-start=\"1211\" data-end=\"1227\">\n<p data-start=\"1213\" data-end=\"1227\">Tama\u00f1o: <strong data-start=\"1219\" data-end=\"1227\">3\/8\u2033<\/strong>.<\/p>\n<\/li>\n<li data-start=\"1228\" data-end=\"1256\">\n<p data-start=\"1230\" data-end=\"1256\">Cuerpo de la v\u00e1lvula de lat\u00f3n cromado<\/p>\n<\/li>\n<li data-start=\"1257\" data-end=\"1290\">\n<p data-start=\"1259\" data-end=\"1290\">Bola interna de acero inoxidable<\/p>\n<\/li>\n<li data-start=\"1291\" data-end=\"1314\">\n<p data-start=\"1293\" data-end=\"1314\">Asa de metal resistente<\/p>\n<\/li>\n<li data-start=\"1315\" data-end=\"1357\">\n<p data-start=\"1317\" data-end=\"1357\">Funcionamiento de cierre suave y fiable<\/p>\n<\/li>\n<li data-start=\"1358\" data-end=\"1406\">\n<p data-start=\"1360\" data-end=\"1406\">Construcci\u00f3n resistente a la corrosi\u00f3n y duradera<\/p>\n<\/li>\n<li data-start=\"1407\" data-end=\"1460\">\n<p data-start=\"1409\" data-end=\"1460\">Adecuado para entornos profesionales y marinos<\/p>\n<\/li>\n<\/ul>\n<h3 data-start=\"1462\" data-end=\"1482\"><strong data-start=\"1466\" data-end=\"1482\">Aplicaciones<\/strong><\/h3>\n<ul data-start=\"1483\" data-end=\"1659\">\n<li data-start=\"1483\" data-end=\"1519\">\n<p data-start=\"1485\" data-end=\"1519\">Sistemas de fontaner\u00eda marinos y de embarcaciones<\/p>\n<\/li>\n<li data-start=\"1520\" data-end=\"1558\">\n<p data-start=\"1522\" data-end=\"1558\">Sistemas de agua y circuitos de refrigeraci\u00f3n<\/p>\n<\/li>\n<li data-start=\"1559\" data-end=\"1581\">\n<p data-start=\"1561\" data-end=\"1581\">Conductos de combustible y aceite<\/p>\n<\/li>\n<li data-start=\"1582\" data-end=\"1618\">\n<p data-start=\"1584\" data-end=\"1618\">Fontaner\u00eda industrial y dom\u00e9stica<\/p>\n<\/li>\n<li data-start=\"1619\" data-end=\"1659\">\n<p data-start=\"1621\" data-end=\"1659\">Instalaciones generales de v\u00e1lvulas de cierre<\/p>\n<\/li>\n<\/ul>\n<p data-start=\"1661\" data-end=\"1782\">Una fiable <strong data-start=\"1674\" data-end=\"1707\">v\u00e1lvula de bola de lat\u00f3n cromado de 3\/8\u2033<\/strong> dise\u00f1ada para ofrecer rendimiento, fiabilidad y resistencia a la corrosi\u00f3n a largo plazo.<\/p>\n","protected":false},"excerpt":{"rendered":"<p>Esta v\u00e1lvula de bola de 3\/8\u2033 es una v\u00e1lvula de cierre compacta y de alta calidad, dise\u00f1ada para ofrecer fiabilidad y durabilidad en aplicaciones exigentes. Incorpora un cuerpo de v\u00e1lvula de lat\u00f3n cromado, una bola interna de acero inoxidable y una robusta maneta met\u00e1lica, que garantizan un funcionamiento suave, una excelente estanqueidad y una larga [&hellip;]<\/p>\n","protected":false},"featured_media":45716,"comment_status":"open","ping_status":"closed","template":"","meta":[],"product_brand":[],"product_cat":[4111,3599],"product_tag":[],"class_list":{"0":"post-45715","1":"product","2":"type-product","3":"status-publish","4":"has-post-thumbnail","6":"product_cat-alrededor-del-motor","7":"product_cat-mangueras-y-racores","8":"pa_condition-nuevo","10":"first","11":"instock","12":"taxable","13":"shipping-taxable","14":"purchasable","15":"product-type-simple"},"supplier_id":7294,"supplier_sku":"GS30010","barcode":null,"atum_controlled":true,"out_stock_date":null,"out_stock_threshold":null,"inheritable":false,"inbound_stock":0,"stock_on_hold":0,"sold_today":0,"sales_last_days":0,"reserved_stock":0,"customer_returns":0,"warehouse_damage":0,"lost_in_post":0,"other_logs":0,"out_stock_days":0,"lost_sales":0,"has_location":false,"update_date":"2026-01-29T09:10:02","atum_locations":[],"atum_stock_status":"instock","restock_status":false,"low_stock_amount":0,"sales_update_date":"2026-01-29T09:10:02","calc_backorders":null,"_links":{"self":[{"href":"https:\/\/mps.digital-monkey.in\/es\/wp-json\/wp\/v2\/product\/45715","targetHints":{"allow":["GET"]}}],"collection":[{"href":"https:\/\/mps.digital-monkey.in\/es\/wp-json\/wp\/v2\/product"}],"about":[{"href":"https:\/\/mps.digital-monkey.in\/es\/wp-json\/wp\/v2\/types\/product"}],"replies":[{"embeddable":true,"href":"https:\/\/mps.digital-monkey.in\/es\/wp-json\/wp\/v2\/comments?post=45715"}],"wp:featuredmedia":[{"embeddable":true,"href":"https:\/\/mps.digital-monkey.in\/es\/wp-json\/wp\/v2\/media\/45716"}],"wp:attachment":[{"href":"https:\/\/mps.digital-monkey.in\/es\/wp-json\/wp\/v2\/media?parent=45715"}],"wp:term":[{"taxonomy":"product_brand","embeddable":true,"href":"https:\/\/mps.digital-monkey.in\/es\/wp-json\/wp\/v2\/product_brand?post=45715"},{"taxonomy":"product_cat","embeddable":true,"href":"https:\/\/mps.digital-monkey.in\/es\/wp-json\/wp\/v2\/product_cat?post=45715"},{"taxonomy":"product_tag","embeddable":true,"href":"https:\/\/mps.digital-monkey.in\/es\/wp-json\/wp\/v2\/product_tag?post=45715"}],"curies":[{"name":"wp","href":"https:\/\/api.w.org\/{rel}","templated":true}]}}