{"id":45869,"date":"2026-01-09T14:01:34","date_gmt":"2026-01-09T14:01:34","guid":{"rendered":"https:\/\/mps.digital-monkey.in\/product\/valvula-de-bola-de-bronce-3-8\/"},"modified":"2026-01-09T14:01:34","modified_gmt":"2026-01-09T14:01:34","slug":"valvula-de-bola-de-bronce-3-8","status":"publish","type":"product","link":"https:\/\/mps.digital-monkey.in\/es\/producto\/valvula-de-bola-de-bronce-3-8\/","title":{"rendered":"V\u00e1lvula de bola de bronce 3\/8"},"content":{"rendered":"<p data-start=\"514\" data-end=\"849\">La <strong data-start=\"518\" data-end=\"544\">v\u00e1lvula de bola de bronce 3\/8\u2033<\/strong> est\u00e1 dise\u00f1ada para un cierre y control de caudal fiables en entornos exigentes donde la durabilidad y la resistencia a la corrosi\u00f3n son esenciales. Fabricada con <strong data-start=\"699\" data-end=\"714\">cuerpo de bronce<\/strong>, <strong data-start=\"716\" data-end=\"740\">bola de acero inoxidable<\/strong> y <strong data-start=\"746\" data-end=\"772\">maneta de acero inoxidable<\/strong>, esta v\u00e1lvula garantiza un funcionamiento suave, una estanqueidad segura y una larga vida \u00fatil. <\/p>\n<p data-start=\"851\" data-end=\"1173\">Gracias a su robusta construcci\u00f3n y a sus materiales resistentes a la corrosi\u00f3n, esta v\u00e1lvula de bola de bronce de 3\/8\u2033 es especialmente adecuada para <strong data-start=\"980\" data-end=\"1004\">instalaciones marinas<\/strong>, sistemas de fluidos industriales, aplicaciones de fontaner\u00eda y sistemas de calefacci\u00f3n, ventilaci\u00f3n y aire acondicionado. El mecanizado de precisi\u00f3n garantiza un rendimiento constante y un funcionamiento fiable en condiciones de uso continuo. <\/p>\n<h2 data-start=\"1180\" data-end=\"1193\">Material<\/h2>\n<p data-start=\"1194\" data-end=\"1280\">Cuerpo de la v\u00e1lvula de bronce<br data-start=\"1211\" data-end=\"1214\">Bola interna de acero inoxidable<br data-start=\"1243\" data-end=\"1246\">Mando de accionamiento de acero inoxidable<\/p>\n<h2 data-start=\"1287\" data-end=\"1296\">Talla<\/h2>\n<p data-start=\"1297\" data-end=\"1319\">Tama\u00f1o de conexi\u00f3n 3\/8<\/p>\n<h2 data-start=\"1326\" data-end=\"1343\">Caracter\u00edsticas principales<\/h2>\n<ul data-start=\"1344\" data-end=\"1637\">\n<li data-start=\"1344\" data-end=\"1402\">\n<p data-start=\"1346\" data-end=\"1402\">Cuerpo de bronce duradero para una excelente resistencia a la corrosi\u00f3n<\/p>\n<\/li>\n<li data-start=\"1403\" data-end=\"1461\">\n<p data-start=\"1405\" data-end=\"1461\">Bola de acero inoxidable para un funcionamiento suave y fiable<\/p>\n<\/li>\n<li data-start=\"1462\" data-end=\"1515\">\n<p data-start=\"1464\" data-end=\"1515\">Mango de acero inoxidable para mayor resistencia y longevidad<\/p>\n<\/li>\n<li data-start=\"1516\" data-end=\"1568\">\n<p data-start=\"1518\" data-end=\"1568\">Dise\u00f1o de cierre de un cuarto de vuelta para un control preciso<\/p>\n<\/li>\n<li data-start=\"1569\" data-end=\"1637\">\n<p data-start=\"1571\" data-end=\"1637\">Adecuado para aplicaciones marinas, industriales, de fontaner\u00eda y de climatizaci\u00f3n<\/p>\n<\/li>\n<\/ul>\n<p data-start=\"1644\" data-end=\"1789\">\n","protected":false},"excerpt":{"rendered":"<p>La v\u00e1lvula de bola de bronce 3\/8\u2033 est\u00e1 dise\u00f1ada para un cierre y control de caudal fiables en entornos exigentes donde la durabilidad y la resistencia a la corrosi\u00f3n son esenciales. Fabricada con cuerpo de bronce, bola de acero inoxidable y maneta de acero inoxidable, esta v\u00e1lvula garantiza un funcionamiento suave, una estanqueidad segura y [&hellip;]<\/p>\n","protected":false},"featured_media":45870,"comment_status":"open","ping_status":"closed","template":"","meta":[],"product_brand":[],"product_cat":[3601,4111,3599,4614],"product_tag":[],"class_list":{"0":"post-45869","1":"product","2":"type-product","3":"status-publish","4":"has-post-thumbnail","6":"product_cat-accesorios","7":"product_cat-alrededor-del-motor","8":"product_cat-mangueras-y-racores","9":"product_cat-valvulas-de-bola","10":"pa_condition-nuevo","12":"first","13":"instock","14":"taxable","15":"shipping-taxable","16":"purchasable","17":"product-type-simple"},"supplier_id":7294,"supplier_sku":"GS30690","barcode":null,"atum_controlled":true,"out_stock_date":null,"out_stock_threshold":null,"inheritable":false,"inbound_stock":0,"stock_on_hold":0,"sold_today":0,"sales_last_days":0,"reserved_stock":0,"customer_returns":0,"warehouse_damage":0,"lost_in_post":0,"other_logs":0,"out_stock_days":0,"lost_sales":0,"has_location":false,"update_date":"2026-03-05T15:34:52","atum_locations":[],"atum_stock_status":"instock","restock_status":false,"low_stock_amount":0,"sales_update_date":"2026-03-05T15:34:52","calc_backorders":null,"_links":{"self":[{"href":"https:\/\/mps.digital-monkey.in\/es\/wp-json\/wp\/v2\/product\/45869","targetHints":{"allow":["GET"]}}],"collection":[{"href":"https:\/\/mps.digital-monkey.in\/es\/wp-json\/wp\/v2\/product"}],"about":[{"href":"https:\/\/mps.digital-monkey.in\/es\/wp-json\/wp\/v2\/types\/product"}],"replies":[{"embeddable":true,"href":"https:\/\/mps.digital-monkey.in\/es\/wp-json\/wp\/v2\/comments?post=45869"}],"wp:featuredmedia":[{"embeddable":true,"href":"https:\/\/mps.digital-monkey.in\/es\/wp-json\/wp\/v2\/media\/45870"}],"wp:attachment":[{"href":"https:\/\/mps.digital-monkey.in\/es\/wp-json\/wp\/v2\/media?parent=45869"}],"wp:term":[{"taxonomy":"product_brand","embeddable":true,"href":"https:\/\/mps.digital-monkey.in\/es\/wp-json\/wp\/v2\/product_brand?post=45869"},{"taxonomy":"product_cat","embeddable":true,"href":"https:\/\/mps.digital-monkey.in\/es\/wp-json\/wp\/v2\/product_cat?post=45869"},{"taxonomy":"product_tag","embeddable":true,"href":"https:\/\/mps.digital-monkey.in\/es\/wp-json\/wp\/v2\/product_tag?post=45869"}],"curies":[{"name":"wp","href":"https:\/\/api.w.org\/{rel}","templated":true}]}}