{"id":45883,"date":"2026-01-09T11:07:22","date_gmt":"2026-01-09T11:07:22","guid":{"rendered":"https:\/\/mps.digital-monkey.in\/product\/anodo-lapiz-volvo-penta-zinc-o155-x-40-mm-1%e2%80%b3-gas-823661\/"},"modified":"2026-01-09T11:07:22","modified_gmt":"2026-01-09T11:07:22","slug":"anodo-lapiz-volvo-penta-zinc-o155-x-40-mm-1%e2%80%b3-gas-823661","status":"publish","type":"product","link":"https:\/\/mps.digital-monkey.in\/es\/producto\/anodo-lapiz-volvo-penta-zinc-o155-x-40-mm-1%e2%80%b3-gas-823661\/","title":{"rendered":"\u00c1nodo L\u00e1piz Volvo Penta Zinc \u00d815,5 x 40 mm | 1\u2033 GAS | 823661"},"content":{"rendered":"<p data-start=\"538\" data-end=\"921\">El <strong data-start=\"542\" data-end=\"587\">\u00e1nodo de l\u00e1piz Volvo Penta de zinc \u00d826 x 37 mm<\/strong> est\u00e1 dise\u00f1ado para proporcionar una protecci\u00f3n anticorrosiva de sacrificio fiable a los componentes de motores marinos que funcionan en entornos de <strong data-start=\"695\" data-end=\"727\">agua salada y salobre<\/strong>. Fabricado con <strong data-start=\"773\" data-end=\"781\">zinc<\/strong> de alta calidad y provisto de un <strong data-start=\"800\" data-end=\"814\">tap\u00f3n de lat\u00f3n<\/strong>, este \u00e1nodo protege eficazmente los sistemas de refrigeraci\u00f3n y otros componentes internos contra la corrosi\u00f3n galv\u00e1nica. <\/p>\n<h2 data-start=\"1292\" data-end=\"1305\">Material<\/h2>\n<p data-start=\"1306\" data-end=\"1339\">Elemento \u00e1nodo de zinc<br data-start=\"1324\" data-end=\"1327\">Tap\u00f3n de lat\u00f3n<\/p>\n<h2 data-start=\"1346\" data-end=\"1357\">Hilo<\/h2>\n<p data-start=\"1358\" data-end=\"1373\">1\u2033 GAS (BSPP)<\/p>\n<h2 data-start=\"1380\" data-end=\"1395\">Dimensiones<\/h2>\n<p data-start=\"1396\" data-end=\"1470\">Di\u00e1metro (\u00d8) 26,0 mm<br data-start=\"1417\" data-end=\"1420\">Longitud (L): 37,0 mm<br data-start=\"1439\" data-end=\"1442\">Di\u00e1metro del n\u00facleo (C): 19,0 mm<\/p>\n<h2 data-start=\"1477\" data-end=\"1494\">Caracter\u00edsticas principales<\/h2>\n<ul data-start=\"1495\" data-end=\"1795\">\n<li data-start=\"1495\" data-end=\"1553\">\n<p data-start=\"1497\" data-end=\"1553\">\u00c1nodo l\u00e1piz de zinc para uso en agua salada y salobre<\/p>\n<\/li>\n<li data-start=\"1554\" data-end=\"1621\">\n<p data-start=\"1556\" data-end=\"1621\">Protecci\u00f3n anticorrosiva de sacrificio para componentes marinos internos<\/p>\n<\/li>\n<li data-start=\"1622\" data-end=\"1677\">\n<p data-start=\"1624\" data-end=\"1677\">Enchufe de lat\u00f3n para mayor durabilidad y conductividad fiable<\/p>\n<\/li>\n<li data-start=\"1678\" data-end=\"1736\">\n<p data-start=\"1680\" data-end=\"1736\">Rosca GAS (BSPP) de 1\u2033 mecanizada con precisi\u00f3n para un ajuste seguro<\/p>\n<\/li>\n<li data-start=\"1737\" data-end=\"1795\">\n<p data-start=\"1739\" data-end=\"1795\">Adecuado para Volvo Penta y sistemas marinos compatibles<\/p>\n<\/li>\n<\/ul>\n<p data-start=\"1802\" data-end=\"1978\">La inspecci\u00f3n peri\u00f3dica y la sustituci\u00f3n oportuna de los \u00e1nodos l\u00e1piz de zinc son esenciales para mantener una protecci\u00f3n eficaz contra la corrosi\u00f3n y evitar da\u00f1os en los componentes internos del motor marino.<\/p>\n","protected":false},"excerpt":{"rendered":"<p>El \u00e1nodo de l\u00e1piz Volvo Penta de zinc \u00d826 x 37 mm est\u00e1 dise\u00f1ado para proporcionar una protecci\u00f3n anticorrosiva de sacrificio fiable a los componentes de motores marinos que funcionan en entornos de agua salada y salobre. Fabricado con zinc de alta calidad y provisto de un tap\u00f3n de lat\u00f3n, este \u00e1nodo protege eficazmente los [&hellip;]<\/p>\n","protected":false},"featured_media":45885,"comment_status":"open","ping_status":"closed","template":"","meta":[],"product_brand":[4229],"product_cat":[4486,3182,4522,2497,4302],"product_tag":[],"class_list":{"0":"post-45883","1":"product","2":"type-product","3":"status-publish","4":"has-post-thumbnail","6":"product_brand-volvo-penta","7":"product_cat-necesitas-piezas-volvo-penta","8":"product_cat-anodos","9":"product_cat-anodos-volvo-penta","10":"product_cat-piezas-de-mantenimiento-del-motor","11":"product_cat-volvo-penta","12":"pa_condition-nuevo","13":"pa_oem-or-aftermarket-posventa","15":"first","16":"onbackorder","17":"sale","18":"taxable","19":"shipping-taxable","20":"purchasable","21":"product-type-simple"},"supplier_id":null,"supplier_sku":"","barcode":null,"atum_controlled":true,"out_stock_date":"2026-01-09 12:07:24","out_stock_threshold":null,"inheritable":false,"inbound_stock":0,"stock_on_hold":0,"sold_today":0,"sales_last_days":0,"reserved_stock":0,"customer_returns":0,"warehouse_damage":0,"lost_in_post":0,"other_logs":0,"out_stock_days":19,"lost_sales":0,"has_location":false,"update_date":"2026-01-29T09:11:17","atum_locations":[],"atum_stock_status":"onbackorder","restock_status":false,"low_stock_amount":1,"sales_update_date":"2026-01-29T09:11:17","calc_backorders":null,"_links":{"self":[{"href":"https:\/\/mps.digital-monkey.in\/es\/wp-json\/wp\/v2\/product\/45883","targetHints":{"allow":["GET"]}}],"collection":[{"href":"https:\/\/mps.digital-monkey.in\/es\/wp-json\/wp\/v2\/product"}],"about":[{"href":"https:\/\/mps.digital-monkey.in\/es\/wp-json\/wp\/v2\/types\/product"}],"replies":[{"embeddable":true,"href":"https:\/\/mps.digital-monkey.in\/es\/wp-json\/wp\/v2\/comments?post=45883"}],"wp:featuredmedia":[{"embeddable":true,"href":"https:\/\/mps.digital-monkey.in\/es\/wp-json\/wp\/v2\/media\/45885"}],"wp:attachment":[{"href":"https:\/\/mps.digital-monkey.in\/es\/wp-json\/wp\/v2\/media?parent=45883"}],"wp:term":[{"taxonomy":"product_brand","embeddable":true,"href":"https:\/\/mps.digital-monkey.in\/es\/wp-json\/wp\/v2\/product_brand?post=45883"},{"taxonomy":"product_cat","embeddable":true,"href":"https:\/\/mps.digital-monkey.in\/es\/wp-json\/wp\/v2\/product_cat?post=45883"},{"taxonomy":"product_tag","embeddable":true,"href":"https:\/\/mps.digital-monkey.in\/es\/wp-json\/wp\/v2\/product_tag?post=45883"}],"curies":[{"name":"wp","href":"https:\/\/api.w.org\/{rel}","templated":true}]}}