{"id":45892,"date":"2026-01-09T11:17:11","date_gmt":"2026-01-09T11:17:11","guid":{"rendered":"https:\/\/mps.digital-monkey.in\/product\/anodo-lapiz-volvo-penta-magnesio-o26-x-37-mm-1%e2%80%b3-gas-bspp-823661\/"},"modified":"2026-01-09T11:17:11","modified_gmt":"2026-01-09T11:17:11","slug":"anodo-lapiz-volvo-penta-magnesio-o26-x-37-mm-1%e2%80%b3-gas-bspp-823661","status":"publish","type":"product","link":"https:\/\/mps.digital-monkey.in\/es\/producto\/anodo-lapiz-volvo-penta-magnesio-o26-x-37-mm-1%e2%80%b3-gas-bspp-823661\/","title":{"rendered":"\u00c1nodo L\u00e1piz Volvo Penta Magnesio \u00d826 x 37 mm | 1\u2033 GAS (BSPP) | 823661"},"content":{"rendered":"<p data-start=\"533\" data-end=\"946\">El <strong data-start=\"537\" data-end=\"596\">\u00e1nodo en l\u00e1piz Volvo Penta de magnesio \u00d826 x 37 mm (823661)<\/strong> est\u00e1 dise\u00f1ado para ofrecer <strong data-start=\"620\" data-end=\"661\">la m\u00e1xima protecci\u00f3n contra la corrosi\u00f3n galv\u00e1nica<\/strong> a los componentes de motores marinos que funcionan en <strong data-start=\"704\" data-end=\"731\">entornos de agua dulce<\/strong>. Fabricado con <strong data-start=\"764\" data-end=\"777\">magnesio<\/strong> de alta calidad y equipado con un <strong data-start=\"796\" data-end=\"810\">tap\u00f3n de lat\u00f3n<\/strong>, este \u00e1nodo ofrece la mayor actividad electroqu\u00edmica, garantizando una protecci\u00f3n superior de los sistemas de refrigeraci\u00f3n y los componentes met\u00e1licos internos. <\/p>\n<p data-start=\"948\" data-end=\"1312\">Los \u00e1nodos de magnesio son la opci\u00f3n preferida para aguas de baja conductividad, como lagos y r\u00edos, donde los \u00e1nodos de zinc o aluminio pueden ser menos eficaces. El mecanizado de precisi\u00f3n garantiza un ajuste exacto, un contacto el\u00e9ctrico fiable y una instalaci\u00f3n segura mediante la <strong data-start=\"1204\" data-end=\"1228\">rosca de 1\u2033 GAS (BSPP)<\/strong>. Este \u00e1nodo es adecuado como recambio directo para sistemas Volvo Penta compatibles.  <\/p>\n<h2 data-start=\"1319\" data-end=\"1332\">Material<\/h2>\n<p data-start=\"1333\" data-end=\"1371\">Elemento \u00e1nodo de magnesio<br data-start=\"1356\" data-end=\"1359\">Tap\u00f3n de lat\u00f3n<\/p>\n<h2 data-start=\"1378\" data-end=\"1394\">N\u00famero de pieza<\/h2>\n<p data-start=\"1395\" data-end=\"1403\">823661<\/p>\n<h2 data-start=\"1410\" data-end=\"1421\">Hilo<\/h2>\n<p data-start=\"1422\" data-end=\"1437\">1\u2033 GAS (BSPP)<\/p>\n<h2 data-start=\"1444\" data-end=\"1459\">Dimensiones<\/h2>\n<p data-start=\"1460\" data-end=\"1534\">Di\u00e1metro (\u00d8) 26,0 mm<br data-start=\"1481\" data-end=\"1484\">Longitud (L): 37,0 mm<br data-start=\"1503\" data-end=\"1506\">Di\u00e1metro del n\u00facleo (C): 19,0 mm<\/p>\n<h2 data-start=\"1541\" data-end=\"1558\">Caracter\u00edsticas principales<\/h2>\n<ul data-start=\"1559\" data-end=\"1880\">\n<li data-start=\"1559\" data-end=\"1621\">\n<p data-start=\"1561\" data-end=\"1621\">\u00c1nodo l\u00e1piz de magnesio para la protecci\u00f3n contra la corrosi\u00f3n en agua dulce<\/p>\n<\/li>\n<li data-start=\"1622\" data-end=\"1684\">\n<p data-start=\"1624\" data-end=\"1684\">M\u00e1xima actividad electroqu\u00edmica para una eficacia m\u00e1xima<\/p>\n<\/li>\n<li data-start=\"1685\" data-end=\"1749\">\n<p data-start=\"1687\" data-end=\"1749\">El \u00e1nodo de sacrificio protege los componentes internos del motor marino<\/p>\n<\/li>\n<li data-start=\"1750\" data-end=\"1809\">\n<p data-start=\"1752\" data-end=\"1809\">El tap\u00f3n de lat\u00f3n garantiza una instalaci\u00f3n y conductividad seguras<\/p>\n<\/li>\n<li data-start=\"1810\" data-end=\"1880\">\n<p data-start=\"1812\" data-end=\"1880\">Fabricado con precisi\u00f3n para un ajuste correcto en aplicaciones Volvo Penta<\/p>\n<\/li>\n<\/ul>\n<p data-start=\"1887\" data-end=\"2068\">La inspecci\u00f3n peri\u00f3dica y la sustituci\u00f3n oportuna de los \u00e1nodos l\u00e1piz de magnesio es esencial para mantener una protecci\u00f3n eficaz contra la corrosi\u00f3n y evitar da\u00f1os en los componentes internos del motor marino.<\/p>\n","protected":false},"excerpt":{"rendered":"<p>El \u00e1nodo en l\u00e1piz Volvo Penta de magnesio \u00d826 x 37 mm (823661) est\u00e1 dise\u00f1ado para ofrecer la m\u00e1xima protecci\u00f3n contra la corrosi\u00f3n galv\u00e1nica a los componentes de motores marinos que funcionan en entornos de agua dulce. Fabricado con magnesio de alta calidad y equipado con un tap\u00f3n de lat\u00f3n, este \u00e1nodo ofrece la mayor [&hellip;]<\/p>\n","protected":false},"featured_media":45895,"comment_status":"open","ping_status":"closed","template":"","meta":[],"product_brand":[4229],"product_cat":[4486,3182,4522,2497,4302],"product_tag":[],"class_list":{"0":"post-45892","1":"product","2":"type-product","3":"status-publish","4":"has-post-thumbnail","6":"product_brand-volvo-penta","7":"product_cat-necesitas-piezas-volvo-penta","8":"product_cat-anodos","9":"product_cat-anodos-volvo-penta","10":"product_cat-piezas-de-mantenimiento-del-motor","11":"product_cat-volvo-penta","12":"pa_condition-nuevo","13":"pa_oem-or-aftermarket-posventa","15":"first","16":"onbackorder","17":"sale","18":"taxable","19":"shipping-taxable","20":"purchasable","21":"product-type-simple"},"supplier_id":null,"supplier_sku":"00716TAL","barcode":null,"atum_controlled":true,"out_stock_date":"2026-01-09 11:17:15","out_stock_threshold":null,"inheritable":false,"inbound_stock":null,"stock_on_hold":null,"sold_today":null,"sales_last_days":null,"reserved_stock":null,"customer_returns":null,"warehouse_damage":null,"lost_in_post":null,"other_logs":null,"out_stock_days":0,"lost_sales":null,"has_location":false,"update_date":"2026-01-09T11:17:19","atum_locations":[],"atum_stock_status":"onbackorder","restock_status":false,"low_stock_amount":1,"sales_update_date":null,"calc_backorders":null,"_links":{"self":[{"href":"https:\/\/mps.digital-monkey.in\/es\/wp-json\/wp\/v2\/product\/45892","targetHints":{"allow":["GET"]}}],"collection":[{"href":"https:\/\/mps.digital-monkey.in\/es\/wp-json\/wp\/v2\/product"}],"about":[{"href":"https:\/\/mps.digital-monkey.in\/es\/wp-json\/wp\/v2\/types\/product"}],"replies":[{"embeddable":true,"href":"https:\/\/mps.digital-monkey.in\/es\/wp-json\/wp\/v2\/comments?post=45892"}],"wp:featuredmedia":[{"embeddable":true,"href":"https:\/\/mps.digital-monkey.in\/es\/wp-json\/wp\/v2\/media\/45895"}],"wp:attachment":[{"href":"https:\/\/mps.digital-monkey.in\/es\/wp-json\/wp\/v2\/media?parent=45892"}],"wp:term":[{"taxonomy":"product_brand","embeddable":true,"href":"https:\/\/mps.digital-monkey.in\/es\/wp-json\/wp\/v2\/product_brand?post=45892"},{"taxonomy":"product_cat","embeddable":true,"href":"https:\/\/mps.digital-monkey.in\/es\/wp-json\/wp\/v2\/product_cat?post=45892"},{"taxonomy":"product_tag","embeddable":true,"href":"https:\/\/mps.digital-monkey.in\/es\/wp-json\/wp\/v2\/product_tag?post=45892"}],"curies":[{"name":"wp","href":"https:\/\/api.w.org\/{rel}","templated":true}]}}