{"id":45903,"date":"2026-01-09T14:15:02","date_gmt":"2026-01-09T14:15:02","guid":{"rendered":"https:\/\/mps.digital-monkey.in\/product\/valvula-de-bola-de-laton-cromado-1%e2%80%b3-bola-de-acero-inoxidable\/"},"modified":"2026-01-09T14:16:45","modified_gmt":"2026-01-09T14:16:45","slug":"valvula-de-bola-de-laton-cromado-1%e2%80%b3-bola-de-acero-inoxidable","status":"publish","type":"product","link":"https:\/\/mps.digital-monkey.in\/es\/producto\/valvula-de-bola-de-laton-cromado-1%e2%80%b3-bola-de-acero-inoxidable\/","title":{"rendered":"V\u00e1lvula de bola de lat\u00f3n cromado 1\u2033 | Bola de acero inoxidable"},"content":{"rendered":"<p data-start=\"528\" data-end=\"877\">La <strong data-start=\"532\" data-end=\"563\">V\u00e1lvula de Bola de Lat\u00f3n Cromado 1\u2033<\/strong> est\u00e1 dise\u00f1ada para un cierre y control de caudal fiables en sistemas donde la durabilidad y la resistencia a la corrosi\u00f3n son fundamentales. Fabricada con una <strong data-start=\"706\" data-end=\"731\">carcasa de lat\u00f3n cromado<\/strong>, una <strong data-start=\"733\" data-end=\"757\">bola de acero inoxidable<\/strong> y una <strong data-start=\"763\" data-end=\"786\">robusta maneta met\u00e1lica<\/strong>, esta v\u00e1lvula ofrece un funcionamiento suave de un cuarto de vuelta, un sellado seguro y una larga vida \u00fatil. <\/p>\n<p data-start=\"879\" data-end=\"1175\">Su mayor tama\u00f1o de conexi\u00f3n de 1\u2033 hace que esta v\u00e1lvula de bola sea ideal para aplicaciones de mayor caudal en <strong data-start=\"969\" data-end=\"1078\">tuber\u00edas industriales, instalaciones marinas, sistemas de fontaner\u00eda, l\u00edneas de aire comprimido y entornos de calefacci\u00f3n, ventilaci\u00f3n y aire acondicionado<\/strong>. El mecanizado de precisi\u00f3n garantiza un rendimiento constante y un funcionamiento fiable en condiciones de uso continuo. <\/p>\n<h2 data-start=\"1182\" data-end=\"1195\">Material<\/h2>\n<p data-start=\"1196\" data-end=\"1279\">Cuerpo de la v\u00e1lvula de lat\u00f3n cromado<br data-start=\"1220\" data-end=\"1223\">Bola interna de acero inoxidable<br data-start=\"1252\" data-end=\"1255\">Maneta de accionamiento de acero inoxidable<\/p>\n<h2 data-start=\"1286\" data-end=\"1295\">Talla<\/h2>\n<p data-start=\"1296\" data-end=\"1316\">Tama\u00f1o de conexi\u00f3n de 1<\/p>\n<h2 data-start=\"1323\" data-end=\"1340\">Caracter\u00edsticas principales<\/h2>\n<ul data-start=\"1341\" data-end=\"1660\">\n<li data-start=\"1341\" data-end=\"1412\">\n<p data-start=\"1343\" data-end=\"1412\">S\u00f3lida construcci\u00f3n de lat\u00f3n cromado para una mayor resistencia a la corrosi\u00f3n<\/p>\n<\/li>\n<li data-start=\"1413\" data-end=\"1473\">\n<p data-start=\"1415\" data-end=\"1473\">Bola de acero inoxidable para mayor durabilidad y suavidad de funcionamiento<\/p>\n<\/li>\n<li data-start=\"1474\" data-end=\"1528\">\n<p data-start=\"1476\" data-end=\"1528\">Dise\u00f1o de cierre de un cuarto de vuelta para un control r\u00e1pido del caudal<\/p>\n<\/li>\n<li data-start=\"1529\" data-end=\"1580\">\n<p data-start=\"1531\" data-end=\"1580\">Robusta empu\u00f1adura met\u00e1lica para un manejo manual seguro<\/p>\n<\/li>\n<li data-start=\"1581\" data-end=\"1660\">\n<p data-start=\"1583\" data-end=\"1660\">Adecuado para aplicaciones industriales, marinas, de fontaner\u00eda, neum\u00e1ticas y de climatizaci\u00f3n<\/p>\n<\/li>\n<\/ul>\n","protected":false},"excerpt":{"rendered":"<p>La V\u00e1lvula de Bola de Lat\u00f3n Cromado 1\u2033 est\u00e1 dise\u00f1ada para un cierre y control de caudal fiables en sistemas donde la durabilidad y la resistencia a la corrosi\u00f3n son fundamentales. Fabricada con una carcasa de lat\u00f3n cromado, una bola de acero inoxidable y una robusta maneta met\u00e1lica, esta v\u00e1lvula ofrece un funcionamiento suave de [&hellip;]<\/p>\n","protected":false},"featured_media":45904,"comment_status":"open","ping_status":"closed","template":"","meta":[],"product_brand":[],"product_cat":[4111,3599,4614],"product_tag":[],"class_list":{"0":"post-45903","1":"product","2":"type-product","3":"status-publish","4":"has-post-thumbnail","6":"product_cat-alrededor-del-motor","7":"product_cat-mangueras-y-racores","8":"product_cat-valvulas-de-bola","9":"pa_condition-nuevo","11":"first","12":"instock","13":"taxable","14":"shipping-taxable","15":"purchasable","16":"product-type-simple"},"supplier_id":7294,"supplier_sku":"GS30013","barcode":null,"atum_controlled":true,"out_stock_date":null,"out_stock_threshold":null,"inheritable":false,"inbound_stock":0,"stock_on_hold":0,"sold_today":0,"sales_last_days":0,"reserved_stock":0,"customer_returns":0,"warehouse_damage":0,"lost_in_post":0,"other_logs":0,"out_stock_days":0,"lost_sales":0,"has_location":false,"update_date":"2026-01-29T09:10:32","atum_locations":[],"atum_stock_status":"instock","restock_status":false,"low_stock_amount":1,"sales_update_date":"2026-01-29T09:10:32","calc_backorders":null,"_links":{"self":[{"href":"https:\/\/mps.digital-monkey.in\/es\/wp-json\/wp\/v2\/product\/45903","targetHints":{"allow":["GET"]}}],"collection":[{"href":"https:\/\/mps.digital-monkey.in\/es\/wp-json\/wp\/v2\/product"}],"about":[{"href":"https:\/\/mps.digital-monkey.in\/es\/wp-json\/wp\/v2\/types\/product"}],"replies":[{"embeddable":true,"href":"https:\/\/mps.digital-monkey.in\/es\/wp-json\/wp\/v2\/comments?post=45903"}],"wp:featuredmedia":[{"embeddable":true,"href":"https:\/\/mps.digital-monkey.in\/es\/wp-json\/wp\/v2\/media\/45904"}],"wp:attachment":[{"href":"https:\/\/mps.digital-monkey.in\/es\/wp-json\/wp\/v2\/media?parent=45903"}],"wp:term":[{"taxonomy":"product_brand","embeddable":true,"href":"https:\/\/mps.digital-monkey.in\/es\/wp-json\/wp\/v2\/product_brand?post=45903"},{"taxonomy":"product_cat","embeddable":true,"href":"https:\/\/mps.digital-monkey.in\/es\/wp-json\/wp\/v2\/product_cat?post=45903"},{"taxonomy":"product_tag","embeddable":true,"href":"https:\/\/mps.digital-monkey.in\/es\/wp-json\/wp\/v2\/product_tag?post=45903"}],"curies":[{"name":"wp","href":"https:\/\/api.w.org\/{rel}","templated":true}]}}