{"id":45920,"date":"2026-01-09T15:27:02","date_gmt":"2026-01-09T15:27:02","guid":{"rendered":"https:\/\/mps.digital-monkey.in\/product\/valvula-de-bola-3-4%e2%80%b3-de-acero-inoxidable\/"},"modified":"2026-01-09T15:27:02","modified_gmt":"2026-01-09T15:27:02","slug":"valvula-de-bola-3-4%e2%80%b3-de-acero-inoxidable","status":"publish","type":"product","link":"https:\/\/mps.digital-monkey.in\/es\/producto\/valvula-de-bola-3-4%e2%80%b3-de-acero-inoxidable\/","title":{"rendered":"V\u00e1lvula de bola 3\/4\u2033 de acero inoxidable"},"content":{"rendered":"<p data-start=\"514\" data-end=\"864\">La <strong data-start=\"518\" data-end=\"553\">v\u00e1lvula de bola de acero inoxidable 3\/4\u2033<\/strong> est\u00e1 dise\u00f1ada para un control fiable del caudal en entornos exigentes, donde la <strong data-start=\"628\" data-end=\"685\">resistencia a la corrosi\u00f3n, la solidez y una larga vida \u00fatil<\/strong> son esenciales. Fabricada totalmente <strong data-start=\"728\" data-end=\"747\">en acero inoxidable<\/strong>, esta v\u00e1lvula ofrece un funcionamiento suave de un cuarto de vuelta, un sellado seguro y un rendimiento constante en uso continuo. <\/p>\n<p data-start=\"866\" data-end=\"1176\">Con su mayor tama\u00f1o de conexi\u00f3n de 3\/4\u2033, esta v\u00e1lvula de bola de acero inoxidable es ideal para sistemas de fluidos industriales, instalaciones marinas, redes de fontaner\u00eda, l\u00edneas de aire comprimido y aplicaciones de calefacci\u00f3n, ventilaci\u00f3n y aire acondicionado que requieran una mayor capacidad de caudal. El mecanizado de precisi\u00f3n garantiza una p\u00e9rdida de presi\u00f3n m\u00ednima y un rendimiento de cierre fiable. <\/p>\n<h2 data-start=\"1183\" data-end=\"1196\">Material<\/h2>\n<p data-start=\"1197\" data-end=\"1292\">Cuerpo de la v\u00e1lvula de acero inoxidable<br data-start=\"1223\" data-end=\"1226\">Bola interna de acero inoxidable<br data-start=\"1255\" data-end=\"1258\">Mando de accionamiento de acero inoxidable<\/p>\n<h2 data-start=\"1299\" data-end=\"1308\">Talla<\/h2>\n<p data-start=\"1309\" data-end=\"1331\">Tama\u00f1o de conexi\u00f3n 3\/4<\/p>\n<h2 data-start=\"1338\" data-end=\"1355\">Caracter\u00edsticas principales<\/h2>\n<ul data-start=\"1356\" data-end=\"1636\">\n<li data-start=\"1356\" data-end=\"1426\">\n<p data-start=\"1358\" data-end=\"1426\">Construcci\u00f3n totalmente de acero inoxidable para una m\u00e1xima resistencia a la corrosi\u00f3n<\/p>\n<\/li>\n<li data-start=\"1427\" data-end=\"1466\">\n<p data-start=\"1429\" data-end=\"1466\">Dise\u00f1o de cierre suave de un cuarto de vuelta<\/p>\n<\/li>\n<li data-start=\"1467\" data-end=\"1513\">\n<p data-start=\"1469\" data-end=\"1513\">Gran capacidad de caudal con estanqueidad fiable<\/p>\n<\/li>\n<li data-start=\"1514\" data-end=\"1570\">\n<p data-start=\"1516\" data-end=\"1570\">Apto para agua, aire, aceites y fluidos compatibles<\/p>\n<\/li>\n<li data-start=\"1571\" data-end=\"1636\">\n<p data-start=\"1573\" data-end=\"1636\">Ideal para aplicaciones industriales, marinas, de fontaner\u00eda y de climatizaci\u00f3n<\/p>\n<\/li>\n<\/ul>\n<p data-start=\"1643\" data-end=\"1815\">\n","protected":false},"excerpt":{"rendered":"<p>La v\u00e1lvula de bola de acero inoxidable 3\/4\u2033 est\u00e1 dise\u00f1ada para un control fiable del caudal en entornos exigentes, donde la resistencia a la corrosi\u00f3n, la solidez y una larga vida \u00fatil son esenciales. Fabricada totalmente en acero inoxidable, esta v\u00e1lvula ofrece un funcionamiento suave de un cuarto de vuelta, un sellado seguro y un [&hellip;]<\/p>\n","protected":false},"featured_media":45921,"comment_status":"open","ping_status":"closed","template":"","meta":[],"product_brand":[],"product_cat":[4111,3599,4614],"product_tag":[],"class_list":{"0":"post-45920","1":"product","2":"type-product","3":"status-publish","4":"has-post-thumbnail","6":"product_cat-alrededor-del-motor","7":"product_cat-mangueras-y-racores","8":"product_cat-valvulas-de-bola","9":"pa_condition-nuevo","11":"first","12":"instock","13":"taxable","14":"shipping-taxable","15":"purchasable","16":"product-type-simple"},"supplier_id":7294,"supplier_sku":"GS30003","barcode":null,"atum_controlled":true,"out_stock_date":null,"out_stock_threshold":null,"inheritable":false,"inbound_stock":0,"stock_on_hold":0,"sold_today":0,"sales_last_days":0,"reserved_stock":0,"customer_returns":0,"warehouse_damage":0,"lost_in_post":0,"other_logs":0,"out_stock_days":0,"lost_sales":0,"has_location":false,"update_date":"2026-03-05T15:34:52","atum_locations":[],"atum_stock_status":"instock","restock_status":false,"low_stock_amount":0,"sales_update_date":"2026-03-05T15:34:52","calc_backorders":null,"_links":{"self":[{"href":"https:\/\/mps.digital-monkey.in\/es\/wp-json\/wp\/v2\/product\/45920","targetHints":{"allow":["GET"]}}],"collection":[{"href":"https:\/\/mps.digital-monkey.in\/es\/wp-json\/wp\/v2\/product"}],"about":[{"href":"https:\/\/mps.digital-monkey.in\/es\/wp-json\/wp\/v2\/types\/product"}],"replies":[{"embeddable":true,"href":"https:\/\/mps.digital-monkey.in\/es\/wp-json\/wp\/v2\/comments?post=45920"}],"wp:featuredmedia":[{"embeddable":true,"href":"https:\/\/mps.digital-monkey.in\/es\/wp-json\/wp\/v2\/media\/45921"}],"wp:attachment":[{"href":"https:\/\/mps.digital-monkey.in\/es\/wp-json\/wp\/v2\/media?parent=45920"}],"wp:term":[{"taxonomy":"product_brand","embeddable":true,"href":"https:\/\/mps.digital-monkey.in\/es\/wp-json\/wp\/v2\/product_brand?post=45920"},{"taxonomy":"product_cat","embeddable":true,"href":"https:\/\/mps.digital-monkey.in\/es\/wp-json\/wp\/v2\/product_cat?post=45920"},{"taxonomy":"product_tag","embeddable":true,"href":"https:\/\/mps.digital-monkey.in\/es\/wp-json\/wp\/v2\/product_tag?post=45920"}],"curies":[{"name":"wp","href":"https:\/\/api.w.org\/{rel}","templated":true}]}}