{"id":45926,"date":"2026-01-11T13:07:35","date_gmt":"2026-01-11T13:07:35","guid":{"rendered":"https:\/\/mps.digital-monkey.in\/product\/valvula-de-bola-de-laton-cromado-1-1-4%e2%80%b3\/"},"modified":"2026-01-11T13:13:19","modified_gmt":"2026-01-11T13:13:19","slug":"valvula-de-bola-de-laton-cromado-1-1-4%e2%80%b3","status":"publish","type":"product","link":"https:\/\/mps.digital-monkey.in\/es\/producto\/valvula-de-bola-de-laton-cromado-1-1-4%e2%80%b3\/","title":{"rendered":"V\u00e1lvula de Bola de Lat\u00f3n Cromado 1-1\/4\u2033"},"content":{"rendered":"<p data-start=\"535\" data-end=\"914\">La <strong data-start=\"539\" data-end=\"574\">v\u00e1lvula de bola de lat\u00f3n cromado 1-1\/4\u2033<\/strong> est\u00e1 dise\u00f1ada para un cierre y control de caudal fiables en sistemas en los que son esenciales <strong data-start=\"647\" data-end=\"707\">una gran capacidad de caudal, durabilidad y resistencia a la corrosi\u00f3n<\/strong>. Fabricada con una <strong data-start=\"743\" data-end=\"768\">carcasa de lat\u00f3n cromado<\/strong>, una <strong data-start=\"770\" data-end=\"794\">bola de acero inoxidable<\/strong> y una <strong data-start=\"800\" data-end=\"823\">robusta maneta met\u00e1lica<\/strong>, esta v\u00e1lvula ofrece un funcionamiento suave de un cuarto de vuelta, una estanqueidad segura y una larga vida \u00fatil.<\/p>\n<p data-start=\"916\" data-end=\"1219\">Su mayor <strong data-start=\"927\" data-end=\"953\">tama\u00f1o de conexi\u00f3n de 1-1\/4\u2033<\/strong> hace que esta v\u00e1lvula de bola sea ideal para tuber\u00edas industriales, instalaciones marinas, sistemas de fontaner\u00eda, l\u00edneas de aire comprimido y aplicaciones de calefacci\u00f3n, ventilaci\u00f3n y aire acondicionado que requieran mayores caudales. El mecanizado de precisi\u00f3n garantiza un rendimiento constante y un funcionamiento fiable en condiciones de uso continuo.<\/p>\n<h2 data-start=\"1226\" data-end=\"1239\">Material<\/h2>\n<p data-start=\"1240\" data-end=\"1323\">Cuerpo de la v\u00e1lvula de lat\u00f3n cromado<br data-start=\"1264\" data-end=\"1267\">Bola interna de acero inoxidable<br data-start=\"1296\" data-end=\"1299\">Mando de accionamiento met\u00e1lico<\/p>\n<h2 data-start=\"1330\" data-end=\"1339\">Talla<\/h2>\n<p data-start=\"1340\" data-end=\"1364\">Tama\u00f1o de conexi\u00f3n 1-1\/4<\/p>\n<h2 data-start=\"1371\" data-end=\"1388\">Caracter\u00edsticas principales<\/h2>\n<ul data-start=\"1389\" data-end=\"1728\">\n<li data-start=\"1389\" data-end=\"1461\">\n<p data-start=\"1391\" data-end=\"1461\">Construcci\u00f3n duradera de lat\u00f3n cromado para una mayor resistencia a la corrosi\u00f3n<\/p>\n<\/li>\n<li data-start=\"1462\" data-end=\"1533\">\n<p data-start=\"1464\" data-end=\"1533\">La bola de acero inoxidable garantiza un funcionamiento suave y una larga vida \u00fatil<\/p>\n<\/li>\n<li data-start=\"1534\" data-end=\"1601\">\n<p data-start=\"1536\" data-end=\"1601\">Dise\u00f1o de cierre de un cuarto de vuelta para un control r\u00e1pido y fiable del caudal<\/p>\n<\/li>\n<li data-start=\"1602\" data-end=\"1653\">\n<p data-start=\"1604\" data-end=\"1653\">Robusta empu\u00f1adura met\u00e1lica para un manejo manual seguro<\/p>\n<\/li>\n<li data-start=\"1654\" data-end=\"1728\">\n<p data-start=\"1656\" data-end=\"1728\">Adecuado para sistemas industriales, marinos, de fontaner\u00eda, neum\u00e1ticos y de climatizaci\u00f3n<\/p>\n<\/li>\n<\/ul>\n<p data-start=\"1735\" data-end=\"1885\">\n","protected":false},"excerpt":{"rendered":"<p>La v\u00e1lvula de bola de lat\u00f3n cromado 1-1\/4\u2033 est\u00e1 dise\u00f1ada para un cierre y control de caudal fiables en sistemas en los que son esenciales una gran capacidad de caudal, durabilidad y resistencia a la corrosi\u00f3n. Fabricada con una carcasa de lat\u00f3n cromado, una bola de acero inoxidable y una robusta maneta met\u00e1lica, esta v\u00e1lvula [&hellip;]<\/p>\n","protected":false},"featured_media":45933,"comment_status":"open","ping_status":"closed","template":"","meta":[],"product_brand":[],"product_cat":[4111,3599,4614],"product_tag":[],"class_list":{"0":"post-45926","1":"product","2":"type-product","3":"status-publish","4":"has-post-thumbnail","6":"product_cat-alrededor-del-motor","7":"product_cat-mangueras-y-racores","8":"product_cat-valvulas-de-bola","9":"pa_condition-nuevo","11":"first","12":"instock","13":"taxable","14":"shipping-taxable","15":"purchasable","16":"product-type-simple"},"supplier_id":7294,"supplier_sku":"GS30014","barcode":null,"atum_controlled":true,"out_stock_date":null,"out_stock_threshold":null,"inheritable":false,"inbound_stock":0,"stock_on_hold":0,"sold_today":0,"sales_last_days":0,"reserved_stock":0,"customer_returns":0,"warehouse_damage":0,"lost_in_post":0,"other_logs":0,"out_stock_days":0,"lost_sales":0,"has_location":false,"update_date":"2026-01-29T09:11:06","atum_locations":[],"atum_stock_status":"instock","restock_status":false,"low_stock_amount":0,"sales_update_date":"2026-01-29T09:11:06","calc_backorders":null,"_links":{"self":[{"href":"https:\/\/mps.digital-monkey.in\/es\/wp-json\/wp\/v2\/product\/45926","targetHints":{"allow":["GET"]}}],"collection":[{"href":"https:\/\/mps.digital-monkey.in\/es\/wp-json\/wp\/v2\/product"}],"about":[{"href":"https:\/\/mps.digital-monkey.in\/es\/wp-json\/wp\/v2\/types\/product"}],"replies":[{"embeddable":true,"href":"https:\/\/mps.digital-monkey.in\/es\/wp-json\/wp\/v2\/comments?post=45926"}],"wp:featuredmedia":[{"embeddable":true,"href":"https:\/\/mps.digital-monkey.in\/es\/wp-json\/wp\/v2\/media\/45933"}],"wp:attachment":[{"href":"https:\/\/mps.digital-monkey.in\/es\/wp-json\/wp\/v2\/media?parent=45926"}],"wp:term":[{"taxonomy":"product_brand","embeddable":true,"href":"https:\/\/mps.digital-monkey.in\/es\/wp-json\/wp\/v2\/product_brand?post=45926"},{"taxonomy":"product_cat","embeddable":true,"href":"https:\/\/mps.digital-monkey.in\/es\/wp-json\/wp\/v2\/product_cat?post=45926"},{"taxonomy":"product_tag","embeddable":true,"href":"https:\/\/mps.digital-monkey.in\/es\/wp-json\/wp\/v2\/product_tag?post=45926"}],"curies":[{"name":"wp","href":"https:\/\/api.w.org\/{rel}","templated":true}]}}