{"id":45943,"date":"2026-01-11T13:21:04","date_gmt":"2026-01-11T13:21:04","guid":{"rendered":"https:\/\/mps.digital-monkey.in\/product\/valvula-de-bola-de-laton-cromado-1-1-2%e2%80%b3\/"},"modified":"2026-01-11T13:21:04","modified_gmt":"2026-01-11T13:21:04","slug":"valvula-de-bola-de-laton-cromado-1-1-2%e2%80%b3","status":"publish","type":"product","link":"https:\/\/mps.digital-monkey.in\/es\/producto\/valvula-de-bola-de-laton-cromado-1-1-2%e2%80%b3\/","title":{"rendered":"V\u00e1lvula de Bola de Lat\u00f3n Cromado 1-1\/2\u2033"},"content":{"rendered":"<p data-start=\"535\" data-end=\"913\">La <strong data-start=\"539\" data-end=\"574\">V\u00e1lvula de Bola de Lat\u00f3n Cromado 1-1\/2\u2033<\/strong> est\u00e1 dise\u00f1ada para un cierre y control de caudal fiables en sistemas donde <strong data-start=\"647\" data-end=\"707\">la gran capacidad de caudal, la durabilidad y la resistencia a la corrosi\u00f3n<\/strong> son fundamentales. Fabricada con una <strong data-start=\"742\" data-end=\"767\">carcasa de lat\u00f3n cromado<\/strong>, <strong data-start=\"769\" data-end=\"793\">una bola de acero inoxidable<\/strong> y una <strong data-start=\"799\" data-end=\"822\">robusta maneta met\u00e1lica<\/strong>, esta v\u00e1lvula proporciona un funcionamiento suave de un cuarto de vuelta, un sellado seguro y una larga vida \u00fatil. <\/p>\n<p data-start=\"915\" data-end=\"1224\">Con su mayor <strong data-start=\"931\" data-end=\"957\">tama\u00f1o de conexi\u00f3n de 1-1\/2\u2033<\/strong>, esta v\u00e1lvula de bola es ideal para tuber\u00edas industriales, instalaciones marinas, redes de fontaner\u00eda, sistemas de aire comprimido y aplicaciones de calefacci\u00f3n, ventilaci\u00f3n y aire acondicionado que requieran mayores caudales. El mecanizado de precisi\u00f3n garantiza un rendimiento constante y un funcionamiento fiable en condiciones de uso continuo.<\/p>\n<h2 data-start=\"1231\" data-end=\"1244\">Material<\/h2>\n<p data-start=\"1245\" data-end=\"1328\">Cuerpo de la v\u00e1lvula de lat\u00f3n cromado<br data-start=\"1269\" data-end=\"1272\">Bola interna de acero inoxidable<br data-start=\"1301\" data-end=\"1304\">Mando de accionamiento met\u00e1lico<\/p>\n<h2 data-start=\"1335\" data-end=\"1344\">Talla<\/h2>\n<p data-start=\"1345\" data-end=\"1369\">Tama\u00f1o de conexi\u00f3n 1-1\/2<\/p>\n<h2 data-start=\"1376\" data-end=\"1393\">Caracter\u00edsticas principales<\/h2>\n<ul data-start=\"1394\" data-end=\"1734\">\n<li data-start=\"1394\" data-end=\"1466\">\n<p data-start=\"1396\" data-end=\"1466\">S\u00f3lida construcci\u00f3n de lat\u00f3n cromado para una excelente resistencia a la corrosi\u00f3n<\/p>\n<\/li>\n<li data-start=\"1467\" data-end=\"1534\">\n<p data-start=\"1469\" data-end=\"1534\">Bola de acero inoxidable para un funcionamiento suave y una larga vida \u00fatil<\/p>\n<\/li>\n<li data-start=\"1535\" data-end=\"1602\">\n<p data-start=\"1537\" data-end=\"1602\">Dise\u00f1o de cierre de un cuarto de vuelta para un control r\u00e1pido y fiable del caudal<\/p>\n<\/li>\n<li data-start=\"1603\" data-end=\"1654\">\n<p data-start=\"1605\" data-end=\"1654\">Robusta empu\u00f1adura met\u00e1lica para un manejo manual seguro<\/p>\n<\/li>\n<\/ul>\n","protected":false},"excerpt":{"rendered":"<p>La V\u00e1lvula de Bola de Lat\u00f3n Cromado 1-1\/2\u2033 est\u00e1 dise\u00f1ada para un cierre y control de caudal fiables en sistemas donde la gran capacidad de caudal, la durabilidad y la resistencia a la corrosi\u00f3n son fundamentales. Fabricada con una carcasa de lat\u00f3n cromado, una bola de acero inoxidable y una robusta maneta met\u00e1lica, esta v\u00e1lvula [&hellip;]<\/p>\n","protected":false},"featured_media":45944,"comment_status":"open","ping_status":"closed","template":"","meta":[],"product_brand":[],"product_cat":[4111,3599,4614],"product_tag":[],"class_list":{"0":"post-45943","1":"product","2":"type-product","3":"status-publish","4":"has-post-thumbnail","6":"product_cat-alrededor-del-motor","7":"product_cat-mangueras-y-racores","8":"product_cat-valvulas-de-bola","9":"pa_condition-nuevo","11":"first","12":"instock","13":"taxable","14":"shipping-taxable","15":"purchasable","16":"product-type-simple"},"supplier_id":7294,"supplier_sku":"GS30015","barcode":null,"atum_controlled":true,"out_stock_date":null,"out_stock_threshold":null,"inheritable":false,"inbound_stock":null,"stock_on_hold":null,"sold_today":null,"sales_last_days":null,"reserved_stock":null,"customer_returns":null,"warehouse_damage":null,"lost_in_post":null,"other_logs":null,"out_stock_days":null,"lost_sales":null,"has_location":false,"update_date":"2026-01-11T13:21:14","atum_locations":[],"atum_stock_status":"instock","restock_status":false,"low_stock_amount":0,"sales_update_date":null,"calc_backorders":null,"_links":{"self":[{"href":"https:\/\/mps.digital-monkey.in\/es\/wp-json\/wp\/v2\/product\/45943","targetHints":{"allow":["GET"]}}],"collection":[{"href":"https:\/\/mps.digital-monkey.in\/es\/wp-json\/wp\/v2\/product"}],"about":[{"href":"https:\/\/mps.digital-monkey.in\/es\/wp-json\/wp\/v2\/types\/product"}],"replies":[{"embeddable":true,"href":"https:\/\/mps.digital-monkey.in\/es\/wp-json\/wp\/v2\/comments?post=45943"}],"wp:featuredmedia":[{"embeddable":true,"href":"https:\/\/mps.digital-monkey.in\/es\/wp-json\/wp\/v2\/media\/45944"}],"wp:attachment":[{"href":"https:\/\/mps.digital-monkey.in\/es\/wp-json\/wp\/v2\/media?parent=45943"}],"wp:term":[{"taxonomy":"product_brand","embeddable":true,"href":"https:\/\/mps.digital-monkey.in\/es\/wp-json\/wp\/v2\/product_brand?post=45943"},{"taxonomy":"product_cat","embeddable":true,"href":"https:\/\/mps.digital-monkey.in\/es\/wp-json\/wp\/v2\/product_cat?post=45943"},{"taxonomy":"product_tag","embeddable":true,"href":"https:\/\/mps.digital-monkey.in\/es\/wp-json\/wp\/v2\/product_tag?post=45943"}],"curies":[{"name":"wp","href":"https:\/\/api.w.org\/{rel}","templated":true}]}}