{"id":45953,"date":"2026-01-12T10:47:42","date_gmt":"2026-01-12T10:47:42","guid":{"rendered":"https:\/\/mps.digital-monkey.in\/product\/reten-de-aceite-volvo-penta-40005775\/"},"modified":"2026-01-12T10:49:44","modified_gmt":"2026-01-12T10:49:44","slug":"reten-de-aceite-volvo-penta-40005775","status":"publish","type":"product","link":"https:\/\/mps.digital-monkey.in\/es\/producto\/reten-de-aceite-volvo-penta-40005775\/","title":{"rendered":"Ret\u00e9n de aceite Volvo Penta 40005775"},"content":{"rendered":"<p data-start=\"561\" data-end=\"903\">El ret\u00e9n <strong data-start=\"565\" data-end=\"641\">trasero del cig\u00fce\u00f1al para motores Volvo Penta 2001, 2002, 2003 y 2003T<\/strong> est\u00e1 dise\u00f1ado para proporcionar un sellado eficaz en la parte trasera del cig\u00fce\u00f1al, evitando fugas de aceite y protegiendo el motor de la contaminaci\u00f3n. Este ret\u00e9n desempe\u00f1a un papel fundamental en el mantenimiento de los niveles correctos de lubricaci\u00f3n y garantiza la fiabilidad del motor a largo plazo. <\/p>\n<p data-start=\"905\" data-end=\"1216\">Fabricado con materiales duraderos y resistentes al aceite y dise\u00f1ado con precisi\u00f3n para un ajuste exacto, este ret\u00e9n trasero del cig\u00fce\u00f1al es adecuado para condiciones de funcionamiento di\u00e9sel marino. Es ideal para su uso durante la revisi\u00f3n del motor, el desmontaje del embrague o la caja de cambios, o el mantenimiento preventivo en motores Volvo Penta de la serie 2000. <\/p>\n<h2 data-start=\"1223\" data-end=\"1240\">Tipo de producto<\/h2>\n<p data-start=\"1241\" data-end=\"1267\">Ret\u00e9n trasero del cig\u00fce\u00f1al<\/p>\n<h2 data-start=\"1274\" data-end=\"1292\">Compatibilidad<\/h2>\n<p data-start=\"1293\" data-end=\"1369\">Volvo Penta 2001<br data-start=\"1309\" data-end=\"1312\">Volvo Penta 2002<br data-start=\"1328\" data-end=\"1331\">Volvo Penta 2003<br data-start=\"1347\" data-end=\"1350\">Volvo Penta 2003T<\/p>\n<h2 data-start=\"1997\" data-end=\"2014\"><\/h2>\n","protected":false},"excerpt":{"rendered":"<p>El ret\u00e9n trasero del cig\u00fce\u00f1al para motores Volvo Penta 2001, 2002, 2003 y 2003T est\u00e1 dise\u00f1ado para proporcionar un sellado eficaz en la parte trasera del cig\u00fce\u00f1al, evitando fugas de aceite y protegiendo el motor de la contaminaci\u00f3n. Este ret\u00e9n desempe\u00f1a un papel fundamental en el mantenimiento de los niveles correctos de lubricaci\u00f3n y garantiza [&hellip;]<\/p>\n","protected":false},"featured_media":45954,"comment_status":"open","ping_status":"closed","template":"","meta":[],"product_brand":[4229],"product_cat":[4486,3041,3040,2497,4464,4469,4472,4475,4302,4462],"product_tag":[],"class_list":{"0":"post-45953","1":"product","2":"type-product","3":"status-publish","4":"has-post-thumbnail","6":"product_brand-volvo-penta","7":"product_cat-necesitas-piezas-volvo-penta","8":"product_cat-juntas-de-motor","9":"product_cat-kits-de-mantenimiento-y-reparacion","10":"product_cat-piezas-de-mantenimiento-del-motor","11":"product_cat-recambios-volvo-penta-2001","12":"product_cat-recambios-volvo-penta-2002","13":"product_cat-recambios-volvo-penta-2003","14":"product_cat-recambios-volvo-penta-2003t","15":"product_cat-volvo-penta","16":"product_cat-volvo-penta-serie-2000","17":"pa_condition-nuevo","18":"pa_model-3111","19":"pa_model-3112","20":"pa_model-3113","21":"pa_model-2003t","22":"pa_model-2003tb","23":"pa_oem-or-aftermarket-posventa","25":"first","26":"instock","27":"taxable","28":"shipping-taxable","29":"purchasable","30":"product-type-simple"},"supplier_id":null,"supplier_sku":"LWD091023SEAL Bearing. 80x100x10","barcode":null,"atum_controlled":true,"out_stock_date":null,"out_stock_threshold":null,"inheritable":false,"inbound_stock":0,"stock_on_hold":1,"sold_today":1,"sales_last_days":1,"reserved_stock":0,"customer_returns":0,"warehouse_damage":0,"lost_in_post":0,"other_logs":0,"out_stock_days":0,"lost_sales":0,"has_location":false,"update_date":"2026-03-08T16:48:19","atum_locations":[],"atum_stock_status":"instock","restock_status":true,"low_stock_amount":1,"sales_update_date":"2026-03-08T16:48:19","calc_backorders":0,"_links":{"self":[{"href":"https:\/\/mps.digital-monkey.in\/es\/wp-json\/wp\/v2\/product\/45953","targetHints":{"allow":["GET"]}}],"collection":[{"href":"https:\/\/mps.digital-monkey.in\/es\/wp-json\/wp\/v2\/product"}],"about":[{"href":"https:\/\/mps.digital-monkey.in\/es\/wp-json\/wp\/v2\/types\/product"}],"replies":[{"embeddable":true,"href":"https:\/\/mps.digital-monkey.in\/es\/wp-json\/wp\/v2\/comments?post=45953"}],"wp:featuredmedia":[{"embeddable":true,"href":"https:\/\/mps.digital-monkey.in\/es\/wp-json\/wp\/v2\/media\/45954"}],"wp:attachment":[{"href":"https:\/\/mps.digital-monkey.in\/es\/wp-json\/wp\/v2\/media?parent=45953"}],"wp:term":[{"taxonomy":"product_brand","embeddable":true,"href":"https:\/\/mps.digital-monkey.in\/es\/wp-json\/wp\/v2\/product_brand?post=45953"},{"taxonomy":"product_cat","embeddable":true,"href":"https:\/\/mps.digital-monkey.in\/es\/wp-json\/wp\/v2\/product_cat?post=45953"},{"taxonomy":"product_tag","embeddable":true,"href":"https:\/\/mps.digital-monkey.in\/es\/wp-json\/wp\/v2\/product_tag?post=45953"}],"curies":[{"name":"wp","href":"https:\/\/api.w.org\/{rel}","templated":true}]}}