{"id":45980,"date":"2026-01-12T11:13:46","date_gmt":"2026-01-12T11:13:46","guid":{"rendered":"https:\/\/mps.digital-monkey.in\/product\/junta-tapa-valvulas-volvo-penta-md1-md2-md3-md11-md17-859120\/"},"modified":"2026-01-12T11:13:46","modified_gmt":"2026-01-12T11:13:46","slug":"junta-tapa-valvulas-volvo-penta-md1-md2-md3-md11-md17-859120","status":"publish","type":"product","link":"https:\/\/mps.digital-monkey.in\/es\/product\/junta-tapa-valvulas-volvo-penta-md1-md2-md3-md11-md17-859120\/","title":{"rendered":"Junta Tapa V\u00e1lvulas Volvo Penta | MD1, MD2, MD3, MD11, MD17 | 859120"},"content":{"rendered":"<p data-start=\"491\" data-end=\"819\">La <strong data-start=\"495\" data-end=\"538\">junta de la tapa de v\u00e1lvulas Volvo<\/strong> <strong data-start=\"649\" data-end=\"696\">Penta<\/strong> <strong data-start=\"495\" data-end=\"538\">(859120)<\/strong> est\u00e1 dise\u00f1ada para proporcionar un sellado seguro y estanco al aceite entre la tapa de la v\u00e1lvula (balanc\u00edn) y la culata en los <strong data-start=\"649\" data-end=\"696\">motores diesel marinos<\/strong> cl\u00e1sicos <strong data-start=\"649\" data-end=\"696\">Volvo Penta de la serie MD<\/strong>. Esta junta evita las fugas de aceite a la vez que protege los componentes internos del tren de v\u00e1lvulas de la suciedad, la humedad y la contaminaci\u00f3n. <\/p>\n<p data-start=\"821\" data-end=\"1088\">Fabricada seg\u00fan especificaciones precisas, la junta garantiza un ajuste correcto y un sellado fiable en condiciones de funcionamiento marinas. Es ideal para el mantenimiento rutinario, los ajustes del juego de v\u00e1lvulas o los trabajos de revisi\u00f3n de motores Volvo Penta MD antiguos. <\/p>\n<h2 data-start=\"1095\" data-end=\"1112\">Tipo de producto<\/h2>\n<p data-start=\"1113\" data-end=\"1155\">Junta de la tapa de v\u00e1lvulas \/ junta de la tapa de balancines<\/p>\n<h2 data-start=\"1162\" data-end=\"1178\">N\u00famero de pieza<\/h2>\n<p data-start=\"1179\" data-end=\"1187\">859120<\/p>\n<h2 data-start=\"1194\" data-end=\"1212\">Compatibilidad<\/h2>\n<p data-start=\"1213\" data-end=\"1304\">Volvo Penta MD1<br data-start=\"1228\" data-end=\"1231\">Volvo Penta MD2<br data-start=\"1246\" data-end=\"1249\">Volvo Penta MD3<br data-start=\"1264\" data-end=\"1267\">Volvo Penta MD11<br data-start=\"1283\" data-end=\"1286\">Volvo Penta MD17<\/p>\n","protected":false},"excerpt":{"rendered":"<p>La junta de la tapa de v\u00e1lvulas Volvo Penta (859120) est\u00e1 dise\u00f1ada para proporcionar un sellado seguro y estanco al aceite entre la tapa de la v\u00e1lvula (balanc\u00edn) y la culata en los motores diesel marinos cl\u00e1sicos Volvo Penta de la serie MD. Esta junta evita las fugas de aceite a la vez que protege [&hellip;]<\/p>\n","protected":false},"featured_media":45981,"comment_status":"open","ping_status":"closed","template":"","meta":[],"product_brand":[4229],"product_cat":[4486,3041,3040,2497,4302,4347,4365,4368,4349,4354,4304],"product_tag":[],"class_list":{"0":"post-45980","1":"product","2":"type-product","3":"status-publish","4":"has-post-thumbnail","6":"product_brand-volvo-penta","7":"product_cat-necesitas-piezas-volvo-penta","8":"product_cat-juntas-de-motor","9":"product_cat-kits-de-mantenimiento-y-reparacion","10":"product_cat-piezas-de-mantenimiento-del-motor","11":"product_cat-volvo-penta","12":"product_cat-volvo-penta-md1","13":"product_cat-volvo-penta-md11","14":"product_cat-volvo-penta-md17","15":"product_cat-volvo-penta-md2","16":"product_cat-volvo-penta-md3","17":"product_cat-volvo-penta-serie-md","18":"pa_condition-nuevo","19":"pa_model-md1","20":"pa_model-md11","21":"pa_model-md11c","22":"pa_model-md11d","23":"pa_model-md17","24":"pa_model-md17c","25":"pa_model-md17d","26":"pa_model-md2","27":"pa_model-md2b","28":"pa_model-md3","29":"pa_oem-or-aftermarket-posventa","31":"first","32":"instock","33":"sale","34":"taxable","35":"shipping-taxable","36":"purchasable","37":"product-type-simple"},"supplier_id":7294,"supplier_sku":"REC859120","barcode":null,"atum_controlled":true,"out_stock_date":null,"out_stock_threshold":null,"inheritable":false,"inbound_stock":0,"stock_on_hold":0,"sold_today":0,"sales_last_days":0,"reserved_stock":0,"customer_returns":0,"warehouse_damage":0,"lost_in_post":0,"other_logs":0,"out_stock_days":0,"lost_sales":0,"has_location":false,"update_date":"2026-01-29T09:10:02","atum_locations":[],"atum_stock_status":"instock","restock_status":false,"low_stock_amount":1,"sales_update_date":"2026-01-29T09:10:02","calc_backorders":null,"_links":{"self":[{"href":"https:\/\/mps.digital-monkey.in\/es\/wp-json\/wp\/v2\/product\/45980","targetHints":{"allow":["GET"]}}],"collection":[{"href":"https:\/\/mps.digital-monkey.in\/es\/wp-json\/wp\/v2\/product"}],"about":[{"href":"https:\/\/mps.digital-monkey.in\/es\/wp-json\/wp\/v2\/types\/product"}],"replies":[{"embeddable":true,"href":"https:\/\/mps.digital-monkey.in\/es\/wp-json\/wp\/v2\/comments?post=45980"}],"wp:featuredmedia":[{"embeddable":true,"href":"https:\/\/mps.digital-monkey.in\/es\/wp-json\/wp\/v2\/media\/45981"}],"wp:attachment":[{"href":"https:\/\/mps.digital-monkey.in\/es\/wp-json\/wp\/v2\/media?parent=45980"}],"wp:term":[{"taxonomy":"product_brand","embeddable":true,"href":"https:\/\/mps.digital-monkey.in\/es\/wp-json\/wp\/v2\/product_brand?post=45980"},{"taxonomy":"product_cat","embeddable":true,"href":"https:\/\/mps.digital-monkey.in\/es\/wp-json\/wp\/v2\/product_cat?post=45980"},{"taxonomy":"product_tag","embeddable":true,"href":"https:\/\/mps.digital-monkey.in\/es\/wp-json\/wp\/v2\/product_tag?post=45980"}],"curies":[{"name":"wp","href":"https:\/\/api.w.org\/{rel}","templated":true}]}}