{"id":46015,"date":"2026-01-12T15:53:56","date_gmt":"2026-01-12T15:53:56","guid":{"rendered":"https:\/\/mps.digital-monkey.in\/product\/junta-de-tapa-de-valvulas-volvo-penta-1542287\/"},"modified":"2026-01-12T15:53:56","modified_gmt":"2026-01-12T15:53:56","slug":"junta-de-tapa-de-valvulas-volvo-penta-1542287","status":"publish","type":"product","link":"https:\/\/mps.digital-monkey.in\/es\/product\/junta-de-tapa-de-valvulas-volvo-penta-1542287\/","title":{"rendered":"Junta de tapa de v\u00e1lvulas Volvo Penta 1542287"},"content":{"rendered":"<p data-start=\"515\" data-end=\"839\">La <strong data-start=\"519\" data-end=\"563\">junta de la tapa de v\u00e1lvulas Volvo<\/strong> <strong data-start=\"689\" data-end=\"736\">Penta<\/strong> <strong data-start=\"519\" data-end=\"563\">(1542287)<\/strong> est\u00e1 dise\u00f1ada para proporcionar un sellado seguro y estanco al aceite entre la tapa de la v\u00e1lvula (balanc\u00edn) y la culata en una amplia gama de <strong data-start=\"689\" data-end=\"736\">motores diesel marinos Volvo Penta de la serie 40<\/strong>. Esta junta evita las fugas de aceite y protege los componentes internos del tren de v\u00e1lvulas de la contaminaci\u00f3n. <\/p>\n<p data-start=\"841\" data-end=\"1118\">Fabricada seg\u00fan especificaciones precisas, la junta garantiza un ajuste correcto y un rendimiento de sellado constante en las exigentes condiciones de funcionamiento marino. Es ideal para el mantenimiento rutinario, el ajuste de la holgura de las v\u00e1lvulas o los trabajos de revisi\u00f3n del motor en motores Volvo Penta de la serie 40. <\/p>\n<h2 data-start=\"1125\" data-end=\"1142\">Tipo de producto<\/h2>\n<p data-start=\"1143\" data-end=\"1187\">Junta de la tapa de v\u00e1lvulas<\/p>\n<h2 data-start=\"1194\" data-end=\"1210\">N\u00famero de pieza<\/h2>\n<p data-start=\"1211\" data-end=\"1220\">1542287<\/p>\n<h2 data-start=\"1227\" data-end=\"1245\">Compatibilidad<\/h2>\n<p data-start=\"1246\" data-end=\"1282\">Apto para motores de baja potencia:<\/p>\n<ul data-start=\"1283\" data-end=\"1554\">\n<li data-start=\"1283\" data-end=\"1308\">\n<p data-start=\"1285\" data-end=\"1308\">Volvo Penta <strong data-start=\"1297\" data-end=\"1306\">AD40B<\/strong><\/p>\n<\/li>\n<li data-start=\"1309\" data-end=\"1336\">\n<p data-start=\"1311\" data-end=\"1336\">Volvo Penta <strong data-start=\"1323\" data-end=\"1334\">AQAD40A<\/strong><\/p>\n<\/li>\n<li data-start=\"1337\" data-end=\"1364\">\n<p data-start=\"1339\" data-end=\"1364\">Volvo Penta <strong data-start=\"1351\" data-end=\"1362\">AQAD40B<\/strong><\/p>\n<\/li>\n<li data-start=\"1365\" data-end=\"1391\">\n<p data-start=\"1367\" data-end=\"1391\">Volvo Penta <strong data-start=\"1379\" data-end=\"1389\">AQD40A<\/strong><\/p>\n<\/li>\n<li data-start=\"1392\" data-end=\"1417\">\n<p data-start=\"1394\" data-end=\"1417\">Volvo Penta <strong data-start=\"1406\" data-end=\"1415\">MD40A<\/strong><\/p>\n<\/li>\n<li data-start=\"1418\" data-end=\"1445\">\n<p data-start=\"1420\" data-end=\"1445\">Volvo Penta <strong data-start=\"1432\" data-end=\"1443\">TAMD40A<\/strong><\/p>\n<\/li>\n<li data-start=\"1446\" data-end=\"1473\">\n<p data-start=\"1448\" data-end=\"1473\">Volvo Penta <strong data-start=\"1460\" data-end=\"1471\">TAMD40B<\/strong><\/p>\n<\/li>\n<li data-start=\"1474\" data-end=\"1500\">\n<p data-start=\"1476\" data-end=\"1500\">Volvo Penta <strong data-start=\"1488\" data-end=\"1498\">TMD40A<\/strong><\/p>\n<\/li>\n<li data-start=\"1501\" data-end=\"1527\">\n<p data-start=\"1503\" data-end=\"1527\">Volvo Penta <strong data-start=\"1515\" data-end=\"1525\">TMD40B<\/strong><\/p>\n<\/li>\n<li data-start=\"1528\" data-end=\"1554\">\n<p data-start=\"1530\" data-end=\"1554\">Volvo Penta <strong data-start=\"1542\" data-end=\"1552\">TMD40C<\/strong><\/p>\n<\/li>\n<\/ul>\n<h2 data-start=\"1561\" data-end=\"1574\"><\/h2>\n","protected":false},"excerpt":{"rendered":"<p>La junta de la tapa de v\u00e1lvulas Volvo Penta (1542287) est\u00e1 dise\u00f1ada para proporcionar un sellado seguro y estanco al aceite entre la tapa de la v\u00e1lvula (balanc\u00edn) y la culata en una amplia gama de motores diesel marinos Volvo Penta de la serie 40. Esta junta evita las fugas de aceite y protege los [&hellip;]<\/p>\n","protected":false},"featured_media":46016,"comment_status":"open","ping_status":"closed","template":"","meta":[],"product_brand":[4229],"product_cat":[3041,3040,2497,4302],"product_tag":[],"class_list":{"0":"post-46015","1":"product","2":"type-product","3":"status-publish","4":"has-post-thumbnail","6":"product_brand-volvo-penta","7":"product_cat-juntas-de-motor","8":"product_cat-kits-de-mantenimiento-y-reparacion","9":"product_cat-piezas-de-mantenimiento-del-motor","10":"product_cat-volvo-penta","11":"pa_condition-nuevo","12":"pa_model-ad40","13":"pa_model-aqad40","14":"pa_model-aqd40","15":"pa_model-md40","16":"pa_model-tamd40","17":"pa_model-tmd40","18":"pa_oem-or-aftermarket-posventa","20":"first","21":"instock","22":"sale","23":"taxable","24":"shipping-taxable","25":"purchasable","26":"product-type-simple"},"supplier_id":7294,"supplier_sku":"REC1542287","barcode":null,"atum_controlled":true,"out_stock_date":null,"out_stock_threshold":null,"inheritable":false,"inbound_stock":0,"stock_on_hold":0,"sold_today":0,"sales_last_days":0,"reserved_stock":0,"customer_returns":0,"warehouse_damage":0,"lost_in_post":0,"other_logs":0,"out_stock_days":0,"lost_sales":0,"has_location":false,"update_date":"2026-01-29T09:11:06","atum_locations":[],"atum_stock_status":"instock","restock_status":false,"low_stock_amount":0,"sales_update_date":"2026-01-29T09:11:06","calc_backorders":null,"_links":{"self":[{"href":"https:\/\/mps.digital-monkey.in\/es\/wp-json\/wp\/v2\/product\/46015","targetHints":{"allow":["GET"]}}],"collection":[{"href":"https:\/\/mps.digital-monkey.in\/es\/wp-json\/wp\/v2\/product"}],"about":[{"href":"https:\/\/mps.digital-monkey.in\/es\/wp-json\/wp\/v2\/types\/product"}],"replies":[{"embeddable":true,"href":"https:\/\/mps.digital-monkey.in\/es\/wp-json\/wp\/v2\/comments?post=46015"}],"wp:featuredmedia":[{"embeddable":true,"href":"https:\/\/mps.digital-monkey.in\/es\/wp-json\/wp\/v2\/media\/46016"}],"wp:attachment":[{"href":"https:\/\/mps.digital-monkey.in\/es\/wp-json\/wp\/v2\/media?parent=46015"}],"wp:term":[{"taxonomy":"product_brand","embeddable":true,"href":"https:\/\/mps.digital-monkey.in\/es\/wp-json\/wp\/v2\/product_brand?post=46015"},{"taxonomy":"product_cat","embeddable":true,"href":"https:\/\/mps.digital-monkey.in\/es\/wp-json\/wp\/v2\/product_cat?post=46015"},{"taxonomy":"product_tag","embeddable":true,"href":"https:\/\/mps.digital-monkey.in\/es\/wp-json\/wp\/v2\/product_tag?post=46015"}],"curies":[{"name":"wp","href":"https:\/\/api.w.org\/{rel}","templated":true}]}}