{"id":46022,"date":"2026-01-12T16:04:00","date_gmt":"2026-01-12T16:04:00","guid":{"rendered":"https:\/\/mps.digital-monkey.in\/product\/junta-de-culata-volvo-penta-859134-838127\/"},"modified":"2026-01-12T16:05:42","modified_gmt":"2026-01-12T16:05:42","slug":"junta-de-culata-volvo-penta-859134-838127","status":"publish","type":"product","link":"https:\/\/mps.digital-monkey.in\/es\/producto\/junta-de-culata-volvo-penta-859134-838127\/","title":{"rendered":"Junta de culata Volvo Penta - 859134 \/ 838127"},"content":{"rendered":"<p data-start=\"515\" data-end=\"853\">La <strong data-start=\"519\" data-end=\"578\">junta de culata Volvo Penta para motores de la serie MD5<\/strong> est\u00e1 dise\u00f1ada para proporcionar un sellado fiable y de alta presi\u00f3n entre la culata y el bloque motor. Esta junta es fundamental para mantener una compresi\u00f3n correcta, evitar fugas de aceite y refrigerante, y asegurar una combusti\u00f3n eficaz en <strong data-start=\"811\" data-end=\"852\">los motores diesel marinos Volvo Penta MD5<\/strong>.<\/p>\n<p data-start=\"855\" data-end=\"1170\">Fabricada seg\u00fan especificaciones precisas con materiales resistentes al calor y a la presi\u00f3n, esta junta es adecuada para entornos marinos exigentes. Es ideal para revisiones de motor, sustituci\u00f3n de culatas o trabajos de mantenimiento importantes. Esta junta es un recambio directo para <strong data-start=\"1123\" data-end=\"1169\">las referencias 859134 y 838127 de Volvo Penta<\/strong>.  <\/p>\n<h2 data-start=\"1177\" data-end=\"1194\">Tipo de producto<\/h2>\n<p data-start=\"1195\" data-end=\"1230\">Junta de culata \/ koppakking<\/p>\n<h2 data-start=\"1237\" data-end=\"1254\">N\u00fameros de pieza<\/h2>\n<ul data-start=\"1255\" data-end=\"1284\">\n<li data-start=\"1255\" data-end=\"1269\">\n<p data-start=\"1257\" data-end=\"1269\"><strong data-start=\"1257\" data-end=\"1267\">859134<\/strong><\/p>\n<\/li>\n<li data-start=\"1270\" data-end=\"1284\">\n<p data-start=\"1272\" data-end=\"1284\"><strong data-start=\"1272\" data-end=\"1282\">838127<\/strong><\/p>\n<\/li>\n<\/ul>\n<h2 data-start=\"1291\" data-end=\"1309\">Compatibilidad<\/h2>\n<p data-start=\"1310\" data-end=\"1346\">Apto para motores de baja potencia:<\/p>\n<ul data-start=\"1347\" data-end=\"1445\">\n<li data-start=\"1347\" data-end=\"1370\">\n<p data-start=\"1349\" data-end=\"1370\">Volvo Penta <strong data-start=\"1361\" data-end=\"1368\">MD5<\/strong><\/p>\n<\/li>\n<li data-start=\"1371\" data-end=\"1395\">\n<p data-start=\"1373\" data-end=\"1395\">Volvo Penta <strong data-start=\"1385\" data-end=\"1393\">MD5A<\/strong><\/p>\n<\/li>\n<li data-start=\"1396\" data-end=\"1420\">\n<p data-start=\"1398\" data-end=\"1420\">Volvo Penta <strong data-start=\"1410\" data-end=\"1418\">MD5B<\/strong><\/p>\n<\/li>\n<li data-start=\"1421\" data-end=\"1445\">\n<p data-start=\"1423\" data-end=\"1445\">Volvo Penta <strong data-start=\"1435\" data-end=\"1443\">MD5C<\/strong><\/p>\n<\/li>\n<\/ul>\n","protected":false},"excerpt":{"rendered":"<p>La junta de culata Volvo Penta para motores de la serie MD5 est\u00e1 dise\u00f1ada para proporcionar un sellado fiable y de alta presi\u00f3n entre la culata y el bloque motor. Esta junta es fundamental para mantener una compresi\u00f3n correcta, evitar fugas de aceite y refrigerante, y asegurar una combusti\u00f3n eficaz en los motores diesel marinos [&hellip;]<\/p>\n","protected":false},"featured_media":46023,"comment_status":"open","ping_status":"closed","template":"","meta":[],"product_brand":[4229],"product_cat":[3041,3040,2497,4356,4304],"product_tag":[],"class_list":{"0":"post-46022","1":"product","2":"type-product","3":"status-publish","4":"has-post-thumbnail","6":"product_brand-volvo-penta","7":"product_cat-juntas-de-motor","8":"product_cat-kits-de-mantenimiento-y-reparacion","9":"product_cat-piezas-de-mantenimiento-del-motor","10":"product_cat-volvo-penta-md5","11":"product_cat-volvo-penta-serie-md","12":"pa_condition-nuevo","13":"pa_model-md5","14":"pa_oem-or-aftermarket-posventa","16":"first","17":"instock","18":"taxable","19":"shipping-taxable","20":"purchasable","21":"product-type-simple"},"supplier_id":7294,"supplier_sku":"REC859134","barcode":null,"atum_controlled":true,"out_stock_date":null,"out_stock_threshold":null,"inheritable":false,"inbound_stock":0,"stock_on_hold":0,"sold_today":0,"sales_last_days":0,"reserved_stock":0,"customer_returns":0,"warehouse_damage":0,"lost_in_post":0,"other_logs":0,"out_stock_days":0,"lost_sales":0,"has_location":false,"update_date":"2026-01-29T09:11:06","atum_locations":[],"atum_stock_status":"instock","restock_status":false,"low_stock_amount":0,"sales_update_date":"2026-01-29T09:11:06","calc_backorders":null,"_links":{"self":[{"href":"https:\/\/mps.digital-monkey.in\/es\/wp-json\/wp\/v2\/product\/46022","targetHints":{"allow":["GET"]}}],"collection":[{"href":"https:\/\/mps.digital-monkey.in\/es\/wp-json\/wp\/v2\/product"}],"about":[{"href":"https:\/\/mps.digital-monkey.in\/es\/wp-json\/wp\/v2\/types\/product"}],"replies":[{"embeddable":true,"href":"https:\/\/mps.digital-monkey.in\/es\/wp-json\/wp\/v2\/comments?post=46022"}],"wp:featuredmedia":[{"embeddable":true,"href":"https:\/\/mps.digital-monkey.in\/es\/wp-json\/wp\/v2\/media\/46023"}],"wp:attachment":[{"href":"https:\/\/mps.digital-monkey.in\/es\/wp-json\/wp\/v2\/media?parent=46022"}],"wp:term":[{"taxonomy":"product_brand","embeddable":true,"href":"https:\/\/mps.digital-monkey.in\/es\/wp-json\/wp\/v2\/product_brand?post=46022"},{"taxonomy":"product_cat","embeddable":true,"href":"https:\/\/mps.digital-monkey.in\/es\/wp-json\/wp\/v2\/product_cat?post=46022"},{"taxonomy":"product_tag","embeddable":true,"href":"https:\/\/mps.digital-monkey.in\/es\/wp-json\/wp\/v2\/product_tag?post=46022"}],"curies":[{"name":"wp","href":"https:\/\/api.w.org\/{rel}","templated":true}]}}