{"id":46034,"date":"2026-01-13T12:52:28","date_gmt":"2026-01-13T12:52:28","guid":{"rendered":"https:\/\/mps.digital-monkey.in\/product\/junta-bomba-aceite-yanmar-128170-32030-1gm-1gm10\/"},"modified":"2026-01-13T12:52:28","modified_gmt":"2026-01-13T12:52:28","slug":"junta-bomba-aceite-yanmar-128170-32030-1gm-1gm10","status":"publish","type":"product","link":"https:\/\/mps.digital-monkey.in\/es\/product\/junta-bomba-aceite-yanmar-128170-32030-1gm-1gm10\/","title":{"rendered":"Junta Bomba Aceite Yanmar | 128170-32030 | 1GM \/ 1GM10"},"content":{"rendered":"<p data-start=\"483\" data-end=\"795\">La <strong data-start=\"487\" data-end=\"528\">junta de la bomba de aceite Yanmar (128170-32030)<\/strong> est\u00e1 dise\u00f1ada para proporcionar un sellado fiable y estanco al aceite entre la bomba de aceite y el bloque motor en <strong data-start=\"620\" data-end=\"666\">los motores di\u00e9sel marinos Yanmar 1GM y 1GM10<\/strong>. Esta junta desempe\u00f1a un papel fundamental en el mantenimiento de una presi\u00f3n de aceite correcta y en la prevenci\u00f3n de fugas de aceite dentro del sistema de lubricaci\u00f3n. <\/p>\n<h2 data-start=\"1106\" data-end=\"1123\">Tipo de producto<\/h2>\n<p data-start=\"1124\" data-end=\"1151\">Junta de la bomba de aceite<\/p>\n<h2 data-start=\"1158\" data-end=\"1174\">N\u00famero de pieza<\/h2>\n<p data-start=\"1175\" data-end=\"1189\">128170-32030<\/p>\n<h2 data-start=\"1196\" data-end=\"1214\">Compatibilidad<\/h2>\n<p data-start=\"1215\" data-end=\"1251\">Apto para motores de baja potencia:<\/p>\n<ul data-start=\"1252\" data-end=\"1291\">\n<li data-start=\"1252\" data-end=\"1270\">\n<p data-start=\"1254\" data-end=\"1270\">Yanmar <strong data-start=\"1261\" data-end=\"1268\">1GM<\/strong><\/p>\n<\/li>\n<li data-start=\"1271\" data-end=\"1291\">\n<p data-start=\"1273\" data-end=\"1291\">Yanmar <strong data-start=\"1280\" data-end=\"1289\">1GM10<\/strong><\/p>\n<\/li>\n<\/ul>\n","protected":false},"excerpt":{"rendered":"<p>La junta de la bomba de aceite Yanmar (128170-32030) est\u00e1 dise\u00f1ada para proporcionar un sellado fiable y estanco al aceite entre la bomba de aceite y el bloque motor en los motores di\u00e9sel marinos Yanmar 1GM y 1GM10. Esta junta desempe\u00f1a un papel fundamental en el mantenimiento de una presi\u00f3n de aceite correcta y en [&hellip;]<\/p>\n","protected":false},"featured_media":46035,"comment_status":"open","ping_status":"closed","template":"","meta":[],"product_brand":[4235],"product_cat":[3041,3040,4449,2497,4448],"product_tag":[],"class_list":{"0":"post-46034","1":"product","2":"type-product","3":"status-publish","4":"has-post-thumbnail","6":"product_brand-yanmar","7":"product_cat-juntas-de-motor","8":"product_cat-kits-de-mantenimiento-y-reparacion","9":"product_cat-piezas-1gm-1gm10","10":"product_cat-piezas-de-mantenimiento-del-motor","11":"product_cat-yanmar","12":"pa_condition-nuevo","13":"pa_model-1gm","14":"pa_model-1gm10","15":"pa_model-1gm10c","16":"pa_model-1gmc","17":"pa_model-1gml","18":"pa_oem-or-aftermarket-posventa","20":"first","21":"instock","22":"taxable","23":"shipping-taxable","24":"purchasable","25":"product-type-simple"},"supplier_id":7294,"supplier_sku":"REC128170-32030","barcode":null,"atum_controlled":true,"out_stock_date":null,"out_stock_threshold":null,"inheritable":false,"inbound_stock":0,"stock_on_hold":0,"sold_today":0,"sales_last_days":0,"reserved_stock":0,"customer_returns":0,"warehouse_damage":0,"lost_in_post":0,"other_logs":0,"out_stock_days":0,"lost_sales":0,"has_location":false,"update_date":"2026-01-29T09:09:19","atum_locations":[],"atum_stock_status":"instock","restock_status":false,"low_stock_amount":0,"sales_update_date":"2026-01-29T09:09:19","calc_backorders":null,"_links":{"self":[{"href":"https:\/\/mps.digital-monkey.in\/es\/wp-json\/wp\/v2\/product\/46034","targetHints":{"allow":["GET"]}}],"collection":[{"href":"https:\/\/mps.digital-monkey.in\/es\/wp-json\/wp\/v2\/product"}],"about":[{"href":"https:\/\/mps.digital-monkey.in\/es\/wp-json\/wp\/v2\/types\/product"}],"replies":[{"embeddable":true,"href":"https:\/\/mps.digital-monkey.in\/es\/wp-json\/wp\/v2\/comments?post=46034"}],"wp:featuredmedia":[{"embeddable":true,"href":"https:\/\/mps.digital-monkey.in\/es\/wp-json\/wp\/v2\/media\/46035"}],"wp:attachment":[{"href":"https:\/\/mps.digital-monkey.in\/es\/wp-json\/wp\/v2\/media?parent=46034"}],"wp:term":[{"taxonomy":"product_brand","embeddable":true,"href":"https:\/\/mps.digital-monkey.in\/es\/wp-json\/wp\/v2\/product_brand?post=46034"},{"taxonomy":"product_cat","embeddable":true,"href":"https:\/\/mps.digital-monkey.in\/es\/wp-json\/wp\/v2\/product_cat?post=46034"},{"taxonomy":"product_tag","embeddable":true,"href":"https:\/\/mps.digital-monkey.in\/es\/wp-json\/wp\/v2\/product_tag?post=46034"}],"curies":[{"name":"wp","href":"https:\/\/api.w.org\/{rel}","templated":true}]}}