{"id":46045,"date":"2026-01-13T13:05:35","date_gmt":"2026-01-13T13:05:35","guid":{"rendered":"https:\/\/mps.digital-monkey.in\/product\/tubo-conector-volvo-penta-859836-d2-55-d2-75-md22-tmd22\/"},"modified":"2026-01-13T13:05:35","modified_gmt":"2026-01-13T13:05:35","slug":"tubo-conector-volvo-penta-859836-d2-55-d2-75-md22-tmd22","status":"publish","type":"product","link":"https:\/\/mps.digital-monkey.in\/es\/producto\/tubo-conector-volvo-penta-859836-d2-55-d2-75-md22-tmd22\/","title":{"rendered":"Tubo conector Volvo Penta | 859836 | D2-55 \/ D2-75 \/ MD22 \/ TMD22"},"content":{"rendered":"<p data-start=\"588\" data-end=\"979\">El <strong data-start=\"592\" data-end=\"631\">tubo conector Volvo Penta (859836)<\/strong> es un componente fabricado con precisi\u00f3n, dise\u00f1ado para garantizar una conexi\u00f3n fiable de los fluidos y un flujo correcto entre los componentes del sistema del motor en una amplia gama de <strong data-start=\"784\" data-end=\"814\">motores diesel Volvo Penta<\/strong>. Fabricado seg\u00fan las especificaciones de Volvo Penta, este tubo conector proporciona un ajuste preciso, durabilidad y un rendimiento fiable en entornos marinos exigentes.d2-55 <\/p>\n<h2 data-start=\"1267\" data-end=\"1284\">Tipo de producto<\/h2>\n<p data-start=\"1285\" data-end=\"1301\">Tubo conector<\/p>\n<h2 data-start=\"1308\" data-end=\"1324\">N\u00famero de pieza<\/h2>\n<p data-start=\"1325\" data-end=\"1333\">859836<\/p>\n<h2 data-start=\"1340\" data-end=\"1358\">Compatibilidad<\/h2>\n<p data-start=\"1359\" data-end=\"1398\"><strong data-start=\"1359\" data-end=\"1396\">Apto para motores Volvo Penta:<\/strong><\/p>\n<p data-start=\"1400\" data-end=\"1415\"><strong data-start=\"1400\" data-end=\"1413\">Serie D2<\/strong><\/p>\n<ul data-start=\"1416\" data-end=\"1525\">\n<li data-start=\"1416\" data-end=\"1426\">\n<p data-start=\"1418\" data-end=\"1426\">D2-55A<\/p>\n<\/li>\n<li data-start=\"1427\" data-end=\"1437\">\n<p data-start=\"1429\" data-end=\"1437\">D2-55B<\/p>\n<\/li>\n<li data-start=\"1438\" data-end=\"1448\">\n<p data-start=\"1440\" data-end=\"1448\">D2-55C<\/p>\n<\/li>\n<li data-start=\"1449\" data-end=\"1459\">\n<p data-start=\"1451\" data-end=\"1459\">D2-55D<\/p>\n<\/li>\n<li data-start=\"1460\" data-end=\"1470\">\n<p data-start=\"1462\" data-end=\"1470\">D2-55E<\/p>\n<\/li>\n<li data-start=\"1471\" data-end=\"1481\">\n<p data-start=\"1473\" data-end=\"1481\">D2-55F<\/p>\n<\/li>\n<li data-start=\"1482\" data-end=\"1492\">\n<p data-start=\"1484\" data-end=\"1492\">D2-75A<\/p>\n<\/li>\n<li data-start=\"1493\" data-end=\"1503\">\n<p data-start=\"1495\" data-end=\"1503\">D2-75B<\/p>\n<\/li>\n<li data-start=\"1504\" data-end=\"1514\">\n<p data-start=\"1506\" data-end=\"1514\">D2-75C<\/p>\n<\/li>\n<li data-start=\"1515\" data-end=\"1525\">\n<p data-start=\"1517\" data-end=\"1525\">D2-75F<\/p>\n<\/li>\n<\/ul>\n<p data-start=\"1527\" data-end=\"1552\"><strong data-start=\"1527\" data-end=\"1550\">Serie MD22 \/ TMD22<\/strong><\/p>\n<ul data-start=\"1553\" data-end=\"1712\">\n<li data-start=\"1553\" data-end=\"1561\">\n<p data-start=\"1555\" data-end=\"1561\">MD22<\/p>\n<\/li>\n<li data-start=\"1562\" data-end=\"1571\">\n<p data-start=\"1564\" data-end=\"1571\">MD22A<\/p>\n<\/li>\n<li data-start=\"1572\" data-end=\"1583\">\n<p data-start=\"1574\" data-end=\"1583\">MD22A-A<\/p>\n<\/li>\n<li data-start=\"1584\" data-end=\"1593\">\n<p data-start=\"1586\" data-end=\"1593\">MD22L<\/p>\n<\/li>\n<li data-start=\"1594\" data-end=\"1605\">\n<p data-start=\"1596\" data-end=\"1605\">MD22L-A<\/p>\n<\/li>\n<li data-start=\"1606\" data-end=\"1617\">\n<p data-start=\"1608\" data-end=\"1617\">MD22L-B<\/p>\n<\/li>\n<li data-start=\"1618\" data-end=\"1627\">\n<p data-start=\"1620\" data-end=\"1627\">MD22P<\/p>\n<\/li>\n<li data-start=\"1628\" data-end=\"1639\">\n<p data-start=\"1630\" data-end=\"1639\">MD22P-B<\/p>\n<\/li>\n<li data-start=\"1640\" data-end=\"1650\">\n<p data-start=\"1642\" data-end=\"1650\">TMD22A<\/p>\n<\/li>\n<li data-start=\"1651\" data-end=\"1662\">\n<p data-start=\"1653\" data-end=\"1662\">TMD22-A<\/p>\n<\/li>\n<li data-start=\"1663\" data-end=\"1674\">\n<p data-start=\"1665\" data-end=\"1674\">TMD22-B<\/p>\n<\/li>\n<li data-start=\"1675\" data-end=\"1685\">\n<p data-start=\"1677\" data-end=\"1685\">TMD22B<\/p>\n<\/li>\n<li data-start=\"1686\" data-end=\"1698\">\n<p data-start=\"1688\" data-end=\"1698\">TMD22P-C<\/p>\n<\/li>\n<li data-start=\"1699\" data-end=\"1712\">\n<p data-start=\"1701\" data-end=\"1712\">TAMD22P-B<\/p>\n<\/li>\n<\/ul>\n<h2 data-start=\"1719\" data-end=\"1732\"><\/h2>\n","protected":false},"excerpt":{"rendered":"<p>El tubo conector Volvo Penta (859836) es un componente fabricado con precisi\u00f3n, dise\u00f1ado para garantizar una conexi\u00f3n fiable de los fluidos y un flujo correcto entre los componentes del sistema del motor en una amplia gama de motores diesel Volvo Penta. Fabricado seg\u00fan las especificaciones de Volvo Penta, este tubo conector proporciona un ajuste preciso, [&hellip;]<\/p>\n","protected":false},"featured_media":46046,"comment_status":"open","ping_status":"closed","template":"","meta":[],"product_brand":[4229],"product_cat":[4486,2914,3205,2518,4333,4492,3204,4302,4329],"product_tag":[],"class_list":{"0":"post-46045","1":"product","2":"type-product","3":"status-publish","4":"has-post-thumbnail","6":"product_brand-volvo-penta","7":"product_cat-necesitas-piezas-volvo-penta","8":"product_cat-bloque-motor","9":"product_cat-codos-de-escape","10":"product_cat-piezas-de-motor","11":"product_cat-recambios-volvo-penta-d2-55","12":"product_cat-recambios-volvo-penta-d2-75","13":"product_cat-sistemas-de-escape","14":"product_cat-volvo-penta","15":"product_cat-volvo-penta-serie-d2","16":"pa_condition-nuevo","17":"pa_model-d2-55","18":"pa_model-d2-75","19":"pa_model-md22","20":"pa_model-tamd22","21":"pa_model-tmd22","22":"pa_oem-or-aftermarket-posventa","24":"first","25":"instock","26":"taxable","27":"shipping-taxable","28":"purchasable","29":"product-type-simple"},"supplier_id":7294,"supplier_sku":"REC859836","barcode":null,"atum_controlled":true,"out_stock_date":null,"out_stock_threshold":null,"inheritable":false,"inbound_stock":0,"stock_on_hold":1,"sold_today":1,"sales_last_days":2,"reserved_stock":null,"customer_returns":null,"warehouse_damage":null,"lost_in_post":null,"other_logs":null,"out_stock_days":0,"lost_sales":0,"has_location":false,"update_date":"2026-03-13T12:22:11","atum_locations":[],"atum_stock_status":"instock","restock_status":true,"low_stock_amount":0,"sales_update_date":null,"calc_backorders":0,"_links":{"self":[{"href":"https:\/\/mps.digital-monkey.in\/es\/wp-json\/wp\/v2\/product\/46045","targetHints":{"allow":["GET"]}}],"collection":[{"href":"https:\/\/mps.digital-monkey.in\/es\/wp-json\/wp\/v2\/product"}],"about":[{"href":"https:\/\/mps.digital-monkey.in\/es\/wp-json\/wp\/v2\/types\/product"}],"replies":[{"embeddable":true,"href":"https:\/\/mps.digital-monkey.in\/es\/wp-json\/wp\/v2\/comments?post=46045"}],"wp:featuredmedia":[{"embeddable":true,"href":"https:\/\/mps.digital-monkey.in\/es\/wp-json\/wp\/v2\/media\/46046"}],"wp:attachment":[{"href":"https:\/\/mps.digital-monkey.in\/es\/wp-json\/wp\/v2\/media?parent=46045"}],"wp:term":[{"taxonomy":"product_brand","embeddable":true,"href":"https:\/\/mps.digital-monkey.in\/es\/wp-json\/wp\/v2\/product_brand?post=46045"},{"taxonomy":"product_cat","embeddable":true,"href":"https:\/\/mps.digital-monkey.in\/es\/wp-json\/wp\/v2\/product_cat?post=46045"},{"taxonomy":"product_tag","embeddable":true,"href":"https:\/\/mps.digital-monkey.in\/es\/wp-json\/wp\/v2\/product_tag?post=46045"}],"curies":[{"name":"wp","href":"https:\/\/api.w.org\/{rel}","templated":true}]}}