{"id":46066,"date":"2026-01-13T13:29:56","date_gmt":"2026-01-13T13:29:56","guid":{"rendered":"https:\/\/mps.digital-monkey.in\/product\/junta-bomba-aceite-yanmar-129120-35121-serie-3jh3\/"},"modified":"2026-01-13T13:29:56","modified_gmt":"2026-01-13T13:29:56","slug":"junta-bomba-aceite-yanmar-129120-35121-serie-3jh3","status":"publish","type":"product","link":"https:\/\/mps.digital-monkey.in\/es\/product\/junta-bomba-aceite-yanmar-129120-35121-serie-3jh3\/","title":{"rendered":"Junta Bomba Aceite Yanmar | 129120-35121 | Serie 3JH3"},"content":{"rendered":"<p data-start=\"475\" data-end=\"787\">La <strong data-start=\"479\" data-end=\"520\">junta de la bomba de aceite Yanmar (129120-35121)<\/strong> est\u00e1 dise\u00f1ada para proporcionar un sellado seguro y estanco al aceite entre la bomba de aceite y el bloque motor en <strong data-start=\"610\" data-end=\"654\">los motores di\u00e9sel marinos Yanmar de la serie 3JH3<\/strong>. Esta junta desempe\u00f1a un papel vital en el mantenimiento de una presi\u00f3n de aceite correcta y en la prevenci\u00f3n de fugas de aceite dentro del sistema de lubricaci\u00f3n del motor. <\/p>\n<p data-start=\"789\" data-end=\"1094\">Fabricada seg\u00fan especificaciones precisas con material de junta resistente al aceite, esta junta de bomba de aceite garantiza un ajuste preciso y un sellado fiable en las exigentes condiciones de funcionamiento marino. Es ideal para el servicio de la bomba de aceite, la revisi\u00f3n del motor o el mantenimiento preventivo de los motores Yanmar 3JH3. <\/p>\n<h2 data-start=\"1101\" data-end=\"1118\">Tipo de producto<\/h2>\n<p data-start=\"1119\" data-end=\"1136\">Junta de la bomba de aceite<\/p>\n<h2 data-start=\"1143\" data-end=\"1159\">N\u00famero de pieza<\/h2>\n<p data-start=\"1160\" data-end=\"1174\">129120-35121<\/p>\n<h2 data-start=\"1181\" data-end=\"1199\">Compatibilidad<\/h2>\n<p data-start=\"1200\" data-end=\"1236\">Apto para motores de baja potencia:<\/p>\n<ul data-start=\"1237\" data-end=\"1304\">\n<li data-start=\"1237\" data-end=\"1256\">\n<p data-start=\"1239\" data-end=\"1256\">Yanmar <strong data-start=\"1246\" data-end=\"1254\">3JH3<\/strong><\/p>\n<\/li>\n<li data-start=\"1257\" data-end=\"1277\">\n<p data-start=\"1259\" data-end=\"1277\">Yanmar <strong data-start=\"1266\" data-end=\"1275\">3JH3E<\/strong><\/p>\n<\/li>\n<li data-start=\"1278\" data-end=\"1304\">\n<p data-start=\"1280\" data-end=\"1304\">Yanmar <strong data-start=\"1287\" data-end=\"1302\">3JH3-YEU<\/strong><\/p>\n<\/li>\n<\/ul>\n","protected":false},"excerpt":{"rendered":"<p>La junta de la bomba de aceite Yanmar (129120-35121) est\u00e1 dise\u00f1ada para proporcionar un sellado seguro y estanco al aceite entre la bomba de aceite y el bloque motor en los motores di\u00e9sel marinos Yanmar de la serie 3JH3. Esta junta desempe\u00f1a un papel vital en el mantenimiento de una presi\u00f3n de aceite correcta y [&hellip;]<\/p>\n","protected":false},"featured_media":46067,"comment_status":"open","ping_status":"closed","template":"","meta":[],"product_brand":[4229],"product_cat":[3041,3040,2497],"product_tag":[],"class_list":{"0":"post-46066","1":"product","2":"type-product","3":"status-publish","4":"has-post-thumbnail","6":"product_brand-volvo-penta","7":"product_cat-juntas-de-motor","8":"product_cat-kits-de-mantenimiento-y-reparacion","9":"product_cat-piezas-de-mantenimiento-del-motor","10":"pa_condition-nuevo","11":"pa_model-3jh3","12":"pa_model-3jh3-yeu","13":"pa_model-3jh3e","14":"pa_oem-or-aftermarket-posventa","16":"first","17":"instock","18":"taxable","19":"shipping-taxable","20":"purchasable","21":"product-type-simple"},"supplier_id":7294,"supplier_sku":"REC129120-35121","barcode":null,"atum_controlled":true,"out_stock_date":null,"out_stock_threshold":null,"inheritable":false,"inbound_stock":0,"stock_on_hold":0,"sold_today":0,"sales_last_days":0,"reserved_stock":0,"customer_returns":0,"warehouse_damage":0,"lost_in_post":0,"other_logs":0,"out_stock_days":0,"lost_sales":0,"has_location":false,"update_date":"2026-01-29T09:09:19","atum_locations":[],"atum_stock_status":"instock","restock_status":false,"low_stock_amount":0,"sales_update_date":"2026-01-29T09:09:19","calc_backorders":null,"_links":{"self":[{"href":"https:\/\/mps.digital-monkey.in\/es\/wp-json\/wp\/v2\/product\/46066","targetHints":{"allow":["GET"]}}],"collection":[{"href":"https:\/\/mps.digital-monkey.in\/es\/wp-json\/wp\/v2\/product"}],"about":[{"href":"https:\/\/mps.digital-monkey.in\/es\/wp-json\/wp\/v2\/types\/product"}],"replies":[{"embeddable":true,"href":"https:\/\/mps.digital-monkey.in\/es\/wp-json\/wp\/v2\/comments?post=46066"}],"wp:featuredmedia":[{"embeddable":true,"href":"https:\/\/mps.digital-monkey.in\/es\/wp-json\/wp\/v2\/media\/46067"}],"wp:attachment":[{"href":"https:\/\/mps.digital-monkey.in\/es\/wp-json\/wp\/v2\/media?parent=46066"}],"wp:term":[{"taxonomy":"product_brand","embeddable":true,"href":"https:\/\/mps.digital-monkey.in\/es\/wp-json\/wp\/v2\/product_brand?post=46066"},{"taxonomy":"product_cat","embeddable":true,"href":"https:\/\/mps.digital-monkey.in\/es\/wp-json\/wp\/v2\/product_cat?post=46066"},{"taxonomy":"product_tag","embeddable":true,"href":"https:\/\/mps.digital-monkey.in\/es\/wp-json\/wp\/v2\/product_tag?post=46066"}],"curies":[{"name":"wp","href":"https:\/\/api.w.org\/{rel}","templated":true}]}}