{"id":46109,"date":"2026-01-13T15:44:22","date_gmt":"2026-01-13T15:44:22","guid":{"rendered":"https:\/\/mps.digital-monkey.in\/product\/junta-bomba-aceite-yanmar-129150-35042-series-3jh-4jh\/"},"modified":"2026-01-13T15:44:22","modified_gmt":"2026-01-13T15:44:22","slug":"junta-bomba-aceite-yanmar-129150-35042-series-3jh-4jh","status":"publish","type":"product","link":"https:\/\/mps.digital-monkey.in\/es\/product\/junta-bomba-aceite-yanmar-129150-35042-series-3jh-4jh\/","title":{"rendered":"Junta Bomba Aceite Yanmar | 129150-35042 | Series 3JH &amp; 4JH"},"content":{"rendered":"<p data-start=\"477\" data-end=\"803\">La <strong data-start=\"481\" data-end=\"522\">junta de la bomba de aceite Yanmar (129150-35042)<\/strong> est\u00e1 dise\u00f1ada para proporcionar un sellado seguro y estanco al aceite entre la bomba de aceite y el bloque motor en <strong data-start=\"612\" data-end=\"663\">los motores di\u00e9sel marinos Yanmar de las series 3JH y 4JH<\/strong>. El correcto sellado de la bomba de aceite es esencial para mantener una presi\u00f3n de aceite correcta y evitar fugas de aceite dentro del sistema de lubricaci\u00f3n. <\/p>\n<p data-start=\"805\" data-end=\"1015\">Fabricada con material de junta resistente al aceite y cortada con precisi\u00f3n para asegurar un ajuste exacto, esta junta es adecuada para el mantenimiento rutinario, el servicio de la bomba de aceite o la revisi\u00f3n del motor en motores Yanmar de la serie JH.<\/p>\n<h2 data-start=\"1022\" data-end=\"1039\">Tipo de producto<\/h2>\n<p data-start=\"1040\" data-end=\"1057\">Junta de la bomba de aceite<\/p>\n<h2 data-start=\"1064\" data-end=\"1080\">N\u00famero de pieza<\/h2>\n<p data-start=\"1081\" data-end=\"1095\">129150-35042<\/p>\n<h2 data-start=\"1102\" data-end=\"1120\">Compatibilidad<\/h2>\n<ul data-start=\"1157\" data-end=\"1239\">\n<li data-start=\"1157\" data-end=\"1178\">\n<p data-start=\"1159\" data-end=\"1178\">Yanmar <strong data-start=\"1166\" data-end=\"1176\">3JH25A<\/strong><\/p>\n<\/li>\n<li data-start=\"1179\" data-end=\"1199\">\n<p data-start=\"1181\" data-end=\"1199\">Yanmar <strong data-start=\"1188\" data-end=\"1197\">3JH40<\/strong><\/p>\n<\/li>\n<li data-start=\"1200\" data-end=\"1220\">\n<p data-start=\"1202\" data-end=\"1220\">Yanmar <strong data-start=\"1209\" data-end=\"1218\">3JH4E<\/strong><\/p>\n<\/li>\n<li data-start=\"1221\" data-end=\"1239\">\n<p data-start=\"1223\" data-end=\"1239\">Yanmar <strong data-start=\"1230\" data-end=\"1237\">4JH<\/strong><\/p>\n<\/li>\n<\/ul>\n","protected":false},"excerpt":{"rendered":"<p>La junta de la bomba de aceite Yanmar (129150-35042) est\u00e1 dise\u00f1ada para proporcionar un sellado seguro y estanco al aceite entre la bomba de aceite y el bloque motor en los motores di\u00e9sel marinos Yanmar de las series 3JH y 4JH. El correcto sellado de la bomba de aceite es esencial para mantener una presi\u00f3n [&hellip;]<\/p>\n","protected":false},"featured_media":46110,"comment_status":"open","ping_status":"closed","template":"","meta":[],"product_brand":[4235],"product_cat":[3041,3040,2497],"product_tag":[],"class_list":{"0":"post-46109","1":"product","2":"type-product","3":"status-publish","4":"has-post-thumbnail","6":"product_brand-yanmar","7":"product_cat-juntas-de-motor","8":"product_cat-kits-de-mantenimiento-y-reparacion","9":"product_cat-piezas-de-mantenimiento-del-motor","10":"pa_condition-nuevo","11":"pa_model-3jh25","12":"pa_model-3jh40","13":"pa_model-3jh4e","14":"pa_model-4jh","15":"pa_oem-or-aftermarket-posventa","17":"first","18":"instock","19":"taxable","20":"shipping-taxable","21":"purchasable","22":"product-type-simple"},"supplier_id":7294,"supplier_sku":"REC129150-35042","barcode":null,"atum_controlled":true,"out_stock_date":null,"out_stock_threshold":null,"inheritable":false,"inbound_stock":0,"stock_on_hold":0,"sold_today":0,"sales_last_days":0,"reserved_stock":0,"customer_returns":0,"warehouse_damage":0,"lost_in_post":0,"other_logs":0,"out_stock_days":0,"lost_sales":0,"has_location":false,"update_date":"2026-01-29T09:09:19","atum_locations":[],"atum_stock_status":"instock","restock_status":false,"low_stock_amount":1,"sales_update_date":"2026-01-29T09:09:19","calc_backorders":null,"_links":{"self":[{"href":"https:\/\/mps.digital-monkey.in\/es\/wp-json\/wp\/v2\/product\/46109","targetHints":{"allow":["GET"]}}],"collection":[{"href":"https:\/\/mps.digital-monkey.in\/es\/wp-json\/wp\/v2\/product"}],"about":[{"href":"https:\/\/mps.digital-monkey.in\/es\/wp-json\/wp\/v2\/types\/product"}],"replies":[{"embeddable":true,"href":"https:\/\/mps.digital-monkey.in\/es\/wp-json\/wp\/v2\/comments?post=46109"}],"wp:featuredmedia":[{"embeddable":true,"href":"https:\/\/mps.digital-monkey.in\/es\/wp-json\/wp\/v2\/media\/46110"}],"wp:attachment":[{"href":"https:\/\/mps.digital-monkey.in\/es\/wp-json\/wp\/v2\/media?parent=46109"}],"wp:term":[{"taxonomy":"product_brand","embeddable":true,"href":"https:\/\/mps.digital-monkey.in\/es\/wp-json\/wp\/v2\/product_brand?post=46109"},{"taxonomy":"product_cat","embeddable":true,"href":"https:\/\/mps.digital-monkey.in\/es\/wp-json\/wp\/v2\/product_cat?post=46109"},{"taxonomy":"product_tag","embeddable":true,"href":"https:\/\/mps.digital-monkey.in\/es\/wp-json\/wp\/v2\/product_tag?post=46109"}],"curies":[{"name":"wp","href":"https:\/\/api.w.org\/{rel}","templated":true}]}}