{"id":46119,"date":"2026-01-13T16:10:41","date_gmt":"2026-01-13T16:10:41","guid":{"rendered":"https:\/\/mps.digital-monkey.in\/product\/junta-bomba-aceite-yanmar-119000-32020-series-4lh-4lha\/"},"modified":"2026-01-13T16:10:41","modified_gmt":"2026-01-13T16:10:41","slug":"junta-bomba-aceite-yanmar-119000-32020-series-4lh-4lha","status":"publish","type":"product","link":"https:\/\/mps.digital-monkey.in\/es\/producto\/junta-bomba-aceite-yanmar-119000-32020-series-4lh-4lha\/","title":{"rendered":"Junta Bomba Aceite Yanmar | 119000-32020 | Series 4LH &amp; 4LHA"},"content":{"rendered":"<p data-start=\"495\" data-end=\"836\">La <strong data-start=\"499\" data-end=\"540\">junta de la bomba de aceite Yanmar 119000-32020<\/strong> est\u00e1 dise\u00f1ada para proporcionar un sellado seguro y estanco al aceite entre la bomba de aceite y el bloque motor en <strong data-start=\"630\" data-end=\"689\">los motores di\u00e9sel marinos Yanmar de las series 4LH, 4LHA y 4LHS<\/strong>. El correcto sellado de la bomba de aceite es esencial para mantener una presi\u00f3n de aceite correcta y evitar fugas de aceite en el sistema de lubricaci\u00f3n del motor. <\/p>\n<p data-start=\"838\" data-end=\"1085\">Fabricada con material de junta resistente al aceite y cortada con precisi\u00f3n para un ajuste exacto, esta junta es adecuada para el mantenimiento rutinario, el servicio de la bomba de aceite o la revisi\u00f3n del motor en motores Yanmar de la serie LH que funcionan en entornos marinos exigentes.<\/p>\n<h2 data-start=\"1092\" data-end=\"1109\">Tipo de producto<\/h2>\n<p data-start=\"1110\" data-end=\"1127\">Junta de la bomba de aceite<\/p>\n<h2 data-start=\"1134\" data-end=\"1150\">N\u00famero de pieza<\/h2>\n<p data-start=\"1151\" data-end=\"1165\">119000-32020<\/p>\n<h2 data-start=\"1172\" data-end=\"1190\">Compatibilidad<\/h2>\n<p data-start=\"1228\" data-end=\"1244\"><strong data-start=\"1228\" data-end=\"1242\">Serie 4LH<\/strong><\/p>\n<ul data-start=\"1245\" data-end=\"1440\">\n<li data-start=\"1245\" data-end=\"1255\">\n<p data-start=\"1247\" data-end=\"1255\">4LH-TE<\/p>\n<\/li>\n<li data-start=\"1256\" data-end=\"1267\">\n<p data-start=\"1258\" data-end=\"1267\">4LH-HTE<\/p>\n<\/li>\n<li data-start=\"1268\" data-end=\"1279\">\n<p data-start=\"1270\" data-end=\"1279\">4LH-DTE<\/p>\n<\/li>\n<li data-start=\"1280\" data-end=\"1291\">\n<p data-start=\"1282\" data-end=\"1291\">4LH-STE<\/p>\n<\/li>\n<li data-start=\"1292\" data-end=\"1302\">\n<p data-start=\"1294\" data-end=\"1302\">4LH-HT<\/p>\n<\/li>\n<li data-start=\"1303\" data-end=\"1314\">\n<p data-start=\"1305\" data-end=\"1314\">4LH-HTZ<\/p>\n<\/li>\n<li data-start=\"1315\" data-end=\"1328\">\n<p data-start=\"1317\" data-end=\"1328\">4LH-HTZAY<\/p>\n<\/li>\n<li data-start=\"1329\" data-end=\"1340\">\n<p data-start=\"1331\" data-end=\"1340\">4LH-DTZ<\/p>\n<\/li>\n<li data-start=\"1341\" data-end=\"1351\">\n<p data-start=\"1343\" data-end=\"1351\">4LH-UT<\/p>\n<\/li>\n<li data-start=\"1352\" data-end=\"1365\">\n<p data-start=\"1354\" data-end=\"1365\">4LH-UTZAY<\/p>\n<\/li>\n<li data-start=\"1366\" data-end=\"1377\">\n<p data-start=\"1368\" data-end=\"1377\">4LH-UT2<\/p>\n<\/li>\n<li data-start=\"1378\" data-end=\"1388\">\n<p data-start=\"1380\" data-end=\"1388\">4LH-ST<\/p>\n<\/li>\n<li data-start=\"1389\" data-end=\"1402\">\n<p data-start=\"1391\" data-end=\"1402\">4LH-STZAY<\/p>\n<\/li>\n<li data-start=\"1403\" data-end=\"1414\">\n<p data-start=\"1405\" data-end=\"1414\">4LH-STZ<\/p>\n<\/li>\n<li data-start=\"1415\" data-end=\"1426\">\n<p data-start=\"1417\" data-end=\"1426\">4LH-WST<\/p>\n<\/li>\n<li data-start=\"1427\" data-end=\"1440\">\n<p data-start=\"1429\" data-end=\"1440\">4LH-WSTZY<\/p>\n<\/li>\n<\/ul>\n<p data-start=\"1442\" data-end=\"1459\"><strong data-start=\"1442\" data-end=\"1457\">Serie 4LHA<\/strong><\/p>\n<ul data-start=\"1460\" data-end=\"1485\">\n<li data-start=\"1460\" data-end=\"1472\">\n<p data-start=\"1462\" data-end=\"1472\">4LHA-STE<\/p>\n<\/li>\n<li data-start=\"1473\" data-end=\"1485\">\n<p data-start=\"1475\" data-end=\"1485\">4LHA-STP<\/p>\n<\/li>\n<\/ul>\n<p data-start=\"1487\" data-end=\"1504\"><strong data-start=\"1487\" data-end=\"1502\">Serie 4LHS<\/strong><\/p>\n<ul data-start=\"1505\" data-end=\"1640\">\n<li data-start=\"1505\" data-end=\"1518\">\n<p data-start=\"1507\" data-end=\"1518\">4LHS-STZE<\/p>\n<\/li>\n<li data-start=\"1519\" data-end=\"1532\">\n<p data-start=\"1521\" data-end=\"1532\">4LHS-STZP<\/p>\n<\/li>\n<li data-start=\"1533\" data-end=\"1545\">\n<p data-start=\"1535\" data-end=\"1545\">4LHS-DTE<\/p>\n<\/li>\n<li data-start=\"1546\" data-end=\"1558\">\n<p data-start=\"1548\" data-end=\"1558\">4LHS-DTP<\/p>\n<\/li>\n<li data-start=\"1559\" data-end=\"1572\">\n<p data-start=\"1561\" data-end=\"1572\">4LHS-DTZE<\/p>\n<\/li>\n<li data-start=\"1573\" data-end=\"1586\">\n<p data-start=\"1575\" data-end=\"1586\">4LHS-DTZP<\/p>\n<\/li>\n<li data-start=\"1587\" data-end=\"1599\">\n<p data-start=\"1589\" data-end=\"1599\">4LHS-HTE<\/p>\n<\/li>\n<li data-start=\"1600\" data-end=\"1612\">\n<p data-start=\"1602\" data-end=\"1612\">4LHS-HTP<\/p>\n<\/li>\n<li data-start=\"1613\" data-end=\"1626\">\n<p data-start=\"1615\" data-end=\"1626\">4LHS-HTZE<\/p>\n<\/li>\n<li data-start=\"1627\" data-end=\"1640\">\n<p data-start=\"1629\" data-end=\"1640\">4LHS-HTZP<\/p>\n<\/li>\n<\/ul>\n","protected":false},"excerpt":{"rendered":"<p>La junta de la bomba de aceite Yanmar 119000-32020 est\u00e1 dise\u00f1ada para proporcionar un sellado seguro y estanco al aceite entre la bomba de aceite y el bloque motor en los motores di\u00e9sel marinos Yanmar de las series 4LH, 4LHA y 4LHS. El correcto sellado de la bomba de aceite es esencial para mantener una [&hellip;]<\/p>\n","protected":false},"featured_media":46120,"comment_status":"open","ping_status":"closed","template":"","meta":[],"product_brand":[4235],"product_cat":[3041,3040,2497,4448],"product_tag":[],"class_list":{"0":"post-46119","1":"product","2":"type-product","3":"status-publish","4":"has-post-thumbnail","6":"product_brand-yanmar","7":"product_cat-juntas-de-motor","8":"product_cat-kits-de-mantenimiento-y-reparacion","9":"product_cat-piezas-de-mantenimiento-del-motor","10":"product_cat-yanmar","11":"pa_condition-nuevo","12":"pa_model-4lh","13":"pa_model-4lh-dte","14":"pa_model-4lh-dtz","15":"pa_model-4lh-hte","16":"pa_model-4lh-htz","17":"pa_model-4lh-htzay","18":"pa_model-4lh-ste","19":"pa_model-4lh-te","20":"pa_model-4lh-ut","21":"pa_model-4lha","22":"pa_model-4lha-dte","23":"pa_model-4lha-ste","24":"pa_model-4lha-stp","25":"pa_oem-or-aftermarket-posventa","27":"first","28":"instock","29":"taxable","30":"shipping-taxable","31":"purchasable","32":"product-type-simple"},"supplier_id":7294,"supplier_sku":"REC119000-32020","barcode":null,"atum_controlled":true,"out_stock_date":null,"out_stock_threshold":null,"inheritable":false,"inbound_stock":0,"stock_on_hold":0,"sold_today":0,"sales_last_days":0,"reserved_stock":0,"customer_returns":0,"warehouse_damage":0,"lost_in_post":0,"other_logs":0,"out_stock_days":0,"lost_sales":0,"has_location":false,"update_date":"2026-01-29T09:10:01","atum_locations":[],"atum_stock_status":"instock","restock_status":false,"low_stock_amount":0,"sales_update_date":"2026-01-29T09:10:01","calc_backorders":null,"_links":{"self":[{"href":"https:\/\/mps.digital-monkey.in\/es\/wp-json\/wp\/v2\/product\/46119","targetHints":{"allow":["GET"]}}],"collection":[{"href":"https:\/\/mps.digital-monkey.in\/es\/wp-json\/wp\/v2\/product"}],"about":[{"href":"https:\/\/mps.digital-monkey.in\/es\/wp-json\/wp\/v2\/types\/product"}],"replies":[{"embeddable":true,"href":"https:\/\/mps.digital-monkey.in\/es\/wp-json\/wp\/v2\/comments?post=46119"}],"wp:featuredmedia":[{"embeddable":true,"href":"https:\/\/mps.digital-monkey.in\/es\/wp-json\/wp\/v2\/media\/46120"}],"wp:attachment":[{"href":"https:\/\/mps.digital-monkey.in\/es\/wp-json\/wp\/v2\/media?parent=46119"}],"wp:term":[{"taxonomy":"product_brand","embeddable":true,"href":"https:\/\/mps.digital-monkey.in\/es\/wp-json\/wp\/v2\/product_brand?post=46119"},{"taxonomy":"product_cat","embeddable":true,"href":"https:\/\/mps.digital-monkey.in\/es\/wp-json\/wp\/v2\/product_cat?post=46119"},{"taxonomy":"product_tag","embeddable":true,"href":"https:\/\/mps.digital-monkey.in\/es\/wp-json\/wp\/v2\/product_tag?post=46119"}],"curies":[{"name":"wp","href":"https:\/\/api.w.org\/{rel}","templated":true}]}}