{"id":46129,"date":"2026-01-14T08:07:02","date_gmt":"2026-01-14T08:07:02","guid":{"rendered":"https:\/\/mps.digital-monkey.in\/product\/juego-de-juntas-de-culata-volvo-penta-md32-aqd32a-876416\/"},"modified":"2026-01-14T08:07:02","modified_gmt":"2026-01-14T08:07:02","slug":"juego-de-juntas-de-culata-volvo-penta-md32-aqd32a-876416","status":"publish","type":"product","link":"https:\/\/mps.digital-monkey.in\/es\/producto\/juego-de-juntas-de-culata-volvo-penta-md32-aqd32a-876416\/","title":{"rendered":"Juego de juntas de culata Volvo Penta MD32 \/ AQD32A | 876416"},"content":{"rendered":"<p data-start=\"528\" data-end=\"850\">El <strong data-start=\"532\" data-end=\"581\">Juego de juntas de culata Volvo<\/strong> <strong data-start=\"662\" data-end=\"715\">Penta<\/strong> <strong data-start=\"532\" data-end=\"581\">876416<\/strong> es un juego de juntas completo dise\u00f1ado para sustituir la <strong data-start=\"634\" data-end=\"658\">junta de culata<\/strong> en <strong data-start=\"662\" data-end=\"715\">motores diesel marinos Volvo Penta MD32 y AQD32A<\/strong>. Este juego incluye todas las juntas y retenes necesarios para garantizar un sellado correcto durante el desmontaje y la reinstalaci\u00f3n de la culata. <\/p>\n<p data-start=\"852\" data-end=\"1196\">El uso de un juego completo de juntas de culata es esencial cuando se realiza el mantenimiento de la culata, ya que garantiza un sellado fiable de las c\u00e1maras de combusti\u00f3n, los conductos de refrigerante y las galer\u00edas de aceite. Fabricado seg\u00fan especificaciones equivalentes a las de los OEM, este juego de juntas proporciona durabilidad, ajuste correcto y rendimiento fiable en las exigentes condiciones de funcionamiento marino. <\/p>\n<h2 data-start=\"1203\" data-end=\"1220\">Tipo de producto<\/h2>\n<p data-start=\"1221\" data-end=\"1263\">Juego de juntas de culata<\/p>\n<h2 data-start=\"1270\" data-end=\"1286\">N\u00famero de pieza<\/h2>\n<p data-start=\"1287\" data-end=\"1295\">876416<\/p>\n<h2 data-start=\"1302\" data-end=\"1348\">Sustituye a la pieza original Volvo Penta<\/h2>\n<ul data-start=\"1349\" data-end=\"1361\">\n<li data-start=\"1349\" data-end=\"1361\">\n<p data-start=\"1351\" data-end=\"1361\"><strong data-start=\"1351\" data-end=\"1361\">876416<\/strong><\/p>\n<\/li>\n<\/ul>\n<h2 data-start=\"1368\" data-end=\"1386\">Compatibilidad<\/h2>\n<p data-start=\"1387\" data-end=\"1422\">Apto para motores Volvo Penta:<\/p>\n<ul data-start=\"1423\" data-end=\"1448\">\n<li data-start=\"1423\" data-end=\"1435\">\n<p data-start=\"1425\" data-end=\"1435\"><strong data-start=\"1425\" data-end=\"1433\">MD32<\/strong><\/p>\n<\/li>\n<li data-start=\"1436\" data-end=\"1448\">\n<p data-start=\"1438\" data-end=\"1448\"><strong data-start=\"1438\" data-end=\"1448\">AQD32A<\/strong><\/p>\n<\/li>\n<\/ul>\n","protected":false},"excerpt":{"rendered":"<p>El Juego de juntas de culata Volvo Penta 876416 es un juego de juntas completo dise\u00f1ado para sustituir la junta de culata en motores diesel marinos Volvo Penta MD32 y AQD32A. Este juego incluye todas las juntas y retenes necesarios para garantizar un sellado correcto durante el desmontaje y la reinstalaci\u00f3n de la culata. El [&hellip;]<\/p>\n","protected":false},"featured_media":46130,"comment_status":"open","ping_status":"closed","template":"","meta":[],"product_brand":[4229],"product_cat":[4495,3041,3040,2497,4302],"product_tag":[],"class_list":{"0":"post-46129","1":"product","2":"type-product","3":"status-publish","4":"has-post-thumbnail","6":"product_brand-volvo-penta","7":"product_cat-comprar-recambios-usados-volvo-penta","8":"product_cat-juntas-de-motor","9":"product_cat-kits-de-mantenimiento-y-reparacion","10":"product_cat-piezas-de-mantenimiento-del-motor","11":"product_cat-volvo-penta","12":"pa_condition-nuevo","13":"pa_model-aqd32","14":"pa_model-md32","15":"pa_oem-or-aftermarket-posventa","17":"first","18":"onbackorder","19":"taxable","20":"shipping-taxable","21":"purchasable","22":"product-type-simple"},"supplier_id":7294,"supplier_sku":"REC876416","barcode":null,"atum_controlled":true,"out_stock_date":"2026-01-14 08:07:07","out_stock_threshold":null,"inheritable":false,"inbound_stock":null,"stock_on_hold":null,"sold_today":null,"sales_last_days":null,"reserved_stock":null,"customer_returns":null,"warehouse_damage":null,"lost_in_post":null,"other_logs":null,"out_stock_days":0,"lost_sales":null,"has_location":false,"update_date":"2026-01-14T08:08:22","atum_locations":[],"atum_stock_status":"onbackorder","restock_status":false,"low_stock_amount":1,"sales_update_date":null,"calc_backorders":null,"_links":{"self":[{"href":"https:\/\/mps.digital-monkey.in\/es\/wp-json\/wp\/v2\/product\/46129","targetHints":{"allow":["GET"]}}],"collection":[{"href":"https:\/\/mps.digital-monkey.in\/es\/wp-json\/wp\/v2\/product"}],"about":[{"href":"https:\/\/mps.digital-monkey.in\/es\/wp-json\/wp\/v2\/types\/product"}],"replies":[{"embeddable":true,"href":"https:\/\/mps.digital-monkey.in\/es\/wp-json\/wp\/v2\/comments?post=46129"}],"wp:featuredmedia":[{"embeddable":true,"href":"https:\/\/mps.digital-monkey.in\/es\/wp-json\/wp\/v2\/media\/46130"}],"wp:attachment":[{"href":"https:\/\/mps.digital-monkey.in\/es\/wp-json\/wp\/v2\/media?parent=46129"}],"wp:term":[{"taxonomy":"product_brand","embeddable":true,"href":"https:\/\/mps.digital-monkey.in\/es\/wp-json\/wp\/v2\/product_brand?post=46129"},{"taxonomy":"product_cat","embeddable":true,"href":"https:\/\/mps.digital-monkey.in\/es\/wp-json\/wp\/v2\/product_cat?post=46129"},{"taxonomy":"product_tag","embeddable":true,"href":"https:\/\/mps.digital-monkey.in\/es\/wp-json\/wp\/v2\/product_tag?post=46129"}],"curies":[{"name":"wp","href":"https:\/\/api.w.org\/{rel}","templated":true}]}}