{"id":46139,"date":"2026-01-14T08:21:32","date_gmt":"2026-01-14T08:21:32","guid":{"rendered":"https:\/\/mps.digital-monkey.in\/product\/kit-de-juntas-del-enfriador-de-aceite-volvo-penta-md29-md32\/"},"modified":"2026-01-14T08:21:32","modified_gmt":"2026-01-14T08:21:32","slug":"kit-de-juntas-del-enfriador-de-aceite-volvo-penta-md29-md32","status":"publish","type":"product","link":"https:\/\/mps.digital-monkey.in\/es\/producto\/kit-de-juntas-del-enfriador-de-aceite-volvo-penta-md29-md32\/","title":{"rendered":"Kit de juntas del enfriador de aceite Volvo Penta MD29 \/ MD32"},"content":{"rendered":"<p data-start=\"483\" data-end=\"788\">El <strong data-start=\"487\" data-end=\"524\">kit de juntas del enfriador de aceite Volvo P<\/strong> enta est\u00e1 dise\u00f1ado para proporcionar un sellado fiable al realizar el mantenimiento o la revisi\u00f3n del <strong data-start=\"599\" data-end=\"613\">enfriador de aceite<\/strong> en determinados motores diesel marinos Volvo Penta. Este kit incluye las juntas y retenes necesarios para evitar fugas de aceite y refrigerante y garantizar el correcto funcionamiento del enfriador de aceite. <\/p>\n<p data-start=\"790\" data-end=\"1123\">El sellado adecuado del enfriador de aceite es esencial para mantener la temperatura correcta del aceite, evitar la contaminaci\u00f3n cruzada entre el aceite y el refrigerante, y garantizar la fiabilidad del motor a largo plazo. Fabricado seg\u00fan especificaciones equivalentes a las de los fabricantes de equipos originales, este kit de juntas ofrece un ajuste preciso y un rendimiento fiable en entornos marinos exigentes. <\/p>\n<h2 data-start=\"1130\" data-end=\"1147\">Tipo de producto<\/h2>\n<p data-start=\"1148\" data-end=\"1171\">Kit de juntas del radiador de aceite<\/p>\n<h2 data-start=\"1178\" data-end=\"1196\">Compatibilidad<\/h2>\n<p data-start=\"1197\" data-end=\"1232\">Apto para motores Volvo Penta:<\/p>\n<ul data-start=\"1233\" data-end=\"1301\">\n<li data-start=\"1233\" data-end=\"1245\">\n<p data-start=\"1235\" data-end=\"1245\"><strong data-start=\"1235\" data-end=\"1243\">MD29<\/strong><\/p>\n<\/li>\n<li data-start=\"1246\" data-end=\"1259\">\n<p data-start=\"1248\" data-end=\"1259\"><strong data-start=\"1248\" data-end=\"1257\">MD29A<\/strong><\/p>\n<\/li>\n<li data-start=\"1260\" data-end=\"1273\">\n<p data-start=\"1262\" data-end=\"1273\"><strong data-start=\"1262\" data-end=\"1271\">MD32A<\/strong><\/p>\n<\/li>\n<li data-start=\"1274\" data-end=\"1288\">\n<p data-start=\"1276\" data-end=\"1288\"><strong data-start=\"1276\" data-end=\"1286\">AQD29<\/strong><\/p>\n<\/li>\n<li data-start=\"1289\" data-end=\"1301\">\n<p data-start=\"1291\" data-end=\"1301\"><strong data-start=\"1291\" data-end=\"1301\">AQD32A<\/strong><\/p>\n<\/li>\n<\/ul>\n<h2 data-start=\"1308\" data-end=\"1324\">Aplicaci\u00f3n<\/h2>\n<ul data-start=\"1325\" data-end=\"1437\">\n<li data-start=\"1325\" data-end=\"1362\">\n<p data-start=\"1327\" data-end=\"1362\">Mantenimiento y revisi\u00f3n del radiador de aceite<\/p>\n<\/li>\n<li data-start=\"1363\" data-end=\"1400\">\n<p data-start=\"1365\" data-end=\"1400\">Sustituci\u00f3n de las juntas del radiador de aceite<\/p>\n<\/li>\n<li data-start=\"1401\" data-end=\"1437\">\n<p data-start=\"1403\" data-end=\"1437\">Evita las fugas de aceite y refrigerante<\/p>\n<\/li>\n<\/ul>\n","protected":false},"excerpt":{"rendered":"<p>El kit de juntas del enfriador de aceite Volvo P enta est\u00e1 dise\u00f1ado para proporcionar un sellado fiable al realizar el mantenimiento o la revisi\u00f3n del enfriador de aceite en determinados motores diesel marinos Volvo Penta. Este kit incluye las juntas y retenes necesarios para evitar fugas de aceite y refrigerante y garantizar el correcto [&hellip;]<\/p>\n","protected":false},"featured_media":46140,"comment_status":"open","ping_status":"closed","template":"","meta":[],"product_brand":[4229],"product_cat":[4486,3041,3040,2497,4302],"product_tag":[],"class_list":{"0":"post-46139","1":"product","2":"type-product","3":"status-publish","4":"has-post-thumbnail","6":"product_brand-volvo-penta","7":"product_cat-necesitas-piezas-volvo-penta","8":"product_cat-juntas-de-motor","9":"product_cat-kits-de-mantenimiento-y-reparacion","10":"product_cat-piezas-de-mantenimiento-del-motor","11":"product_cat-volvo-penta","12":"pa_condition-nuevo","13":"pa_model-aqd29","14":"pa_model-aqd32","15":"pa_model-md29","16":"pa_model-md32","17":"pa_oem-or-aftermarket-posventa","19":"first","20":"onbackorder","21":"taxable","22":"shipping-taxable","23":"purchasable","24":"product-type-simple"},"supplier_id":7294,"supplier_sku":"REC22128","barcode":null,"atum_controlled":true,"out_stock_date":"2026-01-14 08:21:37","out_stock_threshold":null,"inheritable":false,"inbound_stock":0,"stock_on_hold":0,"sold_today":0,"sales_last_days":0,"reserved_stock":0,"customer_returns":0,"warehouse_damage":0,"lost_in_post":0,"other_logs":0,"out_stock_days":15,"lost_sales":0,"has_location":false,"update_date":"2026-01-29T09:10:02","atum_locations":[],"atum_stock_status":"onbackorder","restock_status":false,"low_stock_amount":0,"sales_update_date":"2026-01-29T09:10:02","calc_backorders":null,"_links":{"self":[{"href":"https:\/\/mps.digital-monkey.in\/es\/wp-json\/wp\/v2\/product\/46139","targetHints":{"allow":["GET"]}}],"collection":[{"href":"https:\/\/mps.digital-monkey.in\/es\/wp-json\/wp\/v2\/product"}],"about":[{"href":"https:\/\/mps.digital-monkey.in\/es\/wp-json\/wp\/v2\/types\/product"}],"replies":[{"embeddable":true,"href":"https:\/\/mps.digital-monkey.in\/es\/wp-json\/wp\/v2\/comments?post=46139"}],"wp:featuredmedia":[{"embeddable":true,"href":"https:\/\/mps.digital-monkey.in\/es\/wp-json\/wp\/v2\/media\/46140"}],"wp:attachment":[{"href":"https:\/\/mps.digital-monkey.in\/es\/wp-json\/wp\/v2\/media?parent=46139"}],"wp:term":[{"taxonomy":"product_brand","embeddable":true,"href":"https:\/\/mps.digital-monkey.in\/es\/wp-json\/wp\/v2\/product_brand?post=46139"},{"taxonomy":"product_cat","embeddable":true,"href":"https:\/\/mps.digital-monkey.in\/es\/wp-json\/wp\/v2\/product_cat?post=46139"},{"taxonomy":"product_tag","embeddable":true,"href":"https:\/\/mps.digital-monkey.in\/es\/wp-json\/wp\/v2\/product_tag?post=46139"}],"curies":[{"name":"wp","href":"https:\/\/api.w.org\/{rel}","templated":true}]}}