{"id":46149,"date":"2026-01-14T08:36:35","date_gmt":"2026-01-14T08:36:35","guid":{"rendered":"https:\/\/mps.digital-monkey.in\/product\/juego-de-juntas-del-carter-de-aceite-volvo-penta-aqd32a-md32a-875439\/"},"modified":"2026-01-14T08:36:35","modified_gmt":"2026-01-14T08:36:35","slug":"juego-de-juntas-del-carter-de-aceite-volvo-penta-aqd32a-md32a-875439","status":"publish","type":"product","link":"https:\/\/mps.digital-monkey.in\/es\/product\/juego-de-juntas-del-carter-de-aceite-volvo-penta-aqd32a-md32a-875439\/","title":{"rendered":"Juego de juntas del c\u00e1rter de aceite Volvo Penta AQD32A \/ MD32A | 875439"},"content":{"rendered":"<p data-start=\"477\" data-end=\"819\">El <strong data-start=\"481\" data-end=\"524\">juego de juntas del c\u00e1rter<\/strong> de aceite <strong data-start=\"629\" data-end=\"683\">Volvo Penta<\/strong> <strong data-start=\"481\" data-end=\"524\">875439<\/strong> est\u00e1 dise\u00f1ado para proporcionar un sellado fiable y estanco al aceite al desmontar y volver a montar el c\u00e1rter de aceite (c\u00e1rter) en <strong data-start=\"629\" data-end=\"683\">los motores diesel marinos Volvo Penta AQD32A y MD32A<\/strong>. Este juego de juntas garantiza un sellado adecuado entre el c\u00e1rter de aceite y el bloque del motor, evitando fugas de aceite y manteniendo una lubricaci\u00f3n correcta. <\/p>\n<h2 data-start=\"1105\" data-end=\"1122\">Tipo de producto<\/h2>\n<p data-start=\"1123\" data-end=\"1166\">Juego de juntas del c\u00e1rter de aceite<\/p>\n<h2 data-start=\"1173\" data-end=\"1189\">N\u00famero de pieza<\/h2>\n<p data-start=\"1190\" data-end=\"1198\">875439<\/p>\n<h2 data-start=\"1205\" data-end=\"1223\">Compatibilidad<\/h2>\n<ul data-start=\"1260\" data-end=\"1286\">\n<li data-start=\"1260\" data-end=\"1274\">\n<p data-start=\"1262\" data-end=\"1274\"><strong data-start=\"1262\" data-end=\"1272\">AQD32A<\/strong><\/p>\n<\/li>\n<li data-start=\"1275\" data-end=\"1286\">\n<p data-start=\"1277\" data-end=\"1286\"><strong data-start=\"1277\" data-end=\"1286\">MD32A<\/strong><\/p>\n<\/li>\n<\/ul>\n<h2 data-start=\"1293\" data-end=\"1309\">Aplicaci\u00f3n<\/h2>\n<ul data-start=\"1310\" data-end=\"1428\">\n<li data-start=\"1310\" data-end=\"1350\">\n<p data-start=\"1312\" data-end=\"1350\">Desmontaje y montaje del c\u00e1rter de aceite<\/p>\n<\/li>\n<li data-start=\"1351\" data-end=\"1385\">\n<p data-start=\"1353\" data-end=\"1385\">Sustituci\u00f3n de las juntas del c\u00e1rter de aceite<\/p>\n<\/li>\n<li data-start=\"1386\" data-end=\"1428\">\n<p data-start=\"1388\" data-end=\"1428\">Revisi\u00f3n del motor y trabajos de mantenimiento importantes<\/p>\n<\/li>\n<\/ul>\n","protected":false},"excerpt":{"rendered":"<p>El juego de juntas del c\u00e1rter de aceite Volvo Penta 875439 est\u00e1 dise\u00f1ado para proporcionar un sellado fiable y estanco al aceite al desmontar y volver a montar el c\u00e1rter de aceite (c\u00e1rter) en los motores diesel marinos Volvo Penta AQD32A y MD32A. Este juego de juntas garantiza un sellado adecuado entre el c\u00e1rter de [&hellip;]<\/p>\n","protected":false},"featured_media":46150,"comment_status":"open","ping_status":"closed","template":"","meta":[],"product_brand":[4229],"product_cat":[4486,3041,3040,2497,4302],"product_tag":[],"class_list":{"0":"post-46149","1":"product","2":"type-product","3":"status-publish","4":"has-post-thumbnail","6":"product_brand-volvo-penta","7":"product_cat-necesitas-piezas-volvo-penta","8":"product_cat-juntas-de-motor","9":"product_cat-kits-de-mantenimiento-y-reparacion","10":"product_cat-piezas-de-mantenimiento-del-motor","11":"product_cat-volvo-penta","12":"pa_condition-nuevo","13":"pa_model-aqd32","14":"pa_model-md32","15":"pa_oem-or-aftermarket-posventa","17":"first","18":"onbackorder","19":"sale","20":"taxable","21":"shipping-taxable","22":"purchasable","23":"product-type-simple"},"supplier_id":7294,"supplier_sku":"REC875439","barcode":null,"atum_controlled":true,"out_stock_date":"2026-01-14 08:36:40","out_stock_threshold":null,"inheritable":false,"inbound_stock":null,"stock_on_hold":null,"sold_today":null,"sales_last_days":null,"reserved_stock":null,"customer_returns":null,"warehouse_damage":null,"lost_in_post":null,"other_logs":null,"out_stock_days":0,"lost_sales":null,"has_location":false,"update_date":"2026-01-14T08:36:44","atum_locations":[],"atum_stock_status":"onbackorder","restock_status":false,"low_stock_amount":1,"sales_update_date":null,"calc_backorders":null,"_links":{"self":[{"href":"https:\/\/mps.digital-monkey.in\/es\/wp-json\/wp\/v2\/product\/46149","targetHints":{"allow":["GET"]}}],"collection":[{"href":"https:\/\/mps.digital-monkey.in\/es\/wp-json\/wp\/v2\/product"}],"about":[{"href":"https:\/\/mps.digital-monkey.in\/es\/wp-json\/wp\/v2\/types\/product"}],"replies":[{"embeddable":true,"href":"https:\/\/mps.digital-monkey.in\/es\/wp-json\/wp\/v2\/comments?post=46149"}],"wp:featuredmedia":[{"embeddable":true,"href":"https:\/\/mps.digital-monkey.in\/es\/wp-json\/wp\/v2\/media\/46150"}],"wp:attachment":[{"href":"https:\/\/mps.digital-monkey.in\/es\/wp-json\/wp\/v2\/media?parent=46149"}],"wp:term":[{"taxonomy":"product_brand","embeddable":true,"href":"https:\/\/mps.digital-monkey.in\/es\/wp-json\/wp\/v2\/product_brand?post=46149"},{"taxonomy":"product_cat","embeddable":true,"href":"https:\/\/mps.digital-monkey.in\/es\/wp-json\/wp\/v2\/product_cat?post=46149"},{"taxonomy":"product_tag","embeddable":true,"href":"https:\/\/mps.digital-monkey.in\/es\/wp-json\/wp\/v2\/product_tag?post=46149"}],"curies":[{"name":"wp","href":"https:\/\/api.w.org\/{rel}","templated":true}]}}