{"id":46174,"date":"2026-01-14T09:40:02","date_gmt":"2026-01-14T09:40:02","guid":{"rendered":"https:\/\/mps.digital-monkey.in\/product\/kit-de-juntas-del-intercambiador-de-calor-volvo-penta-aqd21a-md21b\/"},"modified":"2026-01-14T09:40:02","modified_gmt":"2026-01-14T09:40:02","slug":"kit-de-juntas-del-intercambiador-de-calor-volvo-penta-aqd21a-md21b","status":"publish","type":"product","link":"https:\/\/mps.digital-monkey.in\/es\/producto\/kit-de-juntas-del-intercambiador-de-calor-volvo-penta-aqd21a-md21b\/","title":{"rendered":"Kit de juntas del intercambiador de calor Volvo Penta AQD21A \/ MD21B"},"content":{"rendered":"<p data-start=\"482\" data-end=\"812\">El <strong data-start=\"486\" data-end=\"548\">Kit de juntas del intercambiador de calor Volvo<\/strong> Penta <strong data-start=\"486\" data-end=\"548\">AQD21A \/ MD21B<\/strong> est\u00e1 dise\u00f1ado para garantizar un sellado fiable al realizar el mantenimiento o la revisi\u00f3n del intercambiador de calor de estos motores diesel marinos Volvo Penta. El kit incluye las juntas y retenes necesarios para evitar fugas de refrigerante y agua de mar, manteniendo al mismo tiempo una transferencia de calor eficaz. <\/p>\n<p data-start=\"814\" data-end=\"1121\">El sellado adecuado del intercambiador de calor es esencial para la correcta refrigeraci\u00f3n del motor, la prevenci\u00f3n de la corrosi\u00f3n y la fiabilidad del motor a largo plazo. Fabricado seg\u00fan especificaciones equivalentes a las de los fabricantes de equipos originales, este kit de juntas proporciona un ajuste preciso, materiales duraderos y un rendimiento fiable en condiciones de funcionamiento marinas. <\/p>\n<h2 data-start=\"1128\" data-end=\"1145\">Tipo de producto<\/h2>\n<p data-start=\"1146\" data-end=\"1173\">Kit de juntas del intercambiador de calor<\/p>\n<h2 data-start=\"1180\" data-end=\"1198\">Compatibilidad<\/h2>\n<p data-start=\"1199\" data-end=\"1234\">Apto para motores Volvo Penta:<\/p>\n<ul data-start=\"1235\" data-end=\"1261\">\n<li data-start=\"1235\" data-end=\"1249\">\n<p data-start=\"1237\" data-end=\"1249\"><strong data-start=\"1237\" data-end=\"1247\">AQD21A<\/strong><\/p>\n<\/li>\n<li data-start=\"1250\" data-end=\"1261\">\n<p data-start=\"1252\" data-end=\"1261\"><strong data-start=\"1252\" data-end=\"1261\">MD21B<\/strong><\/p>\n<\/li>\n<\/ul>\n<h2 data-start=\"1268\" data-end=\"1284\">Aplicaci\u00f3n<\/h2>\n<ul data-start=\"1285\" data-end=\"1408\">\n<li data-start=\"1285\" data-end=\"1324\">\n<p data-start=\"1287\" data-end=\"1324\">Servicio y revisi\u00f3n del intercambiador de calor<\/p>\n<\/li>\n<li data-start=\"1325\" data-end=\"1366\">\n<p data-start=\"1327\" data-end=\"1366\">Sustituci\u00f3n de las juntas del intercambiador de calor<\/p>\n<\/li>\n<li data-start=\"1367\" data-end=\"1408\">\n<p data-start=\"1369\" data-end=\"1408\">Evita las fugas de refrigerante y agua de mar<\/p>\n<\/li>\n<\/ul>\n","protected":false},"excerpt":{"rendered":"<p>El Kit de juntas del intercambiador de calor Volvo Penta AQD21A \/ MD21B est\u00e1 dise\u00f1ado para garantizar un sellado fiable al realizar el mantenimiento o la revisi\u00f3n del intercambiador de calor de estos motores diesel marinos Volvo Penta. El kit incluye las juntas y retenes necesarios para evitar fugas de refrigerante y agua de mar, [&hellip;]<\/p>\n","protected":false},"featured_media":46175,"comment_status":"open","ping_status":"closed","template":"","meta":[],"product_brand":[4229],"product_cat":[3041,3040,2497],"product_tag":[],"class_list":{"0":"post-46174","1":"product","2":"type-product","3":"status-publish","4":"has-post-thumbnail","6":"product_brand-volvo-penta","7":"product_cat-juntas-de-motor","8":"product_cat-kits-de-mantenimiento-y-reparacion","9":"product_cat-piezas-de-mantenimiento-del-motor","10":"pa_condition-nuevo","11":"pa_model-aqd21a","12":"pa_model-md21b","13":"pa_oem-or-aftermarket-posventa","15":"first","16":"onbackorder","17":"taxable","18":"shipping-taxable","19":"purchasable","20":"product-type-simple"},"supplier_id":7294,"supplier_sku":"REC22123","barcode":null,"atum_controlled":true,"out_stock_date":"2026-01-14 09:40:09","out_stock_threshold":null,"inheritable":false,"inbound_stock":0,"stock_on_hold":0,"sold_today":0,"sales_last_days":0,"reserved_stock":0,"customer_returns":0,"warehouse_damage":0,"lost_in_post":0,"other_logs":0,"out_stock_days":14,"lost_sales":0,"has_location":false,"update_date":"2026-01-29T09:10:25","atum_locations":[],"atum_stock_status":"onbackorder","restock_status":false,"low_stock_amount":1,"sales_update_date":"2026-01-29T09:10:25","calc_backorders":null,"_links":{"self":[{"href":"https:\/\/mps.digital-monkey.in\/es\/wp-json\/wp\/v2\/product\/46174","targetHints":{"allow":["GET"]}}],"collection":[{"href":"https:\/\/mps.digital-monkey.in\/es\/wp-json\/wp\/v2\/product"}],"about":[{"href":"https:\/\/mps.digital-monkey.in\/es\/wp-json\/wp\/v2\/types\/product"}],"replies":[{"embeddable":true,"href":"https:\/\/mps.digital-monkey.in\/es\/wp-json\/wp\/v2\/comments?post=46174"}],"wp:featuredmedia":[{"embeddable":true,"href":"https:\/\/mps.digital-monkey.in\/es\/wp-json\/wp\/v2\/media\/46175"}],"wp:attachment":[{"href":"https:\/\/mps.digital-monkey.in\/es\/wp-json\/wp\/v2\/media?parent=46174"}],"wp:term":[{"taxonomy":"product_brand","embeddable":true,"href":"https:\/\/mps.digital-monkey.in\/es\/wp-json\/wp\/v2\/product_brand?post=46174"},{"taxonomy":"product_cat","embeddable":true,"href":"https:\/\/mps.digital-monkey.in\/es\/wp-json\/wp\/v2\/product_cat?post=46174"},{"taxonomy":"product_tag","embeddable":true,"href":"https:\/\/mps.digital-monkey.in\/es\/wp-json\/wp\/v2\/product_tag?post=46174"}],"curies":[{"name":"wp","href":"https:\/\/api.w.org\/{rel}","templated":true}]}}