{"id":46182,"date":"2026-01-14T10:19:57","date_gmt":"2026-01-14T10:19:57","guid":{"rendered":"https:\/\/mps.digital-monkey.in\/product\/juego-de-juntas-de-bomba-de-circulacion-volvo-penta-826870-md21b-aqd21b\/"},"modified":"2026-01-14T10:19:57","modified_gmt":"2026-01-14T10:19:57","slug":"juego-de-juntas-de-bomba-de-circulacion-volvo-penta-826870-md21b-aqd21b","status":"publish","type":"product","link":"https:\/\/mps.digital-monkey.in\/es\/producto\/juego-de-juntas-de-bomba-de-circulacion-volvo-penta-826870-md21b-aqd21b\/","title":{"rendered":"Juego de juntas de bomba de circulaci\u00f3n Volvo Penta 826870 | MD21B \/ AQD21B"},"content":{"rendered":"<p data-start=\"488\" data-end=\"833\">El <strong data-start=\"492\" data-end=\"544\">Juego de juntas de la bomba de circulaci\u00f3n Volvo<\/strong> <strong data-start=\"649\" data-end=\"703\">Penta<\/strong> <strong data-start=\"492\" data-end=\"544\">826870<\/strong> est\u00e1 dise\u00f1ado para proporcionar un sellado fiable al revisar o reconstruir la <strong data-start=\"618\" data-end=\"645\">bomba de circulaci\u00f3n<\/strong> del <strong data-start=\"649\" data-end=\"703\">motor<\/strong> en <strong data-start=\"649\" data-end=\"703\">los motores diesel marinos Volvo Penta MD21B y AQD21B<\/strong>. Este juego de juntas incluye las juntas necesarias para evitar fugas de refrigerante y garantizar una circulaci\u00f3n adecuada del refrigerante por el motor. <\/p>\n<p data-start=\"835\" data-end=\"1127\">El sellado adecuado de la bomba de circulaci\u00f3n es esencial para mantener la temperatura correcta del motor y evitar la p\u00e9rdida de refrigerante. Fabricado seg\u00fan especificaciones equivalentes a las de los fabricantes de equipos originales, este juego de juntas garantiza un ajuste preciso, un rendimiento duradero y un funcionamiento fiable en entornos marinos exigentes. <\/p>\n<h2 data-start=\"1134\" data-end=\"1151\">Tipo de producto<\/h2>\n<p data-start=\"1152\" data-end=\"1181\">Juego de juntas de la bomba de circulaci\u00f3n<\/p>\n<h2 data-start=\"1188\" data-end=\"1204\">N\u00famero de pieza<\/h2>\n<p data-start=\"1205\" data-end=\"1213\">826870<\/p>\n<h2 data-start=\"1220\" data-end=\"1238\">Compatibilidad<\/h2>\n<p data-start=\"1239\" data-end=\"1274\">Adecuado para motores Volvo Penta:<\/p>\n<ul data-start=\"1275\" data-end=\"1301\">\n<li data-start=\"1275\" data-end=\"1288\">\n<p data-start=\"1277\" data-end=\"1288\"><strong data-start=\"1277\" data-end=\"1286\">MD21B<\/strong><\/p>\n<\/li>\n<li data-start=\"1289\" data-end=\"1301\">\n<p data-start=\"1291\" data-end=\"1301\"><strong data-start=\"1291\" data-end=\"1301\">AQD21B<\/strong><\/p>\n<\/li>\n<\/ul>\n<h2 data-start=\"1308\" data-end=\"1324\">Aplicaci\u00f3n<\/h2>\n<ul data-start=\"1325\" data-end=\"1441\">\n<li data-start=\"1325\" data-end=\"1368\">\n<p data-start=\"1327\" data-end=\"1368\">Mantenimiento y revisi\u00f3n de la bomba de circulaci\u00f3n<\/p>\n<\/li>\n<li data-start=\"1369\" data-end=\"1412\">\n<p data-start=\"1371\" data-end=\"1412\">Sustituci\u00f3n de las juntas de la bomba de circulaci\u00f3n<\/p>\n<\/li>\n<li data-start=\"1413\" data-end=\"1441\">\n<p data-start=\"1415\" data-end=\"1441\">Evita las fugas de refrigerante<\/p>\n<\/li>\n<\/ul>\n","protected":false},"excerpt":{"rendered":"<p>El Juego de juntas de la bomba de circulaci\u00f3n Volvo Penta 826870 est\u00e1 dise\u00f1ado para proporcionar un sellado fiable al revisar o reconstruir la bomba de circulaci\u00f3n del motor en los motores diesel marinos Volvo Penta MD21B y AQD21B. Este juego de juntas incluye las juntas necesarias para evitar fugas de refrigerante y garantizar una [&hellip;]<\/p>\n","protected":false},"featured_media":46183,"comment_status":"open","ping_status":"closed","template":"","meta":[],"product_brand":[4229],"product_cat":[3041,3040,3213,2497],"product_tag":[],"class_list":{"0":"post-46182","1":"product","2":"type-product","3":"status-publish","4":"has-post-thumbnail","6":"product_brand-volvo-penta","7":"product_cat-juntas-de-motor","8":"product_cat-kits-de-mantenimiento-y-reparacion","9":"product_cat-piezas-de-la-bomba-de-agua","10":"product_cat-piezas-de-mantenimiento-del-motor","11":"pa_condition-nuevo","12":"pa_model-aqd21b","13":"pa_model-md21","14":"pa_model-md21b","15":"pa_oem-or-aftermarket-posventa","17":"first","18":"instock","19":"taxable","20":"shipping-taxable","21":"purchasable","22":"product-type-simple"},"supplier_id":7294,"supplier_sku":"REC22126","barcode":null,"atum_controlled":true,"out_stock_date":null,"out_stock_threshold":null,"inheritable":false,"inbound_stock":0,"stock_on_hold":0,"sold_today":0,"sales_last_days":0,"reserved_stock":0,"customer_returns":0,"warehouse_damage":0,"lost_in_post":0,"other_logs":0,"out_stock_days":0,"lost_sales":0,"has_location":false,"update_date":"2026-03-05T15:28:14","atum_locations":[],"atum_stock_status":"instock","restock_status":false,"low_stock_amount":1,"sales_update_date":"2026-03-05T15:28:14","calc_backorders":0,"_links":{"self":[{"href":"https:\/\/mps.digital-monkey.in\/es\/wp-json\/wp\/v2\/product\/46182","targetHints":{"allow":["GET"]}}],"collection":[{"href":"https:\/\/mps.digital-monkey.in\/es\/wp-json\/wp\/v2\/product"}],"about":[{"href":"https:\/\/mps.digital-monkey.in\/es\/wp-json\/wp\/v2\/types\/product"}],"replies":[{"embeddable":true,"href":"https:\/\/mps.digital-monkey.in\/es\/wp-json\/wp\/v2\/comments?post=46182"}],"wp:featuredmedia":[{"embeddable":true,"href":"https:\/\/mps.digital-monkey.in\/es\/wp-json\/wp\/v2\/media\/46183"}],"wp:attachment":[{"href":"https:\/\/mps.digital-monkey.in\/es\/wp-json\/wp\/v2\/media?parent=46182"}],"wp:term":[{"taxonomy":"product_brand","embeddable":true,"href":"https:\/\/mps.digital-monkey.in\/es\/wp-json\/wp\/v2\/product_brand?post=46182"},{"taxonomy":"product_cat","embeddable":true,"href":"https:\/\/mps.digital-monkey.in\/es\/wp-json\/wp\/v2\/product_cat?post=46182"},{"taxonomy":"product_tag","embeddable":true,"href":"https:\/\/mps.digital-monkey.in\/es\/wp-json\/wp\/v2\/product_tag?post=46182"}],"curies":[{"name":"wp","href":"https:\/\/api.w.org\/{rel}","templated":true}]}}