{"id":46203,"date":"2026-01-14T13:27:18","date_gmt":"2026-01-14T13:27:18","guid":{"rendered":"https:\/\/mps.digital-monkey.in\/product\/volvo-penta-juego-de-cojinete-principal-std-875306-aqd21a-aqd21b-md21a\/"},"modified":"2026-01-14T13:27:18","modified_gmt":"2026-01-14T13:27:18","slug":"volvo-penta-juego-de-cojinete-principal-std-875306-aqd21a-aqd21b-md21a","status":"publish","type":"product","link":"https:\/\/mps.digital-monkey.in\/es\/producto\/volvo-penta-juego-de-cojinete-principal-std-875306-aqd21a-aqd21b-md21a\/","title":{"rendered":"Volvo Penta Juego de cojinete principal STD 875306 | AQD21A \/ AQD21B \/ MD21A"},"content":{"rendered":"<p data-start=\"534\" data-end=\"857\">El <strong data-start=\"538\" data-end=\"590\">Juego de cojinetes de bancada Volvo<\/strong> <strong data-start=\"672\" data-end=\"719\">Penta<\/strong> <strong data-start=\"538\" data-end=\"590\">- Est\u00e1ndar 875306<\/strong> est\u00e1 dise\u00f1ado para proporcionar un apoyo correcto del cig\u00fce\u00f1al y un funcionamiento suave del motor en <strong data-start=\"672\" data-end=\"719\">los motores diesel marinos Volvo Penta de la serie 21<\/strong>.<\/p>\n<p data-start=\"859\" data-end=\"1229\">Este <strong data-start=\"864\" data-end=\"904\">juego de cojinetes de bancada de tama\u00f1o est\u00e1ndar (STD<\/strong> ) es adecuado para motores con cig\u00fce\u00f1ales dentro de las tolerancias originales de f\u00e1brica. Es ideal para reconstruir el motor, revisar la parte inferior o realizar trabajos de mantenimiento importantes. Fabricados seg\u00fan especificaciones equivalentes a las de los OEM, los cojinetes ofrecen un ajuste preciso, durabilidad y un rendimiento fiable en entornos marinos exigentes.  <\/p>\n<h2 data-start=\"1236\" data-end=\"1253\">Tipo de producto<\/h2>\n<p data-start=\"1254\" data-end=\"1272\">Juego de cojinetes principales<\/p>\n<h2 data-start=\"1279\" data-end=\"1295\">N\u00famero de pieza<\/h2>\n<p data-start=\"1296\" data-end=\"1304\">875306<\/p>\n<h2 data-start=\"1311\" data-end=\"1328\">Tama\u00f1o del rodamiento<\/h2>\n<p data-start=\"1329\" data-end=\"1343\">Est\u00e1ndar (STD)<\/p>\n<h2 data-start=\"1350\" data-end=\"1368\">Compatibilidad<\/h2>\n<p data-start=\"1369\" data-end=\"1404\">Adecuado para motores Volvo Penta:<\/p>\n<ul data-start=\"1405\" data-end=\"1446\">\n<li data-start=\"1405\" data-end=\"1419\">\n<p data-start=\"1407\" data-end=\"1419\"><strong data-start=\"1407\" data-end=\"1417\">AQD21A<\/strong><\/p>\n<\/li>\n<li data-start=\"1420\" data-end=\"1434\">\n<p data-start=\"1422\" data-end=\"1434\"><strong data-start=\"1422\" data-end=\"1432\">AQD21B<\/strong><\/p>\n<\/li>\n<li data-start=\"1435\" data-end=\"1446\">\n<p data-start=\"1437\" data-end=\"1446\"><strong data-start=\"1437\" data-end=\"1446\">MD21A<\/strong><\/p>\n<\/li>\n<\/ul>\n","protected":false},"excerpt":{"rendered":"<p>El Juego de cojinetes de bancada Volvo Penta - Est\u00e1ndar 875306 est\u00e1 dise\u00f1ado para proporcionar un apoyo correcto del cig\u00fce\u00f1al y un funcionamiento suave del motor en los motores diesel marinos Volvo Penta de la serie 21. Este juego de cojinetes de bancada de tama\u00f1o est\u00e1ndar (STD ) es adecuado para motores con cig\u00fce\u00f1ales dentro [&hellip;]<\/p>\n","protected":false},"featured_media":46204,"comment_status":"open","ping_status":"closed","template":"","meta":[],"product_brand":[4229],"product_cat":[2518],"product_tag":[],"class_list":{"0":"post-46203","1":"product","2":"type-product","3":"status-publish","4":"has-post-thumbnail","6":"product_brand-volvo-penta","7":"product_cat-piezas-de-motor","8":"pa_condition-nuevo","9":"pa_model-aqd21","10":"pa_model-aqd21a","11":"pa_model-aqd21b","12":"pa_model-md21","13":"pa_model-md21a","14":"pa_model-md21b","15":"pa_oem-or-aftermarket-posventa","17":"first","18":"onbackorder","19":"taxable","20":"shipping-taxable","21":"purchasable","22":"product-type-simple"},"supplier_id":7294,"supplier_sku":"REC875306","barcode":null,"atum_controlled":true,"out_stock_date":"2026-01-14 13:27:23","out_stock_threshold":null,"inheritable":false,"inbound_stock":null,"stock_on_hold":null,"sold_today":null,"sales_last_days":null,"reserved_stock":null,"customer_returns":null,"warehouse_damage":null,"lost_in_post":null,"other_logs":null,"out_stock_days":0,"lost_sales":null,"has_location":false,"update_date":"2026-01-14T13:27:27","atum_locations":[],"atum_stock_status":"onbackorder","restock_status":false,"low_stock_amount":0,"sales_update_date":null,"calc_backorders":null,"_links":{"self":[{"href":"https:\/\/mps.digital-monkey.in\/es\/wp-json\/wp\/v2\/product\/46203","targetHints":{"allow":["GET"]}}],"collection":[{"href":"https:\/\/mps.digital-monkey.in\/es\/wp-json\/wp\/v2\/product"}],"about":[{"href":"https:\/\/mps.digital-monkey.in\/es\/wp-json\/wp\/v2\/types\/product"}],"replies":[{"embeddable":true,"href":"https:\/\/mps.digital-monkey.in\/es\/wp-json\/wp\/v2\/comments?post=46203"}],"wp:featuredmedia":[{"embeddable":true,"href":"https:\/\/mps.digital-monkey.in\/es\/wp-json\/wp\/v2\/media\/46204"}],"wp:attachment":[{"href":"https:\/\/mps.digital-monkey.in\/es\/wp-json\/wp\/v2\/media?parent=46203"}],"wp:term":[{"taxonomy":"product_brand","embeddable":true,"href":"https:\/\/mps.digital-monkey.in\/es\/wp-json\/wp\/v2\/product_brand?post=46203"},{"taxonomy":"product_cat","embeddable":true,"href":"https:\/\/mps.digital-monkey.in\/es\/wp-json\/wp\/v2\/product_cat?post=46203"},{"taxonomy":"product_tag","embeddable":true,"href":"https:\/\/mps.digital-monkey.in\/es\/wp-json\/wp\/v2\/product_tag?post=46203"}],"curies":[{"name":"wp","href":"https:\/\/api.w.org\/{rel}","templated":true}]}}