{"id":46222,"date":"2026-01-14T14:02:02","date_gmt":"2026-01-14T14:02:02","guid":{"rendered":"https:\/\/mps.digital-monkey.in\/product\/juego-de-cojinetes-de-biela-volvo-penta-0-030%e2%80%b3-875303\/"},"modified":"2026-01-14T14:02:02","modified_gmt":"2026-01-14T14:02:02","slug":"juego-de-cojinetes-de-biela-volvo-penta-0-030%e2%80%b3-875303","status":"publish","type":"product","link":"https:\/\/mps.digital-monkey.in\/es\/producto\/juego-de-cojinetes-de-biela-volvo-penta-0-030%e2%80%b3-875303\/","title":{"rendered":"Juego de cojinetes de biela Volvo Penta 0.030\u2033 - 875303"},"content":{"rendered":"<p data-start=\"545\" data-end=\"920\">El <strong data-start=\"549\" data-end=\"618\">Juego de cojinetes de biela Volvo Penta - Sobremedida 0,030\u2033 (875303)<\/strong> est\u00e1 dise\u00f1ado para su uso en <strong data-start=\"642\" data-end=\"701\">motores di\u00e9sel marinos Volvo Penta de las series MD21 y AQD21<\/strong> en los que los mu\u00f1ones del cig\u00fce\u00f1al se han <strong data-start=\"742\" data-end=\"770\">rectificado 0,030 pulgadas<\/strong>. Los cojinetes de biela son esenciales para mantener la holgura correcta del aceite, reducir la fricci\u00f3n y garantizar un funcionamiento suave del pist\u00f3n y el cig\u00fce\u00f1al. <\/p>\n<p data-start=\"922\" data-end=\"1232\">Este <strong data-start=\"927\" data-end=\"958\">juego de cojinetes sobredimensionados de 0,030\u2033<\/strong> est\u00e1 pensado para reconstrucciones profesionales de motores y revisiones del extremo inferior cuando los cojinetes est\u00e1ndar ya no son adecuados. Fabricados seg\u00fan especificaciones equivalentes a las de los fabricantes de equipos originales, los cojinetes proporcionan un ajuste preciso, durabilidad y un rendimiento fiable en entornos marinos exigentes. <\/p>\n<h2 data-start=\"1239\" data-end=\"1256\">Tipo de producto<\/h2>\n<p data-start=\"1257\" data-end=\"1285\">Juego de cojinetes de biela<\/p>\n<h2 data-start=\"1292\" data-end=\"1308\">N\u00famero de pieza<\/h2>\n<p data-start=\"1309\" data-end=\"1317\">875303<\/p>\n<h2 data-start=\"1324\" data-end=\"1341\">Tama\u00f1o del rodamiento<\/h2>\n<p data-start=\"1342\" data-end=\"1373\">Sobremedida <strong data-start=\"1351\" data-end=\"1371\">0,030\u2033. <\/strong> <\/p>\n<h2 data-start=\"1380\" data-end=\"1398\">Compatibilidad<\/h2>\n<p data-start=\"1399\" data-end=\"1434\">Adecuado para motores Volvo Penta:<\/p>\n<ul data-start=\"1435\" data-end=\"1490\">\n<li data-start=\"1435\" data-end=\"1448\">\n<p data-start=\"1437\" data-end=\"1448\"><strong data-start=\"1437\" data-end=\"1446\">MD21A<\/strong><\/p>\n<\/li>\n<li data-start=\"1449\" data-end=\"1462\">\n<p data-start=\"1451\" data-end=\"1462\"><strong data-start=\"1451\" data-end=\"1460\">MD21B<\/strong><\/p>\n<\/li>\n<li data-start=\"1463\" data-end=\"1477\">\n<p data-start=\"1465\" data-end=\"1477\"><strong data-start=\"1465\" data-end=\"1475\">AQD21A<\/strong><\/p>\n<\/li>\n<li data-start=\"1478\" data-end=\"1490\">\n<p data-start=\"1480\" data-end=\"1490\"><strong data-start=\"1480\" data-end=\"1490\">AQD21B<\/strong><\/p>\n<\/li>\n<\/ul>\n","protected":false},"excerpt":{"rendered":"<p>El Juego de cojinetes de biela Volvo Penta - Sobremedida 0,030\u2033 (875303) est\u00e1 dise\u00f1ado para su uso en motores di\u00e9sel marinos Volvo Penta de las series MD21 y AQD21 en los que los mu\u00f1ones del cig\u00fce\u00f1al se han rectificado 0,030 pulgadas. Los cojinetes de biela son esenciales para mantener la holgura correcta del aceite, reducir [&hellip;]<\/p>\n","protected":false},"featured_media":46223,"comment_status":"open","ping_status":"closed","template":"","meta":[],"product_brand":[4229],"product_cat":[2518],"product_tag":[],"class_list":{"0":"post-46222","1":"product","2":"type-product","3":"status-publish","4":"has-post-thumbnail","6":"product_brand-volvo-penta","7":"product_cat-piezas-de-motor","8":"pa_condition-nuevo","9":"pa_model-aqd21","10":"pa_model-aqd21a","11":"pa_model-aqd21b","12":"pa_model-md21","13":"pa_model-md21a","14":"pa_model-md21b","15":"pa_oem-or-aftermarket-posventa","17":"first","18":"onbackorder","19":"taxable","20":"shipping-taxable","21":"purchasable","22":"product-type-simple"},"supplier_id":7294,"supplier_sku":"REC875303","barcode":null,"atum_controlled":true,"out_stock_date":"2026-01-14 14:02:07","out_stock_threshold":null,"inheritable":false,"inbound_stock":null,"stock_on_hold":null,"sold_today":null,"sales_last_days":null,"reserved_stock":null,"customer_returns":null,"warehouse_damage":null,"lost_in_post":null,"other_logs":null,"out_stock_days":0,"lost_sales":null,"has_location":false,"update_date":"2026-01-14T14:02:10","atum_locations":[],"atum_stock_status":"onbackorder","restock_status":false,"low_stock_amount":1,"sales_update_date":null,"calc_backorders":null,"_links":{"self":[{"href":"https:\/\/mps.digital-monkey.in\/es\/wp-json\/wp\/v2\/product\/46222","targetHints":{"allow":["GET"]}}],"collection":[{"href":"https:\/\/mps.digital-monkey.in\/es\/wp-json\/wp\/v2\/product"}],"about":[{"href":"https:\/\/mps.digital-monkey.in\/es\/wp-json\/wp\/v2\/types\/product"}],"replies":[{"embeddable":true,"href":"https:\/\/mps.digital-monkey.in\/es\/wp-json\/wp\/v2\/comments?post=46222"}],"wp:featuredmedia":[{"embeddable":true,"href":"https:\/\/mps.digital-monkey.in\/es\/wp-json\/wp\/v2\/media\/46223"}],"wp:attachment":[{"href":"https:\/\/mps.digital-monkey.in\/es\/wp-json\/wp\/v2\/media?parent=46222"}],"wp:term":[{"taxonomy":"product_brand","embeddable":true,"href":"https:\/\/mps.digital-monkey.in\/es\/wp-json\/wp\/v2\/product_brand?post=46222"},{"taxonomy":"product_cat","embeddable":true,"href":"https:\/\/mps.digital-monkey.in\/es\/wp-json\/wp\/v2\/product_cat?post=46222"},{"taxonomy":"product_tag","embeddable":true,"href":"https:\/\/mps.digital-monkey.in\/es\/wp-json\/wp\/v2\/product_tag?post=46222"}],"curies":[{"name":"wp","href":"https:\/\/api.w.org\/{rel}","templated":true}]}}