{"id":46231,"date":"2026-01-14T15:00:20","date_gmt":"2026-01-14T15:00:20","guid":{"rendered":"https:\/\/mps.digital-monkey.in\/product\/juego-de-cojinetes-de-biela-volvo-penta-0-030%e2%80%b3-875331\/"},"modified":"2026-01-14T15:00:20","modified_gmt":"2026-01-14T15:00:20","slug":"juego-de-cojinetes-de-biela-volvo-penta-0-030%e2%80%b3-875331","status":"publish","type":"product","link":"https:\/\/mps.digital-monkey.in\/es\/producto\/juego-de-cojinetes-de-biela-volvo-penta-0-030%e2%80%b3-875331\/","title":{"rendered":"Juego de cojinetes de biela Volvo Penta 0.030\u2033- 875331"},"content":{"rendered":"<p data-start=\"541\" data-end=\"909\">El <strong data-start=\"545\" data-end=\"614\">Juego de cojinetes de biela Volvo<\/strong> <strong data-start=\"631\" data-end=\"686\">Penta<\/strong> <strong data-start=\"545\" data-end=\"614\">- 0,030\u2033 de sobremedida (875331)<\/strong> est\u00e1 dise\u00f1ado para <strong data-start=\"631\" data-end=\"686\">motores di\u00e9sel marinos Volvo Penta de las series 29 y 32<\/strong> en los que los mu\u00f1ones del cig\u00fce\u00f1al se han <strong data-start=\"727\" data-end=\"755\">rectificado en 0,030<\/strong>. Los cojinetes de biela son componentes cr\u00edticos que mantienen la holgura correcta del aceite, reducen la fricci\u00f3n y garantizan un funcionamiento suave del pist\u00f3n y el cig\u00fce\u00f1al. <\/p>\n<p data-start=\"911\" data-end=\"1225\">Este <strong data-start=\"916\" data-end=\"947\">juego de cojinetes sobredimensionados de 0,030\u2033<\/strong> est\u00e1 pensado para reconstrucciones profesionales de motores y revisiones del extremo inferior cuando los cojinetes est\u00e1ndar ya no son adecuados. Fabricados seg\u00fan especificaciones equivalentes a las de los OEM, estos cojinetes proporcionan un ajuste preciso, durabilidad y un rendimiento fiable en entornos marinos exigentes. <\/p>\n<h2 data-start=\"1232\" data-end=\"1249\">Tipo de producto<\/h2>\n<p data-start=\"1250\" data-end=\"1278\">Juego de cojinetes de biela<\/p>\n<h2 data-start=\"1285\" data-end=\"1301\">N\u00famero de pieza<\/h2>\n<p data-start=\"1302\" data-end=\"1310\">875331<\/p>\n<h2 data-start=\"1317\" data-end=\"1334\">Tama\u00f1o del rodamiento<\/h2>\n<p data-start=\"1335\" data-end=\"1366\">Sobremedida <strong data-start=\"1344\" data-end=\"1364\">0,030\u2033. <\/strong> <\/p>\n<h2 data-start=\"1373\" data-end=\"1391\">Compatibilidad<\/h2>\n<p data-start=\"1392\" data-end=\"1427\">Adecuado para motores Volvo Penta:<\/p>\n<ul data-start=\"1428\" data-end=\"1510\">\n<li data-start=\"1428\" data-end=\"1441\">\n<p data-start=\"1430\" data-end=\"1441\"><strong data-start=\"1430\" data-end=\"1439\">AQD29<\/strong><\/p>\n<\/li>\n<li data-start=\"1442\" data-end=\"1456\">\n<p data-start=\"1444\" data-end=\"1456\"><strong data-start=\"1444\" data-end=\"1454\">AQD29A<\/strong><\/p>\n<\/li>\n<li data-start=\"1457\" data-end=\"1469\">\n<p data-start=\"1459\" data-end=\"1469\"><strong data-start=\"1459\" data-end=\"1467\">MD29<\/strong><\/p>\n<\/li>\n<li data-start=\"1470\" data-end=\"1483\">\n<p data-start=\"1472\" data-end=\"1483\"><strong data-start=\"1472\" data-end=\"1481\">MD29A<\/strong><\/p>\n<\/li>\n<li data-start=\"1484\" data-end=\"1498\">\n<p data-start=\"1486\" data-end=\"1498\"><strong data-start=\"1486\" data-end=\"1496\">AQD32A<\/strong><\/p>\n<\/li>\n<li data-start=\"1499\" data-end=\"1510\">\n<p data-start=\"1501\" data-end=\"1510\"><strong data-start=\"1501\" data-end=\"1510\">MD32A<\/strong><\/p>\n<\/li>\n<\/ul>\n","protected":false},"excerpt":{"rendered":"<p>El Juego de cojinetes de biela Volvo Penta - 0,030\u2033 de sobremedida (875331) est\u00e1 dise\u00f1ado para motores di\u00e9sel marinos Volvo Penta de las series 29 y 32 en los que los mu\u00f1ones del cig\u00fce\u00f1al se han rectificado en 0,030. Los cojinetes de biela son componentes cr\u00edticos que mantienen la holgura correcta del aceite, reducen la [&hellip;]<\/p>\n","protected":false},"featured_media":46232,"comment_status":"open","ping_status":"closed","template":"","meta":[],"product_brand":[4229],"product_cat":[2518],"product_tag":[],"class_list":{"0":"post-46231","1":"product","2":"type-product","3":"status-publish","4":"has-post-thumbnail","6":"product_brand-volvo-penta","7":"product_cat-piezas-de-motor","8":"pa_condition-nuevo","9":"pa_model-aqd29","10":"pa_model-aqd32","11":"pa_model-md29","12":"pa_model-md32","13":"pa_oem-or-aftermarket-posventa","15":"first","16":"onbackorder","17":"taxable","18":"shipping-taxable","19":"purchasable","20":"product-type-simple"},"supplier_id":7294,"supplier_sku":"REC875331","barcode":null,"atum_controlled":true,"out_stock_date":"2026-01-14 15:00:26","out_stock_threshold":null,"inheritable":false,"inbound_stock":null,"stock_on_hold":null,"sold_today":null,"sales_last_days":null,"reserved_stock":null,"customer_returns":null,"warehouse_damage":null,"lost_in_post":null,"other_logs":null,"out_stock_days":0,"lost_sales":null,"has_location":false,"update_date":"2026-01-14T15:00:31","atum_locations":[],"atum_stock_status":"onbackorder","restock_status":false,"low_stock_amount":0,"sales_update_date":null,"calc_backorders":null,"_links":{"self":[{"href":"https:\/\/mps.digital-monkey.in\/es\/wp-json\/wp\/v2\/product\/46231","targetHints":{"allow":["GET"]}}],"collection":[{"href":"https:\/\/mps.digital-monkey.in\/es\/wp-json\/wp\/v2\/product"}],"about":[{"href":"https:\/\/mps.digital-monkey.in\/es\/wp-json\/wp\/v2\/types\/product"}],"replies":[{"embeddable":true,"href":"https:\/\/mps.digital-monkey.in\/es\/wp-json\/wp\/v2\/comments?post=46231"}],"wp:featuredmedia":[{"embeddable":true,"href":"https:\/\/mps.digital-monkey.in\/es\/wp-json\/wp\/v2\/media\/46232"}],"wp:attachment":[{"href":"https:\/\/mps.digital-monkey.in\/es\/wp-json\/wp\/v2\/media?parent=46231"}],"wp:term":[{"taxonomy":"product_brand","embeddable":true,"href":"https:\/\/mps.digital-monkey.in\/es\/wp-json\/wp\/v2\/product_brand?post=46231"},{"taxonomy":"product_cat","embeddable":true,"href":"https:\/\/mps.digital-monkey.in\/es\/wp-json\/wp\/v2\/product_cat?post=46231"},{"taxonomy":"product_tag","embeddable":true,"href":"https:\/\/mps.digital-monkey.in\/es\/wp-json\/wp\/v2\/product_tag?post=46231"}],"curies":[{"name":"wp","href":"https:\/\/api.w.org\/{rel}","templated":true}]}}