{"id":46268,"date":"2026-01-15T12:41:06","date_gmt":"2026-01-15T12:41:06","guid":{"rendered":"https:\/\/mps.digital-monkey.in\/product\/bomba-de-combustible-volvo-penta-3580100-2\/"},"modified":"2026-01-15T12:41:06","modified_gmt":"2026-01-15T12:41:06","slug":"bomba-de-combustible-volvo-penta-3580100-2","status":"publish","type":"product","link":"https:\/\/mps.digital-monkey.in\/es\/product\/bomba-de-combustible-volvo-penta-3580100-2\/","title":{"rendered":"Bomba de combustible Volvo Penta 3580100"},"content":{"rendered":"<p data-start=\"519\" data-end=\"829\">La <strong data-start=\"523\" data-end=\"558\">bomba de combustible Volvo<\/strong> <strong data-start=\"640\" data-end=\"677\">Penta<\/strong> <strong data-start=\"523\" data-end=\"558\">(3580100)<\/strong> est\u00e1 dise\u00f1ada para proporcionar un suministro de combustible fiable y constante a una amplia gama de <strong data-start=\"640\" data-end=\"677\">motores diesel marinos Volvo Penta<\/strong>. Esta bomba de combustible mec\u00e1nica garantiza un flujo de combustible correcto desde el dep\u00f3sito hasta el sistema de inyecci\u00f3n, favoreciendo un funcionamiento estable del motor y un rendimiento \u00f3ptimo. <\/p>\n<p data-start=\"831\" data-end=\"1120\">Fabricado seg\u00fan especificaciones equivalentes a las de los fabricantes de equipos originales.<\/p>\n<h2 data-start=\"1127\" data-end=\"1144\">Tipo de producto<\/h2>\n<p data-start=\"1145\" data-end=\"1167\">Bomba mec\u00e1nica de combustible<\/p>\n<h2 data-start=\"1174\" data-end=\"1205\">N\u00famero de pieza original \/ OEM<\/h2>\n<p data-start=\"1206\" data-end=\"1229\"><strong data-start=\"1206\" data-end=\"1229\">Volvo Penta 3580100<\/strong><\/p>\n<h2 data-start=\"1236\" data-end=\"1254\">Compatibilidad<\/h2>\n<p data-start=\"1255\" data-end=\"1294\"><strong data-start=\"1255\" data-end=\"1292\">Adecuado para motores Volvo Penta:<\/strong><\/p>\n<h3 data-start=\"1296\" data-end=\"1315\">Serie MD2000<\/h3>\n<ul data-start=\"1316\" data-end=\"1565\">\n<li data-start=\"1316\" data-end=\"1330\">\n<p data-start=\"1318\" data-end=\"1330\">MD2010<\/p>\n<\/li>\n<li data-start=\"1331\" data-end=\"1346\">\n<p data-start=\"1333\" data-end=\"1346\">MD2010A<\/p>\n<\/li>\n<li data-start=\"1347\" data-end=\"1362\">\n<p data-start=\"1349\" data-end=\"1362\">MD2010B<\/p>\n<\/li>\n<li data-start=\"1363\" data-end=\"1378\">\n<p data-start=\"1365\" data-end=\"1378\">MD2010C<\/p>\n<\/li>\n<li data-start=\"1379\" data-end=\"1394\">\n<p data-start=\"1381\" data-end=\"1394\">MD2010D<\/p>\n<\/li>\n<li data-start=\"1395\" data-end=\"1409\">\n<p data-start=\"1397\" data-end=\"1409\">MD2020<\/p>\n<\/li>\n<li data-start=\"1410\" data-end=\"1425\">\n<p data-start=\"1412\" data-end=\"1425\">MD2020A<\/p>\n<\/li>\n<li data-start=\"1426\" data-end=\"1441\">\n<p data-start=\"1428\" data-end=\"1441\">MD2020B<\/p>\n<\/li>\n<li data-start=\"1442\" data-end=\"1457\">\n<p data-start=\"1444\" data-end=\"1457\">MD2020C<\/p>\n<\/li>\n<li data-start=\"1458\" data-end=\"1473\">\n<p data-start=\"1460\" data-end=\"1473\">MD2020D<\/p>\n<\/li>\n<li data-start=\"1474\" data-end=\"1488\">\n<p data-start=\"1476\" data-end=\"1488\">MD2030<\/p>\n<\/li>\n<li data-start=\"1489\" data-end=\"1504\">\n<p data-start=\"1491\" data-end=\"1504\">MD2030A<\/p>\n<\/li>\n<li data-start=\"1505\" data-end=\"1520\">\n<p data-start=\"1507\" data-end=\"1520\">MD2030B<\/p>\n<\/li>\n<li data-start=\"1521\" data-end=\"1536\">\n<p data-start=\"1523\" data-end=\"1536\">MD2030C<\/p>\n<\/li>\n<li data-start=\"1537\" data-end=\"1552\">\n<p data-start=\"1539\" data-end=\"1552\">MD2030D<\/p>\n<\/li>\n<li data-start=\"1553\" data-end=\"1565\">\n<p data-start=\"1555\" data-end=\"1565\">MD2040<\/p>\n<\/li>\n<\/ul>\n<h3 data-start=\"1567\" data-end=\"1582\">Serie D2<\/h3>\n<ul data-start=\"1583\" data-end=\"1670\">\n<li data-start=\"1583\" data-end=\"1597\">\n<p data-start=\"1585\" data-end=\"1597\">D2-55A<\/p>\n<\/li>\n<li data-start=\"1598\" data-end=\"1612\">\n<p data-start=\"1600\" data-end=\"1612\">D2-55B<\/p>\n<\/li>\n<li data-start=\"1613\" data-end=\"1627\">\n<p data-start=\"1615\" data-end=\"1627\">D2-55C<\/p>\n<\/li>\n<li data-start=\"1628\" data-end=\"1642\">\n<p data-start=\"1630\" data-end=\"1642\">D2-55D<\/p>\n<\/li>\n<li data-start=\"1643\" data-end=\"1657\">\n<p data-start=\"1645\" data-end=\"1657\">D2-55E<\/p>\n<\/li>\n<li data-start=\"1658\" data-end=\"1670\">\n<p data-start=\"1660\" data-end=\"1670\">D2-55F<\/p>\n<\/li>\n<\/ul>\n","protected":false},"excerpt":{"rendered":"<p>La bomba de combustible Volvo Penta (3580100) est\u00e1 dise\u00f1ada para proporcionar un suministro de combustible fiable y constante a una amplia gama de motores diesel marinos Volvo Penta. Esta bomba de combustible mec\u00e1nica garantiza un flujo de combustible correcto desde el dep\u00f3sito hasta el sistema de inyecci\u00f3n, favoreciendo un funcionamiento estable del motor y un [&hellip;]<\/p>\n","protected":false},"featured_media":46269,"comment_status":"open","ping_status":"closed","template":"","meta":[],"product_brand":[4229],"product_cat":[2811,2518,4333,4306,4311,4314,4317,2652,4329,4304],"product_tag":[],"class_list":{"0":"post-46268","1":"product","2":"type-product","3":"status-publish","4":"has-post-thumbnail","6":"product_brand-volvo-penta","7":"product_cat-bombas-de-alimentacion-de-combustible","8":"product_cat-piezas-de-motor","9":"product_cat-recambios-volvo-penta-d2-55","10":"product_cat-recambios-volvo-penta-md2010","11":"product_cat-recambios-volvo-penta-md2020","12":"product_cat-recambios-volvo-penta-md2030","13":"product_cat-recambios-volvo-penta-md2040","14":"product_cat-sistemas-de-combustible","15":"product_cat-volvo-penta-serie-d2","16":"product_cat-volvo-penta-serie-md","17":"pa_condition-nuevo","18":"pa_model-d2-55","19":"pa_model-md2010","20":"pa_model-md2020","21":"pa_model-md2030","22":"pa_model-md2040","23":"pa_oem-or-aftermarket-posventa","25":"first","26":"instock","27":"taxable","28":"shipping-taxable","29":"purchasable","30":"product-type-simple"},"supplier_id":7294,"supplier_sku":"REC3580100","barcode":null,"atum_controlled":true,"out_stock_date":null,"out_stock_threshold":null,"inheritable":false,"inbound_stock":0,"stock_on_hold":0,"sold_today":0,"sales_last_days":0,"reserved_stock":0,"customer_returns":0,"warehouse_damage":0,"lost_in_post":0,"other_logs":0,"out_stock_days":0,"lost_sales":0,"has_location":false,"update_date":"2026-03-05T15:28:14","atum_locations":[],"atum_stock_status":"instock","restock_status":false,"low_stock_amount":0,"sales_update_date":"2026-03-05T15:28:14","calc_backorders":null,"_links":{"self":[{"href":"https:\/\/mps.digital-monkey.in\/es\/wp-json\/wp\/v2\/product\/46268","targetHints":{"allow":["GET"]}}],"collection":[{"href":"https:\/\/mps.digital-monkey.in\/es\/wp-json\/wp\/v2\/product"}],"about":[{"href":"https:\/\/mps.digital-monkey.in\/es\/wp-json\/wp\/v2\/types\/product"}],"replies":[{"embeddable":true,"href":"https:\/\/mps.digital-monkey.in\/es\/wp-json\/wp\/v2\/comments?post=46268"}],"wp:featuredmedia":[{"embeddable":true,"href":"https:\/\/mps.digital-monkey.in\/es\/wp-json\/wp\/v2\/media\/46269"}],"wp:attachment":[{"href":"https:\/\/mps.digital-monkey.in\/es\/wp-json\/wp\/v2\/media?parent=46268"}],"wp:term":[{"taxonomy":"product_brand","embeddable":true,"href":"https:\/\/mps.digital-monkey.in\/es\/wp-json\/wp\/v2\/product_brand?post=46268"},{"taxonomy":"product_cat","embeddable":true,"href":"https:\/\/mps.digital-monkey.in\/es\/wp-json\/wp\/v2\/product_cat?post=46268"},{"taxonomy":"product_tag","embeddable":true,"href":"https:\/\/mps.digital-monkey.in\/es\/wp-json\/wp\/v2\/product_tag?post=46268"}],"curies":[{"name":"wp","href":"https:\/\/api.w.org\/{rel}","templated":true}]}}