{"id":46277,"date":"2026-01-15T13:42:33","date_gmt":"2026-01-15T13:42:33","guid":{"rendered":"https:\/\/mps.digital-monkey.in\/product\/junta-de-vastago-de-valvula-volvo-penta-md2030-md2040-d1-d2-22393048\/"},"modified":"2026-01-15T13:42:33","modified_gmt":"2026-01-15T13:42:33","slug":"junta-de-vastago-de-valvula-volvo-penta-md2030-md2040-d1-d2-22393048","status":"publish","type":"product","link":"https:\/\/mps.digital-monkey.in\/es\/product\/junta-de-vastago-de-valvula-volvo-penta-md2030-md2040-d1-d2-22393048\/","title":{"rendered":"Junta de v\u00e1stago de v\u00e1lvula Volvo Penta | MD2030 \/ MD2040 \/ D1 \/ D2 | 22393048"},"content":{"rendered":"<p data-start=\"525\" data-end=\"867\">El <strong data-start=\"529\" data-end=\"571\">sellado de v\u00e1stago de v\u00e1lvula Volvo Penta (22393048)<\/strong> est\u00e1 dise\u00f1ado para impedir que el aceite de motor entre en la c\u00e1mara de combusti\u00f3n a trav\u00e9s de las gu\u00edas de v\u00e1lvula en los <strong data-start=\"667\" data-end=\"704\">motores diesel marinos Volvo Penta<\/strong>. Un sellado adecuado del v\u00e1stago de la v\u00e1lvula es esencial para controlar el consumo de aceite, mantener una combusti\u00f3n limpia y proteger las v\u00e1lvulas y las gu\u00edas de las v\u00e1lvulas de un desgaste excesivo. <\/p>\n<p data-start=\"869\" data-end=\"1138\">Fabricada seg\u00fan especificaciones equivalentes a las de los fabricantes de equipos originales, con materiales de alta calidad resistentes al aceite y al calor, esta junta de v\u00e1stago de v\u00e1lvula garantiza un ajuste preciso y una larga vida \u00fatil. Es adecuado para su uso durante el mantenimiento de la culata, la sustituci\u00f3n de v\u00e1lvulas o la revisi\u00f3n completa del motor. <\/p>\n<h2 data-start=\"1145\" data-end=\"1162\">Tipo de producto<\/h2>\n<p data-start=\"1163\" data-end=\"1199\">Junta del v\u00e1stago de la v\u00e1lvula \/ junta de la gu\u00eda de la v\u00e1lvula<\/p>\n<h2 data-start=\"1206\" data-end=\"1237\">N\u00famero de pieza original \/ OEM<\/h2>\n<p data-start=\"1238\" data-end=\"1262\">Volvo Penta 22393048<\/p>\n<h2 data-start=\"1269\" data-end=\"1287\">Compatibilidad<\/h2>\n<p data-start=\"1289\" data-end=\"1328\">Adecuado para motores Volvo Penta:<\/p>\n<h3 data-start=\"1330\" data-end=\"1349\">Serie MD2000<\/h3>\n<ul data-start=\"1350\" data-end=\"1475\">\n<li data-start=\"1350\" data-end=\"1365\">\n<p data-start=\"1352\" data-end=\"1365\">MD2030A<\/p>\n<\/li>\n<li data-start=\"1366\" data-end=\"1381\">\n<p data-start=\"1368\" data-end=\"1381\">MD2030B<\/p>\n<\/li>\n<li data-start=\"1382\" data-end=\"1397\">\n<p data-start=\"1384\" data-end=\"1397\">MD2030C<\/p>\n<\/li>\n<li data-start=\"1398\" data-end=\"1413\">\n<p data-start=\"1400\" data-end=\"1413\">MD2030D<\/p>\n<\/li>\n<li data-start=\"1414\" data-end=\"1429\">\n<p data-start=\"1416\" data-end=\"1429\">MD2040A<\/p>\n<\/li>\n<li data-start=\"1430\" data-end=\"1445\">\n<p data-start=\"1432\" data-end=\"1445\">MD2040B<\/p>\n<\/li>\n<li data-start=\"1446\" data-end=\"1461\">\n<p data-start=\"1448\" data-end=\"1461\">MD2040C<\/p>\n<\/li>\n<li data-start=\"1462\" data-end=\"1475\">\n<p data-start=\"1464\" data-end=\"1475\">MD2040D<\/p>\n<\/li>\n<\/ul>\n<h3 data-start=\"1477\" data-end=\"1492\">Serie D1<\/h3>\n<ul data-start=\"1493\" data-end=\"1534\">\n<li data-start=\"1493\" data-end=\"1506\">\n<p data-start=\"1495\" data-end=\"1506\">D1-30<\/p>\n<\/li>\n<li data-start=\"1507\" data-end=\"1521\">\n<p data-start=\"1509\" data-end=\"1521\">D1-30B<\/p>\n<\/li>\n<li data-start=\"1522\" data-end=\"1534\">\n<p data-start=\"1524\" data-end=\"1534\">D1-30F<\/p>\n<\/li>\n<\/ul>\n<h3 data-start=\"1536\" data-end=\"1551\">Serie D2<\/h3>\n<ul data-start=\"1552\" data-end=\"1728\">\n<li data-start=\"1552\" data-end=\"1565\">\n<p data-start=\"1554\" data-end=\"1565\">D2-40<\/p>\n<\/li>\n<li data-start=\"1566\" data-end=\"1580\">\n<p data-start=\"1568\" data-end=\"1580\">D2-40B<\/p>\n<\/li>\n<li data-start=\"1581\" data-end=\"1595\">\n<p data-start=\"1583\" data-end=\"1595\">D2-40F<\/p>\n<\/li>\n<li data-start=\"1596\" data-end=\"1610\">\n<p data-start=\"1598\" data-end=\"1610\">D2-55B<\/p>\n<\/li>\n<li data-start=\"1611\" data-end=\"1625\">\n<p data-start=\"1613\" data-end=\"1625\">D2-55C<\/p>\n<\/li>\n<li data-start=\"1626\" data-end=\"1640\">\n<p data-start=\"1628\" data-end=\"1640\">D2-55D<\/p>\n<\/li>\n<li data-start=\"1641\" data-end=\"1655\">\n<p data-start=\"1643\" data-end=\"1655\">D2-55E<\/p>\n<\/li>\n<li data-start=\"1656\" data-end=\"1670\">\n<p data-start=\"1658\" data-end=\"1670\">D2-55F<\/p>\n<\/li>\n<li data-start=\"1671\" data-end=\"1685\">\n<p data-start=\"1673\" data-end=\"1685\">D2-60F<\/p>\n<\/li>\n<li data-start=\"1686\" data-end=\"1700\">\n<p data-start=\"1688\" data-end=\"1700\">D2-75B<\/p>\n<\/li>\n<li data-start=\"1701\" data-end=\"1715\">\n<p data-start=\"1703\" data-end=\"1715\">D2-75C<\/p>\n<\/li>\n<li data-start=\"1716\" data-end=\"1728\">\n<p data-start=\"1718\" data-end=\"1728\">D2-75F<\/p>\n<\/li>\n<\/ul>\n<h2 data-start=\"1735\" data-end=\"1748\">Funci\u00f3n<\/h2>\n<ul data-start=\"1749\" data-end=\"1890\">\n<li data-start=\"1749\" data-end=\"1784\">\n<p data-start=\"1751\" data-end=\"1784\">Sella el v\u00e1stago de la v\u00e1lvula a la gu\u00eda de la v\u00e1lvula<\/p>\n<\/li>\n<li data-start=\"1785\" data-end=\"1844\">\n<p data-start=\"1787\" data-end=\"1844\">Evita las fugas de aceite del motor a la c\u00e1mara de combusti\u00f3n<\/p>\n<\/li>\n<li data-start=\"1845\" data-end=\"1890\">\n<p data-start=\"1847\" data-end=\"1890\">Reduce el consumo de aceite y los humos de escape<\/p>\n<\/li>\n<\/ul>\n","protected":false},"excerpt":{"rendered":"<p>El sellado de v\u00e1stago de v\u00e1lvula Volvo Penta (22393048) est\u00e1 dise\u00f1ado para impedir que el aceite de motor entre en la c\u00e1mara de combusti\u00f3n a trav\u00e9s de las gu\u00edas de v\u00e1lvula en los motores diesel marinos Volvo Penta. Un sellado adecuado del v\u00e1stago de la v\u00e1lvula es esencial para controlar el consumo de aceite, mantener [&hellip;]<\/p>\n","protected":false},"featured_media":46278,"comment_status":"open","ping_status":"closed","template":"","meta":[],"product_brand":[4229],"product_cat":[4486,3041,3040,4287,4330,4333,4492,4314,4317,4302,4322,4329,4304],"product_tag":[],"class_list":{"0":"post-46277","1":"product","2":"type-product","3":"status-publish","4":"has-post-thumbnail","6":"product_brand-volvo-penta","7":"product_cat-necesitas-piezas-volvo-penta","8":"product_cat-juntas-de-motor","9":"product_cat-kits-de-mantenimiento-y-reparacion","10":"product_cat-recambios-volvo-penta-d1-30","11":"product_cat-recambios-volvo-penta-d2-40","12":"product_cat-recambios-volvo-penta-d2-55","13":"product_cat-recambios-volvo-penta-d2-75","14":"product_cat-recambios-volvo-penta-md2030","15":"product_cat-recambios-volvo-penta-md2040","16":"product_cat-volvo-penta","17":"product_cat-volvo-penta-d1-serie","18":"product_cat-volvo-penta-serie-d2","19":"product_cat-volvo-penta-serie-md","20":"pa_condition-nuevo","21":"pa_model-d1-30","22":"pa_model-d1-30b","23":"pa_model-d1-30f","24":"pa_model-d2-40","25":"pa_model-d2-40b","26":"pa_model-d2-40f","27":"pa_model-d2-55","28":"pa_model-d2-60","29":"pa_model-d2-75","30":"pa_model-md2030","31":"pa_model-md2040","32":"pa_oem-or-aftermarket-posventa","34":"first","35":"instock","36":"taxable","37":"shipping-taxable","38":"purchasable","39":"product-type-simple"},"supplier_id":7294,"supplier_sku":"REC22393048","barcode":null,"atum_controlled":true,"out_stock_date":null,"out_stock_threshold":null,"inheritable":false,"inbound_stock":0,"stock_on_hold":0,"sold_today":0,"sales_last_days":0,"reserved_stock":0,"customer_returns":0,"warehouse_damage":0,"lost_in_post":0,"other_logs":0,"out_stock_days":0,"lost_sales":0,"has_location":false,"update_date":"2026-03-05T15:28:14","atum_locations":[],"atum_stock_status":"instock","restock_status":false,"low_stock_amount":0,"sales_update_date":"2026-03-05T15:28:14","calc_backorders":null,"_links":{"self":[{"href":"https:\/\/mps.digital-monkey.in\/es\/wp-json\/wp\/v2\/product\/46277","targetHints":{"allow":["GET"]}}],"collection":[{"href":"https:\/\/mps.digital-monkey.in\/es\/wp-json\/wp\/v2\/product"}],"about":[{"href":"https:\/\/mps.digital-monkey.in\/es\/wp-json\/wp\/v2\/types\/product"}],"replies":[{"embeddable":true,"href":"https:\/\/mps.digital-monkey.in\/es\/wp-json\/wp\/v2\/comments?post=46277"}],"wp:featuredmedia":[{"embeddable":true,"href":"https:\/\/mps.digital-monkey.in\/es\/wp-json\/wp\/v2\/media\/46278"}],"wp:attachment":[{"href":"https:\/\/mps.digital-monkey.in\/es\/wp-json\/wp\/v2\/media?parent=46277"}],"wp:term":[{"taxonomy":"product_brand","embeddable":true,"href":"https:\/\/mps.digital-monkey.in\/es\/wp-json\/wp\/v2\/product_brand?post=46277"},{"taxonomy":"product_cat","embeddable":true,"href":"https:\/\/mps.digital-monkey.in\/es\/wp-json\/wp\/v2\/product_cat?post=46277"},{"taxonomy":"product_tag","embeddable":true,"href":"https:\/\/mps.digital-monkey.in\/es\/wp-json\/wp\/v2\/product_tag?post=46277"}],"curies":[{"name":"wp","href":"https:\/\/api.w.org\/{rel}","templated":true}]}}