{"id":46387,"date":"2026-01-16T12:53:47","date_gmt":"2026-01-16T12:53:47","guid":{"rendered":"https:\/\/mps.digital-monkey.in\/product\/calentador-yanmar-serie-2ym-3ym-119717-77801\/"},"modified":"2026-01-16T12:53:47","modified_gmt":"2026-01-16T12:53:47","slug":"calentador-yanmar-serie-2ym-3ym-119717-77801","status":"publish","type":"product","link":"https:\/\/mps.digital-monkey.in\/es\/product\/calentador-yanmar-serie-2ym-3ym-119717-77801\/","title":{"rendered":"Calentador Yanmar Serie 2YM \/ 3YM &#8211; 119717-77801"},"content":{"rendered":"<p data-start=\"417\" data-end=\"662\">La <strong data-start=\"421\" data-end=\"456\">buj\u00eda de incandescencia Yanmar (119717-77801)<\/strong> est\u00e1 dise\u00f1ada para garantizar un arranque fiable en fr\u00edo de <strong data-start=\"505\" data-end=\"549\">los motores di\u00e9sel marinos Yanmar 2YM y 3YM<\/strong>. El dise\u00f1o de doble bobina proporciona un calentamiento r\u00e1pido y un rendimiento estable, mejorando la combusti\u00f3n durante el arranque del motor. <\/p>\n<p data-start=\"664\" data-end=\"819\">Fabricado seg\u00fan especificaciones equivalentes a las de los fabricantes de equipos originales, este calentador ofrece un ajuste preciso, una larga vida \u00fatil y un funcionamiento fiable en condiciones marinas.<\/p>\n<h2 data-start=\"826\" data-end=\"843\">Tipo de producto<\/h2>\n<p data-start=\"844\" data-end=\"853\">Buj\u00eda de incandescencia<\/p>\n<h2 data-start=\"860\" data-end=\"887\">OEM \/ N\u00famero de referencia<\/h2>\n<ul data-start=\"888\" data-end=\"906\">\n<li data-start=\"888\" data-end=\"906\">\n<p data-start=\"890\" data-end=\"906\">119717-77801<\/p>\n<\/li>\n<\/ul>\n<h2 data-start=\"913\" data-end=\"940\">Especificaciones del producto<\/h2>\n<ul data-start=\"941\" data-end=\"1124\">\n<li data-start=\"941\" data-end=\"964\">\n<p data-start=\"943\" data-end=\"964\"><strong data-start=\"943\" data-end=\"955\">Tensi\u00f3n:<\/strong> 10,5 V<\/p>\n<\/li>\n<li data-start=\"965\" data-end=\"988\">\n<p data-start=\"967\" data-end=\"988\"><strong data-start=\"967\" data-end=\"976\">Tipo:<\/strong> Bobina doble<\/p>\n<\/li>\n<li data-start=\"989\" data-end=\"1011\">\n<p data-start=\"991\" data-end=\"1011\"><strong data-start=\"991\" data-end=\"1006\">Conexi\u00f3n:<\/strong> M4<\/p>\n<\/li>\n<li data-start=\"1012\" data-end=\"1043\">\n<p data-start=\"1014\" data-end=\"1043\"><strong data-start=\"1014\" data-end=\"1030\">Tama\u00f1o de rosca:<\/strong> M10 \u00d7 1.25<\/p>\n<\/li>\n<li data-start=\"1044\" data-end=\"1065\">\n<p data-start=\"1046\" data-end=\"1065\"><strong data-start=\"1046\" data-end=\"1057\">Longitud:<\/strong> 68 mm<\/p>\n<\/li>\n<li data-start=\"1066\" data-end=\"1099\">\n<p data-start=\"1068\" data-end=\"1099\"><strong data-start=\"1068\" data-end=\"1091\">Profundidad de montaje:<\/strong> 18 mm<\/p>\n<\/li>\n<li data-start=\"1100\" data-end=\"1124\">\n<p data-start=\"1102\" data-end=\"1124\"><strong data-start=\"1102\" data-end=\"1116\">Ancho de llave:<\/strong> 12 mm<\/p>\n<\/li>\n<\/ul>\n<h2 data-start=\"1131\" data-end=\"1149\">Compatibilidad<\/h2>\n<p data-start=\"1151\" data-end=\"1216\"><strong data-start=\"1151\" data-end=\"1214\">Adecuado para <span class=\"hover:entity-accent entity-underline inline cursor-pointer align-baseline\"><span class=\"whitespace-normal\">Yanmar<\/span><\/span> motores:<\/strong><\/p>\n<ul data-start=\"1217\" data-end=\"1302\">\n<li data-start=\"1217\" data-end=\"1230\">\n<p data-start=\"1219\" data-end=\"1230\">2YM15<\/p>\n<\/li>\n<li data-start=\"1231\" data-end=\"1244\">\n<p data-start=\"1233\" data-end=\"1244\">3YM20<\/p>\n<\/li>\n<li data-start=\"1245\" data-end=\"1259\">\n<p data-start=\"1247\" data-end=\"1259\">3YM27A<\/p>\n<\/li>\n<li data-start=\"1260\" data-end=\"1273\">\n<p data-start=\"1262\" data-end=\"1273\">3YM30<\/p>\n<\/li>\n<li data-start=\"1274\" data-end=\"1289\">\n<p data-start=\"1276\" data-end=\"1289\">3YM30AE<\/p>\n<\/li>\n<li data-start=\"1290\" data-end=\"1302\">\n<p data-start=\"1292\" data-end=\"1302\">3YM30R<\/p>\n<\/li>\n<\/ul>\n","protected":false},"excerpt":{"rendered":"<p>La buj\u00eda de incandescencia Yanmar (119717-77801) est\u00e1 dise\u00f1ada para garantizar un arranque fiable en fr\u00edo de los motores di\u00e9sel marinos Yanmar 2YM y 3YM. El dise\u00f1o de doble bobina proporciona un calentamiento r\u00e1pido y un rendimiento estable, mejorando la combusti\u00f3n durante el arranque del motor. Fabricado seg\u00fan especificaciones equivalentes a las de los fabricantes de [&hellip;]<\/p>\n","protected":false},"featured_media":46388,"comment_status":"open","ping_status":"closed","template":"","meta":[],"product_brand":[4235],"product_cat":[2497,4448],"product_tag":[],"class_list":{"0":"post-46387","1":"product","2":"type-product","3":"status-publish","4":"has-post-thumbnail","6":"product_brand-yanmar","7":"product_cat-piezas-de-mantenimiento-del-motor","8":"product_cat-yanmar","9":"pa_condition-nuevo","10":"pa_model-2ym15","11":"pa_model-2ym20","12":"pa_model-3ym20","13":"pa_model-3ym27","14":"pa_model-3ym30","15":"pa_oem-or-aftermarket-posventa","17":"first","18":"instock","19":"taxable","20":"shipping-taxable","21":"purchasable","22":"product-type-simple"},"supplier_id":7294,"supplier_sku":"REC119717-77801","barcode":null,"atum_controlled":true,"out_stock_date":null,"out_stock_threshold":null,"inheritable":false,"inbound_stock":0,"stock_on_hold":0,"sold_today":0,"sales_last_days":0,"reserved_stock":0,"customer_returns":0,"warehouse_damage":0,"lost_in_post":0,"other_logs":0,"out_stock_days":0,"lost_sales":0,"has_location":false,"update_date":"2026-03-05T15:28:14","atum_locations":[],"atum_stock_status":"instock","restock_status":false,"low_stock_amount":0,"sales_update_date":"2026-03-05T15:28:14","calc_backorders":null,"_links":{"self":[{"href":"https:\/\/mps.digital-monkey.in\/es\/wp-json\/wp\/v2\/product\/46387","targetHints":{"allow":["GET"]}}],"collection":[{"href":"https:\/\/mps.digital-monkey.in\/es\/wp-json\/wp\/v2\/product"}],"about":[{"href":"https:\/\/mps.digital-monkey.in\/es\/wp-json\/wp\/v2\/types\/product"}],"replies":[{"embeddable":true,"href":"https:\/\/mps.digital-monkey.in\/es\/wp-json\/wp\/v2\/comments?post=46387"}],"wp:featuredmedia":[{"embeddable":true,"href":"https:\/\/mps.digital-monkey.in\/es\/wp-json\/wp\/v2\/media\/46388"}],"wp:attachment":[{"href":"https:\/\/mps.digital-monkey.in\/es\/wp-json\/wp\/v2\/media?parent=46387"}],"wp:term":[{"taxonomy":"product_brand","embeddable":true,"href":"https:\/\/mps.digital-monkey.in\/es\/wp-json\/wp\/v2\/product_brand?post=46387"},{"taxonomy":"product_cat","embeddable":true,"href":"https:\/\/mps.digital-monkey.in\/es\/wp-json\/wp\/v2\/product_cat?post=46387"},{"taxonomy":"product_tag","embeddable":true,"href":"https:\/\/mps.digital-monkey.in\/es\/wp-json\/wp\/v2\/product_tag?post=46387"}],"curies":[{"name":"wp","href":"https:\/\/api.w.org\/{rel}","templated":true}]}}