{"id":46397,"date":"2026-01-16T15:02:19","date_gmt":"2026-01-16T15:02:19","guid":{"rendered":"https:\/\/mps.digital-monkey.in\/product\/rele-de-arranque-yanmar-12v-128990-77550\/"},"modified":"2026-01-16T15:02:19","modified_gmt":"2026-01-16T15:02:19","slug":"rele-de-arranque-yanmar-12v-128990-77550","status":"publish","type":"product","link":"https:\/\/mps.digital-monkey.in\/es\/product\/rele-de-arranque-yanmar-12v-128990-77550\/","title":{"rendered":"Rel\u00e9 de arranque Yanmar 12V 128990-77550"},"content":{"rendered":"<p data-start=\"450\" data-end=\"748\">El rel\u00e9 de <strong data-start=\"454\" data-end=\"493\">arranque Yanmar (128990-77550)<\/strong> es un rel\u00e9 el\u00e9ctrico de 12 voltios dise\u00f1ado para controlar la entrega de potencia al motor de arranque en una amplia gama de <strong data-start=\"599\" data-end=\"631\">motores di\u00e9sel marinos Yanmar<\/strong>. Un rel\u00e9 de arranque que funcione correctamente es esencial para un arranque fiable del motor y un funcionamiento adecuado del motor de arranque. <\/p>\n<h2 data-start=\"916\" data-end=\"933\">Tipo de producto<\/h2>\n<p data-start=\"934\" data-end=\"947\">Rel\u00e9 de arranque<\/p>\n<h2 data-start=\"954\" data-end=\"966\">Tensi\u00f3n<\/h2>\n<p data-start=\"967\" data-end=\"975\">12 V<\/p>\n<h2 data-start=\"982\" data-end=\"1009\">OEM \/ N\u00famero de referencia<\/h2>\n<ul data-start=\"1010\" data-end=\"1028\">\n<li data-start=\"1010\" data-end=\"1028\">\n<p data-start=\"1012\" data-end=\"1028\">128990-77550<\/p>\n<\/li>\n<\/ul>\n<h2 data-start=\"1035\" data-end=\"1053\">Compatibilidad<\/h2>\n<p data-start=\"1055\" data-end=\"1120\"><strong data-start=\"1055\" data-end=\"1118\">Adecuado para <span class=\"hover:entity-accent entity-underline inline cursor-pointer align-baseline\"><span class=\"whitespace-normal\">Yanmar<\/span><\/span> motores:<\/strong><\/p>\n<h3 data-start=\"1122\" data-end=\"1137\">Serie YM<\/h3>\n<ul data-start=\"1138\" data-end=\"1223\">\n<li data-start=\"1138\" data-end=\"1151\">\n<p data-start=\"1140\" data-end=\"1151\">2YM15<\/p>\n<\/li>\n<li data-start=\"1152\" data-end=\"1165\">\n<p data-start=\"1154\" data-end=\"1165\">3YM20<\/p>\n<\/li>\n<li data-start=\"1166\" data-end=\"1180\">\n<p data-start=\"1168\" data-end=\"1180\">3YM27A<\/p>\n<\/li>\n<li data-start=\"1181\" data-end=\"1194\">\n<p data-start=\"1183\" data-end=\"1194\">3YM30<\/p>\n<\/li>\n<li data-start=\"1195\" data-end=\"1210\">\n<p data-start=\"1197\" data-end=\"1210\">3YM30AE<\/p>\n<\/li>\n<li data-start=\"1211\" data-end=\"1223\">\n<p data-start=\"1213\" data-end=\"1223\">3YM30R<\/p>\n<\/li>\n<\/ul>\n<h3 data-start=\"1225\" data-end=\"1240\">Serie JH<\/h3>\n<ul data-start=\"1241\" data-end=\"1375\">\n<li data-start=\"1241\" data-end=\"1254\">\n<p data-start=\"1243\" data-end=\"1254\">3JH4E<\/p>\n<\/li>\n<li data-start=\"1255\" data-end=\"1269\">\n<p data-start=\"1257\" data-end=\"1269\">3JH5AE<\/p>\n<\/li>\n<li data-start=\"1270\" data-end=\"1283\">\n<p data-start=\"1272\" data-end=\"1283\">3JH5E<\/p>\n<\/li>\n<li data-start=\"1284\" data-end=\"1300\">\n<p data-start=\"1286\" data-end=\"1300\">4JH4-HTE<\/p>\n<\/li>\n<li data-start=\"1301\" data-end=\"1318\">\n<p data-start=\"1303\" data-end=\"1318\">4JH4-HTE1<\/p>\n<\/li>\n<li data-start=\"1319\" data-end=\"1334\">\n<p data-start=\"1321\" data-end=\"1334\">4JH4-TE<\/p>\n<\/li>\n<li data-start=\"1335\" data-end=\"1349\">\n<p data-start=\"1337\" data-end=\"1349\">4JH4AE<\/p>\n<\/li>\n<li data-start=\"1350\" data-end=\"1363\">\n<p data-start=\"1352\" data-end=\"1363\">4JH4E<\/p>\n<\/li>\n<li data-start=\"1364\" data-end=\"1375\">\n<p data-start=\"1366\" data-end=\"1375\">4JH5E<\/p>\n<\/li>\n<\/ul>\n","protected":false},"excerpt":{"rendered":"<p>El rel\u00e9 de arranque Yanmar (128990-77550) es un rel\u00e9 el\u00e9ctrico de 12 voltios dise\u00f1ado para controlar la entrega de potencia al motor de arranque en una amplia gama de motores di\u00e9sel marinos Yanmar. Un rel\u00e9 de arranque que funcione correctamente es esencial para un arranque fiable del motor y un funcionamiento adecuado del motor de [&hellip;]<\/p>\n","protected":false},"featured_media":46398,"comment_status":"open","ping_status":"closed","template":"","meta":[],"product_brand":[4235],"product_cat":[2518,2519,4448],"product_tag":[],"class_list":{"0":"post-46397","1":"product","2":"type-product","3":"status-publish","4":"has-post-thumbnail","6":"product_brand-yanmar","7":"product_cat-piezas-de-motor","8":"product_cat-sistemas-electricos","9":"product_cat-yanmar","10":"pa_condition-nuevo","11":"pa_model-2ym15","12":"pa_model-3jh4e","13":"pa_model-3jh5ae","14":"pa_model-3jh5e","15":"pa_model-3ym20","16":"pa_model-3ym27","17":"pa_model-3ym30","18":"pa_model-4jh4","19":"pa_model-4jh4-ae","20":"pa_model-4jh4-e","21":"pa_model-4jh4-hte","22":"pa_model-4jh4-te","23":"pa_model-4jh5-e","24":"pa_oem-or-aftermarket-posventa","26":"first","27":"instock","28":"taxable","29":"shipping-taxable","30":"purchasable","31":"product-type-simple"},"supplier_id":7294,"supplier_sku":"REC128990-77550","barcode":null,"atum_controlled":true,"out_stock_date":null,"out_stock_threshold":null,"inheritable":false,"inbound_stock":0,"stock_on_hold":0,"sold_today":0,"sales_last_days":0,"reserved_stock":0,"customer_returns":0,"warehouse_damage":0,"lost_in_post":0,"other_logs":0,"out_stock_days":0,"lost_sales":0,"has_location":false,"update_date":"2026-03-05T15:28:14","atum_locations":[],"atum_stock_status":"instock","restock_status":false,"low_stock_amount":0,"sales_update_date":"2026-03-05T15:28:14","calc_backorders":null,"_links":{"self":[{"href":"https:\/\/mps.digital-monkey.in\/es\/wp-json\/wp\/v2\/product\/46397","targetHints":{"allow":["GET"]}}],"collection":[{"href":"https:\/\/mps.digital-monkey.in\/es\/wp-json\/wp\/v2\/product"}],"about":[{"href":"https:\/\/mps.digital-monkey.in\/es\/wp-json\/wp\/v2\/types\/product"}],"replies":[{"embeddable":true,"href":"https:\/\/mps.digital-monkey.in\/es\/wp-json\/wp\/v2\/comments?post=46397"}],"wp:featuredmedia":[{"embeddable":true,"href":"https:\/\/mps.digital-monkey.in\/es\/wp-json\/wp\/v2\/media\/46398"}],"wp:attachment":[{"href":"https:\/\/mps.digital-monkey.in\/es\/wp-json\/wp\/v2\/media?parent=46397"}],"wp:term":[{"taxonomy":"product_brand","embeddable":true,"href":"https:\/\/mps.digital-monkey.in\/es\/wp-json\/wp\/v2\/product_brand?post=46397"},{"taxonomy":"product_cat","embeddable":true,"href":"https:\/\/mps.digital-monkey.in\/es\/wp-json\/wp\/v2\/product_cat?post=46397"},{"taxonomy":"product_tag","embeddable":true,"href":"https:\/\/mps.digital-monkey.in\/es\/wp-json\/wp\/v2\/product_tag?post=46397"}],"curies":[{"name":"wp","href":"https:\/\/api.w.org\/{rel}","templated":true}]}}