{"id":46406,"date":"2026-01-16T15:20:18","date_gmt":"2026-01-16T15:20:18","guid":{"rendered":"https:\/\/mps.digital-monkey.in\/product\/correa-multi-rib-yanmar-4jh-common-rail-129675-42280\/"},"modified":"2026-01-16T15:20:18","modified_gmt":"2026-01-16T15:20:18","slug":"correa-multi-rib-yanmar-4jh-common-rail-129675-42280","status":"publish","type":"product","link":"https:\/\/mps.digital-monkey.in\/es\/producto\/correa-multi-rib-yanmar-4jh-common-rail-129675-42280\/","title":{"rendered":"Correa Multi-Rib Yanmar | 4JH Common-Rail | 129675-42280"},"content":{"rendered":"<p data-start=\"467\" data-end=\"737\">La <strong data-start=\"471\" data-end=\"511\">correa Multi-Rib Yanmar (129675-42280)<\/strong> es una <strong data-start=\"517\" data-end=\"552\">correa de recambio (no original)<\/strong> dise\u00f1ada para <strong data-start=\"566\" data-end=\"646\">motores diesel marinos Yanmar 4JH common-rail equipados con un alternador de 120 A<\/strong>. Esta correa garantiza una transmisi\u00f3n fiable de la potencia al alternador y a los componentes auxiliares. <\/p>\n<p data-start=\"739\" data-end=\"887\">Fabricada seg\u00fan especificaciones precisas, esta correa m\u00faltiple proporciona un rendimiento fiable y un ajuste correcto para el mantenimiento rutinario o la sustituci\u00f3n de la correa.<\/p>\n<h2 data-start=\"894\" data-end=\"911\">Tipo de producto<\/h2>\n<p data-start=\"912\" data-end=\"951\">Correa acanalada \/ correa de transmisi\u00f3n auxiliar<\/p>\n<h2 data-start=\"958\" data-end=\"979\">N\u00famero de referencia<\/h2>\n<ul data-start=\"980\" data-end=\"998\">\n<li data-start=\"980\" data-end=\"998\">\n<p data-start=\"982\" data-end=\"998\"><strong data-start=\"982\" data-end=\"998\">129675-42280<\/strong><\/p>\n<\/li>\n<\/ul>\n<h2 data-start=\"1005\" data-end=\"1032\">Especificaciones del producto<\/h2>\n<ul data-start=\"1033\" data-end=\"1112\">\n<li data-start=\"1033\" data-end=\"1061\">\n<p data-start=\"1035\" data-end=\"1061\"><strong data-start=\"1035\" data-end=\"1051\">Longitud de la cinta:<\/strong> 1240 mm<\/p>\n<\/li>\n<li data-start=\"1062\" data-end=\"1087\">\n<p data-start=\"1064\" data-end=\"1087\"><strong data-start=\"1064\" data-end=\"1083\">N\u00famero de costillas:<\/strong> 6<\/p>\n<\/li>\n<li data-start=\"1088\" data-end=\"1112\">\n<p data-start=\"1090\" data-end=\"1112\"><strong data-start=\"1090\" data-end=\"1105\">Alternador<\/strong> 120A<\/p>\n<\/li>\n<\/ul>\n<h2 data-start=\"1119\" data-end=\"1137\">Compatibilidad<\/h2>\n<p data-start=\"1139\" data-end=\"1227\"><strong data-start=\"1139\" data-end=\"1225\">Adecuado para <span class=\"hover:entity-accent entity-underline inline cursor-pointer align-baseline\"><span class=\"whitespace-normal\">Motores Yanmar<\/span><\/span> motores (con alternador de 120 A):<\/strong><\/p>\n<ul data-start=\"1228\" data-end=\"1294\">\n<li data-start=\"1228\" data-end=\"1244\">\n<p data-start=\"1230\" data-end=\"1244\">4JH45-CR<\/p>\n<\/li>\n<li data-start=\"1245\" data-end=\"1261\">\n<p data-start=\"1247\" data-end=\"1261\">4JH57-CR<\/p>\n<\/li>\n<li data-start=\"1262\" data-end=\"1278\">\n<p data-start=\"1264\" data-end=\"1278\">4JH80-CR<\/p>\n<\/li>\n<li data-start=\"1279\" data-end=\"1294\">\n<p data-start=\"1281\" data-end=\"1294\">4JH110-CR<\/p>\n<\/li>\n<\/ul>\n<h2 data-start=\"1301\" data-end=\"1320\"><\/h2>\n","protected":false},"excerpt":{"rendered":"<p>La correa Multi-Rib Yanmar (129675-42280) es una correa de recambio (no original) dise\u00f1ada para motores diesel marinos Yanmar 4JH common-rail equipados con un alternador de 120 A. Esta correa garantiza una transmisi\u00f3n fiable de la potencia al alternador y a los componentes auxiliares. Fabricada seg\u00fan especificaciones precisas, esta correa m\u00faltiple proporciona un rendimiento fiable y [&hellip;]<\/p>\n","protected":false},"featured_media":46407,"comment_status":"open","ping_status":"closed","template":"","meta":[],"product_brand":[4235],"product_cat":[4120,2497],"product_tag":[],"class_list":{"0":"post-46406","1":"product","2":"type-product","3":"status-publish","4":"has-post-thumbnail","6":"product_brand-yanmar","7":"product_cat-correas-trapezoidales","8":"product_cat-piezas-de-mantenimiento-del-motor","9":"pa_condition-nuevo","10":"pa_model-4jh110","11":"pa_model-4jh110-cr","12":"pa_model-4jh45","13":"pa_model-4jh45-cr","14":"pa_model-4jh57","15":"pa_model-4jh57-cr","16":"pa_model-4jh80","17":"pa_model-4jh80-cr","18":"pa_oem-or-aftermarket-posventa","20":"first","21":"instock","22":"taxable","23":"shipping-taxable","24":"purchasable","25":"product-type-simple"},"supplier_id":7294,"supplier_sku":"REC129675-42280","barcode":null,"atum_controlled":true,"out_stock_date":null,"out_stock_threshold":null,"inheritable":false,"inbound_stock":0,"stock_on_hold":0,"sold_today":0,"sales_last_days":0,"reserved_stock":0,"customer_returns":0,"warehouse_damage":0,"lost_in_post":0,"other_logs":0,"out_stock_days":0,"lost_sales":0,"has_location":false,"update_date":"2026-03-05T15:28:14","atum_locations":[],"atum_stock_status":"instock","restock_status":false,"low_stock_amount":0,"sales_update_date":"2026-03-05T15:28:14","calc_backorders":null,"_links":{"self":[{"href":"https:\/\/mps.digital-monkey.in\/es\/wp-json\/wp\/v2\/product\/46406","targetHints":{"allow":["GET"]}}],"collection":[{"href":"https:\/\/mps.digital-monkey.in\/es\/wp-json\/wp\/v2\/product"}],"about":[{"href":"https:\/\/mps.digital-monkey.in\/es\/wp-json\/wp\/v2\/types\/product"}],"replies":[{"embeddable":true,"href":"https:\/\/mps.digital-monkey.in\/es\/wp-json\/wp\/v2\/comments?post=46406"}],"wp:featuredmedia":[{"embeddable":true,"href":"https:\/\/mps.digital-monkey.in\/es\/wp-json\/wp\/v2\/media\/46407"}],"wp:attachment":[{"href":"https:\/\/mps.digital-monkey.in\/es\/wp-json\/wp\/v2\/media?parent=46406"}],"wp:term":[{"taxonomy":"product_brand","embeddable":true,"href":"https:\/\/mps.digital-monkey.in\/es\/wp-json\/wp\/v2\/product_brand?post=46406"},{"taxonomy":"product_cat","embeddable":true,"href":"https:\/\/mps.digital-monkey.in\/es\/wp-json\/wp\/v2\/product_cat?post=46406"},{"taxonomy":"product_tag","embeddable":true,"href":"https:\/\/mps.digital-monkey.in\/es\/wp-json\/wp\/v2\/product_tag?post=46406"}],"curies":[{"name":"wp","href":"https:\/\/api.w.org\/{rel}","templated":true}]}}