{"id":46415,"date":"2026-01-16T15:41:06","date_gmt":"2026-01-16T15:41:06","guid":{"rendered":"https:\/\/mps.digital-monkey.in\/product\/filtro-de-aire-yanmar-serie-4lh-4lv-8lv-xn19961\/"},"modified":"2026-01-16T15:41:06","modified_gmt":"2026-01-16T15:41:06","slug":"filtro-de-aire-yanmar-serie-4lh-4lv-8lv-xn19961","status":"publish","type":"product","link":"https:\/\/mps.digital-monkey.in\/es\/producto\/filtro-de-aire-yanmar-serie-4lh-4lv-8lv-xn19961\/","title":{"rendered":"Filtro de aire Yanmar | Serie 4LH \/ 4LV \/ 8LV | XN19961"},"content":{"rendered":"<p data-start=\"441\" data-end=\"733\">El <strong data-start=\"445\" data-end=\"476\">filtro de aire Yanmar XN19961<\/strong> est\u00e1 dise\u00f1ado para proporcionar una filtraci\u00f3n eficaz del aire de admisi\u00f3n de <strong data-start=\"539\" data-end=\"571\">los motores diesel marinos Yanmar<\/strong>, protegiendo el motor del polvo, la suciedad y los contaminantes en suspensi\u00f3n. Un aire de admisi\u00f3n limpio es esencial para una combusti\u00f3n adecuada, la eficiencia del motor y una larga vida \u00fatil. <\/p>\n<p data-start=\"735\" data-end=\"972\">Este filtro de aire es una <strong data-start=\"756\" data-end=\"791\">pieza de recambio (no original)<\/strong> fabricada seg\u00fan especificaciones equivalentes a las del fabricante de equipos originales y es un recambio directo de la <strong data-start=\"870\" data-end=\"910\">pieza original Yanmar n\u00famero XN199611<\/strong>. Adecuado para el mantenimiento rutinario y la sustituci\u00f3n del filtro de aire. <\/p>\n<h2 data-start=\"979\" data-end=\"996\">Tipo de producto<\/h2>\n<p data-start=\"997\" data-end=\"1036\">Filtro de aire \/ filtro de admisi\u00f3n de aire del motor<\/p>\n<h2 data-start=\"1043\" data-end=\"1078\">Referencia \/ N\u00famero de sustituci\u00f3n<\/h2>\n<ul data-start=\"1079\" data-end=\"1129\">\n<li data-start=\"1079\" data-end=\"1094\">\n<p data-start=\"1081\" data-end=\"1094\"><strong data-start=\"1081\" data-end=\"1092\">XN19961<\/strong><\/p>\n<\/li>\n<li data-start=\"1095\" data-end=\"1129\">\n<p data-start=\"1097\" data-end=\"1129\">Sustituye al OEM Yanmar <strong data-start=\"1117\" data-end=\"1129\">XN199611<\/strong><\/p>\n<\/li>\n<\/ul>\n<h2 data-start=\"1136\" data-end=\"1154\">Compatibilidad<\/h2>\n<p data-start=\"1156\" data-end=\"1221\"><strong data-start=\"1156\" data-end=\"1219\">Adecuado para <span class=\"hover:entity-accent entity-underline inline cursor-pointer align-baseline\"><span class=\"whitespace-normal\">Yanmar<\/span><\/span> motores:<\/strong><\/p>\n<h3 data-start=\"1223\" data-end=\"1239\">Serie 4LH<\/h3>\n<ul data-start=\"1240\" data-end=\"1284\">\n<li data-start=\"1240\" data-end=\"1254\">\n<p data-start=\"1242\" data-end=\"1254\">4LH-TE<\/p>\n<\/li>\n<li data-start=\"1255\" data-end=\"1270\">\n<p data-start=\"1257\" data-end=\"1270\">4LH-HTE<\/p>\n<\/li>\n<li data-start=\"1271\" data-end=\"1284\">\n<p data-start=\"1273\" data-end=\"1284\">4LH-DTE<\/p>\n<\/li>\n<\/ul>\n<h3 data-start=\"1286\" data-end=\"1303\">Serie 4LHA<\/h3>\n<ul data-start=\"1304\" data-end=\"1369\">\n<li data-start=\"1304\" data-end=\"1320\">\n<p data-start=\"1306\" data-end=\"1320\">4LHA-HTE<\/p>\n<\/li>\n<li data-start=\"1321\" data-end=\"1337\">\n<p data-start=\"1323\" data-end=\"1337\">4LHA-HTP<\/p>\n<\/li>\n<li data-start=\"1338\" data-end=\"1354\">\n<p data-start=\"1340\" data-end=\"1354\">4LHA-DTE<\/p>\n<\/li>\n<li data-start=\"1355\" data-end=\"1369\">\n<p data-start=\"1357\" data-end=\"1369\">4LHA-DTP<\/p>\n<\/li>\n<\/ul>\n<h3 data-start=\"1371\" data-end=\"1387\">Serie 4LV<\/h3>\n<ul data-start=\"1388\" data-end=\"1460\">\n<li data-start=\"1388\" data-end=\"1402\">\n<p data-start=\"1390\" data-end=\"1402\">4LV150<\/p>\n<\/li>\n<li data-start=\"1403\" data-end=\"1417\">\n<p data-start=\"1405\" data-end=\"1417\">4LV170<\/p>\n<\/li>\n<li data-start=\"1418\" data-end=\"1432\">\n<p data-start=\"1420\" data-end=\"1432\">4LV195<\/p>\n<\/li>\n<li data-start=\"1433\" data-end=\"1447\">\n<p data-start=\"1435\" data-end=\"1447\">4LV230<\/p>\n<\/li>\n<li data-start=\"1448\" data-end=\"1460\">\n<p data-start=\"1450\" data-end=\"1460\">4LV250<\/p>\n<\/li>\n<\/ul>\n<h3 data-start=\"1462\" data-end=\"1478\">Serie 8LV<\/h3>\n<ul data-start=\"1479\" data-end=\"1521\">\n<li data-start=\"1479\" data-end=\"1493\">\n<p data-start=\"1481\" data-end=\"1493\">8LV320<\/p>\n<\/li>\n<li data-start=\"1494\" data-end=\"1508\">\n<p data-start=\"1496\" data-end=\"1508\">8LV350<\/p>\n<\/li>\n<li data-start=\"1509\" data-end=\"1521\">\n<p data-start=\"1511\" data-end=\"1521\">8LV370<\/p>\n<\/li>\n<\/ul>\n","protected":false},"excerpt":{"rendered":"<p>El filtro de aire Yanmar XN19961 est\u00e1 dise\u00f1ado para proporcionar una filtraci\u00f3n eficaz del aire de admisi\u00f3n de los motores diesel marinos Yanmar, protegiendo el motor del polvo, la suciedad y los contaminantes en suspensi\u00f3n. Un aire de admisi\u00f3n limpio es esencial para una combusti\u00f3n adecuada, la eficiencia del motor y una larga vida \u00fatil. [&hellip;]<\/p>\n","protected":false},"featured_media":46416,"comment_status":"open","ping_status":"closed","template":"","meta":[],"product_brand":[4235],"product_cat":[2656,2497],"product_tag":[],"class_list":{"0":"post-46415","1":"product","2":"type-product","3":"status-publish","4":"has-post-thumbnail","6":"product_brand-yanmar","7":"product_cat-filtros-de-aire","8":"product_cat-piezas-de-mantenimiento-del-motor","9":"pa_condition-nuevo","10":"pa_model-4lh-dte","11":"pa_model-4lh-hte","12":"pa_model-4lh-te","13":"pa_model-4lha-dte","14":"pa_model-4lha-dtp","15":"pa_model-4lha-hte","16":"pa_model-4lha-htp","17":"pa_model-4lv150","18":"pa_model-4lv170","19":"pa_model-4lv195","20":"pa_model-4lv230","21":"pa_model-4lv250","22":"pa_model-8lv320","23":"pa_model-8lv350","24":"pa_model-8lv370","25":"pa_oem-or-aftermarket-posventa","27":"first","28":"instock","29":"taxable","30":"shipping-taxable","31":"purchasable","32":"product-type-simple"},"supplier_id":7294,"supplier_sku":"RECXN199611","barcode":null,"atum_controlled":true,"out_stock_date":null,"out_stock_threshold":null,"inheritable":false,"inbound_stock":0,"stock_on_hold":0,"sold_today":0,"sales_last_days":0,"reserved_stock":0,"customer_returns":0,"warehouse_damage":0,"lost_in_post":0,"other_logs":0,"out_stock_days":0,"lost_sales":0,"has_location":false,"update_date":"2026-03-05T15:28:14","atum_locations":[],"atum_stock_status":"instock","restock_status":false,"low_stock_amount":0,"sales_update_date":"2026-03-05T15:28:14","calc_backorders":null,"_links":{"self":[{"href":"https:\/\/mps.digital-monkey.in\/es\/wp-json\/wp\/v2\/product\/46415","targetHints":{"allow":["GET"]}}],"collection":[{"href":"https:\/\/mps.digital-monkey.in\/es\/wp-json\/wp\/v2\/product"}],"about":[{"href":"https:\/\/mps.digital-monkey.in\/es\/wp-json\/wp\/v2\/types\/product"}],"replies":[{"embeddable":true,"href":"https:\/\/mps.digital-monkey.in\/es\/wp-json\/wp\/v2\/comments?post=46415"}],"wp:featuredmedia":[{"embeddable":true,"href":"https:\/\/mps.digital-monkey.in\/es\/wp-json\/wp\/v2\/media\/46416"}],"wp:attachment":[{"href":"https:\/\/mps.digital-monkey.in\/es\/wp-json\/wp\/v2\/media?parent=46415"}],"wp:term":[{"taxonomy":"product_brand","embeddable":true,"href":"https:\/\/mps.digital-monkey.in\/es\/wp-json\/wp\/v2\/product_brand?post=46415"},{"taxonomy":"product_cat","embeddable":true,"href":"https:\/\/mps.digital-monkey.in\/es\/wp-json\/wp\/v2\/product_cat?post=46415"},{"taxonomy":"product_tag","embeddable":true,"href":"https:\/\/mps.digital-monkey.in\/es\/wp-json\/wp\/v2\/product_tag?post=46415"}],"curies":[{"name":"wp","href":"https:\/\/api.w.org\/{rel}","templated":true}]}}