{"id":46425,"date":"2026-01-19T09:49:49","date_gmt":"2026-01-19T09:49:49","guid":{"rendered":"https:\/\/mps.digital-monkey.in\/product\/filtro-de-aire-yanmar-3jh2-4jh-4jh2-4jh3-4jh4-129470-12330\/"},"modified":"2026-01-19T09:49:49","modified_gmt":"2026-01-19T09:49:49","slug":"filtro-de-aire-yanmar-3jh2-4jh-4jh2-4jh3-4jh4-129470-12330","status":"publish","type":"product","link":"https:\/\/mps.digital-monkey.in\/es\/product\/filtro-de-aire-yanmar-3jh2-4jh-4jh2-4jh3-4jh4-129470-12330\/","title":{"rendered":"Filtro de aire Yanmar | 3JH2 \/ 4JH \/ 4JH2 \/ 4JH3 \/ 4JH4 | 129470-12330"},"content":{"rendered":"<p data-start=\"432\" data-end=\"721\">El <strong data-start=\"436\" data-end=\"472\">filtro de aire Yanmar (129470-12330)<\/strong> est\u00e1 dise\u00f1ado para filtrar eficazmente el aire de admisi\u00f3n de <strong data-start=\"522\" data-end=\"554\">los motores diesel marinos Yanmar<\/strong>, protegiendo el motor del polvo, la suciedad y los contaminantes en suspensi\u00f3n. Un aire de admisi\u00f3n limpio es esencial para una combusti\u00f3n eficiente, un menor desgaste del motor y una larga vida \u00fatil. <\/p>\n<p data-start=\"723\" data-end=\"926\">Este filtro de aire est\u00e1 fabricado seg\u00fan especificaciones equivalentes a las de los fabricantes de equipos originales y es un recambio directo de la <strong data-start=\"820\" data-end=\"864\">pieza original Yanmar n\u00famero 129470-12330<\/strong>. Adecuado para el mantenimiento rutinario y la sustituci\u00f3n del filtro de aire. <\/p>\n<h2 data-start=\"933\" data-end=\"950\">Tipo de producto<\/h2>\n<p data-start=\"951\" data-end=\"988\">Filtro de aire \/ filtro de admisi\u00f3n de aire del motor<\/p>\n<h2 data-start=\"995\" data-end=\"1022\">OEM \/ N\u00famero de referencia<\/h2>\n<ul data-start=\"1023\" data-end=\"1041\">\n<li data-start=\"1023\" data-end=\"1041\">\n<p data-start=\"1025\" data-end=\"1041\">129470-12330<\/p>\n<\/li>\n<\/ul>\n<h2 data-start=\"1048\" data-end=\"1066\">Compatibilidad<\/h2>\n<p data-start=\"1068\" data-end=\"1133\"><strong data-start=\"1068\" data-end=\"1131\">Adecuado para <span class=\"hover:entity-accent entity-underline inline cursor-pointer align-baseline\"><span class=\"whitespace-normal\">Yanmar<\/span><\/span> motores:<\/strong><\/p>\n<ul data-start=\"1134\" data-end=\"1195\">\n<li data-start=\"1134\" data-end=\"1146\">\n<p data-start=\"1136\" data-end=\"1146\">3JH2<\/p>\n<\/li>\n<li data-start=\"1147\" data-end=\"1158\">\n<p data-start=\"1149\" data-end=\"1158\">4JH<\/p>\n<\/li>\n<li data-start=\"1159\" data-end=\"1171\">\n<p data-start=\"1161\" data-end=\"1171\">4JH2<\/p>\n<\/li>\n<li data-start=\"1172\" data-end=\"1184\">\n<p data-start=\"1174\" data-end=\"1184\">4JH3<\/p>\n<\/li>\n<li data-start=\"1185\" data-end=\"1195\">\n<p data-start=\"1187\" data-end=\"1195\">4JH4<\/p>\n<\/li>\n<\/ul>\n","protected":false},"excerpt":{"rendered":"<p>El filtro de aire Yanmar (129470-12330) est\u00e1 dise\u00f1ado para filtrar eficazmente el aire de admisi\u00f3n de los motores diesel marinos Yanmar, protegiendo el motor del polvo, la suciedad y los contaminantes en suspensi\u00f3n. Un aire de admisi\u00f3n limpio es esencial para una combusti\u00f3n eficiente, un menor desgaste del motor y una larga vida \u00fatil. Este [&hellip;]<\/p>\n","protected":false},"featured_media":46426,"comment_status":"open","ping_status":"closed","template":"","meta":[],"product_brand":[4235],"product_cat":[2656,2497],"product_tag":[],"class_list":{"0":"post-46425","1":"product","2":"type-product","3":"status-publish","4":"has-post-thumbnail","6":"product_brand-yanmar","7":"product_cat-filtros-de-aire","8":"product_cat-piezas-de-mantenimiento-del-motor","9":"pa_condition-nuevo","10":"pa_model-3jh2","11":"pa_model-4jh","12":"pa_model-4jh2","13":"pa_model-4jh3","14":"pa_model-4jh4","15":"pa_oem-or-aftermarket-posventa","17":"first","18":"onbackorder","19":"taxable","20":"shipping-taxable","21":"purchasable","22":"product-type-simple"},"supplier_id":7294,"supplier_sku":"REC129470-12330","barcode":null,"atum_controlled":true,"out_stock_date":"2026-01-19 09:49:54","out_stock_threshold":null,"inheritable":false,"inbound_stock":null,"stock_on_hold":null,"sold_today":null,"sales_last_days":null,"reserved_stock":null,"customer_returns":null,"warehouse_damage":null,"lost_in_post":null,"other_logs":null,"out_stock_days":0,"lost_sales":null,"has_location":false,"update_date":"2026-01-19T09:49:56","atum_locations":[],"atum_stock_status":"onbackorder","restock_status":false,"low_stock_amount":0,"sales_update_date":null,"calc_backorders":null,"_links":{"self":[{"href":"https:\/\/mps.digital-monkey.in\/es\/wp-json\/wp\/v2\/product\/46425","targetHints":{"allow":["GET"]}}],"collection":[{"href":"https:\/\/mps.digital-monkey.in\/es\/wp-json\/wp\/v2\/product"}],"about":[{"href":"https:\/\/mps.digital-monkey.in\/es\/wp-json\/wp\/v2\/types\/product"}],"replies":[{"embeddable":true,"href":"https:\/\/mps.digital-monkey.in\/es\/wp-json\/wp\/v2\/comments?post=46425"}],"wp:featuredmedia":[{"embeddable":true,"href":"https:\/\/mps.digital-monkey.in\/es\/wp-json\/wp\/v2\/media\/46426"}],"wp:attachment":[{"href":"https:\/\/mps.digital-monkey.in\/es\/wp-json\/wp\/v2\/media?parent=46425"}],"wp:term":[{"taxonomy":"product_brand","embeddable":true,"href":"https:\/\/mps.digital-monkey.in\/es\/wp-json\/wp\/v2\/product_brand?post=46425"},{"taxonomy":"product_cat","embeddable":true,"href":"https:\/\/mps.digital-monkey.in\/es\/wp-json\/wp\/v2\/product_cat?post=46425"},{"taxonomy":"product_tag","embeddable":true,"href":"https:\/\/mps.digital-monkey.in\/es\/wp-json\/wp\/v2\/product_tag?post=46425"}],"curies":[{"name":"wp","href":"https:\/\/api.w.org\/{rel}","templated":true}]}}