{"id":46455,"date":"2026-01-19T11:03:37","date_gmt":"2026-01-19T11:03:37","guid":{"rendered":"https:\/\/mps.digital-monkey.in\/product\/codo-de-escape-yanmar-2qm-2qm20-724770-13200\/"},"modified":"2026-01-19T11:03:37","modified_gmt":"2026-01-19T11:03:37","slug":"codo-de-escape-yanmar-2qm-2qm20-724770-13200","status":"publish","type":"product","link":"https:\/\/mps.digital-monkey.in\/es\/producto\/codo-de-escape-yanmar-2qm-2qm20-724770-13200\/","title":{"rendered":"Codo de escape Yanmar | 2QM \/ 2QM20 | 724770-13200"},"content":{"rendered":"<p data-start=\"393\" data-end=\"671\">El <strong data-start=\"397\" data-end=\"436\">codo de escape Yanmar (724770-13200)<\/strong> est\u00e1 dise\u00f1ado para alejar con seguridad los gases de escape del motor en <strong data-start=\"503\" data-end=\"549\">los motores diesel marinos Yanmar 2QM y 2QM20<\/strong>. El codo de escape es un componente cr\u00edtico del sistema de escape y est\u00e1 sometido al calor, la corrosi\u00f3n y el flujo de gases de escape. <\/p>\n<p data-start=\"673\" data-end=\"889\">Fabricado seg\u00fan las especificaciones OEM, este codo de escape garantiza un ajuste correcto y un rendimiento fiable. Es adecuado para sustituirlo durante la reparaci\u00f3n o revisi\u00f3n del sistema de escape, o cuando haya corrosi\u00f3n o fugas. <\/p>\n<h2 data-start=\"896\" data-end=\"913\">Tipo de producto<\/h2>\n<p data-start=\"914\" data-end=\"944\">Codo de escape<\/p>\n<h2 data-start=\"951\" data-end=\"982\">N\u00famero de pieza original \/ OEM<\/h2>\n<ul data-start=\"983\" data-end=\"1001\">\n<li data-start=\"983\" data-end=\"1001\">\n<p data-start=\"985\" data-end=\"1001\">724770-13200<\/p>\n<\/li>\n<\/ul>\n<h2 data-start=\"1008\" data-end=\"1026\">Compatibilidad<\/h2>\n<p data-start=\"1027\" data-end=\"1092\">Adecuado para <strong data-start=\"1040\" data-end=\"1081\"><span class=\"hover:entity-accent entity-underline inline cursor-pointer align-baseline\"><span class=\"whitespace-normal\">Yanmar<\/span><\/span><\/strong> motores:<\/p>\n<ul data-start=\"1093\" data-end=\"1116\">\n<li data-start=\"1093\" data-end=\"1104\">\n<p data-start=\"1095\" data-end=\"1104\">2QM<\/p>\n<\/li>\n<li data-start=\"1105\" data-end=\"1116\">\n<p data-start=\"1107\" data-end=\"1116\">2QM20<\/p>\n<\/li>\n<\/ul>\n","protected":false},"excerpt":{"rendered":"<p>El codo de escape Yanmar (724770-13200) est\u00e1 dise\u00f1ado para alejar con seguridad los gases de escape del motor en los motores diesel marinos Yanmar 2QM y 2QM20. El codo de escape es un componente cr\u00edtico del sistema de escape y est\u00e1 sometido al calor, la corrosi\u00f3n y el flujo de gases de escape. Fabricado seg\u00fan [&hellip;]<\/p>\n","protected":false},"featured_media":46456,"comment_status":"open","ping_status":"closed","template":"","meta":[],"product_brand":[4235],"product_cat":[3205,2518,3204],"product_tag":[],"class_list":{"0":"post-46455","1":"product","2":"type-product","3":"status-publish","4":"has-post-thumbnail","6":"product_brand-yanmar","7":"product_cat-codos-de-escape","8":"product_cat-piezas-de-motor","9":"product_cat-sistemas-de-escape","10":"pa_condition-nuevo","11":"pa_model-2qm20","12":"pa_oem-or-aftermarket-posventa","14":"first","15":"onbackorder","16":"taxable","17":"shipping-taxable","18":"purchasable","19":"product-type-simple"},"supplier_id":7294,"supplier_sku":"MAR13200KIT","barcode":null,"atum_controlled":true,"out_stock_date":"2026-01-19 11:03:42","out_stock_threshold":null,"inheritable":false,"inbound_stock":null,"stock_on_hold":null,"sold_today":null,"sales_last_days":null,"reserved_stock":null,"customer_returns":null,"warehouse_damage":null,"lost_in_post":null,"other_logs":null,"out_stock_days":0,"lost_sales":null,"has_location":false,"update_date":"2026-01-19T11:04:12","atum_locations":[],"atum_stock_status":"onbackorder","restock_status":false,"low_stock_amount":0,"sales_update_date":null,"calc_backorders":null,"_links":{"self":[{"href":"https:\/\/mps.digital-monkey.in\/es\/wp-json\/wp\/v2\/product\/46455","targetHints":{"allow":["GET"]}}],"collection":[{"href":"https:\/\/mps.digital-monkey.in\/es\/wp-json\/wp\/v2\/product"}],"about":[{"href":"https:\/\/mps.digital-monkey.in\/es\/wp-json\/wp\/v2\/types\/product"}],"replies":[{"embeddable":true,"href":"https:\/\/mps.digital-monkey.in\/es\/wp-json\/wp\/v2\/comments?post=46455"}],"wp:featuredmedia":[{"embeddable":true,"href":"https:\/\/mps.digital-monkey.in\/es\/wp-json\/wp\/v2\/media\/46456"}],"wp:attachment":[{"href":"https:\/\/mps.digital-monkey.in\/es\/wp-json\/wp\/v2\/media?parent=46455"}],"wp:term":[{"taxonomy":"product_brand","embeddable":true,"href":"https:\/\/mps.digital-monkey.in\/es\/wp-json\/wp\/v2\/product_brand?post=46455"},{"taxonomy":"product_cat","embeddable":true,"href":"https:\/\/mps.digital-monkey.in\/es\/wp-json\/wp\/v2\/product_cat?post=46455"},{"taxonomy":"product_tag","embeddable":true,"href":"https:\/\/mps.digital-monkey.in\/es\/wp-json\/wp\/v2\/product_tag?post=46455"}],"curies":[{"name":"wp","href":"https:\/\/api.w.org\/{rel}","templated":true}]}}