{"id":46491,"date":"2026-01-20T14:10:26","date_gmt":"2026-01-20T14:10:26","guid":{"rendered":"https:\/\/mps.digital-monkey.in\/product\/junta-torica-de-la-tapa-de-valvulas-yanmar-24311-000120-1ap12-0\/"},"modified":"2026-01-20T14:10:26","modified_gmt":"2026-01-20T14:10:26","slug":"junta-torica-de-la-tapa-de-valvulas-yanmar-24311-000120-1ap12-0","status":"publish","type":"product","link":"https:\/\/mps.digital-monkey.in\/es\/product\/junta-torica-de-la-tapa-de-valvulas-yanmar-24311-000120-1ap12-0\/","title":{"rendered":"Junta t\u00f3rica de la tapa de v\u00e1lvulas Yanmar | 24311-000120 | 1AP12.0"},"content":{"rendered":"<p data-start=\"428\" data-end=\"672\">La <strong data-start=\"432\" data-end=\"474\">junta t\u00f3rica Yanmar (24311-000120 \/ 1AP12.0)<\/strong> est\u00e1 dise\u00f1ada para sellar el <strong data-start=\"499\" data-end=\"523\">pomo\/tuerca de la tapa de la<\/strong> v\u00e1lvula en los motores di\u00e9sel marinos Yanmar de la serie GM. Esta junta t\u00f3rica evita las fugas de aceite de la tapa de la v\u00e1lvula y garantiza un sellado correcto durante el funcionamiento del motor. <\/p>\n<p data-start=\"674\" data-end=\"859\">Fabricado seg\u00fan las especificaciones OEM, proporciona un ajuste preciso y un sellado fiable. Se recomienda su sustituci\u00f3n siempre que se desmonte el pomo de la tapa de la v\u00e1lvula durante el servicio o el mantenimiento. <\/p>\n<h2 data-start=\"866\" data-end=\"883\">Tipo de producto<\/h2>\n<p data-start=\"884\" data-end=\"920\">Junta t\u00f3rica (junta del pomo \/ tuerca de la tapa de la v\u00e1lvula)<\/p>\n<h2 data-start=\"927\" data-end=\"954\">OEM \/ N\u00famero de referencia<\/h2>\n<ul data-start=\"955\" data-end=\"989\">\n<li data-start=\"955\" data-end=\"975\">\n<p data-start=\"957\" data-end=\"975\">24311-000120<\/p>\n<\/li>\n<li data-start=\"976\" data-end=\"989\">\n<p data-start=\"978\" data-end=\"989\">1AP12.0<\/p>\n<\/li>\n<\/ul>\n<h2 data-start=\"996\" data-end=\"1011\">Dimensiones<\/h2>\n<ul data-start=\"1012\" data-end=\"1066\">\n<li data-start=\"1012\" data-end=\"1042\">\n<p data-start=\"1014\" data-end=\"1042\"><strong data-start=\"1014\" data-end=\"1029\">Tama\u00f1o exterior:<\/strong> 17 \u00d7 17 mm<\/p>\n<\/li>\n<li data-start=\"1043\" data-end=\"1066\">\n<p data-start=\"1045\" data-end=\"1066\"><strong data-start=\"1045\" data-end=\"1059\">Espesor:<\/strong> 3 mm<\/p>\n<\/li>\n<\/ul>\n<h2 data-start=\"1073\" data-end=\"1089\">Aplicaci\u00f3n<\/h2>\n<ul data-start=\"1090\" data-end=\"1169\">\n<li data-start=\"1090\" data-end=\"1127\">\n<p data-start=\"1092\" data-end=\"1127\">Junta t\u00f3rica para el pomo \/ tuerca de la tapa de la v\u00e1lvula<\/p>\n<\/li>\n<li data-start=\"1128\" data-end=\"1169\">\n<p data-start=\"1130\" data-end=\"1169\">Evita las fugas de aceite por la tapa de la v\u00e1lvula<\/p>\n<\/li>\n<\/ul>\n<h2 data-start=\"1176\" data-end=\"1194\">Compatibilidad<\/h2>\n<p data-start=\"1196\" data-end=\"1261\"><strong data-start=\"1196\" data-end=\"1259\">Adecuado para <span class=\"hover:entity-accent entity-underline inline cursor-pointer align-baseline\"><span class=\"whitespace-normal\">Yanmar<\/span><\/span> motores:<\/strong><\/p>\n<h3 data-start=\"1263\" data-end=\"1278\">Serie GM<\/h3>\n<ul data-start=\"1279\" data-end=\"1458\">\n<li data-start=\"1279\" data-end=\"1290\">\n<p data-start=\"1281\" data-end=\"1290\">1GM<\/p>\n<\/li>\n<li data-start=\"1291\" data-end=\"1304\">\n<p data-start=\"1293\" data-end=\"1304\">1GM10<\/p>\n<\/li>\n<li data-start=\"1305\" data-end=\"1316\">\n<p data-start=\"1307\" data-end=\"1316\">2GM<\/p>\n<\/li>\n<li data-start=\"1317\" data-end=\"1330\">\n<p data-start=\"1319\" data-end=\"1330\">2GM20<\/p>\n<\/li>\n<li data-start=\"1331\" data-end=\"1347\">\n<p data-start=\"1333\" data-end=\"1347\">2GM20 UE<\/p>\n<\/li>\n<li data-start=\"1348\" data-end=\"1363\">\n<p data-start=\"1350\" data-end=\"1363\">2GM20 F<\/p>\n<\/li>\n<li data-start=\"1364\" data-end=\"1382\">\n<p data-start=\"1366\" data-end=\"1382\">2GM20 F UE<\/p>\n<\/li>\n<li data-start=\"1383\" data-end=\"1394\">\n<p data-start=\"1385\" data-end=\"1394\">3GM<\/p>\n<\/li>\n<li data-start=\"1395\" data-end=\"1408\">\n<p data-start=\"1397\" data-end=\"1408\">3GM30<\/p>\n<\/li>\n<li data-start=\"1409\" data-end=\"1425\">\n<p data-start=\"1411\" data-end=\"1425\">3GM30 UE<\/p>\n<\/li>\n<li data-start=\"1426\" data-end=\"1441\">\n<p data-start=\"1428\" data-end=\"1441\">3GM30 F<\/p>\n<\/li>\n<li data-start=\"1442\" data-end=\"1458\">\n<p data-start=\"1444\" data-end=\"1458\">3GM30 F UE<\/p>\n<\/li>\n<\/ul>\n","protected":false},"excerpt":{"rendered":"<p>La junta t\u00f3rica Yanmar (24311-000120 \/ 1AP12.0) est\u00e1 dise\u00f1ada para sellar el pomo\/tuerca de la tapa de la v\u00e1lvula en los motores di\u00e9sel marinos Yanmar de la serie GM. Esta junta t\u00f3rica evita las fugas de aceite de la tapa de la v\u00e1lvula y garantiza un sellado correcto durante el funcionamiento del motor. Fabricado seg\u00fan [&hellip;]<\/p>\n","protected":false},"featured_media":46492,"comment_status":"open","ping_status":"closed","template":"","meta":[],"product_brand":[4235],"product_cat":[3041,3040,2497],"product_tag":[],"class_list":{"0":"post-46491","1":"product","2":"type-product","3":"status-publish","4":"has-post-thumbnail","6":"product_brand-yanmar","7":"product_cat-juntas-de-motor","8":"product_cat-kits-de-mantenimiento-y-reparacion","9":"product_cat-piezas-de-mantenimiento-del-motor","10":"pa_condition-nuevo","11":"pa_model-1gm","12":"pa_model-1gm10","13":"pa_model-1gm10c","14":"pa_model-1gmc","15":"pa_model-1gml","16":"pa_model-2gm","17":"pa_model-2gmf","18":"pa_model-2gm20","19":"pa_model-2gm20-yeu","20":"pa_model-2gm20f","21":"pa_model-2gm20f-yeu","22":"pa_model-2gm20fc-yeu","23":"pa_model-2gm20fv","24":"pa_model-2gm20fve","25":"pa_model-2gm20v","26":"pa_model-2gm20ve","28":"pa_model-2gmf-yeu","29":"pa_model-2gmfl","30":"pa_model-2gmfye","31":"pa_model-3gm","32":"pa_model-3gm30","33":"pa_model-3gm30-yeu","34":"pa_model-3gm30b","35":"pa_model-3gm30c","36":"pa_model-3gm30c-yeu","37":"pa_model-3gm30f","38":"pa_model-3gm30f-yeu","39":"pa_model-3gm30fc-yeu","40":"pa_model-3gm30fv","41":"pa_model-3gm30fve","42":"pa_model-3gm30v","43":"pa_model-3gm30ve","44":"pa_model-3gmd","45":"pa_model-3gmdf","46":"pa_model-3gmf","47":"pa_model-3gmfle","48":"pa_model-3gmfy-e","49":"pa_model-3gmfye-e","50":"pa_oem-or-aftermarket-posventa","52":"first","53":"instock","54":"taxable","55":"shipping-taxable","56":"purchasable","57":"product-type-simple"},"supplier_id":7294,"supplier_sku":"REC24311-000120","barcode":null,"atum_controlled":true,"out_stock_date":null,"out_stock_threshold":null,"inheritable":false,"inbound_stock":0,"stock_on_hold":0,"sold_today":0,"sales_last_days":0,"reserved_stock":0,"customer_returns":0,"warehouse_damage":0,"lost_in_post":0,"other_logs":0,"out_stock_days":0,"lost_sales":0,"has_location":false,"update_date":"2026-03-05T15:28:14","atum_locations":[],"atum_stock_status":"instock","restock_status":false,"low_stock_amount":0,"sales_update_date":"2026-03-05T15:28:14","calc_backorders":null,"_links":{"self":[{"href":"https:\/\/mps.digital-monkey.in\/es\/wp-json\/wp\/v2\/product\/46491","targetHints":{"allow":["GET"]}}],"collection":[{"href":"https:\/\/mps.digital-monkey.in\/es\/wp-json\/wp\/v2\/product"}],"about":[{"href":"https:\/\/mps.digital-monkey.in\/es\/wp-json\/wp\/v2\/types\/product"}],"replies":[{"embeddable":true,"href":"https:\/\/mps.digital-monkey.in\/es\/wp-json\/wp\/v2\/comments?post=46491"}],"wp:featuredmedia":[{"embeddable":true,"href":"https:\/\/mps.digital-monkey.in\/es\/wp-json\/wp\/v2\/media\/46492"}],"wp:attachment":[{"href":"https:\/\/mps.digital-monkey.in\/es\/wp-json\/wp\/v2\/media?parent=46491"}],"wp:term":[{"taxonomy":"product_brand","embeddable":true,"href":"https:\/\/mps.digital-monkey.in\/es\/wp-json\/wp\/v2\/product_brand?post=46491"},{"taxonomy":"product_cat","embeddable":true,"href":"https:\/\/mps.digital-monkey.in\/es\/wp-json\/wp\/v2\/product_cat?post=46491"},{"taxonomy":"product_tag","embeddable":true,"href":"https:\/\/mps.digital-monkey.in\/es\/wp-json\/wp\/v2\/product_tag?post=46491"}],"curies":[{"name":"wp","href":"https:\/\/api.w.org\/{rel}","templated":true}]}}