{"id":46517,"date":"2026-01-20T15:40:48","date_gmt":"2026-01-20T15:40:48","guid":{"rendered":"https:\/\/mps.digital-monkey.in\/product\/filtro-de-aire-yanmar-1gm-1gm-l-128170-12540\/"},"modified":"2026-01-20T15:40:48","modified_gmt":"2026-01-20T15:40:48","slug":"filtro-de-aire-yanmar-1gm-1gm-l-128170-12540","status":"publish","type":"product","link":"https:\/\/mps.digital-monkey.in\/es\/producto\/filtro-de-aire-yanmar-1gm-1gm-l-128170-12540\/","title":{"rendered":"Filtro de aire Yanmar | 1GM \/ 1GM-L | 128170-12540"},"content":{"rendered":"<p data-start=\"408\" data-end=\"655\">El <strong data-start=\"412\" data-end=\"448\">filtro de aire Yanmar (128170-12540)<\/strong> est\u00e1 dise\u00f1ado para filtrar eficazmente el aire de admisi\u00f3n de <strong data-start=\"511\" data-end=\"554\">los motores diesel marinos Yanmar de la serie 1GM<\/strong>. Una admisi\u00f3n de aire limpio es esencial para una combusti\u00f3n adecuada, un menor desgaste del motor y un rendimiento fiable. <\/p>\n<p data-start=\"657\" data-end=\"840\">Fabricado seg\u00fan especificaciones equivalentes a las del fabricante original, este filtro de aire es un recambio directo de la pieza original Yanmar y es adecuado para el mantenimiento rutinario y la sustituci\u00f3n del filtro de aire.<\/p>\n<h2 data-start=\"847\" data-end=\"864\">Tipo de producto<\/h2>\n<p data-start=\"865\" data-end=\"902\">Filtro de aire \/ filtro de admisi\u00f3n de aire del motor<\/p>\n<h2 data-start=\"909\" data-end=\"936\">OEM \/ N\u00famero de referencia<\/h2>\n<ul data-start=\"937\" data-end=\"955\">\n<li data-start=\"937\" data-end=\"955\">\n<p data-start=\"939\" data-end=\"955\">128170-12540<\/p>\n<\/li>\n<\/ul>\n<h2 data-start=\"962\" data-end=\"980\">Compatibilidad<\/h2>\n<p data-start=\"981\" data-end=\"1046\">Adecuado para <strong data-start=\"994\" data-end=\"1035\"><span class=\"hover:entity-accent entity-underline inline cursor-pointer align-baseline\"><span class=\"whitespace-normal\">Yanmar<\/span><\/span><\/strong> motores:<\/p>\n<ul data-start=\"1047\" data-end=\"1070\">\n<li data-start=\"1047\" data-end=\"1058\">\n<p data-start=\"1049\" data-end=\"1058\">1GM<\/p>\n<\/li>\n<li data-start=\"1059\" data-end=\"1070\">\n<p data-start=\"1061\" data-end=\"1070\">1GM-L<\/p>\n<\/li>\n<\/ul>\n","protected":false},"excerpt":{"rendered":"<p>El filtro de aire Yanmar (128170-12540) est\u00e1 dise\u00f1ado para filtrar eficazmente el aire de admisi\u00f3n de los motores diesel marinos Yanmar de la serie 1GM. Una admisi\u00f3n de aire limpio es esencial para una combusti\u00f3n adecuada, un menor desgaste del motor y un rendimiento fiable. Fabricado seg\u00fan especificaciones equivalentes a las del fabricante original, este [&hellip;]<\/p>\n","protected":false},"featured_media":46518,"comment_status":"open","ping_status":"closed","template":"","meta":[],"product_brand":[4235],"product_cat":[2656,4562,4449,2497,4534,4448],"product_tag":[],"class_list":{"0":"post-46517","1":"product","2":"type-product","3":"status-publish","4":"has-post-thumbnail","6":"product_brand-yanmar","7":"product_cat-filtros-de-aire","8":"product_cat-filtros-de-aire-yanmar","9":"product_cat-piezas-1gm-1gm10","10":"product_cat-piezas-de-mantenimiento-del-motor","11":"product_cat-piezas-de-servicio-yanmar","12":"product_cat-yanmar","13":"pa_condition-nuevo","14":"pa_model-1gm","15":"pa_model-1gml","16":"pa_oem-or-aftermarket-posventa","18":"first","19":"instock","20":"taxable","21":"shipping-taxable","22":"purchasable","23":"product-type-simple"},"supplier_id":7294,"supplier_sku":"REC128170-12540","barcode":null,"atum_controlled":true,"out_stock_date":null,"out_stock_threshold":null,"inheritable":false,"inbound_stock":0,"stock_on_hold":0,"sold_today":0,"sales_last_days":0,"reserved_stock":0,"customer_returns":0,"warehouse_damage":0,"lost_in_post":0,"other_logs":0,"out_stock_days":0,"lost_sales":0,"has_location":false,"update_date":"2026-03-05T15:27:58","atum_locations":[],"atum_stock_status":"instock","restock_status":false,"low_stock_amount":0,"sales_update_date":"2026-03-05T15:27:58","calc_backorders":null,"_links":{"self":[{"href":"https:\/\/mps.digital-monkey.in\/es\/wp-json\/wp\/v2\/product\/46517","targetHints":{"allow":["GET"]}}],"collection":[{"href":"https:\/\/mps.digital-monkey.in\/es\/wp-json\/wp\/v2\/product"}],"about":[{"href":"https:\/\/mps.digital-monkey.in\/es\/wp-json\/wp\/v2\/types\/product"}],"replies":[{"embeddable":true,"href":"https:\/\/mps.digital-monkey.in\/es\/wp-json\/wp\/v2\/comments?post=46517"}],"wp:featuredmedia":[{"embeddable":true,"href":"https:\/\/mps.digital-monkey.in\/es\/wp-json\/wp\/v2\/media\/46518"}],"wp:attachment":[{"href":"https:\/\/mps.digital-monkey.in\/es\/wp-json\/wp\/v2\/media?parent=46517"}],"wp:term":[{"taxonomy":"product_brand","embeddable":true,"href":"https:\/\/mps.digital-monkey.in\/es\/wp-json\/wp\/v2\/product_brand?post=46517"},{"taxonomy":"product_cat","embeddable":true,"href":"https:\/\/mps.digital-monkey.in\/es\/wp-json\/wp\/v2\/product_cat?post=46517"},{"taxonomy":"product_tag","embeddable":true,"href":"https:\/\/mps.digital-monkey.in\/es\/wp-json\/wp\/v2\/product_tag?post=46517"}],"curies":[{"name":"wp","href":"https:\/\/api.w.org\/{rel}","templated":true}]}}